{"id":2136,"date":"2017-11-16T09:51:08","date_gmt":"2017-11-16T09:51:08","guid":{"rendered":"https:\/\/topbrokeri.com\/?page_id=2136"},"modified":"2022-04-25T08:58:16","modified_gmt":"2022-04-25T08:58:16","slug":"cfd-kriptovalute","status":"publish","type":"page","link":"https:\/\/topbrokeri.com\/sl\/cfd-kriptovalute\/","title":{"rendered":"CFD kriptovalute"},"content":{"rendered":"<div data-elementor-type=\"wp-page\" data-elementor-id=\"2136\" class=\"elementor elementor-2136\" data-elementor-post-type=\"page\">\n\t\t\t\t\t\t<section class=\"elementor-section elementor-top-section elementor-element elementor-element-77a1b56 elementor-section-stretched elementor-section-boxed elementor-section-height-default elementor-section-height-default\" data-id=\"77a1b56\" data-element_type=\"section\" data-e-type=\"section\" data-settings=\"{&quot;stretch_section&quot;:&quot;section-stretched&quot;,&quot;shape_divider_top&quot;:&quot;tilt&quot;}\">\n\t\t\t\t\t<div class=\"elementor-shape elementor-shape-top\" aria-hidden=\"true\" data-negative=\"false\">\n\t\t\t<svg xmlns=\"http:\/\/www.w3.org\/2000\/svg\" viewbox=\"0 0 1000 100\" preserveaspectratio=\"none\">\n\t<path class=\"elementor-shape-fill\" d=\"M0,6V0h1000v100L0,6z\"\/>\n<\/svg>\t\t<\/div>\n\t\t\t\t\t<div class=\"elementor-container elementor-column-gap-default\">\n\t\t\t\t\t<div class=\"elementor-column elementor-col-100 elementor-top-column elementor-element elementor-element-b9b3a1d\" data-id=\"b9b3a1d\" data-element_type=\"column\" data-e-type=\"column\">\n\t\t\t<div class=\"elementor-widget-wrap elementor-element-populated\">\n\t\t\t\t\t\t<div class=\"elementor-element elementor-element-8f0a9a8 elementor-widget elementor-widget-heading\" data-id=\"8f0a9a8\" data-element_type=\"widget\" data-e-type=\"widget\" data-widget_type=\"heading.default\">\n\t\t\t\t<div class=\"elementor-widget-container\">\n\t\t\t\t\t<h1 class=\"elementor-heading-title elementor-size-default\">CFD kriptovalute<\/h1>\t\t\t\t<\/div>\n\t\t\t\t<\/div>\n\t\t\t\t<div class=\"elementor-element elementor-element-1ab3e72 elementor-widget elementor-widget-text-editor\" data-id=\"1ab3e72\" data-element_type=\"widget\" data-e-type=\"widget\" data-widget_type=\"text-editor.default\">\n\t\t\t\t<div class=\"elementor-widget-container\">\n\t\t\t\t\t\t\t\t\t<blockquote><h3 style=\"text-align: center;\">&quot;Prihodnost denarja je digitalna valuta&quot;<\/h3><p style=\"text-align: center;\"><strong>Bill Gates<\/strong><\/p><\/blockquote>\t\t\t\t\t\t\t\t<\/div>\n\t\t\t\t<\/div>\n\t\t\t\t<div class=\"elementor-element elementor-element-317a39f elementor-widget elementor-widget-text-editor\" data-id=\"317a39f\" data-element_type=\"widget\" data-e-type=\"widget\" data-widget_type=\"text-editor.default\">\n\t\t\t\t<div class=\"elementor-widget-container\">\n\t\t\t\t\t\t\t\t\t<div class=\"wpb_text_column wpb_content_element\"><div class=\"wpb_wrapper\"><p>V letu 2020 so se tr\u017ene vrednosti najve\u010djih kriptovalut pove\u010dale za 159 odstotkov, kar je <a href=\"https:\/\/topbrokeri.com\/sl\/predvidanje-cijene-bitcoin\/\">Bitcoin<\/a> (BTC) obdr\u017eal leta 2021 in aprila dosegel 64,863 $. Vendar pa trg kriptovalut ni edini, ki je do\u017eivel izjemno rast. Pogodbe in sredstva, ki temeljijo na Ethereumu, kot je NFTS, prevzemajo spletno trgovanje kot drve\u010di vlak. Najdra\u017eje <a href=\"https:\/\/topbrokeri.com\/sl\/matrix-nft-trader\/\">NFT<\/a>, del digitalne umetnine Beeple, februarja 2021 prodan za 69 milijonov dolarjev. Trgovanje z opcijami <a href=\"https:\/\/topbrokeri.com\/sl\/trgovanje-cfd-ovima\/\">CFD-ji<\/a> kriptovalute postajajo vse bolj priljubljene.<\/p><p>Brez potrebe po fizi\u010dni posesti imajo CFD-ji zmanj\u0161ano tveganje kraje kapitala. Poleg tega lahko pri trgovanju s kriptovalutami cfd znatno pridobite, tudi \u010de sam trg kriptovalut izgubi vrednost. Zaradi teh prednosti, skupaj z vzvodom, likvidnostjo, obrestmi in nestanovitnostjo kripto trga, je trgovanje s CFD kriptovalutami postalo vodilni instrument sodobnega trgovanja in vlaganja.<\/p><\/div><\/div>\t\t\t\t\t\t\t\t<\/div>\n\t\t\t\t<\/div>\n\t\t\t\t<section class=\"elementor-section elementor-inner-section elementor-element elementor-element-f28edd8 elementor-section-boxed elementor-section-height-default elementor-section-height-default\" data-id=\"f28edd8\" data-element_type=\"section\" data-e-type=\"section\">\n\t\t\t\t\t\t<div class=\"elementor-container elementor-column-gap-default\">\n\t\t\t\t\t<div class=\"elementor-column elementor-col-33 elementor-inner-column elementor-element elementor-element-9f078bc\" data-id=\"9f078bc\" data-element_type=\"column\" data-e-type=\"column\">\n\t\t\t<div class=\"elementor-widget-wrap elementor-element-populated\">\n\t\t\t\t\t\t<div class=\"elementor-element elementor-element-8ef335c elementor-widget elementor-widget-image\" data-id=\"8ef335c\" data-element_type=\"widget\" data-e-type=\"widget\" data-widget_type=\"image.default\">\n\t\t\t\t<div class=\"elementor-widget-container\">\n\t\t\t\t\t\t\t\t\t\t\t\t\t\t\t<img decoding=\"async\" width=\"300\" height=\"150\" src=\"https:\/\/topbrokeri.com\/wp-content\/uploads\/2017\/12\/TORO.png\" class=\"attachment-full size-full wp-image-3138\" alt=\"etoro hrva\u0161ka\" \/>\t\t\t\t\t\t\t\t\t\t\t\t\t\t\t<\/div>\n\t\t\t\t<\/div>\n\t\t\t\t<div class=\"elementor-element elementor-element-ce9981b elementor-widget elementor-widget-text-editor\" data-id=\"ce9981b\" data-element_type=\"widget\" data-e-type=\"widget\" data-widget_type=\"text-editor.default\">\n\t\t\t\t<div class=\"elementor-widget-container\">\n\t\t\t\t\t\t\t\t\t<p>Sodobno socialno nalo\u017ebeno omre\u017eje, pravo\u010dasna podpora strankam, varnost in razpolo\u017eljiva sredstva omogo\u010dajo trgovanje ne le zanesljivo, ampak tudi zabavno <a href=\"https:\/\/topbrokeri.com\/sl\/etoro-recenzija\/\">eToro<\/a> vsekakor si zaslu\u017ei svoje mesto med najbolj\u0161imi!<\/p>\t\t\t\t\t\t\t\t<\/div>\n\t\t\t\t<\/div>\n\t\t\t\t\t<\/div>\n\t\t<\/div>\n\t\t\t\t<div class=\"elementor-column elementor-col-33 elementor-inner-column elementor-element elementor-element-7a89d98\" data-id=\"7a89d98\" data-element_type=\"column\" data-e-type=\"column\">\n\t\t\t<div class=\"elementor-widget-wrap elementor-element-populated\">\n\t\t\t\t\t\t<div class=\"elementor-element elementor-element-bbdacd6 elementor-widget elementor-widget-image\" data-id=\"bbdacd6\" data-element_type=\"widget\" data-e-type=\"widget\" data-widget_type=\"image.default\">\n\t\t\t\t<div class=\"elementor-widget-container\">\n\t\t\t\t\t\t\t\t\t\t\t\t\t\t\t<img decoding=\"async\" width=\"300\" height=\"150\" src=\"https:\/\/topbrokeri.com\/wp-content\/uploads\/2017\/11\/Plus500-300x150-1.jpg\" class=\"attachment-full size-full wp-image-3140\" alt=\"plus500 ocen\" \/>\t\t\t\t\t\t\t\t\t\t\t\t\t\t\t<\/div>\n\t\t\t\t<\/div>\n\t\t\t\t<div class=\"elementor-element elementor-element-9287bca elementor-widget elementor-widget-text-editor\" data-id=\"9287bca\" data-element_type=\"widget\" data-e-type=\"widget\" data-widget_type=\"text-editor.default\">\n\t\t\t\t<div class=\"elementor-widget-container\">\n\t\t\t\t\t\t\t\t\t<p>Kaj to <a href=\"https:\/\/topbrokeri.com\/sl\/plus-500-recenzija\/\">Plus500<\/a> kar jih razlikuje od drugih posrednikov je, da jim je uspelo razviti zelo stabilno platformo, ki jo ve\u010dina trgovcev i\u0161\u010de. S skoraj 10-letnimi izku\u0161njami ni presenetljivo, da je Plus500 postal ena najbolj\u0161ih storitev na trgu.<\/p>\t\t\t\t\t\t\t\t<\/div>\n\t\t\t\t<\/div>\n\t\t\t\t\t<\/div>\n\t\t<\/div>\n\t\t\t\t<div class=\"elementor-column elementor-col-33 elementor-inner-column elementor-element elementor-element-56743f1\" data-id=\"56743f1\" data-element_type=\"column\" data-e-type=\"column\">\n\t\t\t<div class=\"elementor-widget-wrap elementor-element-populated\">\n\t\t\t\t\t\t<div class=\"elementor-element elementor-element-c668d51 elementor-widget elementor-widget-image\" data-id=\"c668d51\" data-element_type=\"widget\" data-e-type=\"widget\" data-widget_type=\"image.default\">\n\t\t\t\t<div class=\"elementor-widget-container\">\n\t\t\t\t\t\t\t\t\t\t\t\t\t\t\t<img decoding=\"async\" width=\"300\" height=\"150\" src=\"https:\/\/topbrokeri.com\/wp-content\/uploads\/2018\/02\/admiral-markets-1.png\" class=\"attachment-full size-full wp-image-5072\" alt=\"admiral markets hr\" \/>\t\t\t\t\t\t\t\t\t\t\t\t\t\t\t<\/div>\n\t\t\t\t<\/div>\n\t\t\t\t<div class=\"elementor-element elementor-element-00649f2 elementor-widget elementor-widget-text-editor\" data-id=\"00649f2\" data-element_type=\"widget\" data-e-type=\"widget\" data-widget_type=\"text-editor.default\">\n\t\t\t\t<div class=\"elementor-widget-container\">\n\t\t\t\t\t\t\t\t\t<p>Z najbolj uporabnimi in u\u010dinkovitimi orodji na trgu, Admiral <a href=\"https:\/\/topbrokeri.com\/sl\/markets-com-recenzija\/\">Trgi<\/a> je vsekakor najbolj\u0161a izbira za za\u010detnike. Od ekonomskega koledarja prek razli\u010dnih tr\u017enih analiz imate vpogled v trenutne in prihodnje tr\u017ene trende.<\/p>\t\t\t\t\t\t\t\t<\/div>\n\t\t\t\t<\/div>\n\t\t\t\t\t<\/div>\n\t\t<\/div>\n\t\t\t\t\t<\/div>\n\t\t<\/section>\n\t\t\t\t<div class=\"elementor-element elementor-element-a070070 elementor-widget-divider--view-line elementor-widget elementor-widget-divider\" data-id=\"a070070\" data-element_type=\"widget\" data-e-type=\"widget\" data-widget_type=\"divider.default\">\n\t\t\t\t<div class=\"elementor-widget-container\">\n\t\t\t\t\t\t\t<div class=\"elementor-divider\">\n\t\t\t<span class=\"elementor-divider-separator\">\n\t\t\t\t\t\t<\/span>\n\t\t<\/div>\n\t\t\t\t\t\t<\/div>\n\t\t\t\t<\/div>\n\t\t\t\t<div class=\"elementor-element elementor-element-b64a7bd elementor-widget elementor-widget-accordion\" data-id=\"b64a7bd\" data-element_type=\"widget\" data-e-type=\"widget\" data-widget_type=\"accordion.default\">\n\t\t\t\t<div class=\"elementor-widget-container\">\n\t\t\t\t\t\t\t<div class=\"elementor-accordion\">\n\t\t\t\t\t\t\t<div class=\"elementor-accordion-item\">\n\t\t\t\t\t<h5 id=\"elementor-tab-title-1911\" class=\"elementor-tab-title\" data-tab=\"1\" role=\"button\" aria-controls=\"elementor-tab-content-1911\" aria-expanded=\"false\">\n\t\t\t\t\t\t\t\t\t\t\t\t\t<span class=\"elementor-accordion-icon elementor-accordion-icon-left\" aria-hidden=\"true\">\n\t\t\t\t\t\t\t\t\t\t\t\t\t\t\t<span class=\"elementor-accordion-icon-closed\"><i class=\"fas fa-plus\"><\/i><\/span>\n\t\t\t\t\t\t\t\t<span class=\"elementor-accordion-icon-opened\"><i class=\"fas fa-minus\"><\/i><\/span>\n\t\t\t\t\t\t\t\t\t\t\t\t\t\t<\/span>\n\t\t\t\t\t\t\t\t\t\t\t\t<a class=\"elementor-accordion-title\" tabindex=\"0\">CFD kriptovalute<\/a>\n\t\t\t\t\t<\/h5>\n\t\t\t\t\t<div id=\"elementor-tab-content-1911\" class=\"elementor-tab-content elementor-clearfix\" data-tab=\"1\" role=\"region\" aria-labelledby=\"elementor-tab-title-1911\"><p>Ne glede na to, ali ste \u017ee aktiven udele\u017eenec spletnega trgovanja ali nimate prav ni\u010d s tem, ste zagotovo sli\u0161ali razli\u010dne informacije o kriptovalutah in njihovem vplivu na svetovni trg. Preprosto povedano, ob njihovi skokoviti rasti skorajda ni koti\u010dka vsakdana, ki se ga kriptovalute ne bi dotaknile. \u010ceprav za\u010detki kriptovalut segajo skoraj 10 let nazaj, so svoj pravi razmah do\u017eivele \u0161ele v zadnjih nekaj letih. In to kak\u0161ne! Poleg tega, da so kriptovalute priznane s strani vseh aktivnih trgovcev in posrednikov, so kriptovalute postale tudi vsakdanji vir zaslu\u017eka obi\u010dajnih ljudi. Zakaj je temu tako, preberite spodaj.<\/p><h3>Ideja<\/h3><p>Prvi poskus ustvarjanja kriptovalute se je zgodil \u017ee leta 1998, ko je bil opisan tako imenovani sistem &quot;B-money&quot;. \u0160lo naj bi za vrsto elektronskega denarja, ki bi se izmenjeval med anonimnimi udele\u017eenci. Kljub obetavni ideji projekt ni za\u017eivel. Vendar pa je istega leta ameri\u0161ki ra\u010dunalni\u010dar in kriptograf Nick Szabo ustvaril Bit Gold, ki se je kasneje izkazal za gro\u017enjo BitCoinu. \u010ceprav sam izdelek ni bil nikoli v celoti sprejet, so njegovi deli in klju\u010dni elementi bistveni del dana\u0161njega bitcoina; kot je koncept &quot;Dokaz o delu&quot;, ki je dolo\u010dal mo\u010d ra\u010dunalnika, potrebno za re\u0161evanje kompleksnih kriptografskih ugank. Udele\u017eenec omre\u017eja, ki bi uspel re\u0161iti kriptografski problem, bi ustvaril tako imenovano &quot;Blockchain&quot; in si s tem pridobil svoje mesto pri oblikovanju razli\u010dnih koli\u010din kriptovalut.<\/p><p>Ista metoda je klju\u010dno na\u010delo delovanja omre\u017eja BitCoin, zasnovanega leta 2008 kot odgovor na svetovno krizo. En \u010dlovek ali skupina njih, skritih pod imenom Satoshi Nakamoto, je \u017eelela ustvariti resni\u010dno neodvisen in decentraliziran elektronski denar enakovrednim. Zaradi splo\u0161nega zaupanja v dr\u017eavne institucije in stabilnosti valute je BitCoin v naslednjih letih ugledal lu\u010d sveta kot neodvisen.<\/p><h3>Vstop na trg<\/h3><p>Sedaj, ko ste seznanjeni z ogromnim potencialom, ki ga kriptovalute nedvomno imajo, \u017eelite postati del tega nara\u0161\u010dajo\u010dega trenda, zagotovo se spra\u0161ujete, kako trgovati s kriptovalutami!? Obstajajo namre\u010d razli\u010dni na\u010dini \u2013 kopate jih lahko t.i rudarjenje, \u0161pekuliranje o njihovi ceni ali preprosto nakupovanje, bodisi za dnevno trgovanje ali dolgoro\u010dno nalo\u017ebo. Nakup kriptovalut je trenutno najbolj popularen, \u010demur bo zagotovo pripomogla tudi njihova enormna rast, ki skorajda zagotavlja \u010disti dobi\u010dek \u010dez no\u010d.<\/p><h3>Izbira posrednika<\/h3><p>Prvi korak pri trgovanju s kriptovalutami bi bila izbira brokerja, torej posrednika, ki bi vam predstavil trg kriptovalut. \u010ceprav se na prvi pogled zdi enostavno delo, se je zelo enostavno izgubiti in narediti napako. Namre\u010d, v morju mo\u017enosti in mo\u017enosti, ki jih sodobni \u010das in internet prina\u0161ata s seboj, je splet poln ne le neprimernih posrednikov za va\u0161e potrebe, temve\u010d tudi prevar. Na va\u0161o sre\u010do z na\u0161o strokovno izbiro ne morete zgre\u0161iti.<\/p><\/div>\n\t\t\t\t<\/div>\n\t\t\t\t\t\t\t<div class=\"elementor-accordion-item\">\n\t\t\t\t\t<h5 id=\"elementor-tab-title-1912\" class=\"elementor-tab-title\" data-tab=\"2\" role=\"button\" aria-controls=\"elementor-tab-content-1912\" aria-expanded=\"false\">\n\t\t\t\t\t\t\t\t\t\t\t\t\t<span class=\"elementor-accordion-icon elementor-accordion-icon-left\" aria-hidden=\"true\">\n\t\t\t\t\t\t\t\t\t\t\t\t\t\t\t<span class=\"elementor-accordion-icon-closed\"><i class=\"fas fa-plus\"><\/i><\/span>\n\t\t\t\t\t\t\t\t<span class=\"elementor-accordion-icon-opened\"><i class=\"fas fa-minus\"><\/i><\/span>\n\t\t\t\t\t\t\t\t\t\t\t\t\t\t<\/span>\n\t\t\t\t\t\t\t\t\t\t\t\t<a class=\"elementor-accordion-title\" tabindex=\"0\">Kako delujejo kriptovalute?<\/a>\n\t\t\t\t\t<\/h5>\n\t\t\t\t\t<div id=\"elementor-tab-content-1912\" class=\"elementor-tab-content elementor-clearfix\" data-tab=\"2\" role=\"region\" aria-labelledby=\"elementor-tab-title-1912\"><h3>OSNOVE KRIPTOVALUTE<\/h3><p>Ljudje \u017ee od za\u010detka \u010dasa trgujemo s fizi\u010dnim blagom. Te valute so danes ve\u010dinoma tiskani bankovci ali kovanci, ki jih upravlja centralizirana vlada in nadzorujejo finan\u010dne institucije. Vendar pa je leta 2009 ustanovitelj Bitcoina Satoshi Nakamoto lansiral idejo, ki bi spremenila na\u010din razmi\u0161ljanja ljudi o denarju. Kaj \u010de bi valuto urejala matematika, ne vlade?<\/p><p>Kriptovalute so digitalna oblika denarja, ki deluje na popolnoma novem denarnem sistemu, ki ga ne ureja noben centraliziran organ ali ga nadzoruje uradna institucija. Obstaja veliko vrst kriptovalut z razli\u010dnimi funkcijami. Neodvisno od posamezne funkcije vsako digitalno valuto podpira decentralizirano omre\u017eje enakovrednih, imenovano blockchain.<\/p><h3>VERIGA BLOKOV<\/h3><p>Tehnologija veri\u017eenja blokov zagotavlja sledenje vsem kriptovalutam, ne glede na to, ali se hranijo v digitalni denarnici ali se uporabljajo v trgovini. U\u010dinkovitost delovanja takega sistema pa zahteva infrastrukturo, ki zagotavlja, da goljufanje in igranje sistema nista mogo\u010da. Bitcoin je bil prvi na trgu in je vzpostavil sistem, kjer se morata dve osebi \u2013 po\u0161iljatelj in prejemnik kovancev \u2013 podpisati, da ustvarita digitalni podpis. Vsaka oseba ima javni in zasebni \u0161ifrirni klju\u010d. Vsaka transakcija je preverjena za to\u010dnost, sistem pa je anonimen in popolnoma transparenten. V sredi\u0161\u010du te infrastrukture je knjiga. Poglobimo se torej v to, kako deluje.<\/p><h3>KAKO DELUJEJO KRIPTOVALUTE<\/h3><p>To je knjiga kriptovalut, kjer so objavljene vse transakcije, da se zagotovi popolna preglednost. Vodenje poslovne knjige prisili vse, da &quot;igrajo po\u0161teno&quot; in odstrani tveganje dvojne porabe. Glavna knjiga je seznam vnosov v bazo podatkov, ki jih nih\u010de ne more spremeniti brez izpolnjevanja dolo\u010denih pogojev. Nih\u010de ni lastnik glavne knjige ali verige blokov kriptovalut; namesto tega gre za decentraliziran pomen samoupravljanja in samoupravljanja brez vme\u0161avanja zunanjih strani.<\/p><h3>RUDARSTVO<\/h3><p>Recimo, da \u017eelite vlagati v kriptovaluto, kot je Bitcoin, prek glavne borze kriptovalut. Po nakupu se odlo\u010dite za porabo. Kaj bo zdaj? Transakcija je sprva nepotrjena, kar pomeni, da transakcija \u0161e ni uradna in ne postane &quot;vklesnjena&quot;, dokler ne prestane postopka verifikacije. Ko je transakcija potrjena, postane del evidence zgodovinskih transakcij, ki se nahajajo v verigi blokov.<\/p><p>Upravljavci kriptovalut preverijo transakcije in jih nato dodajo v javno knjigo. Uporabljajo zmogljive ra\u010dunalnike za re\u0161evanje zapletenih matemati\u010dnih problemov, ki so klju\u010dni za postopek preverjanja. Rudarjenje kriptovalut je odprto, tako da lahko vsak potrdi transakcijo, prvi rudar, ki re\u0161i te\u017eavo, pa lahko doda blok v svojo knjigo transakcij. Ta postopek se imenuje &quot;sistem dokazila o delu&quot;.<\/p><p>Ko je blok dodan v knjigo, rudar prejme nagrado za svoj trud, ki se razlikuje glede na kriptovaluto. Bitcoin je na primer prvotno dodelil 50 BTC, vendar se je ta nagrada danes prepolovila na 12,5 BTC.<\/p><h3>PRIHODNOST JE TU<\/h3><p>Vodilne kriptovalute bodo imele pomembno vlogo v prihodnosti, uporaba pa v zadnjih nekaj letih vztrajno nara\u0161\u010da. Bitcoin se trenutno uporablja v 96 dr\u017eavah in raste, saj se vsako uro izvede 12.000 transakcij. Prvi korak je razumeti ve\u010d o kriptovalutah, drugi je poskusiti.<\/p><p>Izberite svojega najljub\u0161ega z na\u0161ega seznama najbolj\u0161ih posrednikov in trgujte s kriptovalutami \u0161e danes!<\/p><\/div>\n\t\t\t\t<\/div>\n\t\t\t\t\t\t\t\t<\/div>\n\t\t\t\t\t\t<\/div>\n\t\t\t\t<\/div>\n\t\t\t\t\t<\/div>\n\t\t<\/div>\n\t\t\t\t\t<\/div>\n\t\t<\/section>\n\t\t\t\t<\/div>","protected":false},"excerpt":{"rendered":"<p>CFD Kriptovalute \u201cBudu\u0107nost novca je digitalna valuta \u201d Bill Gates Tijekom 2020. godine, tr\u017ei\u0161ne vrijednosti\u00a0 najve\u0107ih kriptovaluta porasle su za 159 posto, \u0161to je Bitcoin (BTC) odr\u017eao u 2021. godini, dosegnuv\u0161i u travnju 64.863 dolara. Me\u0111utim tr\u017ei\u0161te kriptovalutama nije jedino zabilje\u017eilo impresivan rast.. Ugovori utemeljeni na Ethereumu i imovina kao \u0161to je NFTS preuzimaju internet [&hellip;]<\/p>\n","protected":false},"author":1,"featured_media":0,"parent":0,"menu_order":0,"comment_status":"closed","ping_status":"closed","template":"elementor_header_footer","meta":{"footnotes":""},"class_list":["post-2136","page","type-page","status-publish","hentry"],"_links":{"self":[{"href":"https:\/\/topbrokeri.com\/sl\/wp-json\/wp\/v2\/pages\/2136","targetHints":{"allow":["GET"]}}],"collection":[{"href":"https:\/\/topbrokeri.com\/sl\/wp-json\/wp\/v2\/pages"}],"about":[{"href":"https:\/\/topbrokeri.com\/sl\/wp-json\/wp\/v2\/types\/page"}],"author":[{"embeddable":true,"href":"https:\/\/topbrokeri.com\/sl\/wp-json\/wp\/v2\/users\/1"}],"replies":[{"embeddable":true,"href":"https:\/\/topbrokeri.com\/sl\/wp-json\/wp\/v2\/comments?post=2136"}],"version-history":[{"count":6,"href":"https:\/\/topbrokeri.com\/sl\/wp-json\/wp\/v2\/pages\/2136\/revisions"}],"predecessor-version":[{"id":7865,"href":"https:\/\/topbrokeri.com\/sl\/wp-json\/wp\/v2\/pages\/2136\/revisions\/7865"}],"wp:attachment":[{"href":"https:\/\/topbrokeri.com\/sl\/wp-json\/wp\/v2\/media?parent=2136"}],"curies":[{"name":"delovni list","href":"https:\/\/api.w.org\/{rel}","templated":true}]}}