{"id":2038,"date":"2017-11-15T10:50:49","date_gmt":"2017-11-15T10:50:49","guid":{"rendered":"https:\/\/topbrokeri.com\/?page_id=2038"},"modified":"2022-04-23T13:14:42","modified_gmt":"2022-04-23T13:14:42","slug":"odricanje","status":"publish","type":"page","link":"https:\/\/topbrokeri.com\/sl\/odricanje\/","title":{"rendered":"Odpoved"},"content":{"rendered":"<div data-elementor-type=\"wp-page\" data-elementor-id=\"2038\" class=\"elementor elementor-2038\" data-elementor-post-type=\"page\">\n\t\t\t\t\t\t<section class=\"elementor-section elementor-top-section elementor-element elementor-element-4fac1fa elementor-section-stretched elementor-section-boxed elementor-section-height-default elementor-section-height-default\" data-id=\"4fac1fa\" data-element_type=\"section\" data-e-type=\"section\" data-settings=\"{&quot;stretch_section&quot;:&quot;section-stretched&quot;,&quot;shape_divider_top&quot;:&quot;tilt&quot;}\">\n\t\t\t\t\t<div class=\"elementor-shape elementor-shape-top\" aria-hidden=\"true\" data-negative=\"false\">\n\t\t\t<svg xmlns=\"http:\/\/www.w3.org\/2000\/svg\" viewbox=\"0 0 1000 100\" preserveaspectratio=\"none\">\n\t<path class=\"elementor-shape-fill\" d=\"M0,6V0h1000v100L0,6z\"\/>\n<\/svg>\t\t<\/div>\n\t\t\t\t\t<div class=\"elementor-container elementor-column-gap-default\">\n\t\t\t\t\t<div class=\"elementor-column elementor-col-100 elementor-top-column elementor-element elementor-element-8436f84\" data-id=\"8436f84\" data-element_type=\"column\" data-e-type=\"column\">\n\t\t\t<div class=\"elementor-widget-wrap elementor-element-populated\">\n\t\t\t\t\t\t<div class=\"elementor-element elementor-element-5277b93 elementor-widget elementor-widget-heading\" data-id=\"5277b93\" data-element_type=\"widget\" data-e-type=\"widget\" data-widget_type=\"heading.default\">\n\t\t\t\t<div class=\"elementor-widget-container\">\n\t\t\t\t\t<h1 class=\"elementor-heading-title elementor-size-default\">Odpoved<\/h1>\t\t\t\t<\/div>\n\t\t\t\t<\/div>\n\t\t\t\t<div class=\"elementor-element elementor-element-7035474 elementor-widget elementor-widget-text-editor\" data-id=\"7035474\" data-element_type=\"widget\" data-e-type=\"widget\" data-widget_type=\"text-editor.default\">\n\t\t\t\t<div class=\"elementor-widget-container\">\n\t\t\t\t\t\t\t\t\t<p>V dana\u0161njem \u010dasu, ko je \u017eivljenje vse dra\u017eje in \u010dasa vse manj, isTopBrokeri.com ne bo pravno odgovoren za kakr\u0161no koli izgubo ali \u0161kodo, ki bi nastala zaradi zana\u0161anja na informacije, prikazane na tem spletnem mestu, vklju\u010dno z ocenami posrednikov, finan\u010dnimi novicami, mnenji avtorjev in \/ ali analizo. Informacije, vklju\u010dene na TopBrokeri.com, niso vedno objavljene v realnem \u010dasu in\/ali nujno to\u010dne ter ne odra\u017eajo vedno stali\u0161\u010d lastnikov, zaposlenih in\/ali sodelavcev vsebine TopBrokeri.com. Vedeti je treba, da trgovanje s cfd ali katero koli drugo vrsto trgovanja vklju\u010duje visoka tveganja in ni primerno za vsakogar. Pred trgovanjem s cfd-ji ali katerim koli drugim finan\u010dnim instrumentom se je treba zavedati tveganj, natan\u010dno poznati svoje nalo\u017ebene cilje in omejitve ter pridobiti pravo raven razumevanja in obvladovanja tveganj. Trgovanje s produkti s finan\u010dnim vzvodom kot CFD-ji vklju\u010duje znatno tveganje izgube in morda ni primerno za vse vlagatelje. Trgovanje s tak\u0161nimi produkti je tvegano in lahko izgubite ves svoj vlo\u017eeni kapital. Izku\u0161eni vlagatelji in trgovci za\u010detniki po vsem svetu i\u0161\u010dejo nove vire nalo\u017eb in dobi\u010dka ter posku\u0161ajo ugotoviti, kateri so najbolj\u0161i posredniki. Zaradi interneta, ki je postal nepogre\u0161ljiv del vsakdana, se je trg \u0161pekulacij oziroma priljubljeni Forex preselil z velikih borz na male zaslone prek razli\u010dnih posrednikov ali priljubljenih posrednikov, kjer lahko vsak preizkusi svoje znanje spletnega trgovanja ne glede na izku\u0161nje in izku\u0161nje. lokacijo. Z dana\u0161njimi najbolj\u0161imi posredniki, ki svojim uporabnikom ponujajo obilico izobra\u017eevalnih gradiv in seminarjev, biti uspe\u0161en vlagatelj \u0161e nikoli ni bilo la\u017eje. Z izbiro najbolj\u0161ega posrednika za va\u0161e potrebe z na\u0161ega Top seznama ste lahko prepri\u010dani, da vas dolgotrajna pot iskanja pravega ne bo zapeljala s poti in da si boste svoje trgovalne izku\u0161nje zapomnili le po dobrem!<\/p>\t\t\t\t\t\t\t\t<\/div>\n\t\t\t\t<\/div>\n\t\t\t\t\t<\/div>\n\t\t<\/div>\n\t\t\t\t\t<\/div>\n\t\t<\/section>\n\t\t\t\t<\/div>","protected":false},"excerpt":{"rendered":"<p>Odricanje U dana\u0161nje vrijeme kada \u017eivot postaje sve skuplji, a vremena sve manje, isTopBrokeri.com ne\u0107e biti pravno odgovoran za bilo kakav gubitak ili \u0161tetu koja proizlazi iz oslanjanja na informacije prikazane na ovoj web stranici, uklju\u010duju\u0107i recenzije brokera, financijske vijesti, mi\u0161ljenja autora i \/ ili analize. Podaci uklju\u010deni na TopBrokeri.com nisu uvijek objavljeni u stvarnom [&hellip;]<\/p>\n","protected":false},"author":1,"featured_media":0,"parent":0,"menu_order":0,"comment_status":"closed","ping_status":"closed","template":"elementor_header_footer","meta":{"footnotes":""},"class_list":["post-2038","page","type-page","status-publish","hentry"],"_links":{"self":[{"href":"https:\/\/topbrokeri.com\/sl\/wp-json\/wp\/v2\/pages\/2038","targetHints":{"allow":["GET"]}}],"collection":[{"href":"https:\/\/topbrokeri.com\/sl\/wp-json\/wp\/v2\/pages"}],"about":[{"href":"https:\/\/topbrokeri.com\/sl\/wp-json\/wp\/v2\/types\/page"}],"author":[{"embeddable":true,"href":"https:\/\/topbrokeri.com\/sl\/wp-json\/wp\/v2\/users\/1"}],"replies":[{"embeddable":true,"href":"https:\/\/topbrokeri.com\/sl\/wp-json\/wp\/v2\/comments?post=2038"}],"version-history":[{"count":4,"href":"https:\/\/topbrokeri.com\/sl\/wp-json\/wp\/v2\/pages\/2038\/revisions"}],"predecessor-version":[{"id":7798,"href":"https:\/\/topbrokeri.com\/sl\/wp-json\/wp\/v2\/pages\/2038\/revisions\/7798"}],"wp:attachment":[{"href":"https:\/\/topbrokeri.com\/sl\/wp-json\/wp\/v2\/media?parent=2038"}],"curies":[{"name":"delovni list","href":"https:\/\/api.w.org\/{rel}","templated":true}]}}