{"id":2136,"date":"2017-11-16T09:51:08","date_gmt":"2017-11-16T09:51:08","guid":{"rendered":"https:\/\/topbrokeri.com\/?page_id=2136"},"modified":"2022-04-25T08:58:16","modified_gmt":"2022-04-25T08:58:16","slug":"cfd-kriptovalute","status":"publish","type":"page","link":"https:\/\/topbrokeri.com\/sk\/cfd-kriptovalute\/","title":{"rendered":"CFD kryptomeny"},"content":{"rendered":"<div data-elementor-type=\"wp-page\" data-elementor-id=\"2136\" class=\"elementor elementor-2136\" data-elementor-post-type=\"page\">\n\t\t\t\t\t\t<section class=\"elementor-section elementor-top-section elementor-element elementor-element-77a1b56 elementor-section-stretched elementor-section-boxed elementor-section-height-default elementor-section-height-default\" data-id=\"77a1b56\" data-element_type=\"section\" data-e-type=\"section\" data-settings=\"{&quot;stretch_section&quot;:&quot;section-stretched&quot;,&quot;shape_divider_top&quot;:&quot;tilt&quot;}\">\n\t\t\t\t\t<div class=\"elementor-shape elementor-shape-top\" aria-hidden=\"true\" data-negative=\"false\">\n\t\t\t<svg xmlns=\"http:\/\/www.w3.org\/2000\/svg\" viewbox=\"0 0 1000 100\" preserveaspectratio=\"none\">\n\t<path class=\"elementor-shape-fill\" d=\"M0,6V0h1000v100L0,6z\"\/>\n<\/svg>\t\t<\/div>\n\t\t\t\t\t<div class=\"elementor-container elementor-column-gap-default\">\n\t\t\t\t\t<div class=\"elementor-column elementor-col-100 elementor-top-column elementor-element elementor-element-b9b3a1d\" data-id=\"b9b3a1d\" data-element_type=\"column\" data-e-type=\"column\">\n\t\t\t<div class=\"elementor-widget-wrap elementor-element-populated\">\n\t\t\t\t\t\t<div class=\"elementor-element elementor-element-8f0a9a8 elementor-widget elementor-widget-heading\" data-id=\"8f0a9a8\" data-element_type=\"widget\" data-e-type=\"widget\" data-widget_type=\"heading.default\">\n\t\t\t\t<div class=\"elementor-widget-container\">\n\t\t\t\t\t<h1 class=\"elementor-heading-title elementor-size-default\">CFD kryptomeny<\/h1>\t\t\t\t<\/div>\n\t\t\t\t<\/div>\n\t\t\t\t<div class=\"elementor-element elementor-element-1ab3e72 elementor-widget elementor-widget-text-editor\" data-id=\"1ab3e72\" data-element_type=\"widget\" data-e-type=\"widget\" data-widget_type=\"text-editor.default\">\n\t\t\t\t<div class=\"elementor-widget-container\">\n\t\t\t\t\t\t\t\t\t<blockquote><h3 style=\"text-align: center;\">\u201eBud\u00facnos\u0165 pe\u0148az\u00ed je digit\u00e1lna mena\u201c<\/h3><p style=\"text-align: center;\"><strong>Bill Gates<\/strong><\/p><\/blockquote>\t\t\t\t\t\t\t\t<\/div>\n\t\t\t\t<\/div>\n\t\t\t\t<div class=\"elementor-element elementor-element-317a39f elementor-widget elementor-widget-text-editor\" data-id=\"317a39f\" data-element_type=\"widget\" data-e-type=\"widget\" data-widget_type=\"text-editor.default\">\n\t\t\t\t<div class=\"elementor-widget-container\">\n\t\t\t\t\t\t\t\t\t<div class=\"wpb_text_column wpb_content_element\"><div class=\"wpb_wrapper\"><p>Po\u010das roku 2020 vzr\u00e1stli trhov\u00e9 hodnoty najv\u00e4\u010d\u0161\u00edch kryptomien o 159 percent, \u010do je <a href=\"https:\/\/topbrokeri.com\/sk\/predvidanje-cijene-bitcoin\/\">Bitcoin<\/a> (BTC), ktor\u00e1 sa konala v roku 2021 a v apr\u00edli dosiahla 64 863 dol\u00e1rov. Trh s kryptomenami v\u0161ak nie je jedin\u00fd, ktor\u00fd zaznamenal p\u00f4sobiv\u00fd rast. Kontrakty zalo\u017een\u00e9 na ethereu a akt\u00edva, ako je NFTS, preberaj\u00fa online obchodovanie ako r\u00fdchly vlak. Najdrah\u0161\u00ed <a href=\"https:\/\/topbrokeri.com\/sk\/matrix-nft-trader\/\">NFT<\/a>, kus digit\u00e1lneho umeleck\u00e9ho diela Beeple, predan\u00fd za 69 mili\u00f3nov dol\u00e1rov vo febru\u00e1ri 2021. Obchodovanie s opciami <a href=\"https:\/\/topbrokeri.com\/sk\/trgovanje-cfd-ovima\/\">CFD<\/a> kryptomeny s\u00fa \u010doraz popul\u00e1rnej\u0161ie.<\/p><p>Bez potreby fyzickej dr\u017eby maj\u00fa CFD zn\u00ed\u017een\u00e9 riziko kr\u00e1de\u017ee kapit\u00e1lu. Taktie\u017e, ke\u010f obchodujete s kryptomenami CFD, m\u00f4\u017eete dosiahnu\u0165 zna\u010dn\u00e9 zisky, aj ke\u010f samotn\u00fd trh s kryptomenami str\u00e1ca hodnotu. Tieto v\u00fdhody spolu s p\u00e1kov\u00fdm efektom, likviditou, \u00farokom a volatilitou kryptotrhu urobili z obchodovania s kryptomenami CFD ved\u00faci n\u00e1stroj modern\u00e9ho obchodovania a investovania.<\/p><\/div><\/div>\t\t\t\t\t\t\t\t<\/div>\n\t\t\t\t<\/div>\n\t\t\t\t<section class=\"elementor-section elementor-inner-section elementor-element elementor-element-f28edd8 elementor-section-boxed elementor-section-height-default elementor-section-height-default\" data-id=\"f28edd8\" data-element_type=\"section\" data-e-type=\"section\">\n\t\t\t\t\t\t<div class=\"elementor-container elementor-column-gap-default\">\n\t\t\t\t\t<div class=\"elementor-column elementor-col-33 elementor-inner-column elementor-element elementor-element-9f078bc\" data-id=\"9f078bc\" data-element_type=\"column\" data-e-type=\"column\">\n\t\t\t<div class=\"elementor-widget-wrap elementor-element-populated\">\n\t\t\t\t\t\t<div class=\"elementor-element elementor-element-8ef335c elementor-widget elementor-widget-image\" data-id=\"8ef335c\" data-element_type=\"widget\" data-e-type=\"widget\" data-widget_type=\"image.default\">\n\t\t\t\t<div class=\"elementor-widget-container\">\n\t\t\t\t\t\t\t\t\t\t\t\t\t\t\t<img decoding=\"async\" width=\"300\" height=\"150\" src=\"https:\/\/topbrokeri.com\/wp-content\/uploads\/2017\/12\/TORO.png\" class=\"attachment-full size-full wp-image-3138\" alt=\"etoro chorv\u00e1tsko\" \/>\t\t\t\t\t\t\t\t\t\t\t\t\t\t\t<\/div>\n\t\t\t\t<\/div>\n\t\t\t\t<div class=\"elementor-element elementor-element-ce9981b elementor-widget elementor-widget-text-editor\" data-id=\"ce9981b\" data-element_type=\"widget\" data-e-type=\"widget\" data-widget_type=\"text-editor.default\">\n\t\t\t\t<div class=\"elementor-widget-container\">\n\t\t\t\t\t\t\t\t\t<p>Modern\u00e1 soci\u00e1lna investi\u010dn\u00e1 sie\u0165, v\u010dasn\u00e1 z\u00e1kazn\u00edcka podpora, bezpe\u010dnos\u0165 a dostupn\u00e9 finan\u010dn\u00e9 prostriedky robia obchodovanie nielen spo\u013eahliv\u00fdm, ale aj z\u00e1bavn\u00fdm <a href=\"https:\/\/topbrokeri.com\/sk\/etoro-recenzija\/\">eToro<\/a> ur\u010dite si zasl\u00fa\u017ei svoje miesto medzi najlep\u0161\u00edmi!<\/p>\t\t\t\t\t\t\t\t<\/div>\n\t\t\t\t<\/div>\n\t\t\t\t\t<\/div>\n\t\t<\/div>\n\t\t\t\t<div class=\"elementor-column elementor-col-33 elementor-inner-column elementor-element elementor-element-7a89d98\" data-id=\"7a89d98\" data-element_type=\"column\" data-e-type=\"column\">\n\t\t\t<div class=\"elementor-widget-wrap elementor-element-populated\">\n\t\t\t\t\t\t<div class=\"elementor-element elementor-element-bbdacd6 elementor-widget elementor-widget-image\" data-id=\"bbdacd6\" data-element_type=\"widget\" data-e-type=\"widget\" data-widget_type=\"image.default\">\n\t\t\t\t<div class=\"elementor-widget-container\">\n\t\t\t\t\t\t\t\t\t\t\t\t\t\t\t<img decoding=\"async\" width=\"300\" height=\"150\" src=\"https:\/\/topbrokeri.com\/wp-content\/uploads\/2017\/11\/Plus500-300x150-1.jpg\" class=\"attachment-full size-full wp-image-3140\" alt=\"plus 500 recenzi\u00ed\" \/>\t\t\t\t\t\t\t\t\t\t\t\t\t\t\t<\/div>\n\t\t\t\t<\/div>\n\t\t\t\t<div class=\"elementor-element elementor-element-9287bca elementor-widget elementor-widget-text-editor\" data-id=\"9287bca\" data-element_type=\"widget\" data-e-type=\"widget\" data-widget_type=\"text-editor.default\">\n\t\t\t\t<div class=\"elementor-widget-container\">\n\t\t\t\t\t\t\t\t\t<p>\u010co to <a href=\"https:\/\/topbrokeri.com\/sk\/plus-500-recenzija\/\">Plus 500<\/a> \u010do ich odli\u0161uje od ostatn\u00fdch brokerov je, \u017ee sa im podarilo vyvin\u00fa\u0165 ve\u013emi stabiln\u00fa platformu, ktor\u00fa v\u00e4\u010d\u0161ina obchodn\u00edkov h\u013ead\u00e1. S takmer 10-ro\u010dn\u00fdmi sk\u00fasenos\u0165ami nie je \u017eiadnym prekvapen\u00edm, \u017ee sa Plus500 stala jednou z najlep\u0161\u00edch slu\u017eieb na trhu.<\/p>\t\t\t\t\t\t\t\t<\/div>\n\t\t\t\t<\/div>\n\t\t\t\t\t<\/div>\n\t\t<\/div>\n\t\t\t\t<div class=\"elementor-column elementor-col-33 elementor-inner-column elementor-element elementor-element-56743f1\" data-id=\"56743f1\" data-element_type=\"column\" data-e-type=\"column\">\n\t\t\t<div class=\"elementor-widget-wrap elementor-element-populated\">\n\t\t\t\t\t\t<div class=\"elementor-element elementor-element-c668d51 elementor-widget elementor-widget-image\" data-id=\"c668d51\" data-element_type=\"widget\" data-e-type=\"widget\" data-widget_type=\"image.default\">\n\t\t\t\t<div class=\"elementor-widget-container\">\n\t\t\t\t\t\t\t\t\t\t\t\t\t\t\t<img decoding=\"async\" width=\"300\" height=\"150\" src=\"https:\/\/topbrokeri.com\/wp-content\/uploads\/2018\/02\/admiral-markets-1.png\" class=\"attachment-full size-full wp-image-5072\" alt=\"admir\u00e1lne trhy hr\" \/>\t\t\t\t\t\t\t\t\t\t\t\t\t\t\t<\/div>\n\t\t\t\t<\/div>\n\t\t\t\t<div class=\"elementor-element elementor-element-00649f2 elementor-widget elementor-widget-text-editor\" data-id=\"00649f2\" data-element_type=\"widget\" data-e-type=\"widget\" data-widget_type=\"text-editor.default\">\n\t\t\t\t<div class=\"elementor-widget-container\">\n\t\t\t\t\t\t\t\t\t<p>S naju\u017eito\u010dnej\u0161\u00edmi a naj\u00fa\u010dinnej\u0161\u00edmi n\u00e1strojmi na trhu, Admiral <a href=\"https:\/\/topbrokeri.com\/sk\/markets-com-recenzija\/\">trhy<\/a> je ur\u010dite najlep\u0161ia vo\u013eba pre za\u010diato\u010dn\u00edkov. Od ekonomick\u00e9ho kalend\u00e1ra cez r\u00f4zne anal\u00fdzy trhu m\u00e1te preh\u013ead o s\u00fa\u010dasn\u00fdch a bud\u00facich trhov\u00fdch trendoch.<\/p>\t\t\t\t\t\t\t\t<\/div>\n\t\t\t\t<\/div>\n\t\t\t\t\t<\/div>\n\t\t<\/div>\n\t\t\t\t\t<\/div>\n\t\t<\/section>\n\t\t\t\t<div class=\"elementor-element elementor-element-a070070 elementor-widget-divider--view-line elementor-widget elementor-widget-divider\" data-id=\"a070070\" data-element_type=\"widget\" data-e-type=\"widget\" data-widget_type=\"divider.default\">\n\t\t\t\t<div class=\"elementor-widget-container\">\n\t\t\t\t\t\t\t<div class=\"elementor-divider\">\n\t\t\t<span class=\"elementor-divider-separator\">\n\t\t\t\t\t\t<\/span>\n\t\t<\/div>\n\t\t\t\t\t\t<\/div>\n\t\t\t\t<\/div>\n\t\t\t\t<div class=\"elementor-element elementor-element-b64a7bd elementor-widget elementor-widget-accordion\" data-id=\"b64a7bd\" data-element_type=\"widget\" data-e-type=\"widget\" data-widget_type=\"accordion.default\">\n\t\t\t\t<div class=\"elementor-widget-container\">\n\t\t\t\t\t\t\t<div class=\"elementor-accordion\">\n\t\t\t\t\t\t\t<div class=\"elementor-accordion-item\">\n\t\t\t\t\t<h5 id=\"elementor-tab-title-1911\" class=\"elementor-tab-title\" data-tab=\"1\" role=\"button\" aria-controls=\"elementor-tab-content-1911\" aria-expanded=\"false\">\n\t\t\t\t\t\t\t\t\t\t\t\t\t<span class=\"elementor-accordion-icon elementor-accordion-icon-left\" aria-hidden=\"true\">\n\t\t\t\t\t\t\t\t\t\t\t\t\t\t\t<span class=\"elementor-accordion-icon-closed\"><i class=\"fas fa-plus\"><\/i><\/span>\n\t\t\t\t\t\t\t\t<span class=\"elementor-accordion-icon-opened\"><i class=\"fas fa-minus\"><\/i><\/span>\n\t\t\t\t\t\t\t\t\t\t\t\t\t\t<\/span>\n\t\t\t\t\t\t\t\t\t\t\t\t<a class=\"elementor-accordion-title\" tabindex=\"0\">CFD kryptomeny<\/a>\n\t\t\t\t\t<\/h5>\n\t\t\t\t\t<div id=\"elementor-tab-content-1911\" class=\"elementor-tab-content elementor-clearfix\" data-tab=\"1\" role=\"region\" aria-labelledby=\"elementor-tab-title-1911\"><p>\u010ci u\u017e ste akt\u00edvnym \u00fa\u010dastn\u00edkom online obchodovania alebo s n\u00edm nem\u00e1te absol\u00fatne ni\u010d spolo\u010dn\u00e9, ur\u010dite ste u\u017e po\u010duli r\u00f4zne inform\u00e1cie o kryptomen\u00e1ch a ich vplyve na glob\u00e1lny trh. Jednoducho povedan\u00e9, pri ich raketovom raste neexistuje takmer \u017eiadny k\u00fat ka\u017edodenn\u00e9ho \u017eivota, ktor\u00e9ho by sa kryptomeny nedotkli. Hoci za\u010diatky kryptomien siahaj\u00fa takmer 10 rokov dozadu, svoj skuto\u010dn\u00fd boom za\u017e\u00edvaj\u00fa a\u017e v posledn\u00fdch rokoch. A ak\u00e9! Okrem toho, \u017ee ich uzn\u00e1vaj\u00fa v\u0161etci akt\u00edvni obchodn\u00edci a brokeri, kryptomeny sa stali aj ka\u017edodenn\u00fdm zdrojom pr\u00edjmu pre be\u017en\u00fdch \u013eud\u00ed. Pre\u010do je to tak, si pre\u010d\u00edtajte ni\u017e\u0161ie.<\/p><h3>N\u00e1pad<\/h3><p>Prv\u00fd pokus o vytvorenie kryptomeny sa uskuto\u010dnil u\u017e v roku 1998, kedy bol pop\u00edsan\u00fd takzvan\u00fd syst\u00e9m \u201eB-money\u201c. Malo \u00eds\u0165 o druh elektronick\u00fdch pe\u0148az\u00ed, ktor\u00e9 si bud\u00fa vymie\u0148a\u0165 anonymn\u00ed \u00fa\u010dastn\u00edci. Napriek s\u013eubnej my\u0161lienke sa projekt neujal. V tom istom roku v\u0161ak americk\u00fd po\u010d\u00edta\u010dov\u00fd vedec a kryptograf Nick Szabo vytvoril Bit Gold, ktor\u00fd sa nesk\u00f4r uk\u00e1zal ako hrozba pre BitCoin. Hoci samotn\u00fd produkt nebol nikdy plne prijat\u00fd, jeho \u010dasti a k\u013e\u00fa\u010dov\u00e9 prvky s\u00fa podstatnou s\u00fa\u010das\u0165ou dne\u0161n\u00e9ho BitCoinu; ako napr\u00edklad koncept \u201eProof of Work\u201c, ktor\u00fd ur\u010doval v\u00fdkon po\u010d\u00edta\u010da potrebn\u00fd na rie\u0161enie zlo\u017eit\u00fdch kryptografick\u00fdch h\u00e1daniek. \u00da\u010dastn\u00edk siete, ktor\u00e9mu by sa podarilo vyrie\u0161i\u0165 kryptografick\u00fd probl\u00e9m, by si vytvoril takzvan\u00fd \u201eBlockchain\u201c a z\u00edskal by si tak svoje miesto pri tvorbe r\u00f4znych mno\u017estiev kryptomien.<\/p><p>Rovnak\u00e1 met\u00f3da je k\u013e\u00fa\u010dov\u00fdm princ\u00edpom fungovania siete BitCoin, ktor\u00e1 bola navrhnut\u00e1 v roku 2008 ako reakcia na glob\u00e1lnu kr\u00edzu. Jeden mu\u017e alebo ich skupina ukryt\u00e1 pod menom Satoshi Nakamoto chceli vytvori\u0165 skuto\u010dne nez\u00e1visl\u00e9 a decentralizovan\u00e9 peer-to-peer elektronick\u00e9 peniaze. V\u010faka v\u0161eobecnej d\u00f4vere vo vl\u00e1dne in\u0161tit\u00facie a menovej stabilite uzrel BitCoin v najbli\u017e\u0161\u00edch rokoch svetlo sveta ako nez\u00e1visl\u00fd.<\/p><h3>Vstup na trh<\/h3><p>Teraz, ke\u010f ste obozn\u00e1men\u00ed s obrovsk\u00fdm potenci\u00e1lom, ktor\u00fd kryptomeny nepochybne maj\u00fa, chcete sa sta\u0165 s\u00fa\u010das\u0165ou tohto rast\u00faceho trendu, ur\u010dite v\u00e1s zauj\u00edma, ako obchodova\u0165 s kryptomenami!? Toti\u017e, existuj\u00fa r\u00f4zne sp\u00f4soby \u2013 m\u00f4\u017eete ich kopa\u0165 tzv \u0165a\u017ebou, \u0161pekul\u00e1ciami na ich cenu alebo ich jednoduch\u00fdm n\u00e1kupom, \u010di u\u017e na denn\u00e9 obchodovanie alebo dlhodob\u00e9 invest\u00edcie. Nakupovanie kryptomien je moment\u00e1lne najpopul\u00e1rnej\u0161ie, \u010do ur\u010dite podporuje aj ich enormn\u00fd rast, ktor\u00fd takmer zaru\u010duje \u010dist\u00fd zisk cez noc.<\/p><h3>V\u00fdber makl\u00e9ra<\/h3><p>Prv\u00fdm krokom pri obchodovan\u00ed s kryptomenami by bol v\u00fdber brokera, teda sprostredkovate\u013ea, ktor\u00fd by v\u00e1m predstavil trh s kryptomenami. Aj ke\u010f sa to na prv\u00fd poh\u013ead zd\u00e1 ako \u013eahk\u00e1 pr\u00e1ca, je ve\u013emi \u013eahk\u00e9 sa strati\u0165 a pom\u00fdli\u0165 sa. Toti\u017e v mori mo\u017enost\u00ed a mo\u017enost\u00ed, ktor\u00e9 modern\u00e1 doba a internet so sebou prin\u00e1\u0161a, je internet pln\u00fd nielen nevhodn\u00fdch brokerov pre va\u0161e potreby, ale aj podvodov. Na\u0161\u0165astie pre v\u00e1s s na\u0161\u00edm odborn\u00fdm v\u00fdberom nem\u00f4\u017eete urobi\u0165 chybu.<\/p><\/div>\n\t\t\t\t<\/div>\n\t\t\t\t\t\t\t<div class=\"elementor-accordion-item\">\n\t\t\t\t\t<h5 id=\"elementor-tab-title-1912\" class=\"elementor-tab-title\" data-tab=\"2\" role=\"button\" aria-controls=\"elementor-tab-content-1912\" aria-expanded=\"false\">\n\t\t\t\t\t\t\t\t\t\t\t\t\t<span class=\"elementor-accordion-icon elementor-accordion-icon-left\" aria-hidden=\"true\">\n\t\t\t\t\t\t\t\t\t\t\t\t\t\t\t<span class=\"elementor-accordion-icon-closed\"><i class=\"fas fa-plus\"><\/i><\/span>\n\t\t\t\t\t\t\t\t<span class=\"elementor-accordion-icon-opened\"><i class=\"fas fa-minus\"><\/i><\/span>\n\t\t\t\t\t\t\t\t\t\t\t\t\t\t<\/span>\n\t\t\t\t\t\t\t\t\t\t\t\t<a class=\"elementor-accordion-title\" tabindex=\"0\">Ako funguj\u00fa kryptomeny?<\/a>\n\t\t\t\t\t<\/h5>\n\t\t\t\t\t<div id=\"elementor-tab-content-1912\" class=\"elementor-tab-content elementor-clearfix\" data-tab=\"2\" role=\"region\" aria-labelledby=\"elementor-tab-title-1912\"><h3>Z\u00c1KLADY KRYPTOMENY<\/h3><p>\u013dudia obchodovali s fyzick\u00fdm tovarom od po\u010diatku vekov. Tieto meny s\u00fa dnes v\u00e4\u010d\u0161inou tla\u010den\u00e9 bankovky alebo mince spravovan\u00e9 centralizovanou vl\u00e1dou a monitorovan\u00e9 finan\u010dn\u00fdmi in\u0161tit\u00faciami. V roku 2009 v\u0161ak zakladate\u013e Bitcoinu Satoshi Nakamoto spustil n\u00e1pad, ktor\u00fd by zmenil sp\u00f4sob, ak\u00fdm \u013eudia uva\u017euj\u00fa o peniazoch. \u010co keby menu riadila matematika, nie vl\u00e1dy?<\/p><p>Kryptomeny s\u00fa digit\u00e1lna forma pe\u0148az\u00ed, ktor\u00e1 funguje na \u00faplne novom menovom syst\u00e9me, ktor\u00fd nie je regulovan\u00fd \u017eiadnym centralizovan\u00fdm org\u00e1nom ani monitorovan\u00fd form\u00e1lnou in\u0161tit\u00faciou. Existuje mnoho druhov kryptomien s r\u00f4znymi funkciami. Nez\u00e1visle od ka\u017edej funkcie je ka\u017ed\u00e1 digit\u00e1lna mena podporovan\u00e1 decentralizovanou sie\u0165ou peer-to-peer naz\u00fdvanou blockchain.<\/p><h3>BLOCKCHAIN<\/h3><p>Technol\u00f3gia Blockchain zabezpe\u010duje sledovanie v\u0161etk\u00fdch kryptomien bez oh\u013eadu na to, \u010di s\u00fa dr\u017ean\u00e9 v digit\u00e1lnej pe\u0148a\u017eenke alebo pou\u017e\u00edvan\u00e9 v obchode. Efektivita spustenia tak\u00e9hoto syst\u00e9mu si v\u0161ak vy\u017eaduje infra\u0161trukt\u00faru, ktor\u00e1 zabezpe\u010d\u00ed, \u017ee podv\u00e1dzanie a hranie syst\u00e9mu nie je mo\u017en\u00e9. Bitcoin bol prv\u00fd na trhu a vytvoril syst\u00e9m, v ktorom sa dvaja \u013eudia \u2013 odosielate\u013e a pr\u00edjemca minc\u00ed \u2013 musia odhl\u00e1si\u0165, aby vytvorili digit\u00e1lny podpis. Ka\u017ed\u00e1 osoba m\u00e1 verejn\u00fd a s\u00fakromn\u00fd \u0161ifrovac\u00ed k\u013e\u00fa\u010d. Ka\u017ed\u00e1 transakcia je kontrolovan\u00e1 na presnos\u0165 a syst\u00e9m je anonymn\u00fd a \u00faplne transparentn\u00fd. V centre tejto infra\u0161trukt\u00fary je kniha. Po\u010fme sa teda vrhn\u00fa\u0165 na to, ako to funguje.<\/p><h3>AKO FUNGUJ\u00da KRYPTOMENY<\/h3><p>Je to kniha kryptomien, kde s\u00fa zverej\u0148ovan\u00e9 v\u0161etky transakcie, aby bola zabezpe\u010den\u00e1 \u00fapln\u00e1 transparentnos\u0165. Vedenie \u00fa\u010dtovnej knihy n\u00fati ka\u017ed\u00e9ho \u201ehra\u0165 f\u00e9r\u201c a odstra\u0148uje riziko dvojit\u00e9ho m\u00ed\u0148ania. Kniha je zoznam z\u00e1znamov datab\u00e1zy, ktor\u00e9 nikto nem\u00f4\u017ee zmeni\u0165 bez splnenia ur\u010dit\u00fdch podmienok. Nikto nevlastn\u00ed \u00fa\u010dtovn\u00fa knihu alebo blockchain kryptomien; namiesto toho ide o decentralizovan\u00fd v\u00fdznam samospr\u00e1vy a samospr\u00e1vy bez zasahovania vonkaj\u0161\u00edch str\u00e1n.<\/p><h3>\u0164A\u017dBA<\/h3><p>Povedzme, \u017ee chcete investova\u0165 do kryptomeny, ako je napr\u00edklad Bitcoin, prostredn\u00edctvom ve\u013ekej kryptomenovej burzy. Po k\u00fape sa rozhodnite min\u00fa\u0165 ho. \u010co sa teraz stane? Transakcia je na za\u010diatku nepotvrden\u00e1, \u010do znamen\u00e1, \u017ee transakcia e\u0161te nie je ofici\u00e1lna a \u201enezapadne do kame\u0148a\u201c, k\u00fdm neprejde overovac\u00edm procesom. Po potvrden\u00ed sa transakcia stane s\u00fa\u010das\u0165ou z\u00e1znamu historick\u00fdch transakci\u00ed umiestnen\u00fdch v blockchaine.<\/p><p>Spracovatelia kryptomien overuj\u00fa transakcie a potom ich prid\u00e1vaj\u00fa do verejnej knihy. Pou\u017e\u00edvaj\u00fa v\u00fdkonn\u00e9 po\u010d\u00edta\u010de na rie\u0161enie zlo\u017eit\u00fdch matematick\u00fdch probl\u00e9mov, ktor\u00e9 s\u00fa k\u013e\u00fa\u010dov\u00e9 pre proces overovania. \u0164a\u017eba kryptomien je otvoren\u00e1, tak\u017ee transakciu m\u00f4\u017ee potvrdi\u0165 ktoko\u013evek a prv\u00fd ban\u00edk, ktor\u00fd probl\u00e9m vyrie\u0161i, m\u00f4\u017ee prida\u0165 blok do svojej knihy transakci\u00ed. Tento proces sa naz\u00fdva \u201esyst\u00e9m d\u00f4kazu pr\u00e1ce\u201c.<\/p><p>Po pridan\u00ed bloku do \u00fa\u010dtovnej knihy dostane ban\u00edk za svoje \u00fasilie odmenu, ktor\u00e1 sa l\u00ed\u0161i pod\u013ea kryptomeny. Napr\u00edklad Bitcoin p\u00f4vodne udelil 50 BTC, ale t\u00e1to odmena sa dnes zn\u00ed\u017eila na polovicu na 12,5 BTC.<\/p><h3>BUD\u00daCNOS\u0164 JE TU<\/h3><p>Popredn\u00e9 kryptomeny bud\u00fa v bud\u00facnosti zohr\u00e1va\u0165 d\u00f4le\u017eit\u00fa \u00falohu a ich pou\u017e\u00edvanie sa v posledn\u00fdch rokoch neust\u00e1le zvy\u0161uje. Bitcoin sa v s\u00fa\u010dasnosti pou\u017e\u00edva v 96 krajin\u00e1ch a rastie, pri\u010dom ka\u017ed\u00fa hodinu sa uskuto\u010dn\u00ed 12 000 transakci\u00ed. Prv\u00fdm krokom je porozumie\u0165 viac o kryptomen\u00e1ch, druh\u00fdm je vysk\u00fa\u0161a\u0165.<\/p><p>Vyberte si svojho favorita z n\u00e1\u0161ho zoznamu najlep\u0161\u00edch brokerov a obchodujte s kryptomenami e\u0161te dnes!<\/p><\/div>\n\t\t\t\t<\/div>\n\t\t\t\t\t\t\t\t<\/div>\n\t\t\t\t\t\t<\/div>\n\t\t\t\t<\/div>\n\t\t\t\t\t<\/div>\n\t\t<\/div>\n\t\t\t\t\t<\/div>\n\t\t<\/section>\n\t\t\t\t<\/div>","protected":false},"excerpt":{"rendered":"<p>CFD Kriptovalute \u201cBudu\u0107nost novca je digitalna valuta \u201d Bill Gates Tijekom 2020. godine, tr\u017ei\u0161ne vrijednosti\u00a0 najve\u0107ih kriptovaluta porasle su za 159 posto, \u0161to je Bitcoin (BTC) odr\u017eao u 2021. godini, dosegnuv\u0161i u travnju 64.863 dolara. Me\u0111utim tr\u017ei\u0161te kriptovalutama nije jedino zabilje\u017eilo impresivan rast.. Ugovori utemeljeni na Ethereumu i imovina kao \u0161to je NFTS preuzimaju internet [&hellip;]<\/p>\n","protected":false},"author":1,"featured_media":0,"parent":0,"menu_order":0,"comment_status":"closed","ping_status":"closed","template":"elementor_header_footer","meta":{"footnotes":""},"class_list":["post-2136","page","type-page","status-publish","hentry"],"_links":{"self":[{"href":"https:\/\/topbrokeri.com\/sk\/wp-json\/wp\/v2\/pages\/2136","targetHints":{"allow":["GET"]}}],"collection":[{"href":"https:\/\/topbrokeri.com\/sk\/wp-json\/wp\/v2\/pages"}],"about":[{"href":"https:\/\/topbrokeri.com\/sk\/wp-json\/wp\/v2\/types\/page"}],"author":[{"embeddable":true,"href":"https:\/\/topbrokeri.com\/sk\/wp-json\/wp\/v2\/users\/1"}],"replies":[{"embeddable":true,"href":"https:\/\/topbrokeri.com\/sk\/wp-json\/wp\/v2\/comments?post=2136"}],"version-history":[{"count":6,"href":"https:\/\/topbrokeri.com\/sk\/wp-json\/wp\/v2\/pages\/2136\/revisions"}],"predecessor-version":[{"id":7865,"href":"https:\/\/topbrokeri.com\/sk\/wp-json\/wp\/v2\/pages\/2136\/revisions\/7865"}],"wp:attachment":[{"href":"https:\/\/topbrokeri.com\/sk\/wp-json\/wp\/v2\/media?parent=2136"}],"curies":[{"name":"pracovn\u00fd list","href":"https:\/\/api.w.org\/{rel}","templated":true}]}}