{"id":2038,"date":"2017-11-15T10:50:49","date_gmt":"2017-11-15T10:50:49","guid":{"rendered":"https:\/\/topbrokeri.com\/?page_id=2038"},"modified":"2022-04-23T13:14:42","modified_gmt":"2022-04-23T13:14:42","slug":"odricanje","status":"publish","type":"page","link":"https:\/\/topbrokeri.com\/sk\/odricanje\/","title":{"rendered":"Zrieknutie sa pr\u00e1v"},"content":{"rendered":"<div data-elementor-type=\"wp-page\" data-elementor-id=\"2038\" class=\"elementor elementor-2038\" data-elementor-post-type=\"page\">\n\t\t\t\t\t\t<section class=\"elementor-section elementor-top-section elementor-element elementor-element-4fac1fa elementor-section-stretched elementor-section-boxed elementor-section-height-default elementor-section-height-default\" data-id=\"4fac1fa\" data-element_type=\"section\" data-e-type=\"section\" data-settings=\"{&quot;stretch_section&quot;:&quot;section-stretched&quot;,&quot;shape_divider_top&quot;:&quot;tilt&quot;}\">\n\t\t\t\t\t<div class=\"elementor-shape elementor-shape-top\" aria-hidden=\"true\" data-negative=\"false\">\n\t\t\t<svg xmlns=\"http:\/\/www.w3.org\/2000\/svg\" viewbox=\"0 0 1000 100\" preserveaspectratio=\"none\">\n\t<path class=\"elementor-shape-fill\" d=\"M0,6V0h1000v100L0,6z\"\/>\n<\/svg>\t\t<\/div>\n\t\t\t\t\t<div class=\"elementor-container elementor-column-gap-default\">\n\t\t\t\t\t<div class=\"elementor-column elementor-col-100 elementor-top-column elementor-element elementor-element-8436f84\" data-id=\"8436f84\" data-element_type=\"column\" data-e-type=\"column\">\n\t\t\t<div class=\"elementor-widget-wrap elementor-element-populated\">\n\t\t\t\t\t\t<div class=\"elementor-element elementor-element-5277b93 elementor-widget elementor-widget-heading\" data-id=\"5277b93\" data-element_type=\"widget\" data-e-type=\"widget\" data-widget_type=\"heading.default\">\n\t\t\t\t<div class=\"elementor-widget-container\">\n\t\t\t\t\t<h1 class=\"elementor-heading-title elementor-size-default\">Zrieknutie sa pr\u00e1v<\/h1>\t\t\t\t<\/div>\n\t\t\t\t<\/div>\n\t\t\t\t<div class=\"elementor-element elementor-element-7035474 elementor-widget elementor-widget-text-editor\" data-id=\"7035474\" data-element_type=\"widget\" data-e-type=\"widget\" data-widget_type=\"text-editor.default\">\n\t\t\t\t<div class=\"elementor-widget-container\">\n\t\t\t\t\t\t\t\t\t<p>V dne\u0161nej dobe, kedy je \u017eivot \u010doraz drah\u0161\u00ed a \u010das sa skracuje, nebude isTopBrokeri.com pr\u00e1vne zodpovedn\u00e1 za \u017eiadne straty alebo \u0161kody vypl\u00fdvaj\u00face zo spoliehania sa na inform\u00e1cie zobrazen\u00e9 na tejto webovej str\u00e1nke, vr\u00e1tane recenzi\u00ed makl\u00e9rov, finan\u010dn\u00fdch spr\u00e1v, n\u00e1zorov autorov a \/ alebo anal\u00fdza. Inform\u00e1cie obsiahnut\u00e9 na TopBrokeri.com nie s\u00fa v\u017edy zverejnen\u00e9 v re\u00e1lnom \u010dase a\/alebo nevyhnutne presn\u00e9 a nie v\u017edy odr\u00e1\u017eaj\u00fa n\u00e1zory vlastn\u00edkov, zamestnancov a\/alebo prispievate\u013eov obsahu TopBrokeri.com. Malo by by\u0165 zn\u00e1me, \u017ee obchodovanie s CFD alebo ak\u00fdko\u013evek in\u00fd typ obchodovania zah\u0155\u0148a vysok\u00e9 rizik\u00e1 a nie je vhodn\u00fd pre ka\u017ed\u00e9ho. Pred obchodovan\u00edm s CFD alebo ak\u00fdmko\u013evek in\u00fdm finan\u010dn\u00fdm n\u00e1strojom by ste si mali by\u0165 vedom\u00ed riz\u00edk, mali by ste sa presne obozn\u00e1mi\u0165 so svojimi investi\u010dn\u00fdmi cie\u013emi a obmedzeniami a z\u00edska\u0165 spr\u00e1vnu \u00farove\u0148 porozumenia a riadenia riz\u00edk. Obchodovanie s produktmi s p\u00e1kov\u00fdm efektom ako CFD zah\u0155\u0148a zna\u010dn\u00e9 riziko straty a nemus\u00ed by\u0165 vhodn\u00e9 pre v\u0161etk\u00fdch investorov. Obchodovanie s tak\u00fdmito produktmi je riskantn\u00e9 a m\u00f4\u017eete pr\u00eds\u0165 o v\u0161etok svoj investovan\u00fd kapit\u00e1l. D\u00f4myseln\u00ed investori a za\u010d\u00ednaj\u00faci obchodn\u00edci po celom svete h\u013eadaj\u00fa nov\u00e9 zdroje invest\u00edci\u00ed a zisku a sna\u017eia sa zisti\u0165, ktor\u00ed s\u00fa najlep\u0161\u00ed brokeri. V\u010faka internetu, ktor\u00fd sa stal neodmyslite\u013enou s\u00fa\u010das\u0165ou ka\u017edodenn\u00e9ho \u017eivota, sa trh \u0161pekul\u00e1ci\u00ed \u010di ob\u013e\u00faben\u00e9ho Forexu presunul z ve\u013ek\u00fdch b\u00farz na mal\u00e9 obrazovky prostredn\u00edctvom r\u00f4znych sprostredkovate\u013eov \u010di ob\u013e\u00faben\u00e9ho Brokera, ktor\u00fd umo\u017e\u0148uje ka\u017ed\u00e9mu vysk\u00fa\u0161a\u0165 si svoje znalosti v online obchodovan\u00ed bez oh\u013eadu na sk\u00fasenosti a umiestnenie. Ke\u010f\u017ee s\u00fa\u010dasn\u00ed najlep\u0161\u00ed makl\u00e9ri pon\u00fakaj\u00fa svojim pou\u017e\u00edvate\u013eom mno\u017estvo vzdel\u00e1vac\u00edch materi\u00e1lov a semin\u00e1rov, by\u0165 \u00faspe\u0161n\u00fdm investorom nebolo nikdy jednoduch\u0161ie. V\u00fdberom toho najlep\u0161ieho brokera pre va\u0161e potreby z n\u00e1\u0161ho Top Listu si m\u00f4\u017eete by\u0165 ist\u00ed, \u017ee vy\u010derp\u00e1vaj\u00faca cesta h\u013eadania toho prav\u00e9ho v\u00e1s nezavedie z omylu a \u017ee na svoje obchodn\u00e9 sk\u00fasenosti budete spom\u00edna\u0165 len v dobrom!<\/p>\t\t\t\t\t\t\t\t<\/div>\n\t\t\t\t<\/div>\n\t\t\t\t\t<\/div>\n\t\t<\/div>\n\t\t\t\t\t<\/div>\n\t\t<\/section>\n\t\t\t\t<\/div>","protected":false},"excerpt":{"rendered":"<p>Odricanje U dana\u0161nje vrijeme kada \u017eivot postaje sve skuplji, a vremena sve manje, isTopBrokeri.com ne\u0107e biti pravno odgovoran za bilo kakav gubitak ili \u0161tetu koja proizlazi iz oslanjanja na informacije prikazane na ovoj web stranici, uklju\u010duju\u0107i recenzije brokera, financijske vijesti, mi\u0161ljenja autora i \/ ili analize. Podaci uklju\u010deni na TopBrokeri.com nisu uvijek objavljeni u stvarnom [&hellip;]<\/p>\n","protected":false},"author":1,"featured_media":0,"parent":0,"menu_order":0,"comment_status":"closed","ping_status":"closed","template":"elementor_header_footer","meta":{"footnotes":""},"class_list":["post-2038","page","type-page","status-publish","hentry"],"_links":{"self":[{"href":"https:\/\/topbrokeri.com\/sk\/wp-json\/wp\/v2\/pages\/2038","targetHints":{"allow":["GET"]}}],"collection":[{"href":"https:\/\/topbrokeri.com\/sk\/wp-json\/wp\/v2\/pages"}],"about":[{"href":"https:\/\/topbrokeri.com\/sk\/wp-json\/wp\/v2\/types\/page"}],"author":[{"embeddable":true,"href":"https:\/\/topbrokeri.com\/sk\/wp-json\/wp\/v2\/users\/1"}],"replies":[{"embeddable":true,"href":"https:\/\/topbrokeri.com\/sk\/wp-json\/wp\/v2\/comments?post=2038"}],"version-history":[{"count":4,"href":"https:\/\/topbrokeri.com\/sk\/wp-json\/wp\/v2\/pages\/2038\/revisions"}],"predecessor-version":[{"id":7798,"href":"https:\/\/topbrokeri.com\/sk\/wp-json\/wp\/v2\/pages\/2038\/revisions\/7798"}],"wp:attachment":[{"href":"https:\/\/topbrokeri.com\/sk\/wp-json\/wp\/v2\/media?parent=2038"}],"curies":[{"name":"pracovn\u00fd list","href":"https:\/\/api.w.org\/{rel}","templated":true}]}}