{"id":2136,"date":"2017-11-16T09:51:08","date_gmt":"2017-11-16T09:51:08","guid":{"rendered":"https:\/\/topbrokeri.com\/?page_id=2136"},"modified":"2022-04-25T08:58:16","modified_gmt":"2022-04-25T08:58:16","slug":"cfd-kriptovalute","status":"publish","type":"page","link":"https:\/\/topbrokeri.com\/ro\/cfd-kriptovalute\/","title":{"rendered":"CFD Criptomonede"},"content":{"rendered":"<div data-elementor-type=\"wp-page\" data-elementor-id=\"2136\" class=\"elementor elementor-2136\" data-elementor-post-type=\"page\">\n\t\t\t\t\t\t<section class=\"elementor-section elementor-top-section elementor-element elementor-element-77a1b56 elementor-section-stretched elementor-section-boxed elementor-section-height-default elementor-section-height-default\" data-id=\"77a1b56\" data-element_type=\"section\" data-e-type=\"section\" data-settings=\"{&quot;stretch_section&quot;:&quot;section-stretched&quot;,&quot;shape_divider_top&quot;:&quot;tilt&quot;}\">\n\t\t\t\t\t<div class=\"elementor-shape elementor-shape-top\" aria-hidden=\"true\" data-negative=\"false\">\n\t\t\t<svg xmlns=\"http:\/\/www.w3.org\/2000\/svg\" viewbox=\"0 0 1000 100\" preserveaspectratio=\"none\">\n\t<path class=\"elementor-shape-fill\" d=\"M0,6V0h1000v100L0,6z\"\/>\n<\/svg>\t\t<\/div>\n\t\t\t\t\t<div class=\"elementor-container elementor-column-gap-default\">\n\t\t\t\t\t<div class=\"elementor-column elementor-col-100 elementor-top-column elementor-element elementor-element-b9b3a1d\" data-id=\"b9b3a1d\" data-element_type=\"column\" data-e-type=\"column\">\n\t\t\t<div class=\"elementor-widget-wrap elementor-element-populated\">\n\t\t\t\t\t\t<div class=\"elementor-element elementor-element-8f0a9a8 elementor-widget elementor-widget-heading\" data-id=\"8f0a9a8\" data-element_type=\"widget\" data-e-type=\"widget\" data-widget_type=\"heading.default\">\n\t\t\t\t<div class=\"elementor-widget-container\">\n\t\t\t\t\t<h1 class=\"elementor-heading-title elementor-size-default\">CFD Criptomonede<\/h1>\t\t\t\t<\/div>\n\t\t\t\t<\/div>\n\t\t\t\t<div class=\"elementor-element elementor-element-1ab3e72 elementor-widget elementor-widget-text-editor\" data-id=\"1ab3e72\" data-element_type=\"widget\" data-e-type=\"widget\" data-widget_type=\"text-editor.default\">\n\t\t\t\t<div class=\"elementor-widget-container\">\n\t\t\t\t\t\t\t\t\t<blockquote><h3 style=\"text-align: center;\">\u201eViitorul banilor este moneda digital\u0103\u201d<\/h3><p style=\"text-align: center;\"><strong>Bill Gates<\/strong><\/p><\/blockquote>\t\t\t\t\t\t\t\t<\/div>\n\t\t\t\t<\/div>\n\t\t\t\t<div class=\"elementor-element elementor-element-317a39f elementor-widget elementor-widget-text-editor\" data-id=\"317a39f\" data-element_type=\"widget\" data-e-type=\"widget\" data-widget_type=\"text-editor.default\">\n\t\t\t\t<div class=\"elementor-widget-container\">\n\t\t\t\t\t\t\t\t\t<div class=\"wpb_text_column wpb_content_element\"><div class=\"wpb_wrapper\"><p>\u00cen cursul anului 2020, valorile de pia\u021b\u0103 ale celor mai mari criptomonede au crescut cu 159 la sut\u0103, adic\u0103 <a href=\"https:\/\/topbrokeri.com\/ro\/predvidanje-cijene-bitcoin\/\">Bitcoin<\/a> (BTC) a avut loc \u00een 2021, ajung\u00e2nd la 64.863 USD \u00een aprilie. Cu toate acestea, pia\u021ba criptomonedelor nu este singura care a cunoscut o cre\u0219tere impresionant\u0103. Contractele \u0219i activele bazate pe Ethereum, cum ar fi NFTS, preiau tranzac\u021bionarea online ca un tren cu vitez\u0103. Cel mai scump <a href=\"https:\/\/topbrokeri.com\/ro\/matrix-nft-trader\/\">NFT<\/a>, o pies\u0103 de art\u0103 digital\u0103 Beeple, s-a v\u00e2ndut cu 69 de milioane de dolari \u00een februarie 2021. Tranzac\u021bionare cu op\u021biuni <a href=\"https:\/\/topbrokeri.com\/ro\/trgovanje-cfd-ovima\/\">CFD-uri<\/a> criptomonedele devin din ce \u00een ce mai populare.<\/p><p>F\u0103r\u0103 a fi nevoie de posesie fizic\u0103, CFD-urile au un risc redus de furt de capital. De asemenea, atunci c\u00e2nd tranzac\u021biona\u021bi criptomonede cfd pute\u021bi ob\u021bine c\u00e2\u0219tiguri semnificative chiar dac\u0103 pia\u021ba criptomonedei \u00ee\u0219i pierde valoare. Aceste avantaje, \u00eempreun\u0103 cu efectul de levier, lichiditatea, dob\u00e2nda \u0219i volatilitatea pie\u021bei cripto, au f\u0103cut ca tranzac\u021bionarea cu criptomonede CFD s\u0103 fie instrumentul principal al tranzac\u021bion\u0103rii \u0219i investi\u021biilor moderne.<\/p><\/div><\/div>\t\t\t\t\t\t\t\t<\/div>\n\t\t\t\t<\/div>\n\t\t\t\t<section class=\"elementor-section elementor-inner-section elementor-element elementor-element-f28edd8 elementor-section-boxed elementor-section-height-default elementor-section-height-default\" data-id=\"f28edd8\" data-element_type=\"section\" data-e-type=\"section\">\n\t\t\t\t\t\t<div class=\"elementor-container elementor-column-gap-default\">\n\t\t\t\t\t<div class=\"elementor-column elementor-col-33 elementor-inner-column elementor-element elementor-element-9f078bc\" data-id=\"9f078bc\" data-element_type=\"column\" data-e-type=\"column\">\n\t\t\t<div class=\"elementor-widget-wrap elementor-element-populated\">\n\t\t\t\t\t\t<div class=\"elementor-element elementor-element-8ef335c elementor-widget elementor-widget-image\" data-id=\"8ef335c\" data-element_type=\"widget\" data-e-type=\"widget\" data-widget_type=\"image.default\">\n\t\t\t\t<div class=\"elementor-widget-container\">\n\t\t\t\t\t\t\t\t\t\t\t\t\t\t\t<img decoding=\"async\" width=\"300\" height=\"150\" src=\"https:\/\/topbrokeri.com\/wp-content\/uploads\/2017\/12\/TORO.png\" class=\"attachment-full size-full wp-image-3138\" alt=\"etoro croatia\" \/>\t\t\t\t\t\t\t\t\t\t\t\t\t\t\t<\/div>\n\t\t\t\t<\/div>\n\t\t\t\t<div class=\"elementor-element elementor-element-ce9981b elementor-widget elementor-widget-text-editor\" data-id=\"ce9981b\" data-element_type=\"widget\" data-e-type=\"widget\" data-widget_type=\"text-editor.default\">\n\t\t\t\t<div class=\"elementor-widget-container\">\n\t\t\t\t\t\t\t\t\t<p>O re\u021bea modern\u0103 de investi\u021bii sociale, asisten\u021b\u0103 pentru clien\u021bi \u00een timp util, securitate \u0219i fonduri disponibile fac tranzac\u021bionarea nu numai fiabil\u0103, ci \u0219i distractiv\u0103 <a href=\"https:\/\/topbrokeri.com\/ro\/etoro-recenzija\/\">eToro<\/a> cu siguranta isi merita locul printre cei mai buni!<\/p>\t\t\t\t\t\t\t\t<\/div>\n\t\t\t\t<\/div>\n\t\t\t\t\t<\/div>\n\t\t<\/div>\n\t\t\t\t<div class=\"elementor-column elementor-col-33 elementor-inner-column elementor-element elementor-element-7a89d98\" data-id=\"7a89d98\" data-element_type=\"column\" data-e-type=\"column\">\n\t\t\t<div class=\"elementor-widget-wrap elementor-element-populated\">\n\t\t\t\t\t\t<div class=\"elementor-element elementor-element-bbdacd6 elementor-widget elementor-widget-image\" data-id=\"bbdacd6\" data-element_type=\"widget\" data-e-type=\"widget\" data-widget_type=\"image.default\">\n\t\t\t\t<div class=\"elementor-widget-container\">\n\t\t\t\t\t\t\t\t\t\t\t\t\t\t\t<img decoding=\"async\" width=\"300\" height=\"150\" src=\"https:\/\/topbrokeri.com\/wp-content\/uploads\/2017\/11\/Plus500-300x150-1.jpg\" class=\"attachment-full size-full wp-image-3140\" alt=\"plus500 de recenzii\" \/>\t\t\t\t\t\t\t\t\t\t\t\t\t\t\t<\/div>\n\t\t\t\t<\/div>\n\t\t\t\t<div class=\"elementor-element elementor-element-9287bca elementor-widget elementor-widget-text-editor\" data-id=\"9287bca\" data-element_type=\"widget\" data-e-type=\"widget\" data-widget_type=\"text-editor.default\">\n\t\t\t\t<div class=\"elementor-widget-container\">\n\t\t\t\t\t\t\t\t\t<p>Ce aia <a href=\"https:\/\/topbrokeri.com\/ro\/plus-500-recenzija\/\">Plus500<\/a> ceea ce \u00eei face diferi\u021bi de al\u021bi brokeri este c\u0103 au reu\u0219it s\u0103 dezvolte o platform\u0103 foarte stabil\u0103 pe care o caut\u0103 majoritatea comercian\u021bilor. Cu aproape 10 ani de experien\u021b\u0103, nu este de mirare c\u0103 Plus500 a devenit unul dintre cele mai bune servicii de pe pia\u021b\u0103.<\/p>\t\t\t\t\t\t\t\t<\/div>\n\t\t\t\t<\/div>\n\t\t\t\t\t<\/div>\n\t\t<\/div>\n\t\t\t\t<div class=\"elementor-column elementor-col-33 elementor-inner-column elementor-element elementor-element-56743f1\" data-id=\"56743f1\" data-element_type=\"column\" data-e-type=\"column\">\n\t\t\t<div class=\"elementor-widget-wrap elementor-element-populated\">\n\t\t\t\t\t\t<div class=\"elementor-element elementor-element-c668d51 elementor-widget elementor-widget-image\" data-id=\"c668d51\" data-element_type=\"widget\" data-e-type=\"widget\" data-widget_type=\"image.default\">\n\t\t\t\t<div class=\"elementor-widget-container\">\n\t\t\t\t\t\t\t\t\t\t\t\t\t\t\t<img decoding=\"async\" width=\"300\" height=\"150\" src=\"https:\/\/topbrokeri.com\/wp-content\/uploads\/2018\/02\/admiral-markets-1.png\" class=\"attachment-full size-full wp-image-5072\" alt=\"pie\u0163ele amirale hr\" \/>\t\t\t\t\t\t\t\t\t\t\t\t\t\t\t<\/div>\n\t\t\t\t<\/div>\n\t\t\t\t<div class=\"elementor-element elementor-element-00649f2 elementor-widget elementor-widget-text-editor\" data-id=\"00649f2\" data-element_type=\"widget\" data-e-type=\"widget\" data-widget_type=\"text-editor.default\">\n\t\t\t\t<div class=\"elementor-widget-container\">\n\t\t\t\t\t\t\t\t\t<p>Cu cele mai utile \u0219i eficiente instrumente de pe pia\u021b\u0103, Amirale <a href=\"https:\/\/topbrokeri.com\/ro\/markets-com-recenzija\/\">Pie\u021bele<\/a> este cu siguran\u021b\u0103 cea mai bun\u0103 alegere pentru \u00eencep\u0103tori. Din calendarul economic prin diverse analize de pia\u021b\u0103, ave\u021bi o perspectiv\u0103 asupra tendin\u021belor actuale \u0219i viitoare ale pie\u021bei.<\/p>\t\t\t\t\t\t\t\t<\/div>\n\t\t\t\t<\/div>\n\t\t\t\t\t<\/div>\n\t\t<\/div>\n\t\t\t\t\t<\/div>\n\t\t<\/section>\n\t\t\t\t<div class=\"elementor-element elementor-element-a070070 elementor-widget-divider--view-line elementor-widget elementor-widget-divider\" data-id=\"a070070\" data-element_type=\"widget\" data-e-type=\"widget\" data-widget_type=\"divider.default\">\n\t\t\t\t<div class=\"elementor-widget-container\">\n\t\t\t\t\t\t\t<div class=\"elementor-divider\">\n\t\t\t<span class=\"elementor-divider-separator\">\n\t\t\t\t\t\t<\/span>\n\t\t<\/div>\n\t\t\t\t\t\t<\/div>\n\t\t\t\t<\/div>\n\t\t\t\t<div class=\"elementor-element elementor-element-b64a7bd elementor-widget elementor-widget-accordion\" data-id=\"b64a7bd\" data-element_type=\"widget\" data-e-type=\"widget\" data-widget_type=\"accordion.default\">\n\t\t\t\t<div class=\"elementor-widget-container\">\n\t\t\t\t\t\t\t<div class=\"elementor-accordion\">\n\t\t\t\t\t\t\t<div class=\"elementor-accordion-item\">\n\t\t\t\t\t<h5 id=\"elementor-tab-title-1911\" class=\"elementor-tab-title\" data-tab=\"1\" role=\"button\" aria-controls=\"elementor-tab-content-1911\" aria-expanded=\"false\">\n\t\t\t\t\t\t\t\t\t\t\t\t\t<span class=\"elementor-accordion-icon elementor-accordion-icon-left\" aria-hidden=\"true\">\n\t\t\t\t\t\t\t\t\t\t\t\t\t\t\t<span class=\"elementor-accordion-icon-closed\"><i class=\"fas fa-plus\"><\/i><\/span>\n\t\t\t\t\t\t\t\t<span class=\"elementor-accordion-icon-opened\"><i class=\"fas fa-minus\"><\/i><\/span>\n\t\t\t\t\t\t\t\t\t\t\t\t\t\t<\/span>\n\t\t\t\t\t\t\t\t\t\t\t\t<a class=\"elementor-accordion-title\" tabindex=\"0\">CFD Criptomonede<\/a>\n\t\t\t\t\t<\/h5>\n\t\t\t\t\t<div id=\"elementor-tab-content-1911\" class=\"elementor-tab-content elementor-clearfix\" data-tab=\"1\" role=\"region\" aria-labelledby=\"elementor-tab-title-1911\"><p>Indiferent dac\u0103 sunte\u021bi deja un participant activ la tranzac\u021bionarea online sau nu ave\u021bi absolut nimic de-a face cu asta, trebuie s\u0103 fi auzit diverse informa\u021bii despre criptomonede \u0219i impactul lor asupra pie\u021bei globale. Mai simplu spus, cu cre\u0219terea lor vertiginoas\u0103, aproape c\u0103 nu exist\u0103 niciun col\u021b al vie\u021bii de zi cu zi pe care cripto-monedele s\u0103 nu fi atins. De\u0219i \u00eenceputurile criptomonedelor dateaz\u0103 de aproape 10 ani, ele au cunoscut abia \u00een ultimii c\u00e2\u021biva ani adev\u0103ratul lor boom. \u0218i ce fel! Pe l\u00e2ng\u0103 faptul c\u0103 sunt recunoscute de to\u021bi comercian\u021bii \u0219i brokerii activi, criptomonedele au devenit \u0219i o surs\u0103 de venit de zi cu zi pentru oamenii obi\u0219nui\u021bi. Citi\u021bi mai jos de ce este a\u0219a.<\/p><h3>Idee<\/h3><p>Prima \u00eencercare de a crea o criptomoned\u0103 a avut loc \u00een 1998, c\u00e2nd a fost descris a\u0219a-numitul sistem \u201eB-money\u201d. Trebuia s\u0103 fie un tip de moned\u0103 electronic\u0103 care s\u0103 fie schimbat\u0103 \u00eentre participan\u021bi anonimi. \u00cen ciuda ideii promi\u021b\u0103toare, proiectul nu a decolat. Cu toate acestea, \u00een acela\u0219i an, informaticianul \u0219i criptograful american Nick Szabo a creat Bit Gold, care ulterior s-a dovedit a fi o amenin\u021bare pentru BitCoin. De\u0219i produsul \u00een sine nu a fost niciodat\u0103 adoptat pe deplin, p\u0103r\u021bile sale \u0219i elementele cheie sunt o parte esen\u021bial\u0103 a BitCoin-ului de ast\u0103zi; precum conceptul \u201eProof of Work\u201d, care a determinat puterea computerului necesar\u0103 pentru a rezolva puzzle-uri criptografice complexe. Un participant al re\u021belei care ar reu\u0219i s\u0103 rezolve o problem\u0103 criptografic\u0103 ar crea a\u0219a-numitul \u201eBlockchain\u201d \u0219i, astfel, \u00ee\u0219i va c\u00e2\u0219tiga locul \u00een formarea diferitelor cantit\u0103\u021bi de criptomonede.<\/p><p>Aceea\u0219i metod\u0103 este principiul cheie de func\u021bionare al re\u021belei BitCoin, conceput\u0103 \u00een 2008 ca r\u0103spuns la criza global\u0103. Un b\u0103rbat sau un grup dintre ei ascun\u0219i sub numele de Satoshi Nakamoto a vrut s\u0103 creeze o moned\u0103 electronic\u0103 peer-to-peer cu adev\u0103rat independent\u0103 \u0219i descentralizat\u0103. Datorit\u0103 \u00eencrederii generale \u00een institu\u021biile guvernamentale \u0219i stabilit\u0103\u021bii valutare, BitCoin a v\u0103zut lumina zilei ca independent \u00een urm\u0103torii c\u00e2\u021biva ani.<\/p><h3>Intrarea pe piata<\/h3><p>Acum c\u0103 sunte\u021bi familiarizat cu poten\u021bialul uria\u0219 pe care \u00eel au, f\u0103r\u0103 \u00eendoial\u0103, criptomonede, dori\u021bi s\u0103 deveni\u021bi parte din aceast\u0103 tendin\u021b\u0103 \u00een cre\u0219tere, cu siguran\u021b\u0103 v\u0103 \u00eentreba\u021bi cum s\u0103 tranzac\u021biona\u021bi criptomonede!? \u0218i anume, exist\u0103 diferite moduri - le pute\u021bi s\u0103pa a\u0219a-numitele minerit, specul\u00e2nd cu privire la pre\u021bul lor sau pur \u0219i simplu cump\u0103r\u00e2ndu-le, fie pentru tranzac\u021bionare zilnic\u0103, fie pentru investi\u021bii pe termen lung. Cump\u0103rarea de criptomonede este \u00een prezent cea mai popular\u0103, ceea ce este sus\u021binut cu siguran\u021b\u0103 de cre\u0219terea lor enorm\u0103, care aproape garanteaz\u0103 profit pur peste noapte.<\/p><h3>Alegerea unui Broker<\/h3><p>Primul pas \u00een tranzac\u021bionarea criptomonedelor ar fi s\u0103 alegi un broker, adic\u0103 un intermediar care s\u0103 te introduc\u0103 pe pia\u021ba criptomonedelor. De\u0219i la \u00eenceput pare o munc\u0103 u\u0219oar\u0103, este foarte u\u0219or s\u0103 te pierzi \u0219i s\u0103 faci o gre\u0219eal\u0103. \u0218i anume, \u00een marea de op\u021biuni \u0219i posibilit\u0103\u021bi pe care vremurile moderne \u0219i internetul le aduc cu ele, internetul este plin nu numai de brokeri nepotrivi\u021bi nevoilor tale, ci \u0219i de escrocherii. Din fericire pentru tine, cu selec\u021bia noastr\u0103 de exper\u021bi, nu po\u021bi gre\u0219i.<\/p><\/div>\n\t\t\t\t<\/div>\n\t\t\t\t\t\t\t<div class=\"elementor-accordion-item\">\n\t\t\t\t\t<h5 id=\"elementor-tab-title-1912\" class=\"elementor-tab-title\" data-tab=\"2\" role=\"button\" aria-controls=\"elementor-tab-content-1912\" aria-expanded=\"false\">\n\t\t\t\t\t\t\t\t\t\t\t\t\t<span class=\"elementor-accordion-icon elementor-accordion-icon-left\" aria-hidden=\"true\">\n\t\t\t\t\t\t\t\t\t\t\t\t\t\t\t<span class=\"elementor-accordion-icon-closed\"><i class=\"fas fa-plus\"><\/i><\/span>\n\t\t\t\t\t\t\t\t<span class=\"elementor-accordion-icon-opened\"><i class=\"fas fa-minus\"><\/i><\/span>\n\t\t\t\t\t\t\t\t\t\t\t\t\t\t<\/span>\n\t\t\t\t\t\t\t\t\t\t\t\t<a class=\"elementor-accordion-title\" tabindex=\"0\">Cum func\u021bioneaz\u0103 criptomonedele?<\/a>\n\t\t\t\t\t<\/h5>\n\t\t\t\t\t<div id=\"elementor-tab-content-1912\" class=\"elementor-tab-content elementor-clearfix\" data-tab=\"2\" role=\"region\" aria-labelledby=\"elementor-tab-title-1912\"><h3>BAZELE CRIPTMONEDELOR<\/h3><p>Oamenii au f\u0103cut comer\u021b cu bunuri fizice de la \u00eenceputul timpurilor. Aceste monede de ast\u0103zi sunt \u00een mare parte bancnote sau monede tip\u0103rite gestionate de un guvern centralizat \u0219i monitorizate de institu\u021biile financiare. Cu toate acestea, \u00een 2009, fondatorul Bitcoin, Satoshi Nakamoto, a lansat o idee care ar schimba modul \u00een care oamenii g\u00e2ndesc despre bani. Dac\u0103 moneda ar fi guvernat\u0103 de matematic\u0103, nu de guverne?<\/p><p>Criptomonedele sunt o form\u0103 digital\u0103 de bani care ruleaz\u0103 pe un sistem monetar complet nou, nereglementat de niciun organism centralizat sau monitorizat de o institu\u021bie oficial\u0103. Exist\u0103 multe tipuri de criptomonede cu diferite func\u021bii. Independent de fiecare func\u021bie, fiecare moned\u0103 digital\u0103 este sus\u021binut\u0103 de o re\u021bea descentralizat\u0103 peer-to-peer numit\u0103 blockchain.<\/p><h3>BLOCKCHAIN<\/h3><p>Tehnologia Blockchain asigur\u0103 urm\u0103rirea tuturor criptomonedelor, indiferent dac\u0103 acestea sunt de\u021binute \u00eentr-un portofel digital sau folosite \u00een comer\u021b. Eficien\u021ba rul\u0103rii unui astfel de sistem necesit\u0103 totu\u0219i o infrastructur\u0103 care s\u0103 asigure c\u0103 nu este posibil\u0103 \u00een\u0219elarea \u0219i jocul cu sistemul. Bitcoin a fost primul care a introdus pe pia\u021b\u0103, instituind un sistem \u00een care dou\u0103 persoane \u2013 expeditorul \u0219i destinatarul monedelor \u2013 trebuie s\u0103 se semneze pentru a crea o semn\u0103tur\u0103 digital\u0103. Fiecare persoan\u0103 are o cheie de criptare public\u0103 \u0219i privat\u0103. Fiecare tranzac\u021bie este verificat\u0103 pentru acurate\u021bea, iar sistemul este anonim \u0219i complet transparent. \u00cen centrul acestei infrastructuri se afl\u0103 o carte. Deci haide\u021bi s\u0103 vedem cum func\u021bioneaz\u0103.<\/p><h3>CUM FUNc\u021bioneaz\u0103 Criptomonedele<\/h3><p>Este un registru de criptomonede \u00een care toate tranzac\u021biile sunt publicate pentru a asigura o transparen\u021b\u0103 complet\u0103. P\u0103strarea unui registru \u00eei oblig\u0103 pe to\u021bi s\u0103 \u201ejuce corect\u201d \u0219i elimin\u0103 riscul de dublare a cheltuielilor. Un registru este o list\u0103 de intr\u0103ri \u00een baza de date pe care nimeni nu le poate modifica f\u0103r\u0103 a \u00eendeplini anumite condi\u021bii. Nimeni nu de\u021bine registrul sau blockchain-ul criptomonedelor; \u00een schimb, este un sens descentralizat al autoguvern\u0103rii \u0219i autoguvern\u0103rii f\u0103r\u0103 interferen\u021ba p\u0103r\u021bilor externe.<\/p><h3>MINERIT<\/h3><p>S\u0103 presupunem c\u0103 dori\u021bi s\u0103 investi\u021bi \u00eentr-o criptomoned\u0103, cum ar fi Bitcoin, printr-un schimb major de criptomonede. Dup\u0103 cump\u0103rare, decide\u021bi s\u0103-l cheltui\u021bi. Ce se va \u00eent\u00e2mpla acum? Tranzac\u021bia este ini\u021bial neconfirmat\u0103, ceea ce \u00eenseamn\u0103 c\u0103 tranzac\u021bia nu este \u00eenc\u0103 oficial\u0103 \u0219i nu devine \u201epus\u0103 \u00een piatr\u0103\u201d p\u00e2n\u0103 c\u00e2nd trece procesul de verificare. Odat\u0103 confirmat\u0103, tranzac\u021bia devine parte a eviden\u021bei tranzac\u021biilor istorice plasate \u00een blockchain.<\/p><p>Managerii de criptomonede verific\u0103 tranzac\u021biile \u0219i apoi le adaug\u0103 \u00een registrul public. Ei folosesc computere puternice pentru a rezolva probleme matematice complexe care sunt cruciale pentru procesul de verificare. Exploatarea criptomonedei este deschis\u0103, astfel \u00eenc\u00e2t oricine poate confirma o tranzac\u021bie, iar primul miner care rezolv\u0103 problema poate ad\u0103uga un bloc \u00een registrul lor de tranzac\u021bii. Acest proces este numit \u201esistemul de dovad\u0103 a muncii\u201d.<\/p><p>Dup\u0103 ce un bloc este ad\u0103ugat \u00een registru, minerului i se acord\u0103 o recompens\u0103 pentru eforturile lor, care variaz\u0103 \u00een func\u021bie de criptomoned\u0103. De exemplu, Bitcoin a acordat ini\u021bial 50 BTC, dar aceast\u0103 recompens\u0103 sa redus la jum\u0103tate la 12,5 BTC ast\u0103zi.<\/p><h3>VIITORUL ESTE AICI<\/h3><p>Criptomonedele de v\u00e2rf vor juca un rol important \u00een viitor, iar utilizarea a crescut constant \u00een ultimii ani. Bitcoin este utilizat \u00een prezent \u00een 96 de \u021b\u0103ri \u0219i este \u00een cre\u0219tere, cu 12.000 de tranzac\u021bii av\u00e2nd loc \u00een fiecare or\u0103. A \u00een\u021belege mai multe despre criptomonede este primul pas, al doilea este s\u0103 \u00eencerci.<\/p><p>Alege-\u021bi preferatul din lista noastr\u0103 de brokeri de top \u0219i tranzac\u021bioneaz\u0103 criptomonede ast\u0103zi!<\/p><\/div>\n\t\t\t\t<\/div>\n\t\t\t\t\t\t\t\t<\/div>\n\t\t\t\t\t\t<\/div>\n\t\t\t\t<\/div>\n\t\t\t\t\t<\/div>\n\t\t<\/div>\n\t\t\t\t\t<\/div>\n\t\t<\/section>\n\t\t\t\t<\/div>","protected":false},"excerpt":{"rendered":"<p>CFD Kriptovalute \u201cBudu\u0107nost novca je digitalna valuta \u201d Bill Gates Tijekom 2020. godine, tr\u017ei\u0161ne vrijednosti\u00a0 najve\u0107ih kriptovaluta porasle su za 159 posto, \u0161to je Bitcoin (BTC) odr\u017eao u 2021. godini, dosegnuv\u0161i u travnju 64.863 dolara. Me\u0111utim tr\u017ei\u0161te kriptovalutama nije jedino zabilje\u017eilo impresivan rast.. Ugovori utemeljeni na Ethereumu i imovina kao \u0161to je NFTS preuzimaju internet [&hellip;]<\/p>\n","protected":false},"author":1,"featured_media":0,"parent":0,"menu_order":0,"comment_status":"closed","ping_status":"closed","template":"elementor_header_footer","meta":{"footnotes":""},"class_list":["post-2136","page","type-page","status-publish","hentry"],"_links":{"self":[{"href":"https:\/\/topbrokeri.com\/ro\/wp-json\/wp\/v2\/pages\/2136","targetHints":{"allow":["GET"]}}],"collection":[{"href":"https:\/\/topbrokeri.com\/ro\/wp-json\/wp\/v2\/pages"}],"about":[{"href":"https:\/\/topbrokeri.com\/ro\/wp-json\/wp\/v2\/types\/page"}],"author":[{"embeddable":true,"href":"https:\/\/topbrokeri.com\/ro\/wp-json\/wp\/v2\/users\/1"}],"replies":[{"embeddable":true,"href":"https:\/\/topbrokeri.com\/ro\/wp-json\/wp\/v2\/comments?post=2136"}],"version-history":[{"count":6,"href":"https:\/\/topbrokeri.com\/ro\/wp-json\/wp\/v2\/pages\/2136\/revisions"}],"predecessor-version":[{"id":7865,"href":"https:\/\/topbrokeri.com\/ro\/wp-json\/wp\/v2\/pages\/2136\/revisions\/7865"}],"wp:attachment":[{"href":"https:\/\/topbrokeri.com\/ro\/wp-json\/wp\/v2\/media?parent=2136"}],"curies":[{"name":"wp","href":"https:\/\/api.w.org\/{rel}","templated":true}]}}