{"id":2038,"date":"2017-11-15T10:50:49","date_gmt":"2017-11-15T10:50:49","guid":{"rendered":"https:\/\/topbrokeri.com\/?page_id=2038"},"modified":"2022-04-23T13:14:42","modified_gmt":"2022-04-23T13:14:42","slug":"odricanje","status":"publish","type":"page","link":"https:\/\/topbrokeri.com\/ro\/odricanje\/","title":{"rendered":"Renun\u021bare"},"content":{"rendered":"<div data-elementor-type=\"wp-page\" data-elementor-id=\"2038\" class=\"elementor elementor-2038\" data-elementor-post-type=\"page\">\n\t\t\t\t\t\t<section class=\"elementor-section elementor-top-section elementor-element elementor-element-4fac1fa elementor-section-stretched elementor-section-boxed elementor-section-height-default elementor-section-height-default\" data-id=\"4fac1fa\" data-element_type=\"section\" data-e-type=\"section\" data-settings=\"{&quot;stretch_section&quot;:&quot;section-stretched&quot;,&quot;shape_divider_top&quot;:&quot;tilt&quot;}\">\n\t\t\t\t\t<div class=\"elementor-shape elementor-shape-top\" aria-hidden=\"true\" data-negative=\"false\">\n\t\t\t<svg xmlns=\"http:\/\/www.w3.org\/2000\/svg\" viewbox=\"0 0 1000 100\" preserveaspectratio=\"none\">\n\t<path class=\"elementor-shape-fill\" d=\"M0,6V0h1000v100L0,6z\"\/>\n<\/svg>\t\t<\/div>\n\t\t\t\t\t<div class=\"elementor-container elementor-column-gap-default\">\n\t\t\t\t\t<div class=\"elementor-column elementor-col-100 elementor-top-column elementor-element elementor-element-8436f84\" data-id=\"8436f84\" data-element_type=\"column\" data-e-type=\"column\">\n\t\t\t<div class=\"elementor-widget-wrap elementor-element-populated\">\n\t\t\t\t\t\t<div class=\"elementor-element elementor-element-5277b93 elementor-widget elementor-widget-heading\" data-id=\"5277b93\" data-element_type=\"widget\" data-e-type=\"widget\" data-widget_type=\"heading.default\">\n\t\t\t\t<div class=\"elementor-widget-container\">\n\t\t\t\t\t<h1 class=\"elementor-heading-title elementor-size-default\">Renun\u021bare<\/h1>\t\t\t\t<\/div>\n\t\t\t\t<\/div>\n\t\t\t\t<div class=\"elementor-element elementor-element-7035474 elementor-widget elementor-widget-text-editor\" data-id=\"7035474\" data-element_type=\"widget\" data-e-type=\"widget\" data-widget_type=\"text-editor.default\">\n\t\t\t\t<div class=\"elementor-widget-container\">\n\t\t\t\t\t\t\t\t\t<p>\u00cen zilele noastre, c\u00e2nd via\u021ba devine mai scump\u0103 \u0219i timpul se scurteaz\u0103, isTopBrokeri.com nu va fi responsabil din punct de vedere legal pentru nicio pierdere sau daune care decurg din \u00eencrederea \u00een informa\u021biile afi\u0219ate pe acest site web, inclusiv recenziile brokerilor, \u0219tirile financiare, opiniile autorilor \u0219i \/ sau analiz\u0103. Informa\u021biile incluse pe TopBrokeri.com nu sunt \u00eentotdeauna publicate \u00een timp real \u0219i\/sau neap\u0103rat exacte \u0219i nu reflect\u0103 \u00eentotdeauna opiniile proprietarilor, angaja\u021bilor \u0219i\/sau contribuitorilor con\u021binutului TopBrokeri.com. Trebuie \u0219tiut c\u0103 tranzac\u021bionarea cu cfd sau orice alt tip de tranzac\u021bionare implic\u0103 riscuri mari \u0219i nu este potrivit\u0103 pentru toat\u0103 lumea. \u00cenainte de a tranzac\u021biona cfd-uri sau orice alt instrument financiar, trebuie s\u0103 fi\u021bi con\u0219tien\u021bi de riscuri, s\u0103 fi\u021bi familiariza\u021bi cu exactitate cu obiectivele \u0219i limit\u0103rile sale de investi\u021bii \u0219i s\u0103 ob\u021bine\u021bi nivelul corect de \u00een\u021belegere \u0219i management al riscului. Tranzac\u021bionarea produselor cu efect de levier ca CFD-uri implic\u0103 un risc semnificativ de pierdere \u0219i poate s\u0103 nu fie potrivit\u0103 pentru to\u021bi investitorii. Tranzac\u021bionarea unor astfel de produse este riscant\u0103 \u0219i pute\u021bi pierde tot capitalul investit.Investitorii pricepu\u021bi \u0219i comercian\u021bii \u00eencep\u0103tori din \u00eentreaga lume caut\u0103 noi surse de investi\u021bii \u0219i profit \u00eencerc\u00e2nd s\u0103 afle care sunt cei mai buni brokeri. Datorit\u0103 internetului, care a devenit o parte indispensabil\u0103 a vie\u021bii de zi cu zi, pia\u021ba specula\u021biei sau Forex popular s-a mutat de la bursele mari la micile ecrane prin diver\u0219i intermediari sau broker populari, permi\u021b\u00e2nd tuturor s\u0103-\u0219i \u00eencerce cuno\u0219tin\u021bele \u00een tranzac\u021bionarea online, indiferent de experien\u021b\u0103 \u0219i Loca\u021bie. Cu cei mai buni brokeri de ast\u0103zi care ofer\u0103 o abunden\u021b\u0103 de materiale educa\u021bionale \u0219i seminarii utilizatorilor lor, a fi un investitor de succes nu a fost niciodat\u0103 mai u\u0219or. Aleg\u00e2nd cel mai bun broker pentru nevoile tale din Lista noastr\u0103 de top, po\u021bi fi sigur c\u0103 c\u0103l\u0103toria exhaustiv\u0103 de c\u0103utare a celui potrivit nu te va duce \u00een r\u0103t\u0103cire \u0219i c\u0103 \u00ee\u021bi vei aminti experien\u021ba de tranzac\u021bionare doar pentru bine!<\/p>\t\t\t\t\t\t\t\t<\/div>\n\t\t\t\t<\/div>\n\t\t\t\t\t<\/div>\n\t\t<\/div>\n\t\t\t\t\t<\/div>\n\t\t<\/section>\n\t\t\t\t<\/div>","protected":false},"excerpt":{"rendered":"<p>Odricanje U dana\u0161nje vrijeme kada \u017eivot postaje sve skuplji, a vremena sve manje, isTopBrokeri.com ne\u0107e biti pravno odgovoran za bilo kakav gubitak ili \u0161tetu koja proizlazi iz oslanjanja na informacije prikazane na ovoj web stranici, uklju\u010duju\u0107i recenzije brokera, financijske vijesti, mi\u0161ljenja autora i \/ ili analize. Podaci uklju\u010deni na TopBrokeri.com nisu uvijek objavljeni u stvarnom [&hellip;]<\/p>\n","protected":false},"author":1,"featured_media":0,"parent":0,"menu_order":0,"comment_status":"closed","ping_status":"closed","template":"elementor_header_footer","meta":{"footnotes":""},"class_list":["post-2038","page","type-page","status-publish","hentry"],"_links":{"self":[{"href":"https:\/\/topbrokeri.com\/ro\/wp-json\/wp\/v2\/pages\/2038","targetHints":{"allow":["GET"]}}],"collection":[{"href":"https:\/\/topbrokeri.com\/ro\/wp-json\/wp\/v2\/pages"}],"about":[{"href":"https:\/\/topbrokeri.com\/ro\/wp-json\/wp\/v2\/types\/page"}],"author":[{"embeddable":true,"href":"https:\/\/topbrokeri.com\/ro\/wp-json\/wp\/v2\/users\/1"}],"replies":[{"embeddable":true,"href":"https:\/\/topbrokeri.com\/ro\/wp-json\/wp\/v2\/comments?post=2038"}],"version-history":[{"count":4,"href":"https:\/\/topbrokeri.com\/ro\/wp-json\/wp\/v2\/pages\/2038\/revisions"}],"predecessor-version":[{"id":7798,"href":"https:\/\/topbrokeri.com\/ro\/wp-json\/wp\/v2\/pages\/2038\/revisions\/7798"}],"wp:attachment":[{"href":"https:\/\/topbrokeri.com\/ro\/wp-json\/wp\/v2\/media?parent=2038"}],"curies":[{"name":"wp","href":"https:\/\/api.w.org\/{rel}","templated":true}]}}