{"id":2136,"date":"2017-11-16T09:51:08","date_gmt":"2017-11-16T09:51:08","guid":{"rendered":"https:\/\/topbrokeri.com\/?page_id=2136"},"modified":"2022-04-25T08:58:16","modified_gmt":"2022-04-25T08:58:16","slug":"cfd-kriptovalute","status":"publish","type":"page","link":"https:\/\/topbrokeri.com\/pt\/cfd-kriptovalute\/","title":{"rendered":"Criptomoedas CFD"},"content":{"rendered":"<div data-elementor-type=\"wp-page\" data-elementor-id=\"2136\" class=\"elementor elementor-2136\" data-elementor-post-type=\"page\">\n\t\t\t\t\t\t<section class=\"elementor-section elementor-top-section elementor-element elementor-element-77a1b56 elementor-section-stretched elementor-section-boxed elementor-section-height-default elementor-section-height-default\" data-id=\"77a1b56\" data-element_type=\"section\" data-e-type=\"section\" data-settings=\"{&quot;stretch_section&quot;:&quot;section-stretched&quot;,&quot;shape_divider_top&quot;:&quot;tilt&quot;}\">\n\t\t\t\t\t<div class=\"elementor-shape elementor-shape-top\" aria-hidden=\"true\" data-negative=\"false\">\n\t\t\t<svg xmlns=\"http:\/\/www.w3.org\/2000\/svg\" viewbox=\"0 0 1000 100\" preserveaspectratio=\"none\">\n\t<path class=\"elementor-shape-fill\" d=\"M0,6V0h1000v100L0,6z\"\/>\n<\/svg>\t\t<\/div>\n\t\t\t\t\t<div class=\"elementor-container elementor-column-gap-default\">\n\t\t\t\t\t<div class=\"elementor-column elementor-col-100 elementor-top-column elementor-element elementor-element-b9b3a1d\" data-id=\"b9b3a1d\" data-element_type=\"column\" data-e-type=\"column\">\n\t\t\t<div class=\"elementor-widget-wrap elementor-element-populated\">\n\t\t\t\t\t\t<div class=\"elementor-element elementor-element-8f0a9a8 elementor-widget elementor-widget-heading\" data-id=\"8f0a9a8\" data-element_type=\"widget\" data-e-type=\"widget\" data-widget_type=\"heading.default\">\n\t\t\t\t<div class=\"elementor-widget-container\">\n\t\t\t\t\t<h1 class=\"elementor-heading-title elementor-size-default\">Criptomoedas CFD<\/h1>\t\t\t\t<\/div>\n\t\t\t\t<\/div>\n\t\t\t\t<div class=\"elementor-element elementor-element-1ab3e72 elementor-widget elementor-widget-text-editor\" data-id=\"1ab3e72\" data-element_type=\"widget\" data-e-type=\"widget\" data-widget_type=\"text-editor.default\">\n\t\t\t\t<div class=\"elementor-widget-container\">\n\t\t\t\t\t\t\t\t\t<blockquote><h3 style=\"text-align: center;\">\u201cO futuro do dinheiro \u00e9 a moeda digital\u201d<\/h3><p style=\"text-align: center;\"><strong>Bill Gates<\/strong><\/p><\/blockquote>\t\t\t\t\t\t\t\t<\/div>\n\t\t\t\t<\/div>\n\t\t\t\t<div class=\"elementor-element elementor-element-317a39f elementor-widget elementor-widget-text-editor\" data-id=\"317a39f\" data-element_type=\"widget\" data-e-type=\"widget\" data-widget_type=\"text-editor.default\">\n\t\t\t\t<div class=\"elementor-widget-container\">\n\t\t\t\t\t\t\t\t\t<div class=\"wpb_text_column wpb_content_element\"><div class=\"wpb_wrapper\"><p>Durante 2020, os valores de mercado das maiores criptomoedas aumentaram 159 por cento, o que \u00e9 <a href=\"https:\/\/topbrokeri.com\/pt\/predvidanje-cijene-bitcoin\/\">Bitcoin<\/a> (BTC) realizado em 2021, atingindo US$ 64.863 em abril. No entanto, o mercado de criptomoedas n\u00e3o \u00e9 o \u00fanico que tem registado um crescimento impressionante e os contratos baseados no Ethereum, como os NFTS, est\u00e3o a assumir o controlo do com\u00e9rcio online como um comboio em alta velocidade. O mais caro <a href=\"https:\/\/topbrokeri.com\/pt\/matrix-nft-trader\/\">NFT<\/a>, uma obra de arte digital de Beeple, vendida por US$ 69 milh\u00f5es em fevereiro de 2021. Negocia\u00e7\u00e3o de op\u00e7\u00f5es <a href=\"https:\/\/topbrokeri.com\/pt\/trgovanje-cfd-ovima\/\">CFDs<\/a> as criptomoedas est\u00e3o se tornando cada vez mais populares.<\/p><p>Sem a necessidade de posse f\u00edsica, os CFDs apresentam um risco reduzido de roubo de capital. Al\u00e9m disso, ao negociar criptomoedas cfd, voc\u00ea pode obter ganhos significativos, mesmo que o pr\u00f3prio mercado de criptomoedas perca valor. Estas vantagens, juntamente com a alavancagem, a liquidez, os juros e a volatilidade do mercado criptogr\u00e1fico, fizeram da negocia\u00e7\u00e3o de criptomoedas CFD o principal instrumento de negocia\u00e7\u00e3o e investimento moderno.<\/p><\/div><\/div>\t\t\t\t\t\t\t\t<\/div>\n\t\t\t\t<\/div>\n\t\t\t\t<section class=\"elementor-section elementor-inner-section elementor-element elementor-element-f28edd8 elementor-section-boxed elementor-section-height-default elementor-section-height-default\" data-id=\"f28edd8\" data-element_type=\"section\" data-e-type=\"section\">\n\t\t\t\t\t\t<div class=\"elementor-container elementor-column-gap-default\">\n\t\t\t\t\t<div class=\"elementor-column elementor-col-33 elementor-inner-column elementor-element elementor-element-9f078bc\" data-id=\"9f078bc\" data-element_type=\"column\" data-e-type=\"column\">\n\t\t\t<div class=\"elementor-widget-wrap elementor-element-populated\">\n\t\t\t\t\t\t<div class=\"elementor-element elementor-element-8ef335c elementor-widget elementor-widget-image\" data-id=\"8ef335c\" data-element_type=\"widget\" data-e-type=\"widget\" data-widget_type=\"image.default\">\n\t\t\t\t<div class=\"elementor-widget-container\">\n\t\t\t\t\t\t\t\t\t\t\t\t\t\t\t<img decoding=\"async\" width=\"300\" height=\"150\" src=\"https:\/\/topbrokeri.com\/wp-content\/uploads\/2017\/12\/TORO.png\" class=\"attachment-full size-full wp-image-3138\" alt=\"etoro Cro\u00e1cia\" \/>\t\t\t\t\t\t\t\t\t\t\t\t\t\t\t<\/div>\n\t\t\t\t<\/div>\n\t\t\t\t<div class=\"elementor-element elementor-element-ce9981b elementor-widget elementor-widget-text-editor\" data-id=\"ce9981b\" data-element_type=\"widget\" data-e-type=\"widget\" data-widget_type=\"text-editor.default\">\n\t\t\t\t<div class=\"elementor-widget-container\">\n\t\t\t\t\t\t\t\t\t<p>Uma rede moderna de investimento social, suporte oportuno ao cliente, seguran\u00e7a e fundos dispon\u00edveis tornam a negocia\u00e7\u00e3o n\u00e3o apenas confi\u00e1vel, mas tamb\u00e9m divertida <a href=\"https:\/\/topbrokeri.com\/pt\/etoro-recenzija\/\">eToro<\/a> definitivamente merece seu lugar entre os melhores!<\/p>\t\t\t\t\t\t\t\t<\/div>\n\t\t\t\t<\/div>\n\t\t\t\t\t<\/div>\n\t\t<\/div>\n\t\t\t\t<div class=\"elementor-column elementor-col-33 elementor-inner-column elementor-element elementor-element-7a89d98\" data-id=\"7a89d98\" data-element_type=\"column\" data-e-type=\"column\">\n\t\t\t<div class=\"elementor-widget-wrap elementor-element-populated\">\n\t\t\t\t\t\t<div class=\"elementor-element elementor-element-bbdacd6 elementor-widget elementor-widget-image\" data-id=\"bbdacd6\" data-element_type=\"widget\" data-e-type=\"widget\" data-widget_type=\"image.default\">\n\t\t\t\t<div class=\"elementor-widget-container\">\n\t\t\t\t\t\t\t\t\t\t\t\t\t\t\t<img decoding=\"async\" width=\"300\" height=\"150\" src=\"https:\/\/topbrokeri.com\/wp-content\/uploads\/2017\/11\/Plus500-300x150-1.jpg\" class=\"attachment-full size-full wp-image-3140\" alt=\"mais500 coment\u00e1rios\" \/>\t\t\t\t\t\t\t\t\t\t\t\t\t\t\t<\/div>\n\t\t\t\t<\/div>\n\t\t\t\t<div class=\"elementor-element elementor-element-9287bca elementor-widget elementor-widget-text-editor\" data-id=\"9287bca\" data-element_type=\"widget\" data-e-type=\"widget\" data-widget_type=\"text-editor.default\">\n\t\t\t\t<div class=\"elementor-widget-container\">\n\t\t\t\t\t\t\t\t\t<p>O que isso <a href=\"https:\/\/topbrokeri.com\/pt\/plus-500-recenzija\/\">Mais500<\/a> o que os torna diferentes de outras corretoras \u00e9 que conseguiram desenvolver uma plataforma muito est\u00e1vel que a maioria dos traders procura. Com quase 10 anos de experi\u00eancia, n\u00e3o \u00e9 surpresa que a Plus500 se tenha tornado num dos melhores servi\u00e7os do mercado.<\/p>\t\t\t\t\t\t\t\t<\/div>\n\t\t\t\t<\/div>\n\t\t\t\t\t<\/div>\n\t\t<\/div>\n\t\t\t\t<div class=\"elementor-column elementor-col-33 elementor-inner-column elementor-element elementor-element-56743f1\" data-id=\"56743f1\" data-element_type=\"column\" data-e-type=\"column\">\n\t\t\t<div class=\"elementor-widget-wrap elementor-element-populated\">\n\t\t\t\t\t\t<div class=\"elementor-element elementor-element-c668d51 elementor-widget elementor-widget-image\" data-id=\"c668d51\" data-element_type=\"widget\" data-e-type=\"widget\" data-widget_type=\"image.default\">\n\t\t\t\t<div class=\"elementor-widget-container\">\n\t\t\t\t\t\t\t\t\t\t\t\t\t\t\t<img decoding=\"async\" width=\"300\" height=\"150\" src=\"https:\/\/topbrokeri.com\/wp-content\/uploads\/2018\/02\/admiral-markets-1.png\" class=\"attachment-full size-full wp-image-5072\" alt=\"Almirante Mercados RH\" \/>\t\t\t\t\t\t\t\t\t\t\t\t\t\t\t<\/div>\n\t\t\t\t<\/div>\n\t\t\t\t<div class=\"elementor-element elementor-element-00649f2 elementor-widget elementor-widget-text-editor\" data-id=\"00649f2\" data-element_type=\"widget\" data-e-type=\"widget\" data-widget_type=\"text-editor.default\">\n\t\t\t\t<div class=\"elementor-widget-container\">\n\t\t\t\t\t\t\t\t\t<p>Com as ferramentas mais \u00fateis e eficientes do mercado, a Admiral <a href=\"https:\/\/topbrokeri.com\/pt\/markets-com-recenzija\/\">Mercados<\/a> \u00e9 definitivamente a melhor escolha para iniciantes. Desde o calend\u00e1rio econ\u00f3mico at\u00e9 diversas an\u00e1lises de mercado, voc\u00ea ter\u00e1 uma vis\u00e3o das tend\u00eancias atuais e futuras do mercado.<\/p>\t\t\t\t\t\t\t\t<\/div>\n\t\t\t\t<\/div>\n\t\t\t\t\t<\/div>\n\t\t<\/div>\n\t\t\t\t\t<\/div>\n\t\t<\/section>\n\t\t\t\t<div class=\"elementor-element elementor-element-a070070 elementor-widget-divider--view-line elementor-widget elementor-widget-divider\" data-id=\"a070070\" data-element_type=\"widget\" data-e-type=\"widget\" data-widget_type=\"divider.default\">\n\t\t\t\t<div class=\"elementor-widget-container\">\n\t\t\t\t\t\t\t<div class=\"elementor-divider\">\n\t\t\t<span class=\"elementor-divider-separator\">\n\t\t\t\t\t\t<\/span>\n\t\t<\/div>\n\t\t\t\t\t\t<\/div>\n\t\t\t\t<\/div>\n\t\t\t\t<div class=\"elementor-element elementor-element-b64a7bd elementor-widget elementor-widget-accordion\" data-id=\"b64a7bd\" data-element_type=\"widget\" data-e-type=\"widget\" data-widget_type=\"accordion.default\">\n\t\t\t\t<div class=\"elementor-widget-container\">\n\t\t\t\t\t\t\t<div class=\"elementor-accordion\">\n\t\t\t\t\t\t\t<div class=\"elementor-accordion-item\">\n\t\t\t\t\t<h5 id=\"elementor-tab-title-1911\" class=\"elementor-tab-title\" data-tab=\"1\" role=\"button\" aria-controls=\"elementor-tab-content-1911\" aria-expanded=\"false\">\n\t\t\t\t\t\t\t\t\t\t\t\t\t<span class=\"elementor-accordion-icon elementor-accordion-icon-left\" aria-hidden=\"true\">\n\t\t\t\t\t\t\t\t\t\t\t\t\t\t\t<span class=\"elementor-accordion-icon-closed\"><i class=\"fas fa-plus\"><\/i><\/span>\n\t\t\t\t\t\t\t\t<span class=\"elementor-accordion-icon-opened\"><i class=\"fas fa-minus\"><\/i><\/span>\n\t\t\t\t\t\t\t\t\t\t\t\t\t\t<\/span>\n\t\t\t\t\t\t\t\t\t\t\t\t<a class=\"elementor-accordion-title\" tabindex=\"0\">Criptomoedas CFD<\/a>\n\t\t\t\t\t<\/h5>\n\t\t\t\t\t<div id=\"elementor-tab-content-1911\" class=\"elementor-tab-content elementor-clearfix\" data-tab=\"1\" role=\"region\" aria-labelledby=\"elementor-tab-title-1911\"><p>Quer voc\u00ea j\u00e1 seja um participante ativo no com\u00e9rcio on-line ou n\u00e3o tenha absolutamente nada a ver com isso, voc\u00ea deve ter ouvido v\u00e1rias informa\u00e7\u00f5es sobre criptomoedas e seu impacto no mercado global. Simplificando, com o seu crescimento vertiginoso, n\u00e3o h\u00e1 quase nenhum canto da vida quotidiana que as criptomoedas n\u00e3o tenham tocado. Embora o in\u00edcio das criptomoedas remonte a quase 10 anos, elas s\u00f3 experimentaram seu verdadeiro boom nos \u00faltimos anos. E que tipo! Al\u00e9m de serem reconhecidas por todos os traders e corretores ativos, as criptomoedas tamb\u00e9m se tornaram uma fonte di\u00e1ria de renda para pessoas comuns. Por que \u00e9 assim, leia abaixo.<\/p><h3>Ideia<\/h3><p>A primeira tentativa de criar uma criptomoeda ocorreu em 1998, quando foi descrito o chamado sistema &quot;B-money&quot;. Era para ser um tipo de dinheiro eletr\u00f4nico que seria trocado entre participantes an\u00f4nimos. Apesar da ideia promissora, o projeto n\u00e3o decolou. No entanto, naquele mesmo ano, o cientista da computa\u00e7\u00e3o e cript\u00f3grafo americano Nick Szabo criou o Bit Gold, que mais tarde provaria ser uma amea\u00e7a ao BitCoin. Embora o produto em si nunca tenha sido totalmente adotado, suas partes e elementos-chave s\u00e3o uma parte essencial do BitCoin atual; como o conceito de &quot;Prova de Trabalho&quot;, que determinava a pot\u00eancia do computador necess\u00e1ria para resolver quebra-cabe\u00e7as criptogr\u00e1ficos complexos. Um participante da rede que conseguisse resolver um problema criptogr\u00e1fico criaria o chamado \u201cBlockchain\u201d e assim ganharia seu lugar na forma\u00e7\u00e3o de diversas quantidades de criptomoedas.<\/p><p>Este mesmo m\u00e9todo \u00e9 o principal princ\u00edpio operacional da rede BitCoin, concebida em 2008 como resposta \u00e0 crise global. Um homem ou um grupo deles escondido sob o nome de Satoshi Nakamoto queria criar um dinheiro eletr\u00f4nico peer-to-peer verdadeiramente independente e descentralizado. Devido \u00e0 confian\u00e7a geral nas institui\u00e7\u00f5es governamentais e na estabilidade monet\u00e1ria, a BitCoin viu a luz do dia como independente nos pr\u00f3ximos anos.<\/p><h3>A entrada no mercado<\/h3><p>Agora que voc\u00ea est\u00e1 familiarizado com o enorme potencial que as criptomoedas sem d\u00favida t\u00eam, voc\u00ea quer fazer parte dessa tend\u00eancia crescente, certamente est\u00e1 se perguntando como negociar criptomoedas!? Ou seja, existem v\u00e1rias maneiras - voc\u00ea pode cavar os chamados minera\u00e7\u00e3o, especulando sobre seu pre\u00e7o ou simplesmente comprando-os, seja para day trading ou investimento de longo prazo. A compra de criptomoedas \u00e9 atualmente a mais popular, o que \u00e9 definitivamente apoiado pelo seu enorme crescimento, que quase garante lucro puro da noite para o dia.<\/p><h3>Escolhendo um corretor<\/h3><p>O primeiro passo na negocia\u00e7\u00e3o de criptomoedas seria escolher um corretor, ou seja, um intermedi\u00e1rio que o apresentaria ao mercado de criptomoedas. Embora a princ\u00edpio pare\u00e7a uma tarefa f\u00e1cil, \u00e9 muito f\u00e1cil se perder e cometer erros. Ou seja, no mar de op\u00e7\u00f5es e possibilidades que os tempos modernos e a Internet trazem consigo, a Internet est\u00e1 cheia n\u00e3o s\u00f3 de corretores inadequados para as suas necessidades, mas tamb\u00e9m de fraudes. Para sua sorte, com nossa sele\u00e7\u00e3o de especialistas, voc\u00ea n\u00e3o pode errar.<\/p><\/div>\n\t\t\t\t<\/div>\n\t\t\t\t\t\t\t<div class=\"elementor-accordion-item\">\n\t\t\t\t\t<h5 id=\"elementor-tab-title-1912\" class=\"elementor-tab-title\" data-tab=\"2\" role=\"button\" aria-controls=\"elementor-tab-content-1912\" aria-expanded=\"false\">\n\t\t\t\t\t\t\t\t\t\t\t\t\t<span class=\"elementor-accordion-icon elementor-accordion-icon-left\" aria-hidden=\"true\">\n\t\t\t\t\t\t\t\t\t\t\t\t\t\t\t<span class=\"elementor-accordion-icon-closed\"><i class=\"fas fa-plus\"><\/i><\/span>\n\t\t\t\t\t\t\t\t<span class=\"elementor-accordion-icon-opened\"><i class=\"fas fa-minus\"><\/i><\/span>\n\t\t\t\t\t\t\t\t\t\t\t\t\t\t<\/span>\n\t\t\t\t\t\t\t\t\t\t\t\t<a class=\"elementor-accordion-title\" tabindex=\"0\">Como funcionam as criptomoedas?<\/a>\n\t\t\t\t\t<\/h5>\n\t\t\t\t\t<div id=\"elementor-tab-content-1912\" class=\"elementor-tab-content elementor-clearfix\" data-tab=\"2\" role=\"region\" aria-labelledby=\"elementor-tab-title-1912\"><h3>NO\u00c7\u00d5ES B\u00c1SICAS DE CRIPTOMOEDA<\/h3><p>Os humanos comercializam bens f\u00edsicos desde o in\u00edcio dos tempos. Hoje, essas moedas s\u00e3o, em sua maioria, notas ou moedas impressas, administradas por um governo centralizado e monitoradas por institui\u00e7\u00f5es financeiras. Por\u00e9m, em 2009, o fundador do Bitcoin, Satoshi Nakamoto, lan\u00e7ou uma ideia que mudaria a forma como as pessoas pensam sobre o dinheiro. E se a moeda fosse governada pela matem\u00e1tica e n\u00e3o pelos governos?<\/p><p>As criptomoedas s\u00e3o uma forma digital de dinheiro que funciona em um sistema monet\u00e1rio inteiramente novo, n\u00e3o regulamentado por nenhum \u00f3rg\u00e3o centralizado ou monitorado por uma institui\u00e7\u00e3o formal. Existem muitos tipos de criptomoedas com fun\u00e7\u00f5es diferentes. Independentemente de cada fun\u00e7\u00e3o, cada moeda digital \u00e9 suportada por uma rede peer-to-peer descentralizada chamada blockchain.<\/p><h3>BLOCOCHAIN<\/h3><p>A tecnologia Blockchain garante o rastreamento de todas as criptomoedas, independentemente de serem mantidas em uma carteira digital ou utilizadas no com\u00e9rcio. A efici\u00eancia da execu\u00e7\u00e3o de tal sistema, no entanto, requer uma infraestrutura que garanta que n\u00e3o seja poss\u00edvel trapacear e jogar o sistema. O Bitcoin foi o primeiro a ser comercializado, estabelecendo um sistema onde duas pessoas \u2013 o remetente e o destinat\u00e1rio das moedas \u2013 devem assinar para criar uma assinatura digital. Cada pessoa possui uma chave de criptografia p\u00fablica e privada. Cada transa\u00e7\u00e3o \u00e9 verificada quanto \u00e0 precis\u00e3o e o sistema \u00e9 an\u00f4nimo e totalmente transparente. No centro desta infraestrutura est\u00e1 um livro. Ent\u00e3o, vamos mergulhar em como isso funciona.<\/p><h3>COMO FUNCIONAM AS CRIPTOMOEDAS<\/h3><p>\u00c9 um livro-raz\u00e3o de criptomoeda onde todas as transa\u00e7\u00f5es s\u00e3o publicadas para garantir total transpar\u00eancia. Manter um livro-raz\u00e3o obriga todos a \u201cjogar limpo\u201d e elimina o risco de gastos duplos. Um raz\u00e3o \u00e9 uma lista de entradas de banco de dados que ningu\u00e9m pode alterar sem atender a certas condi\u00e7\u00f5es. Ningu\u00e9m \u00e9 dono do livro-raz\u00e3o ou blockchain das criptomoedas; em vez disso, \u00e9 um significado descentralizado de autogoverno e autogoverno sem a interfer\u00eancia de partes externas.<\/p><h3>MINERA\u00c7\u00c3O<\/h3><p>Digamos que voc\u00ea queira investir em uma criptomoeda, como o Bitcoin, por meio de uma grande bolsa de criptomoedas. Ap\u00f3s a compra, decida gast\u00e1-lo. O que vai acontecer agora? A transa\u00e7\u00e3o inicialmente n\u00e3o \u00e9 confirmada, o que significa que a transa\u00e7\u00e3o ainda n\u00e3o \u00e9 oficial e n\u00e3o se torna &quot;gravada em pedra&quot; at\u00e9 que passe no processo de verifica\u00e7\u00e3o. Uma vez confirmada, a transa\u00e7\u00e3o passa a fazer parte do registro de transa\u00e7\u00f5es hist\u00f3ricas colocadas no blockchain.<\/p><p>Os manipuladores de criptomoeda verificam as transa\u00e7\u00f5es e as adicionam ao livro-raz\u00e3o p\u00fablico. Eles usam computadores poderosos para resolver problemas matem\u00e1ticos complexos que s\u00e3o cruciais para o processo de verifica\u00e7\u00e3o. A minera\u00e7\u00e3o de criptomoedas \u00e9 aberta, ent\u00e3o qualquer pessoa pode confirmar uma transa\u00e7\u00e3o, e o primeiro minerador a resolver o problema pode adicionar um bloco ao seu registro de transa\u00e7\u00f5es. Este processo \u00e9 denominado \u201csistema de prova de trabalho\u201d.<\/p><p>Depois que um bloco \u00e9 adicionado ao livro-raz\u00e3o, o minerador recebe uma recompensa por seus esfor\u00e7os, que varia de acordo com a criptomoeda. Por exemplo, o Bitcoin concedeu originalmente 50 BTC, mas essa recompensa caiu pela metade para 12,5 BTC hoje.<\/p><h3>O FUTURO EST\u00c1 AQUI<\/h3><p>As principais criptomoedas desempenhar\u00e3o um papel importante no futuro, e o uso tem aumentado constantemente nos \u00faltimos anos. Atualmente, o Bitcoin \u00e9 usado em 96 pa\u00edses e est\u00e1 crescendo, com 12.000 transa\u00e7\u00f5es ocorrendo a cada hora. Entender mais sobre criptomoedas \u00e9 o primeiro passo, o segundo \u00e9 tentar.<\/p><p>Escolha o seu favorito em nossa lista dos principais corretores e negocie criptomoedas hoje mesmo!<\/p><\/div>\n\t\t\t\t<\/div>\n\t\t\t\t\t\t\t\t<\/div>\n\t\t\t\t\t\t<\/div>\n\t\t\t\t<\/div>\n\t\t\t\t\t<\/div>\n\t\t<\/div>\n\t\t\t\t\t<\/div>\n\t\t<\/section>\n\t\t\t\t<\/div>","protected":false},"excerpt":{"rendered":"<p>CFD Kriptovalute \u201cBudu\u0107nost novca je digitalna valuta \u201d Bill Gates Tijekom 2020. godine, tr\u017ei\u0161ne vrijednosti\u00a0 najve\u0107ih kriptovaluta porasle su za 159 posto, \u0161to je Bitcoin (BTC) odr\u017eao u 2021. godini, dosegnuv\u0161i u travnju 64.863 dolara. Me\u0111utim tr\u017ei\u0161te kriptovalutama nije jedino zabilje\u017eilo impresivan rast.. Ugovori utemeljeni na Ethereumu i imovina kao \u0161to je NFTS preuzimaju internet [&hellip;]<\/p>\n","protected":false},"author":1,"featured_media":0,"parent":0,"menu_order":0,"comment_status":"closed","ping_status":"closed","template":"elementor_header_footer","meta":{"footnotes":""},"class_list":["post-2136","page","type-page","status-publish","hentry"],"_links":{"self":[{"href":"https:\/\/topbrokeri.com\/pt\/wp-json\/wp\/v2\/pages\/2136","targetHints":{"allow":["GET"]}}],"collection":[{"href":"https:\/\/topbrokeri.com\/pt\/wp-json\/wp\/v2\/pages"}],"about":[{"href":"https:\/\/topbrokeri.com\/pt\/wp-json\/wp\/v2\/types\/page"}],"author":[{"embeddable":true,"href":"https:\/\/topbrokeri.com\/pt\/wp-json\/wp\/v2\/users\/1"}],"replies":[{"embeddable":true,"href":"https:\/\/topbrokeri.com\/pt\/wp-json\/wp\/v2\/comments?post=2136"}],"version-history":[{"count":6,"href":"https:\/\/topbrokeri.com\/pt\/wp-json\/wp\/v2\/pages\/2136\/revisions"}],"predecessor-version":[{"id":7865,"href":"https:\/\/topbrokeri.com\/pt\/wp-json\/wp\/v2\/pages\/2136\/revisions\/7865"}],"wp:attachment":[{"href":"https:\/\/topbrokeri.com\/pt\/wp-json\/wp\/v2\/media?parent=2136"}],"curies":[{"name":"wp","href":"https:\/\/api.w.org\/{rel}","templated":true}]}}