{"id":2038,"date":"2017-11-15T10:50:49","date_gmt":"2017-11-15T10:50:49","guid":{"rendered":"https:\/\/topbrokeri.com\/?page_id=2038"},"modified":"2022-04-23T13:14:42","modified_gmt":"2022-04-23T13:14:42","slug":"odricanje","status":"publish","type":"page","link":"https:\/\/topbrokeri.com\/pt\/odricanje\/","title":{"rendered":"Ren\u00fancia"},"content":{"rendered":"<div data-elementor-type=\"wp-page\" data-elementor-id=\"2038\" class=\"elementor elementor-2038\" data-elementor-post-type=\"page\">\n\t\t\t\t\t\t<section class=\"elementor-section elementor-top-section elementor-element elementor-element-4fac1fa elementor-section-stretched elementor-section-boxed elementor-section-height-default elementor-section-height-default\" data-id=\"4fac1fa\" data-element_type=\"section\" data-e-type=\"section\" data-settings=\"{&quot;stretch_section&quot;:&quot;section-stretched&quot;,&quot;shape_divider_top&quot;:&quot;tilt&quot;}\">\n\t\t\t\t\t<div class=\"elementor-shape elementor-shape-top\" aria-hidden=\"true\" data-negative=\"false\">\n\t\t\t<svg xmlns=\"http:\/\/www.w3.org\/2000\/svg\" viewbox=\"0 0 1000 100\" preserveaspectratio=\"none\">\n\t<path class=\"elementor-shape-fill\" d=\"M0,6V0h1000v100L0,6z\"\/>\n<\/svg>\t\t<\/div>\n\t\t\t\t\t<div class=\"elementor-container elementor-column-gap-default\">\n\t\t\t\t\t<div class=\"elementor-column elementor-col-100 elementor-top-column elementor-element elementor-element-8436f84\" data-id=\"8436f84\" data-element_type=\"column\" data-e-type=\"column\">\n\t\t\t<div class=\"elementor-widget-wrap elementor-element-populated\">\n\t\t\t\t\t\t<div class=\"elementor-element elementor-element-5277b93 elementor-widget elementor-widget-heading\" data-id=\"5277b93\" data-element_type=\"widget\" data-e-type=\"widget\" data-widget_type=\"heading.default\">\n\t\t\t\t<div class=\"elementor-widget-container\">\n\t\t\t\t\t<h1 class=\"elementor-heading-title elementor-size-default\">Ren\u00fancia<\/h1>\t\t\t\t<\/div>\n\t\t\t\t<\/div>\n\t\t\t\t<div class=\"elementor-element elementor-element-7035474 elementor-widget elementor-widget-text-editor\" data-id=\"7035474\" data-element_type=\"widget\" data-e-type=\"widget\" data-widget_type=\"text-editor.default\">\n\t\t\t\t<div class=\"elementor-widget-container\">\n\t\t\t\t\t\t\t\t\t<p>Nos dias de hoje, quando a vida est\u00e1 ficando mais cara e o tempo est\u00e1 ficando mais curto, isTopBrokeri.com n\u00e3o ser\u00e1 legalmente respons\u00e1vel por qualquer perda ou dano decorrente da confian\u00e7a nas informa\u00e7\u00f5es apresentadas neste site, incluindo an\u00e1lises de corretores, not\u00edcias financeiras, opini\u00f5es de autores e \/ou an\u00e1lise. As informa\u00e7\u00f5es inclu\u00eddas no TopBrokeri.com nem sempre s\u00e3o publicadas em tempo real e\/ou necessariamente precisas, e nem sempre refletem as opini\u00f5es dos propriet\u00e1rios, funcion\u00e1rios e\/ou contribuidores do conte\u00fado do TopBrokeri.com. Deve-se saber que a negocia\u00e7\u00e3o de CFDs ou qualquer outro tipo de negocia\u00e7\u00e3o envolve riscos elevados e n\u00e3o \u00e9 adequada para todos. Antes de negociar CFDs ou qualquer outro instrumento financeiro, deve-se estar ciente dos riscos, familiarizar-se com precis\u00e3o com os seus objetivos e limita\u00e7\u00f5es de investimento e obter o n\u00edvel certo de compreens\u00e3o e gest\u00e3o de risco. A negocia\u00e7\u00e3o de produtos alavancados como CFDs envolve um risco significativo de perda e pode n\u00e3o ser adequada para todos os investidores. Negociar tais produtos \u00e9 arriscado e voc\u00ea pode perder todo o seu capital investido. Investidores experientes e comerciantes novatos em todo o mundo est\u00e3o procurando novas fontes de investimento e lucro tentando descobrir quais s\u00e3o os melhores corretores. Gra\u00e7as \u00e0 Internet, que se tornou uma parte indispens\u00e1vel da vida quotidiana, o mercado de especula\u00e7\u00e3o ou Forex popular passou das grandes bolsas de valores para pequenos ecr\u00e3s atrav\u00e9s de v\u00e1rios intermedi\u00e1rios ou corretores populares, permitindo a todos testar os seus conhecimentos em negocia\u00e7\u00e3o online, independentemente da experi\u00eancia e localiza\u00e7\u00e3o. Com os melhores corretores da atualidade oferecendo uma abund\u00e2ncia de materiais educacionais e semin\u00e1rios aos seus usu\u00e1rios, ser um investidor de sucesso nunca foi t\u00e3o f\u00e1cil. Ao escolher a melhor corretora para as suas necessidades em nossa Top List, voc\u00ea pode ter certeza de que a exaustiva jornada de busca pela corretora certa n\u00e3o o desviar\u00e1 do caminho e que voc\u00ea se lembrar\u00e1 de sua experi\u00eancia de negocia\u00e7\u00e3o apenas para o bem!<\/p>\t\t\t\t\t\t\t\t<\/div>\n\t\t\t\t<\/div>\n\t\t\t\t\t<\/div>\n\t\t<\/div>\n\t\t\t\t\t<\/div>\n\t\t<\/section>\n\t\t\t\t<\/div>","protected":false},"excerpt":{"rendered":"<p>Odricanje U dana\u0161nje vrijeme kada \u017eivot postaje sve skuplji, a vremena sve manje, isTopBrokeri.com ne\u0107e biti pravno odgovoran za bilo kakav gubitak ili \u0161tetu koja proizlazi iz oslanjanja na informacije prikazane na ovoj web stranici, uklju\u010duju\u0107i recenzije brokera, financijske vijesti, mi\u0161ljenja autora i \/ ili analize. Podaci uklju\u010deni na TopBrokeri.com nisu uvijek objavljeni u stvarnom [&hellip;]<\/p>\n","protected":false},"author":1,"featured_media":0,"parent":0,"menu_order":0,"comment_status":"closed","ping_status":"closed","template":"elementor_header_footer","meta":{"footnotes":""},"class_list":["post-2038","page","type-page","status-publish","hentry"],"_links":{"self":[{"href":"https:\/\/topbrokeri.com\/pt\/wp-json\/wp\/v2\/pages\/2038","targetHints":{"allow":["GET"]}}],"collection":[{"href":"https:\/\/topbrokeri.com\/pt\/wp-json\/wp\/v2\/pages"}],"about":[{"href":"https:\/\/topbrokeri.com\/pt\/wp-json\/wp\/v2\/types\/page"}],"author":[{"embeddable":true,"href":"https:\/\/topbrokeri.com\/pt\/wp-json\/wp\/v2\/users\/1"}],"replies":[{"embeddable":true,"href":"https:\/\/topbrokeri.com\/pt\/wp-json\/wp\/v2\/comments?post=2038"}],"version-history":[{"count":4,"href":"https:\/\/topbrokeri.com\/pt\/wp-json\/wp\/v2\/pages\/2038\/revisions"}],"predecessor-version":[{"id":7798,"href":"https:\/\/topbrokeri.com\/pt\/wp-json\/wp\/v2\/pages\/2038\/revisions\/7798"}],"wp:attachment":[{"href":"https:\/\/topbrokeri.com\/pt\/wp-json\/wp\/v2\/media?parent=2038"}],"curies":[{"name":"wp","href":"https:\/\/api.w.org\/{rel}","templated":true}]}}