{"id":10324,"date":"2025-03-27T09:07:17","date_gmt":"2025-03-27T09:07:17","guid":{"rendered":"https:\/\/topbrokeri.com\/?page_id=10324"},"modified":"2025-04-09T14:19:11","modified_gmt":"2025-04-09T14:19:11","slug":"thank-you","status":"publish","type":"page","link":"https:\/\/topbrokeri.com\/pt\/thank-you\/","title":{"rendered":"Obrigado"},"content":{"rendered":"<div data-elementor-type=\"wp-page\" data-elementor-id=\"10324\" class=\"elementor elementor-10324\" data-elementor-post-type=\"page\">\n\t\t\t\t\t\t<section class=\"elementor-section elementor-top-section elementor-element elementor-element-539d79c4 elementor-section-content-middle elementor-section-boxed elementor-section-height-default elementor-section-height-default\" data-id=\"539d79c4\" data-element_type=\"section\" data-e-type=\"section\">\n\t\t\t\t\t\t<div class=\"elementor-container elementor-column-gap-default\">\n\t\t\t\t\t<div class=\"elementor-column elementor-col-50 elementor-top-column elementor-element elementor-element-7bb4cbaf\" data-id=\"7bb4cbaf\" data-element_type=\"column\" data-e-type=\"column\">\n\t\t\t<div class=\"elementor-widget-wrap elementor-element-populated\">\n\t\t\t\t\t\t<div class=\"elementor-element elementor-element-8ad885e elementor-widget elementor-widget-html\" data-id=\"8ad885e\" data-element_type=\"widget\" data-e-type=\"widget\" data-widget_type=\"html.default\">\n\t\t\t\t<div class=\"elementor-widget-container\">\n\t\t\t\t\t<h2>Obrigado!<\/h2>\t\t\t\t<\/div>\n\t\t\t\t<\/div>\n\t\t\t\t\t<\/div>\n\t\t<\/div>\n\t\t\t\t<div class=\"elementor-column elementor-col-50 elementor-top-column elementor-element elementor-element-4f5e3130\" data-id=\"4f5e3130\" data-element_type=\"column\" data-e-type=\"column\">\n\t\t\t<div class=\"elementor-widget-wrap elementor-element-populated\">\n\t\t\t\t\t\t<div class=\"elementor-element elementor-element-22082330 elementor-position-left elementor-vertical-align-middle elementor-widget elementor-widget-image-box\" data-id=\"22082330\" data-element_type=\"widget\" data-e-type=\"widget\" data-widget_type=\"image-box.default\">\n\t\t\t\t<div class=\"elementor-widget-container\">\n\t\t\t\t\t<div class=\"elementor-image-box-wrapper\"><figure class=\"elementor-image-box-img\"><img decoding=\"async\" src=\"https:\/\/topbrokeri.com\/wp-content\/uploads\/elementor\/thumbs\/197507-r3h4k2dibicv0aatzxnl2bn3l6e7j039lxlj81yxpa.png\" title=\"197507.png\" alt=\"197507.png\" loading=\"lazy\" \/><\/figure><div class=\"elementor-image-box-content\"><h3 class=\"elementor-image-box-title\">Apenas alguns passos s\u00e3o necess\u00e1rios para configurar sua conta.<\/h3><p class=\"elementor-image-box-description\">Como voc\u00ea pode ver, levamos a seguran\u00e7a muito a s\u00e9rio neste programa. Para verificar sua identidade e validar sua conta em at\u00e9 30 minutos, um de nossos especialistas entrar\u00e1 em contato com voc\u00ea. (2a. a 6a). A pr\u00f3xima p\u00e1gina o encaminhar\u00e1 ao nosso parceiro cuidadosamente selecionado para ativar sua conta e depositar seu pequeno capital inicial para voc\u00ea ter uma ideia do sistema. Lembre-se, voc\u00ea sempre pode sacar seu capital.<\/p><\/div><\/div>\t\t\t\t<\/div>\n\t\t\t\t<\/div>\n\t\t\t\t<div class=\"elementor-element elementor-element-7c46e67e elementor-widget-divider--separator-type-pattern elementor-widget-divider--view-line elementor-widget elementor-widget-divider\" data-id=\"7c46e67e\" data-element_type=\"widget\" data-e-type=\"widget\" data-widget_type=\"divider.default\">\n\t\t\t\t<div class=\"elementor-widget-container\">\n\t\t\t\t\t\t\t<div class=\"elementor-divider\" style=\"--divider-pattern-url: url(&quot;data:image\/svg+xml,%3Csvg xmlns=&#039;http:\/\/www.w3.org\/2000\/svg&#039; preserveAspectRatio=&#039;none&#039; overflow=&#039;visible&#039; height=&#039;100%&#039; viewBox=&#039;0 0 24 24&#039; fill=&#039;none&#039; stroke=&#039;black&#039; stroke-width=&#039;1&#039; stroke-linecap=&#039;square&#039; stroke-miterlimit=&#039;10&#039;%3E%3Cpolyline points=&#039;0,18 12,6 24,18 &#039;\/%3E%3C\/svg%3E&quot;);\">\n\t\t\t<span class=\"elementor-divider-separator\">\n\t\t\t\t\t\t<\/span>\n\t\t<\/div>\n\t\t\t\t\t\t<\/div>\n\t\t\t\t<\/div>\n\t\t\t\t<div class=\"elementor-element elementor-element-5f3e5660 elementor-position-left elementor-vertical-align-middle elementor-widget elementor-widget-image-box\" data-id=\"5f3e5660\" data-element_type=\"widget\" data-e-type=\"widget\" data-widget_type=\"image-box.default\">\n\t\t\t\t<div class=\"elementor-widget-container\">\n\t\t\t\t\t<div class=\"elementor-image-box-wrapper\"><figure class=\"elementor-image-box-img\"><img decoding=\"async\" src=\"https:\/\/topbrokeri.com\/wp-content\/uploads\/elementor\/thumbs\/197571-r3h4k2dibicv0aatzxnl2bn3l6e7j039lxlj81yxpa.png\" title=\"197571.png\" alt=\"197571.png\" loading=\"lazy\" \/><\/figure><div class=\"elementor-image-box-content\"><h3 class=\"elementor-image-box-title\">Es sind nur wenge Schritte erforderlich, um Ihr Konto einzurichten.<\/h3><p class=\"elementor-image-box-description\">Wie Sie sehen k\u00f6nnen, nehmen wir die Sicherheit in diesem Programm sehr ernst. Sua identidade ser\u00e1 verificada e sua conta ser\u00e1 validada por 30 minutos para que voc\u00ea possa obter um especialista especializado. (2a. a 6a). Na \u00faltima p\u00e1gina, voc\u00ea precisa de um parceiro de neg\u00f3cios gesch\u00e4ftigungsgesch\u00e4ften para ativar seu contrato e seu pequeno capital inicial einzuzahlen, damit Sie um Gef\u00fchl f\u00fcr das System bekommen. Denken Sie daran, dass Sie Ihr Kapital jederzeit abheben k\u00f6nnen.<\/p><\/div><\/div>\t\t\t\t<\/div>\n\t\t\t\t<\/div>\n\t\t\t\t<div class=\"elementor-element elementor-element-45ccc553 elementor-widget-divider--separator-type-pattern elementor-widget-divider--view-line elementor-widget elementor-widget-divider\" data-id=\"45ccc553\" data-element_type=\"widget\" data-e-type=\"widget\" data-widget_type=\"divider.default\">\n\t\t\t\t<div class=\"elementor-widget-container\">\n\t\t\t\t\t\t\t<div class=\"elementor-divider\" style=\"--divider-pattern-url: url(&quot;data:image\/svg+xml,%3Csvg xmlns=&#039;http:\/\/www.w3.org\/2000\/svg&#039; preserveAspectRatio=&#039;none&#039; overflow=&#039;visible&#039; height=&#039;100%&#039; viewBox=&#039;0 0 24 24&#039; fill=&#039;none&#039; stroke=&#039;black&#039; stroke-width=&#039;1&#039; stroke-linecap=&#039;square&#039; stroke-miterlimit=&#039;10&#039;%3E%3Cpolyline points=&#039;0,18 12,6 24,18 &#039;\/%3E%3C\/svg%3E&quot;);\">\n\t\t\t<span class=\"elementor-divider-separator\">\n\t\t\t\t\t\t<\/span>\n\t\t<\/div>\n\t\t\t\t\t\t<\/div>\n\t\t\t\t<\/div>\n\t\t\t\t<div class=\"elementor-element elementor-element-1cb4d7a0 elementor-position-left elementor-vertical-align-middle elementor-widget elementor-widget-image-box\" data-id=\"1cb4d7a0\" data-element_type=\"widget\" data-e-type=\"widget\" data-widget_type=\"image-box.default\">\n\t\t\t\t<div class=\"elementor-widget-container\">\n\t\t\t\t\t<div class=\"elementor-image-box-wrapper\"><figure class=\"elementor-image-box-img\"><img decoding=\"async\" src=\"https:\/\/topbrokeri.com\/wp-content\/uploads\/elementor\/thumbs\/197441-r3h4k3bcice5bw9gug27mtek6k9kqp6zy290pbxjj2.png\" title=\"197441.png\" alt=\"197441.png\" loading=\"lazy\" \/><\/figure><div class=\"elementor-image-box-content\"><h3 class=\"elementor-image-box-title\">Voc\u00ea tem que fazer um par de coisas para abrir sua conta.<\/h3><p class=\"elementor-image-box-description\">Se voc\u00ea n\u00e3o sabe, nem n\u00f3s veremos toda a s\u00e9rie neste programa. Se sua identidade for verificada em sua conta dentro de 30 minutos para ser v\u00e1lida, voc\u00ea ter\u00e1 um especialista em sua conta. (ma-vr). Na pr\u00f3xima p\u00e1gina, voc\u00ea abrir\u00e1 a porta para um parceiro altamente confi\u00e1vel para ativar sua conta e armazenar seu pequeno capital inicial para criar um recurso para seu sistema. N\u00e3o se esque\u00e7a de que seu capital sempre pode ser aberto.<\/p><\/div><\/div>\t\t\t\t<\/div>\n\t\t\t\t<\/div>\n\t\t\t\t<div class=\"elementor-element elementor-element-210bdac0 elementor-widget-divider--separator-type-pattern elementor-widget-divider--view-line elementor-widget elementor-widget-divider\" data-id=\"210bdac0\" data-element_type=\"widget\" data-e-type=\"widget\" data-widget_type=\"divider.default\">\n\t\t\t\t<div class=\"elementor-widget-container\">\n\t\t\t\t\t\t\t<div class=\"elementor-divider\" style=\"--divider-pattern-url: url(&quot;data:image\/svg+xml,%3Csvg xmlns=&#039;http:\/\/www.w3.org\/2000\/svg&#039; preserveAspectRatio=&#039;none&#039; overflow=&#039;visible&#039; height=&#039;100%&#039; viewBox=&#039;0 0 24 24&#039; fill=&#039;none&#039; stroke=&#039;black&#039; stroke-width=&#039;1&#039; stroke-linecap=&#039;square&#039; stroke-miterlimit=&#039;10&#039;%3E%3Cpolyline points=&#039;0,18 12,6 24,18 &#039;\/%3E%3C\/svg%3E&quot;);\">\n\t\t\t<span class=\"elementor-divider-separator\">\n\t\t\t\t\t\t<\/span>\n\t\t<\/div>\n\t\t\t\t\t\t<\/div>\n\t\t\t\t<\/div>\n\t\t\t\t<div class=\"elementor-element elementor-element-88af760 elementor-position-left elementor-vertical-align-middle elementor-widget elementor-widget-image-box\" data-id=\"88af760\" data-element_type=\"widget\" data-e-type=\"widget\" data-widget_type=\"image-box.default\">\n\t\t\t\t<div class=\"elementor-widget-container\">\n\t\t\t\t\t<div class=\"elementor-image-box-wrapper\"><figure class=\"elementor-image-box-img\"><img decoding=\"async\" src=\"https:\/\/topbrokeri.com\/wp-content\/uploads\/elementor\/thumbs\/197593-r3h4k3bcice5bw9gug27mtek6k9kqp6zy290pbxjj2.png\" title=\"197593.png\" alt=\"197593.png\" loading=\"lazy\" \/><\/figure><div class=\"elementor-image-box-content\"><h3 class=\"elementor-image-box-title\">S\u00f3 s\u00e3o necess\u00e1rios alguns passos para configurar sua conta.<\/h3><p class=\"elementor-image-box-description\">Como podemos ver, tomamos a seguran\u00e7a muito s\u00e9ria neste programa. Para verificar sua identidade e validar sua conta em 30 minutos, um de nossos especialistas o chamar\u00e1. (De segunda a sexta). A pr\u00f3xima p\u00e1gina ser\u00e1 enviada para nosso uso social escolhido para que voc\u00ea ative sua conta e deposite seu pequeno capital inicial para que se familiarize com o sistema. Lembre-se de que sempre voc\u00ea pode retirar seu capital.<\/p><\/div><\/div>\t\t\t\t<\/div>\n\t\t\t\t<\/div>\n\t\t\t\t<div class=\"elementor-element elementor-element-afa05a8 elementor-widget-divider--separator-type-pattern elementor-widget-divider--view-line elementor-widget elementor-widget-divider\" data-id=\"afa05a8\" data-element_type=\"widget\" data-e-type=\"widget\" data-widget_type=\"divider.default\">\n\t\t\t\t<div class=\"elementor-widget-container\">\n\t\t\t\t\t\t\t<div class=\"elementor-divider\" style=\"--divider-pattern-url: url(&quot;data:image\/svg+xml,%3Csvg xmlns=&#039;http:\/\/www.w3.org\/2000\/svg&#039; preserveAspectRatio=&#039;none&#039; overflow=&#039;visible&#039; height=&#039;100%&#039; viewBox=&#039;0 0 24 24&#039; fill=&#039;none&#039; stroke=&#039;black&#039; stroke-width=&#039;1&#039; stroke-linecap=&#039;square&#039; stroke-miterlimit=&#039;10&#039;%3E%3Cpolyline points=&#039;0,18 12,6 24,18 &#039;\/%3E%3C\/svg%3E&quot;);\">\n\t\t\t<span class=\"elementor-divider-separator\">\n\t\t\t\t\t\t<\/span>\n\t\t<\/div>\n\t\t\t\t\t\t<\/div>\n\t\t\t\t<\/div>\n\t\t\t\t<div class=\"elementor-element elementor-element-6f8df72b elementor-position-left elementor-vertical-align-middle elementor-widget elementor-widget-image-box\" data-id=\"6f8df72b\" data-element_type=\"widget\" data-e-type=\"widget\" data-widget_type=\"image-box.default\">\n\t\t\t\t<div class=\"elementor-widget-container\">\n\t\t\t\t\t<div class=\"elementor-image-box-wrapper\"><figure class=\"elementor-image-box-img\"><img decoding=\"async\" src=\"https:\/\/topbrokeri.com\/wp-content\/uploads\/elementor\/thumbs\/197626-r3h4k3bcice5bw9gug27mtek6k9kqp6zy290pbxjj2.png\" title=\"197626.png\" alt=\"197626.png\" loading=\"lazy\" \/><\/figure><div class=\"elementor-image-box-content\"><h3 class=\"elementor-image-box-title\">Eu s\u00f3 preciso de uma passagem para definir sua conta.<\/h3><p class=\"elementor-image-box-description\">Como puoi vedere, prendiamo molto sul serio la seguran\u00e7a neste programa. Para verificar sua identidade e validar sua conta em 30 minutos, um de nossos especialistas ir\u00e1 cham\u00e1-lo. (Lun-Ven). A p\u00e1gina sucessiva ser\u00e1 transferida para nosso parceiro selecionado com cura para ativar seu conto e depositar seu piccolo capital inicial para fazer uma ideia de sistema. Lembre-se de que voc\u00ea sempre pode rir de sua capital.<\/p><\/div><\/div>\t\t\t\t<\/div>\n\t\t\t\t<\/div>\n\t\t\t\t\t<\/div>\n\t\t<\/div>\n\t\t\t\t\t<\/div>\n\t\t<\/section>\n\t\t\t\t<\/div>","protected":false},"excerpt":{"rendered":"<p>Only a few steps are required to set up your account. As you can see, we take security very seriously in this program. In order to verify your identity and validate your account within 30 minutes, one of our specialists will call you.\u00a0(Mon-Fri). The next page will send you to our carefully chosen partner to [&hellip;]<\/p>\n","protected":false},"author":1,"featured_media":0,"parent":0,"menu_order":0,"comment_status":"closed","ping_status":"closed","template":"elementor_header_footer","meta":{"footnotes":""},"class_list":["post-10324","page","type-page","status-publish","hentry"],"_links":{"self":[{"href":"https:\/\/topbrokeri.com\/pt\/wp-json\/wp\/v2\/pages\/10324","targetHints":{"allow":["GET"]}}],"collection":[{"href":"https:\/\/topbrokeri.com\/pt\/wp-json\/wp\/v2\/pages"}],"about":[{"href":"https:\/\/topbrokeri.com\/pt\/wp-json\/wp\/v2\/types\/page"}],"author":[{"embeddable":true,"href":"https:\/\/topbrokeri.com\/pt\/wp-json\/wp\/v2\/users\/1"}],"replies":[{"embeddable":true,"href":"https:\/\/topbrokeri.com\/pt\/wp-json\/wp\/v2\/comments?post=10324"}],"version-history":[{"count":9,"href":"https:\/\/topbrokeri.com\/pt\/wp-json\/wp\/v2\/pages\/10324\/revisions"}],"predecessor-version":[{"id":10579,"href":"https:\/\/topbrokeri.com\/pt\/wp-json\/wp\/v2\/pages\/10324\/revisions\/10579"}],"wp:attachment":[{"href":"https:\/\/topbrokeri.com\/pt\/wp-json\/wp\/v2\/media?parent=10324"}],"curies":[{"name":"wp","href":"https:\/\/api.w.org\/{rel}","templated":true}]}}