{"id":2136,"date":"2017-11-16T09:51:08","date_gmt":"2017-11-16T09:51:08","guid":{"rendered":"https:\/\/topbrokeri.com\/?page_id=2136"},"modified":"2022-04-25T08:58:16","modified_gmt":"2022-04-25T08:58:16","slug":"cfd-kriptovalute","status":"publish","type":"page","link":"https:\/\/topbrokeri.com\/pl\/cfd-kriptovalute\/","title":{"rendered":"Kryptowaluty CFD"},"content":{"rendered":"<div data-elementor-type=\"wp-page\" data-elementor-id=\"2136\" class=\"elementor elementor-2136\" data-elementor-post-type=\"page\">\n\t\t\t\t\t\t<section class=\"elementor-section elementor-top-section elementor-element elementor-element-77a1b56 elementor-section-stretched elementor-section-boxed elementor-section-height-default elementor-section-height-default\" data-id=\"77a1b56\" data-element_type=\"section\" data-e-type=\"section\" data-settings=\"{&quot;stretch_section&quot;:&quot;section-stretched&quot;,&quot;shape_divider_top&quot;:&quot;tilt&quot;}\">\n\t\t\t\t\t<div class=\"elementor-shape elementor-shape-top\" aria-hidden=\"true\" data-negative=\"false\">\n\t\t\t<svg xmlns=\"http:\/\/www.w3.org\/2000\/svg\" viewbox=\"0 0 1000 100\" preserveaspectratio=\"none\">\n\t<path class=\"elementor-shape-fill\" d=\"M0,6V0h1000v100L0,6z\"\/>\n<\/svg>\t\t<\/div>\n\t\t\t\t\t<div class=\"elementor-container elementor-column-gap-default\">\n\t\t\t\t\t<div class=\"elementor-column elementor-col-100 elementor-top-column elementor-element elementor-element-b9b3a1d\" data-id=\"b9b3a1d\" data-element_type=\"column\" data-e-type=\"column\">\n\t\t\t<div class=\"elementor-widget-wrap elementor-element-populated\">\n\t\t\t\t\t\t<div class=\"elementor-element elementor-element-8f0a9a8 elementor-widget elementor-widget-heading\" data-id=\"8f0a9a8\" data-element_type=\"widget\" data-e-type=\"widget\" data-widget_type=\"heading.default\">\n\t\t\t\t<div class=\"elementor-widget-container\">\n\t\t\t\t\t<h1 class=\"elementor-heading-title elementor-size-default\">Kryptowaluty CFD<\/h1>\t\t\t\t<\/div>\n\t\t\t\t<\/div>\n\t\t\t\t<div class=\"elementor-element elementor-element-1ab3e72 elementor-widget elementor-widget-text-editor\" data-id=\"1ab3e72\" data-element_type=\"widget\" data-e-type=\"widget\" data-widget_type=\"text-editor.default\">\n\t\t\t\t<div class=\"elementor-widget-container\">\n\t\t\t\t\t\t\t\t\t<blockquote><h3 style=\"text-align: center;\">\u201ePrzysz\u0142o\u015b\u0107 pieni\u0105dza to cyfrowa waluta\u201d<\/h3><p style=\"text-align: center;\"><strong>Billa Gatesa<\/strong><\/p><\/blockquote>\t\t\t\t\t\t\t\t<\/div>\n\t\t\t\t<\/div>\n\t\t\t\t<div class=\"elementor-element elementor-element-317a39f elementor-widget elementor-widget-text-editor\" data-id=\"317a39f\" data-element_type=\"widget\" data-e-type=\"widget\" data-widget_type=\"text-editor.default\">\n\t\t\t\t<div class=\"elementor-widget-container\">\n\t\t\t\t\t\t\t\t\t<div class=\"wpb_text_column wpb_content_element\"><div class=\"wpb_wrapper\"><p>W ci\u0105gu 2020 roku warto\u015bci rynkowe najwi\u0119kszych kryptowalut wzros\u0142y o 159 proc., co stanowi <a href=\"https:\/\/topbrokeri.com\/pl\/predvidanje-cijene-bitcoin\/\">Bitcoina<\/a> (BTC) odby\u0142a si\u0119 w 2021 r., osi\u0105gaj\u0105c w kwietniu poziom 64 863 USD. Jednak rynek kryptowalut nie jest jedynym, kt\u00f3ry odnotowa\u0142 imponuj\u0105cy wzrost: kontrakty i aktywa oparte na Ethereum, takie jak NFTS, niczym p\u0119dz\u0105cy poci\u0105g przejmuj\u0105 handel online. Najdro\u017cszy <a href=\"https:\/\/topbrokeri.com\/pl\/matrix-nft-trader\/\">NFT<\/a>, fragment cyfrowej grafiki Beeple, sprzedany za 69 milion\u00f3w dolar\u00f3w w lutym 2021 roku. Handel opcjami <a href=\"https:\/\/topbrokeri.com\/pl\/trgovanje-cfd-ovima\/\">Kontrakty CFD<\/a> kryptowaluty ciesz\u0105 si\u0119 coraz wi\u0119ksz\u0105 popularno\u015bci\u0105.<\/p><p>Bez konieczno\u015bci fizycznego posiadania kontrakty CFD charakteryzuj\u0105 si\u0119 zmniejszonym ryzykiem kradzie\u017cy kapita\u0142u. Ponadto, handluj\u0105c kryptowalutami CFD, mo\u017cesz osi\u0105gn\u0105\u0107 znaczne zyski, nawet je\u015bli sam rynek kryptowalut straci na warto\u015bci. Te zalety, wraz z d\u017awigni\u0105, p\u0142ynno\u015bci\u0105, oprocentowaniem i zmienno\u015bci\u0105 rynku kryptowalut, uczyni\u0142y handel kryptowalutami CFD wiod\u0105cym instrumentem nowoczesnego handlu i inwestowania.<\/p><\/div><\/div>\t\t\t\t\t\t\t\t<\/div>\n\t\t\t\t<\/div>\n\t\t\t\t<section class=\"elementor-section elementor-inner-section elementor-element elementor-element-f28edd8 elementor-section-boxed elementor-section-height-default elementor-section-height-default\" data-id=\"f28edd8\" data-element_type=\"section\" data-e-type=\"section\">\n\t\t\t\t\t\t<div class=\"elementor-container elementor-column-gap-default\">\n\t\t\t\t\t<div class=\"elementor-column elementor-col-33 elementor-inner-column elementor-element elementor-element-9f078bc\" data-id=\"9f078bc\" data-element_type=\"column\" data-e-type=\"column\">\n\t\t\t<div class=\"elementor-widget-wrap elementor-element-populated\">\n\t\t\t\t\t\t<div class=\"elementor-element elementor-element-8ef335c elementor-widget elementor-widget-image\" data-id=\"8ef335c\" data-element_type=\"widget\" data-e-type=\"widget\" data-widget_type=\"image.default\">\n\t\t\t\t<div class=\"elementor-widget-container\">\n\t\t\t\t\t\t\t\t\t\t\t\t\t\t\t<img decoding=\"async\" width=\"300\" height=\"150\" src=\"https:\/\/topbrokeri.com\/wp-content\/uploads\/2017\/12\/TORO.png\" class=\"attachment-full size-full wp-image-3138\" alt=\"Etoro, Chorwacja\" \/>\t\t\t\t\t\t\t\t\t\t\t\t\t\t\t<\/div>\n\t\t\t\t<\/div>\n\t\t\t\t<div class=\"elementor-element elementor-element-ce9981b elementor-widget elementor-widget-text-editor\" data-id=\"ce9981b\" data-element_type=\"widget\" data-e-type=\"widget\" data-widget_type=\"text-editor.default\">\n\t\t\t\t<div class=\"elementor-widget-container\">\n\t\t\t\t\t\t\t\t\t<p>Nowoczesna sie\u0107 inwestycji spo\u0142eczno\u015bciowych, terminowa obs\u0142uga klienta, bezpiecze\u0144stwo i dost\u0119pne \u015brodki sprawiaj\u0105, \u017ce handel jest nie tylko niezawodny, ale tak\u017ce przyjemny <a href=\"https:\/\/topbrokeri.com\/pl\/etoro-recenzija\/\">eToro<\/a> zdecydowanie zas\u0142uguje na swoje miejsce w\u015br\u00f3d najlepszych!<\/p>\t\t\t\t\t\t\t\t<\/div>\n\t\t\t\t<\/div>\n\t\t\t\t\t<\/div>\n\t\t<\/div>\n\t\t\t\t<div class=\"elementor-column elementor-col-33 elementor-inner-column elementor-element elementor-element-7a89d98\" data-id=\"7a89d98\" data-element_type=\"column\" data-e-type=\"column\">\n\t\t\t<div class=\"elementor-widget-wrap elementor-element-populated\">\n\t\t\t\t\t\t<div class=\"elementor-element elementor-element-bbdacd6 elementor-widget elementor-widget-image\" data-id=\"bbdacd6\" data-element_type=\"widget\" data-e-type=\"widget\" data-widget_type=\"image.default\">\n\t\t\t\t<div class=\"elementor-widget-container\">\n\t\t\t\t\t\t\t\t\t\t\t\t\t\t\t<img decoding=\"async\" width=\"300\" height=\"150\" src=\"https:\/\/topbrokeri.com\/wp-content\/uploads\/2017\/11\/Plus500-300x150-1.jpg\" class=\"attachment-full size-full wp-image-3140\" alt=\"plus500 recenzji\" \/>\t\t\t\t\t\t\t\t\t\t\t\t\t\t\t<\/div>\n\t\t\t\t<\/div>\n\t\t\t\t<div class=\"elementor-element elementor-element-9287bca elementor-widget elementor-widget-text-editor\" data-id=\"9287bca\" data-element_type=\"widget\" data-e-type=\"widget\" data-widget_type=\"text-editor.default\">\n\t\t\t\t<div class=\"elementor-widget-container\">\n\t\t\t\t\t\t\t\t\t<p>Co to <a href=\"https:\/\/topbrokeri.com\/pl\/plus-500-recenzija\/\">Plus500<\/a> tym, co odr\u00f3\u017cnia ich od innych broker\u00f3w, jest to, \u017ce uda\u0142o im si\u0119 opracowa\u0107 bardzo stabiln\u0105 platform\u0119, kt\u00f3rej szuka wi\u0119kszo\u015b\u0107 trader\u00f3w. Dzi\u0119ki prawie 10-letniemu do\u015bwiadczeniu nie jest zaskoczeniem, \u017ce Plus500 sta\u0142 si\u0119 jedn\u0105 z najlepszych us\u0142ug na rynku.<\/p>\t\t\t\t\t\t\t\t<\/div>\n\t\t\t\t<\/div>\n\t\t\t\t\t<\/div>\n\t\t<\/div>\n\t\t\t\t<div class=\"elementor-column elementor-col-33 elementor-inner-column elementor-element elementor-element-56743f1\" data-id=\"56743f1\" data-element_type=\"column\" data-e-type=\"column\">\n\t\t\t<div class=\"elementor-widget-wrap elementor-element-populated\">\n\t\t\t\t\t\t<div class=\"elementor-element elementor-element-c668d51 elementor-widget elementor-widget-image\" data-id=\"c668d51\" data-element_type=\"widget\" data-e-type=\"widget\" data-widget_type=\"image.default\">\n\t\t\t\t<div class=\"elementor-widget-container\">\n\t\t\t\t\t\t\t\t\t\t\t\t\t\t\t<img decoding=\"async\" width=\"300\" height=\"150\" src=\"https:\/\/topbrokeri.com\/wp-content\/uploads\/2018\/02\/admiral-markets-1.png\" class=\"attachment-full size-full wp-image-5072\" alt=\"admiral market hr\" \/>\t\t\t\t\t\t\t\t\t\t\t\t\t\t\t<\/div>\n\t\t\t\t<\/div>\n\t\t\t\t<div class=\"elementor-element elementor-element-00649f2 elementor-widget elementor-widget-text-editor\" data-id=\"00649f2\" data-element_type=\"widget\" data-e-type=\"widget\" data-widget_type=\"text-editor.default\">\n\t\t\t\t<div class=\"elementor-widget-container\">\n\t\t\t\t\t\t\t\t\t<p>Z najbardziej u\u017cytecznymi i wydajnymi narz\u0119dziami na rynku, Admirale <a href=\"https:\/\/topbrokeri.com\/pl\/markets-com-recenzija\/\">Rynki<\/a> to zdecydowanie najlepszy wyb\u00f3r dla pocz\u0105tkuj\u0105cych. Od kalendarza ekonomicznego poprzez r\u00f3\u017cne analizy rynkowe, masz wgl\u0105d w obecne i przysz\u0142e trendy rynkowe.<\/p>\t\t\t\t\t\t\t\t<\/div>\n\t\t\t\t<\/div>\n\t\t\t\t\t<\/div>\n\t\t<\/div>\n\t\t\t\t\t<\/div>\n\t\t<\/section>\n\t\t\t\t<div class=\"elementor-element elementor-element-a070070 elementor-widget-divider--view-line elementor-widget elementor-widget-divider\" data-id=\"a070070\" data-element_type=\"widget\" data-e-type=\"widget\" data-widget_type=\"divider.default\">\n\t\t\t\t<div class=\"elementor-widget-container\">\n\t\t\t\t\t\t\t<div class=\"elementor-divider\">\n\t\t\t<span class=\"elementor-divider-separator\">\n\t\t\t\t\t\t<\/span>\n\t\t<\/div>\n\t\t\t\t\t\t<\/div>\n\t\t\t\t<\/div>\n\t\t\t\t<div class=\"elementor-element elementor-element-b64a7bd elementor-widget elementor-widget-accordion\" data-id=\"b64a7bd\" data-element_type=\"widget\" data-e-type=\"widget\" data-widget_type=\"accordion.default\">\n\t\t\t\t<div class=\"elementor-widget-container\">\n\t\t\t\t\t\t\t<div class=\"elementor-accordion\">\n\t\t\t\t\t\t\t<div class=\"elementor-accordion-item\">\n\t\t\t\t\t<h5 id=\"elementor-tab-title-1911\" class=\"elementor-tab-title\" data-tab=\"1\" role=\"button\" aria-controls=\"elementor-tab-content-1911\" aria-expanded=\"false\">\n\t\t\t\t\t\t\t\t\t\t\t\t\t<span class=\"elementor-accordion-icon elementor-accordion-icon-left\" aria-hidden=\"true\">\n\t\t\t\t\t\t\t\t\t\t\t\t\t\t\t<span class=\"elementor-accordion-icon-closed\"><i class=\"fas fa-plus\"><\/i><\/span>\n\t\t\t\t\t\t\t\t<span class=\"elementor-accordion-icon-opened\"><i class=\"fas fa-minus\"><\/i><\/span>\n\t\t\t\t\t\t\t\t\t\t\t\t\t\t<\/span>\n\t\t\t\t\t\t\t\t\t\t\t\t<a class=\"elementor-accordion-title\" tabindex=\"0\">Kryptowaluty CFD<\/a>\n\t\t\t\t\t<\/h5>\n\t\t\t\t\t<div id=\"elementor-tab-content-1911\" class=\"elementor-tab-content elementor-clearfix\" data-tab=\"1\" role=\"region\" aria-labelledby=\"elementor-tab-title-1911\"><p>Niezale\u017cnie od tego, czy jeste\u015b ju\u017c aktywnym uczestnikiem handlu online, czy nie masz z tym absolutnie nic wsp\u00f3lnego, z pewno\u015bci\u0105 s\u0142ysza\u0142e\u015b r\u00f3\u017cne informacje na temat kryptowalut i ich wp\u0142ywu na rynek globalny. M\u00f3wi\u0105c najpro\u015bciej, przy ich gwa\u0142townym wzro\u015bcie, prawie nie ma zak\u0105tka codziennego \u017cycia, kt\u00f3rego nie dotkn\u0119\u0142y kryptowaluty. Cho\u0107 pocz\u0105tki kryptowalut si\u0119gaj\u0105 prawie 10 lat, to prawdziwy rozkwit prze\u017cy\u0142y one dopiero w ostatnich kilku latach. I jakie! Opr\u00f3cz tego, \u017ce s\u0105 uznawane przez wszystkich aktywnych trader\u00f3w i broker\u00f3w, kryptowaluty sta\u0142y si\u0119 r\u00f3wnie\u017c codziennym \u017ar\u00f3d\u0142em dochod\u00f3w zwyk\u0142ych ludzi. Przeczytaj poni\u017cej, dlaczego tak si\u0119 dzieje.<\/p><h3>Pomys\u0142<\/h3><p>Pierwsza pr\u00f3ba stworzenia kryptowaluty mia\u0142a miejsce ju\u017c w 1998 roku, kiedy to opisano system tzw. \u201eB-money\u201d. Mia\u0142 to by\u0107 rodzaj pieni\u0105dza elektronicznego, kt\u00f3ry b\u0119dzie wymieniany pomi\u0119dzy anonimowymi uczestnikami. Pomimo obiecuj\u0105cego pomys\u0142u projekt nie wypali\u0142. Jednak w tym samym roku ameryka\u0144ski informatyk i kryptolog Nick Szabo stworzy\u0142 Bit Gold, kt\u00f3ry p\u00f3\u017aniej okaza\u0142 si\u0119 zagro\u017ceniem dla BitCoina. Chocia\u017c sam produkt nigdy nie zosta\u0142 w pe\u0142ni przyj\u0119ty, jego cz\u0119\u015bci i kluczowe elementy stanowi\u0105 istotn\u0105 cz\u0119\u015b\u0107 dzisiejszego BitCoina; takie jak koncepcja \u201eProof of Work\u201d, kt\u00f3ra okre\u015bla\u0142a moc komputera potrzebn\u0105 do rozwi\u0105zywania skomplikowanych zagadek kryptograficznych. Uczestnik sieci, kt\u00f3remu uda\u0142oby si\u0119 rozwi\u0105za\u0107 problem kryptograficzny, stworzy\u0142by tzw. \u201eBlockchain\u201d i tym samym zarobi\u0142 na swoim miejscu w tworzeniu r\u00f3\u017cnych ilo\u015bci kryptowalut.<\/p><p>Ta sama metoda jest kluczow\u0105 zasad\u0105 dzia\u0142ania sieci BitCoin, zaprojektowanej w 2008 roku jako odpowied\u017a na \u015bwiatowy kryzys. Jeden cz\u0142owiek lub ich grupa ukryta pod nazwiskiem Satoshi Nakamoto chcia\u0142a stworzy\u0107 prawdziwie niezale\u017cny i zdecentralizowany pieni\u0105dz elektroniczny typu peer-to-peer. Ze wzgl\u0119du na og\u00f3lne zaufanie do instytucji rz\u0105dowych i stabilno\u015b\u0107 waluty, BitCoin w ci\u0105gu najbli\u017cszych kilku lat ujrza\u0142 \u015bwiat\u0142o dzienne jako niezale\u017cny podmiot.<\/p><h3>Wej\u015bcie na rynek<\/h3><p>Teraz, gdy ju\u017c znasz ogromny potencja\u0142, jaki niew\u0105tpliwie kryj\u0105 si\u0119 w kryptowalutach, chcesz sta\u0107 si\u0119 cz\u0119\u015bci\u0105 tego rosn\u0105cego trendu, na pewno zastanawiasz si\u0119, jak handlowa\u0107 kryptowalutami!? Mianowicie s\u0105 r\u00f3\u017cne sposoby - mo\u017cna je kopa\u0107 tzw wydobywanie, spekulowanie na temat ich ceny lub po prostu kupowanie ich w celu jednodniowego handlu lub inwestycji d\u0142ugoterminowej. Kupowanie kryptowalut jest obecnie najpopularniejsze, co zdecydowanie potwierdza ich ogromny wzrost, kt\u00f3ry niemal gwarantuje czysty zysk z dnia na dzie\u0144.<\/p><h3>Wyb\u00f3r brokera<\/h3><p>Pierwszym krokiem w handlu kryptowalutami by\u0142by wyb\u00f3r brokera, czyli po\u015brednika, kt\u00f3ry wprowadzi Ci\u0119 na rynek kryptowalut. Cho\u0107 na pierwszy rzut oka wydaje si\u0119 to \u0142atw\u0105 prac\u0105, bardzo \u0142atwo jest si\u0119 zgubi\u0107 i pope\u0142ni\u0107 b\u0142\u0105d. Mianowicie, w morzu opcji i mo\u017cliwo\u015bci, jakie nios\u0105 ze sob\u0105 wsp\u00f3\u0142czesno\u015b\u0107 i Internet, Internet jest pe\u0142en nie tylko nieodpowiednich dla Twoich potrzeb broker\u00f3w, ale tak\u017ce oszustw. Na szcz\u0119\u015bcie dla Ciebie, dzi\u0119ki naszemu doborowi ekspert\u00f3w nie mo\u017cesz si\u0119 pomyli\u0107.<\/p><\/div>\n\t\t\t\t<\/div>\n\t\t\t\t\t\t\t<div class=\"elementor-accordion-item\">\n\t\t\t\t\t<h5 id=\"elementor-tab-title-1912\" class=\"elementor-tab-title\" data-tab=\"2\" role=\"button\" aria-controls=\"elementor-tab-content-1912\" aria-expanded=\"false\">\n\t\t\t\t\t\t\t\t\t\t\t\t\t<span class=\"elementor-accordion-icon elementor-accordion-icon-left\" aria-hidden=\"true\">\n\t\t\t\t\t\t\t\t\t\t\t\t\t\t\t<span class=\"elementor-accordion-icon-closed\"><i class=\"fas fa-plus\"><\/i><\/span>\n\t\t\t\t\t\t\t\t<span class=\"elementor-accordion-icon-opened\"><i class=\"fas fa-minus\"><\/i><\/span>\n\t\t\t\t\t\t\t\t\t\t\t\t\t\t<\/span>\n\t\t\t\t\t\t\t\t\t\t\t\t<a class=\"elementor-accordion-title\" tabindex=\"0\">Jak dzia\u0142aj\u0105 kryptowaluty?<\/a>\n\t\t\t\t\t<\/h5>\n\t\t\t\t\t<div id=\"elementor-tab-content-1912\" class=\"elementor-tab-content elementor-clearfix\" data-tab=\"2\" role=\"region\" aria-labelledby=\"elementor-tab-title-1912\"><h3>PODSTAWY KRYPTOWALUTY<\/h3><p>Od zarania dziej\u00f3w ludzie handlowali dobrami fizycznymi. Waluty te to obecnie g\u0142\u00f3wnie drukowane banknoty lub monety, zarz\u0105dzane przez scentralizowany rz\u0105d i monitorowane przez instytucje finansowe. Jednak w 2009 roku za\u0142o\u017cyciel Bitcoina, Satoshi Nakamoto, wpad\u0142 na pomys\u0142, kt\u00f3ry zmieni\u0142 spos\u00f3b, w jaki ludzie my\u015bl\u0105 o pieni\u0105dzach. Co by by\u0142o, gdyby walut\u0105 rz\u0105dzi\u0142a matematyka, a nie rz\u0105dy?<\/p><p>Kryptowaluty to cyfrowa forma pieni\u0105dza dzia\u0142aj\u0105ca w oparciu o zupe\u0142nie nowy system monetarny, nieregulowany przez \u017caden scentralizowany organ ani monitorowany przez formaln\u0105 instytucj\u0119. Istnieje wiele rodzaj\u00f3w kryptowalut o r\u00f3\u017cnych funkcjach. Niezale\u017cnie od ka\u017cdej funkcji, ka\u017cda waluta cyfrowa jest obs\u0142ugiwana przez zdecentralizowan\u0105 sie\u0107 peer-to-peer zwan\u0105 blockchain.<\/p><h3>\u0141A\u0143CUCH BLOKOWY<\/h3><p>Technologia Blockchain zapewnia \u015bledzenie wszystkich kryptowalut, niezale\u017cnie od tego, czy s\u0105 one przechowywane w portfelu cyfrowym, czy wykorzystywane w handlu. Efektywno\u015b\u0107 dzia\u0142ania takiego systemu wymaga jednak infrastruktury, kt\u00f3ra sprawi, \u017ce oszukiwanie i granie w systemie nie b\u0119dzie mo\u017cliwe. Bitcoin by\u0142 pierwszym na rynku, ustanawiaj\u0105c system, w kt\u00f3rym dwie osoby \u2013 nadawca i odbiorca monet \u2013 musz\u0105 si\u0119 podpisa\u0107, aby utworzy\u0107 podpis cyfrowy. Ka\u017cda osoba ma publiczny i prywatny klucz szyfruj\u0105cy. Ka\u017cda transakcja jest sprawdzana pod k\u0105tem poprawno\u015bci, a system jest anonimowy i ca\u0142kowicie przejrzysty. W centrum tej infrastruktury znajduje si\u0119 ksi\u0105\u017cka. Przyjrzyjmy si\u0119 wi\u0119c, jak to dzia\u0142a.<\/p><h3>JAK DZIA\u0141AJ\u0104 KRYPTOWALUTY<\/h3><p>Jest to ksi\u0119ga kryptowalut, w kt\u00f3rej publikowane s\u0105 wszystkie transakcje, aby zapewni\u0107 pe\u0142n\u0105 przejrzysto\u015b\u0107. Prowadzenie ksi\u0119gi zmusza wszystkich do \u201egry fair\u201d i eliminuje ryzyko podw\u00f3jnych wydatk\u00f3w. Ksi\u0119ga to lista wpis\u00f3w w bazie danych, kt\u00f3rych nikt nie mo\u017ce zmieni\u0107 bez spe\u0142nienia okre\u015blonych warunk\u00f3w. Nikt nie jest w\u0142a\u015bcicielem ksi\u0119gi ani \u0142a\u0144cucha blok\u00f3w kryptowalut; zamiast tego jest to zdecentralizowane znaczenie samorz\u0105du i samorz\u0105dno\u015bci bez ingerencji stron zewn\u0119trznych.<\/p><h3>G\u00d3RNICTWO<\/h3><p>Za\u0142\u00f3\u017cmy, \u017ce chcesz zainwestowa\u0107 w kryptowalut\u0119, tak\u0105 jak Bitcoin, za po\u015brednictwem du\u017cej gie\u0142dy kryptowalut. Po zakupie zdecyduj si\u0119 na jego wydanie. Co si\u0119 teraz stanie? Transakcja jest pocz\u0105tkowo niepotwierdzona, co oznacza, \u017ce nie jest jeszcze oficjalna i nie zostaje \u201ezatwierdzona\u201d do czasu przej\u015bcia procesu weryfikacji. Po zatwierdzeniu transakcja staje si\u0119 cz\u0119\u015bci\u0105 rejestru transakcji historycznych umieszczonego w blockchainie.<\/p><p>Osoby zajmuj\u0105ce si\u0119 obs\u0142ug\u0105 kryptowalut weryfikuj\u0105 transakcje, a nast\u0119pnie dodaj\u0105 je do ksi\u0119gi publicznej. U\u017cywaj\u0105 wydajnych komputer\u00f3w do rozwi\u0105zywania z\u0142o\u017conych problem\u00f3w matematycznych, kt\u00f3re s\u0105 kluczowe w procesie weryfikacji. Kopanie kryptowalut jest otwarte, wi\u0119c ka\u017cdy mo\u017ce potwierdzi\u0107 transakcj\u0119, a pierwszy g\u00f3rnik, kt\u00f3ry rozwi\u0105\u017ce problem, mo\u017ce doda\u0107 blok do swojej ksi\u0119gi transakcji. Proces ten nazywany jest \u201esystemem potwierdzaj\u0105cym prac\u0119\u201d.<\/p><p>Po dodaniu bloku do ksi\u0119gi g\u00f3rnik otrzymuje nagrod\u0119 za swoje wysi\u0142ki, kt\u00f3ra r\u00f3\u017cni si\u0119 w zale\u017cno\u015bci od kryptowaluty. Na przyk\u0142ad Bitcoin pierwotnie przyzna\u0142 50 BTC, ale dzisiaj nagroda ta zmniejszy\u0142a si\u0119 o po\u0142ow\u0119 do 12,5 BTC.<\/p><h3>PRZYSZ\u0141O\u015a\u0106 JEST TU<\/h3><p>Wiod\u0105ce kryptowaluty b\u0119d\u0105 odgrywa\u0107 wa\u017cn\u0105 rol\u0119 w przysz\u0142o\u015bci, a ich wykorzystanie stale ro\u015bnie w ci\u0105gu ostatnich kilku lat. Bitcoin jest obecnie u\u017cywany w 96 krajach i ro\u015bnie, a co godzin\u0119 odbywa si\u0119 12 000 transakcji. Lepsze zrozumienie kryptowalut to pierwszy krok, drugim jest pr\u00f3ba.<\/p><p>Wybierz swojego faworyta z naszej listy najlepszych broker\u00f3w i handluj kryptowalutami ju\u017c dzi\u015b!<\/p><\/div>\n\t\t\t\t<\/div>\n\t\t\t\t\t\t\t\t<\/div>\n\t\t\t\t\t\t<\/div>\n\t\t\t\t<\/div>\n\t\t\t\t\t<\/div>\n\t\t<\/div>\n\t\t\t\t\t<\/div>\n\t\t<\/section>\n\t\t\t\t<\/div>","protected":false},"excerpt":{"rendered":"<p>CFD Kriptovalute \u201cBudu\u0107nost novca je digitalna valuta \u201d Bill Gates Tijekom 2020. godine, tr\u017ei\u0161ne vrijednosti\u00a0 najve\u0107ih kriptovaluta porasle su za 159 posto, \u0161to je Bitcoin (BTC) odr\u017eao u 2021. godini, dosegnuv\u0161i u travnju 64.863 dolara. Me\u0111utim tr\u017ei\u0161te kriptovalutama nije jedino zabilje\u017eilo impresivan rast.. Ugovori utemeljeni na Ethereumu i imovina kao \u0161to je NFTS preuzimaju internet [&hellip;]<\/p>\n","protected":false},"author":1,"featured_media":0,"parent":0,"menu_order":0,"comment_status":"closed","ping_status":"closed","template":"elementor_header_footer","meta":{"footnotes":""},"class_list":["post-2136","page","type-page","status-publish","hentry"],"_links":{"self":[{"href":"https:\/\/topbrokeri.com\/pl\/wp-json\/wp\/v2\/pages\/2136","targetHints":{"allow":["GET"]}}],"collection":[{"href":"https:\/\/topbrokeri.com\/pl\/wp-json\/wp\/v2\/pages"}],"about":[{"href":"https:\/\/topbrokeri.com\/pl\/wp-json\/wp\/v2\/types\/page"}],"author":[{"embeddable":true,"href":"https:\/\/topbrokeri.com\/pl\/wp-json\/wp\/v2\/users\/1"}],"replies":[{"embeddable":true,"href":"https:\/\/topbrokeri.com\/pl\/wp-json\/wp\/v2\/comments?post=2136"}],"version-history":[{"count":6,"href":"https:\/\/topbrokeri.com\/pl\/wp-json\/wp\/v2\/pages\/2136\/revisions"}],"predecessor-version":[{"id":7865,"href":"https:\/\/topbrokeri.com\/pl\/wp-json\/wp\/v2\/pages\/2136\/revisions\/7865"}],"wp:attachment":[{"href":"https:\/\/topbrokeri.com\/pl\/wp-json\/wp\/v2\/media?parent=2136"}],"curies":[{"name":"wp","href":"https:\/\/api.w.org\/{rel}","templated":true}]}}