{"id":2038,"date":"2017-11-15T10:50:49","date_gmt":"2017-11-15T10:50:49","guid":{"rendered":"https:\/\/topbrokeri.com\/?page_id=2038"},"modified":"2022-04-23T13:14:42","modified_gmt":"2022-04-23T13:14:42","slug":"odricanje","status":"publish","type":"page","link":"https:\/\/topbrokeri.com\/pl\/odricanje\/","title":{"rendered":"Zrzeczenie si\u0119"},"content":{"rendered":"<div data-elementor-type=\"wp-page\" data-elementor-id=\"2038\" class=\"elementor elementor-2038\" data-elementor-post-type=\"page\">\n\t\t\t\t\t\t<section class=\"elementor-section elementor-top-section elementor-element elementor-element-4fac1fa elementor-section-stretched elementor-section-boxed elementor-section-height-default elementor-section-height-default\" data-id=\"4fac1fa\" data-element_type=\"section\" data-e-type=\"section\" data-settings=\"{&quot;stretch_section&quot;:&quot;section-stretched&quot;,&quot;shape_divider_top&quot;:&quot;tilt&quot;}\">\n\t\t\t\t\t<div class=\"elementor-shape elementor-shape-top\" aria-hidden=\"true\" data-negative=\"false\">\n\t\t\t<svg xmlns=\"http:\/\/www.w3.org\/2000\/svg\" viewbox=\"0 0 1000 100\" preserveaspectratio=\"none\">\n\t<path class=\"elementor-shape-fill\" d=\"M0,6V0h1000v100L0,6z\"\/>\n<\/svg>\t\t<\/div>\n\t\t\t\t\t<div class=\"elementor-container elementor-column-gap-default\">\n\t\t\t\t\t<div class=\"elementor-column elementor-col-100 elementor-top-column elementor-element elementor-element-8436f84\" data-id=\"8436f84\" data-element_type=\"column\" data-e-type=\"column\">\n\t\t\t<div class=\"elementor-widget-wrap elementor-element-populated\">\n\t\t\t\t\t\t<div class=\"elementor-element elementor-element-5277b93 elementor-widget elementor-widget-heading\" data-id=\"5277b93\" data-element_type=\"widget\" data-e-type=\"widget\" data-widget_type=\"heading.default\">\n\t\t\t\t<div class=\"elementor-widget-container\">\n\t\t\t\t\t<h1 class=\"elementor-heading-title elementor-size-default\">Zrzeczenie si\u0119<\/h1>\t\t\t\t<\/div>\n\t\t\t\t<\/div>\n\t\t\t\t<div class=\"elementor-element elementor-element-7035474 elementor-widget elementor-widget-text-editor\" data-id=\"7035474\" data-element_type=\"widget\" data-e-type=\"widget\" data-widget_type=\"text-editor.default\">\n\t\t\t\t<div class=\"elementor-widget-container\">\n\t\t\t\t\t\t\t\t\t<p>W dzisiejszych czasach, gdy \u017cycie staje si\u0119 coraz dro\u017csze, a czas coraz kr\u00f3tszy, isTopBrokeri.com nie b\u0119dzie prawnie odpowiedzialna za jakiekolwiek straty lub szkody wynikaj\u0105ce z polegania na informacjach wy\u015bwietlanych na tej stronie, w tym recenzjach broker\u00f3w, wiadomo\u015bciach finansowych, opiniach autor\u00f3w i \/ lub analiza. Informacje zawarte na TopBrokeri.com nie zawsze s\u0105 publikowane w czasie rzeczywistym i\/lub koniecznie dok\u0142adne i nie zawsze odzwierciedlaj\u0105 pogl\u0105dy w\u0142a\u015bcicieli, pracownik\u00f3w i\/lub autor\u00f3w tre\u015bci TopBrokeri.com. Nale\u017cy wiedzie\u0107, \u017ce handel kontraktami CFD lub jakikolwiek inny rodzaj handlu wi\u0105\u017ce si\u0119 z wysokim ryzykiem i nie jest odpowiedni dla ka\u017cdego. Przed przyst\u0105pieniem do handlu kontraktami CFD lub jakimkolwiek innym instrumentem finansowym nale\u017cy zdawa\u0107 sobie spraw\u0119 z ryzyka, dok\u0142adnie zapozna\u0107 si\u0119 ze swoimi celami i ograniczeniami inwestycyjnymi oraz uzyska\u0107 odpowiedni poziom zrozumienia i zarz\u0105dzania ryzykiem. Handel produktami lewarowanymi jako kontraktami CFD wi\u0105\u017ce si\u0119 ze znacznym ryzykiem strat i mo\u017ce nie by\u0107 odpowiedni dla wszystkich inwestor\u00f3w. Handel takimi produktami jest ryzykowny i mo\u017cesz straci\u0107 ca\u0142y zainwestowany kapita\u0142.Do\u015bwiadczeni inwestorzy i pocz\u0105tkuj\u0105cy traderzy na ca\u0142ym \u015bwiecie szukaj\u0105 nowych \u017ar\u00f3de\u0142 inwestycji i zysk\u00f3w, pr\u00f3buj\u0105c dowiedzie\u0107 si\u0119, kt\u00f3rzy brokerzy s\u0105 najlepsi. Dzi\u0119ki Internetowi, kt\u00f3ry sta\u0142 si\u0119 nieodzown\u0105 cz\u0119\u015bci\u0105 \u017cycia codziennego, rynek spekulacji czy popularny Forex przeni\u00f3s\u0142 si\u0119 z du\u017cych gie\u0142d na ma\u0142e ekrany za po\u015brednictwem r\u00f3\u017cnych po\u015brednik\u00f3w czy popularnego Brokera pozwalaj\u0105cego ka\u017cdemu spr\u00f3bowa\u0107 swojej wiedzy w handlu online bez wzgl\u0119du na do\u015bwiadczenie i do\u015bwiadczenie Lokalizacja. Dzi\u0119ki dzisiejszym najlepszym brokerom oferuj\u0105cym swoim u\u017cytkownikom mn\u00f3stwo materia\u0142\u00f3w edukacyjnych i seminari\u00f3w, bycie odnosz\u0105cym sukcesy inwestorem nigdy nie by\u0142o \u0142atwiejsze. Wybieraj\u0105c najlepszego brokera dla swoich potrzeb z naszej Top Listy, mo\u017cesz by\u0107 pewien, \u017ce wyczerpuj\u0105ca podr\u00f3\u017c w poszukiwaniu odpowiedniego nie zawiedzie Ci\u0119 na manowce i \u017ce Twoje do\u015bwiadczenie handlowe zapami\u0119tasz tylko na dobre!<\/p>\t\t\t\t\t\t\t\t<\/div>\n\t\t\t\t<\/div>\n\t\t\t\t\t<\/div>\n\t\t<\/div>\n\t\t\t\t\t<\/div>\n\t\t<\/section>\n\t\t\t\t<\/div>","protected":false},"excerpt":{"rendered":"<p>Odricanje U dana\u0161nje vrijeme kada \u017eivot postaje sve skuplji, a vremena sve manje, isTopBrokeri.com ne\u0107e biti pravno odgovoran za bilo kakav gubitak ili \u0161tetu koja proizlazi iz oslanjanja na informacije prikazane na ovoj web stranici, uklju\u010duju\u0107i recenzije brokera, financijske vijesti, mi\u0161ljenja autora i \/ ili analize. Podaci uklju\u010deni na TopBrokeri.com nisu uvijek objavljeni u stvarnom [&hellip;]<\/p>\n","protected":false},"author":1,"featured_media":0,"parent":0,"menu_order":0,"comment_status":"closed","ping_status":"closed","template":"elementor_header_footer","meta":{"footnotes":""},"class_list":["post-2038","page","type-page","status-publish","hentry"],"_links":{"self":[{"href":"https:\/\/topbrokeri.com\/pl\/wp-json\/wp\/v2\/pages\/2038","targetHints":{"allow":["GET"]}}],"collection":[{"href":"https:\/\/topbrokeri.com\/pl\/wp-json\/wp\/v2\/pages"}],"about":[{"href":"https:\/\/topbrokeri.com\/pl\/wp-json\/wp\/v2\/types\/page"}],"author":[{"embeddable":true,"href":"https:\/\/topbrokeri.com\/pl\/wp-json\/wp\/v2\/users\/1"}],"replies":[{"embeddable":true,"href":"https:\/\/topbrokeri.com\/pl\/wp-json\/wp\/v2\/comments?post=2038"}],"version-history":[{"count":4,"href":"https:\/\/topbrokeri.com\/pl\/wp-json\/wp\/v2\/pages\/2038\/revisions"}],"predecessor-version":[{"id":7798,"href":"https:\/\/topbrokeri.com\/pl\/wp-json\/wp\/v2\/pages\/2038\/revisions\/7798"}],"wp:attachment":[{"href":"https:\/\/topbrokeri.com\/pl\/wp-json\/wp\/v2\/media?parent=2038"}],"curies":[{"name":"wp","href":"https:\/\/api.w.org\/{rel}","templated":true}]}}