{"id":2136,"date":"2017-11-16T09:51:08","date_gmt":"2017-11-16T09:51:08","guid":{"rendered":"https:\/\/topbrokeri.com\/?page_id=2136"},"modified":"2022-04-25T08:58:16","modified_gmt":"2022-04-25T08:58:16","slug":"cfd-kriptovalute","status":"publish","type":"page","link":"https:\/\/topbrokeri.com\/it\/cfd-kriptovalute\/","title":{"rendered":"CFD Criptovalute"},"content":{"rendered":"<div data-elementor-type=\"wp-page\" data-elementor-id=\"2136\" class=\"elementor elementor-2136\" data-elementor-post-type=\"page\">\n\t\t\t\t\t\t<section class=\"elementor-section elementor-top-section elementor-element elementor-element-77a1b56 elementor-section-stretched elementor-section-boxed elementor-section-height-default elementor-section-height-default\" data-id=\"77a1b56\" data-element_type=\"section\" data-e-type=\"section\" data-settings=\"{&quot;stretch_section&quot;:&quot;section-stretched&quot;,&quot;shape_divider_top&quot;:&quot;tilt&quot;}\">\n\t\t\t\t\t<div class=\"elementor-shape elementor-shape-top\" aria-hidden=\"true\" data-negative=\"false\">\n\t\t\t<svg xmlns=\"http:\/\/www.w3.org\/2000\/svg\" viewbox=\"0 0 1000 100\" preserveaspectratio=\"none\">\n\t<path class=\"elementor-shape-fill\" d=\"M0,6V0h1000v100L0,6z\"\/>\n<\/svg>\t\t<\/div>\n\t\t\t\t\t<div class=\"elementor-container elementor-column-gap-default\">\n\t\t\t\t\t<div class=\"elementor-column elementor-col-100 elementor-top-column elementor-element elementor-element-b9b3a1d\" data-id=\"b9b3a1d\" data-element_type=\"column\" data-e-type=\"column\">\n\t\t\t<div class=\"elementor-widget-wrap elementor-element-populated\">\n\t\t\t\t\t\t<div class=\"elementor-element elementor-element-8f0a9a8 elementor-widget elementor-widget-heading\" data-id=\"8f0a9a8\" data-element_type=\"widget\" data-e-type=\"widget\" data-widget_type=\"heading.default\">\n\t\t\t\t<div class=\"elementor-widget-container\">\n\t\t\t\t\t<h1 class=\"elementor-heading-title elementor-size-default\">CFD Criptovalute<\/h1>\t\t\t\t<\/div>\n\t\t\t\t<\/div>\n\t\t\t\t<div class=\"elementor-element elementor-element-1ab3e72 elementor-widget elementor-widget-text-editor\" data-id=\"1ab3e72\" data-element_type=\"widget\" data-e-type=\"widget\" data-widget_type=\"text-editor.default\">\n\t\t\t\t<div class=\"elementor-widget-container\">\n\t\t\t\t\t\t\t\t\t<blockquote><h3 style=\"text-align: center;\">&quot;Il futuro del denaro \u00e8 la valuta digitale&quot;<\/h3><p style=\"text-align: center;\"><strong>Bill Gates<\/strong><\/p><\/blockquote>\t\t\t\t\t\t\t\t<\/div>\n\t\t\t\t<\/div>\n\t\t\t\t<div class=\"elementor-element elementor-element-317a39f elementor-widget elementor-widget-text-editor\" data-id=\"317a39f\" data-element_type=\"widget\" data-e-type=\"widget\" data-widget_type=\"text-editor.default\">\n\t\t\t\t<div class=\"elementor-widget-container\">\n\t\t\t\t\t\t\t\t\t<div class=\"wpb_text_column wpb_content_element\"><div class=\"wpb_wrapper\"><p>Nel corso del 2020, i valori di mercato delle pi\u00f9 grandi criptovalute sono aumentati del 159%, il che \u00e8 <a href=\"https:\/\/topbrokeri.com\/it\/predvidanje-cijene-bitcoin\/\">Bitcoin<\/a> (BTC) detenuto nel 2021, raggiungendo i 64.863 dollari ad aprile. Tuttavia, il mercato delle criptovalute non \u00e8 l\u2019unico ad aver registrato una crescita impressionante: i contratti e gli asset basati su Ethereum come NFTS stanno prendendo il sopravvento sul trading online come un treno in corsa. Il pi\u00f9 costoso <a href=\"https:\/\/topbrokeri.com\/it\/matrix-nft-trader\/\">NFT<\/a>, un&#039;opera d&#039;arte digitale di Beeple, venduta per 69 milioni di dollari nel febbraio 2021. Negoziazione di opzioni <a href=\"https:\/\/topbrokeri.com\/it\/trgovanje-cfd-ovima\/\">CFD<\/a> le criptovalute stanno diventando sempre pi\u00f9 popolari.<\/p><p>Senza la necessit\u00e0 del possesso fisico, i CFD presentano un rischio ridotto di furto di capitale. Inoltre, quando scambi criptovalute con CFD puoi ottenere guadagni significativi anche se il mercato delle criptovalute stesso perde valore. Questi vantaggi, insieme alla leva finanziaria, alla liquidit\u00e0, agli interessi e alla volatilit\u00e0 del mercato delle criptovalute, hanno reso il trading di criptovalute con CFD lo strumento principale del trading e degli investimenti moderni.<\/p><\/div><\/div>\t\t\t\t\t\t\t\t<\/div>\n\t\t\t\t<\/div>\n\t\t\t\t<section class=\"elementor-section elementor-inner-section elementor-element elementor-element-f28edd8 elementor-section-boxed elementor-section-height-default elementor-section-height-default\" data-id=\"f28edd8\" data-element_type=\"section\" data-e-type=\"section\">\n\t\t\t\t\t\t<div class=\"elementor-container elementor-column-gap-default\">\n\t\t\t\t\t<div class=\"elementor-column elementor-col-33 elementor-inner-column elementor-element elementor-element-9f078bc\" data-id=\"9f078bc\" data-element_type=\"column\" data-e-type=\"column\">\n\t\t\t<div class=\"elementor-widget-wrap elementor-element-populated\">\n\t\t\t\t\t\t<div class=\"elementor-element elementor-element-8ef335c elementor-widget elementor-widget-image\" data-id=\"8ef335c\" data-element_type=\"widget\" data-e-type=\"widget\" data-widget_type=\"image.default\">\n\t\t\t\t<div class=\"elementor-widget-container\">\n\t\t\t\t\t\t\t\t\t\t\t\t\t\t\t<img decoding=\"async\" width=\"300\" height=\"150\" src=\"https:\/\/topbrokeri.com\/wp-content\/uploads\/2017\/12\/TORO.png\" class=\"attachment-full size-full wp-image-3138\" alt=\"etoro croazia\" \/>\t\t\t\t\t\t\t\t\t\t\t\t\t\t\t<\/div>\n\t\t\t\t<\/div>\n\t\t\t\t<div class=\"elementor-element elementor-element-ce9981b elementor-widget elementor-widget-text-editor\" data-id=\"ce9981b\" data-element_type=\"widget\" data-e-type=\"widget\" data-widget_type=\"text-editor.default\">\n\t\t\t\t<div class=\"elementor-widget-container\">\n\t\t\t\t\t\t\t\t\t<p>Una moderna rete di investimento sociale, un&#039;assistenza clienti tempestiva, sicurezza e fondi disponibili rendono il trading non solo affidabile ma anche divertente <a href=\"https:\/\/topbrokeri.com\/it\/etoro-recenzija\/\">eToro<\/a> merita sicuramente il suo posto tra i migliori!<\/p>\t\t\t\t\t\t\t\t<\/div>\n\t\t\t\t<\/div>\n\t\t\t\t\t<\/div>\n\t\t<\/div>\n\t\t\t\t<div class=\"elementor-column elementor-col-33 elementor-inner-column elementor-element elementor-element-7a89d98\" data-id=\"7a89d98\" data-element_type=\"column\" data-e-type=\"column\">\n\t\t\t<div class=\"elementor-widget-wrap elementor-element-populated\">\n\t\t\t\t\t\t<div class=\"elementor-element elementor-element-bbdacd6 elementor-widget elementor-widget-image\" data-id=\"bbdacd6\" data-element_type=\"widget\" data-e-type=\"widget\" data-widget_type=\"image.default\">\n\t\t\t\t<div class=\"elementor-widget-container\">\n\t\t\t\t\t\t\t\t\t\t\t\t\t\t\t<img decoding=\"async\" width=\"300\" height=\"150\" src=\"https:\/\/topbrokeri.com\/wp-content\/uploads\/2017\/11\/Plus500-300x150-1.jpg\" class=\"attachment-full size-full wp-image-3140\" alt=\"oltre500 recensioni\" \/>\t\t\t\t\t\t\t\t\t\t\t\t\t\t\t<\/div>\n\t\t\t\t<\/div>\n\t\t\t\t<div class=\"elementor-element elementor-element-9287bca elementor-widget elementor-widget-text-editor\" data-id=\"9287bca\" data-element_type=\"widget\" data-e-type=\"widget\" data-widget_type=\"text-editor.default\">\n\t\t\t\t<div class=\"elementor-widget-container\">\n\t\t\t\t\t\t\t\t\t<p>Cos&#039;\u00e8 quello <a href=\"https:\/\/topbrokeri.com\/it\/plus-500-recenzija\/\">Pi\u00f9500<\/a> ci\u00f2 che li rende diversi dagli altri broker \u00e8 che sono riusciti a sviluppare una piattaforma molto stabile che la maggior parte dei trader cerca. Con quasi 10 anni di esperienza, non sorprende che Plus500 sia diventato uno dei migliori servizi sul mercato.<\/p>\t\t\t\t\t\t\t\t<\/div>\n\t\t\t\t<\/div>\n\t\t\t\t\t<\/div>\n\t\t<\/div>\n\t\t\t\t<div class=\"elementor-column elementor-col-33 elementor-inner-column elementor-element elementor-element-56743f1\" data-id=\"56743f1\" data-element_type=\"column\" data-e-type=\"column\">\n\t\t\t<div class=\"elementor-widget-wrap elementor-element-populated\">\n\t\t\t\t\t\t<div class=\"elementor-element elementor-element-c668d51 elementor-widget elementor-widget-image\" data-id=\"c668d51\" data-element_type=\"widget\" data-e-type=\"widget\" data-widget_type=\"image.default\">\n\t\t\t\t<div class=\"elementor-widget-container\">\n\t\t\t\t\t\t\t\t\t\t\t\t\t\t\t<img decoding=\"async\" width=\"300\" height=\"150\" src=\"https:\/\/topbrokeri.com\/wp-content\/uploads\/2018\/02\/admiral-markets-1.png\" class=\"attachment-full size-full wp-image-5072\" alt=\"mercati dell&#039;ammiraglio hr\" \/>\t\t\t\t\t\t\t\t\t\t\t\t\t\t\t<\/div>\n\t\t\t\t<\/div>\n\t\t\t\t<div class=\"elementor-element elementor-element-00649f2 elementor-widget elementor-widget-text-editor\" data-id=\"00649f2\" data-element_type=\"widget\" data-e-type=\"widget\" data-widget_type=\"text-editor.default\">\n\t\t\t\t<div class=\"elementor-widget-container\">\n\t\t\t\t\t\t\t\t\t<p>Con gli strumenti pi\u00f9 utili ed efficienti sul mercato, Admiral <a href=\"https:\/\/topbrokeri.com\/it\/markets-com-recenzija\/\">Mercati<\/a> \u00e8 sicuramente la scelta migliore per i principianti. Dal calendario economico alle varie analisi di mercato avrete una panoramica delle tendenze di mercato attuali e future.<\/p>\t\t\t\t\t\t\t\t<\/div>\n\t\t\t\t<\/div>\n\t\t\t\t\t<\/div>\n\t\t<\/div>\n\t\t\t\t\t<\/div>\n\t\t<\/section>\n\t\t\t\t<div class=\"elementor-element elementor-element-a070070 elementor-widget-divider--view-line elementor-widget elementor-widget-divider\" data-id=\"a070070\" data-element_type=\"widget\" data-e-type=\"widget\" data-widget_type=\"divider.default\">\n\t\t\t\t<div class=\"elementor-widget-container\">\n\t\t\t\t\t\t\t<div class=\"elementor-divider\">\n\t\t\t<span class=\"elementor-divider-separator\">\n\t\t\t\t\t\t<\/span>\n\t\t<\/div>\n\t\t\t\t\t\t<\/div>\n\t\t\t\t<\/div>\n\t\t\t\t<div class=\"elementor-element elementor-element-b64a7bd elementor-widget elementor-widget-accordion\" data-id=\"b64a7bd\" data-element_type=\"widget\" data-e-type=\"widget\" data-widget_type=\"accordion.default\">\n\t\t\t\t<div class=\"elementor-widget-container\">\n\t\t\t\t\t\t\t<div class=\"elementor-accordion\">\n\t\t\t\t\t\t\t<div class=\"elementor-accordion-item\">\n\t\t\t\t\t<h5 id=\"elementor-tab-title-1911\" class=\"elementor-tab-title\" data-tab=\"1\" role=\"button\" aria-controls=\"elementor-tab-content-1911\" aria-expanded=\"false\">\n\t\t\t\t\t\t\t\t\t\t\t\t\t<span class=\"elementor-accordion-icon elementor-accordion-icon-left\" aria-hidden=\"true\">\n\t\t\t\t\t\t\t\t\t\t\t\t\t\t\t<span class=\"elementor-accordion-icon-closed\"><i class=\"fas fa-plus\"><\/i><\/span>\n\t\t\t\t\t\t\t\t<span class=\"elementor-accordion-icon-opened\"><i class=\"fas fa-minus\"><\/i><\/span>\n\t\t\t\t\t\t\t\t\t\t\t\t\t\t<\/span>\n\t\t\t\t\t\t\t\t\t\t\t\t<a class=\"elementor-accordion-title\" tabindex=\"0\">CFD Criptovalute<\/a>\n\t\t\t\t\t<\/h5>\n\t\t\t\t\t<div id=\"elementor-tab-content-1911\" class=\"elementor-tab-content elementor-clearfix\" data-tab=\"1\" role=\"region\" aria-labelledby=\"elementor-tab-title-1911\"><p>Che tu sia gi\u00e0 un partecipante attivo nel trading online o che tu non abbia assolutamente nulla a che fare con esso, devi aver sentito varie informazioni sulle criptovalute e sul loro impatto sul mercato globale. In poche parole, con la loro crescita alle stelle, non c\u2019\u00e8 quasi nessun angolo della vita quotidiana che le criptovalute non abbiano toccato. Sebbene gli esordi delle criptovalute risalgano a quasi 10 anni fa, il loro vero boom \u00e8 stato registrato solo negli ultimi anni. E che genere! Oltre ad essere riconosciute da tutti i trader e broker attivi, le criptovalute sono diventate anche una fonte di reddito quotidiana per la gente comune. Leggi di seguito perch\u00e9 \u00e8 cos\u00ec.<\/p><h3>Idea<\/h3><p>Il primo tentativo di creare una criptovaluta ebbe luogo nel 1998, quando fu descritto il cosiddetto sistema &quot;B-money&quot;. Doveva essere un tipo di moneta elettronica che sarebbe stata scambiata tra partecipanti anonimi. Nonostante l\u2019idea promettente, il progetto non decolla. Tuttavia, quello stesso anno, l&#039;informatico e crittografo americano Nick Szabo cre\u00f2 Bit Gold, che in seguito si sarebbe rivelato una minaccia per BitCoin. Sebbene il prodotto in s\u00e9 non sia mai stato completamente adottato, le sue parti e gli elementi chiave sono una parte essenziale del BitCoin di oggi; come il concetto di &quot;Proof of Work&quot;, che determinava la potenza del computer necessaria per risolvere complessi enigmi crittografici. Un partecipante alla rete che riuscisse a risolvere un problema crittografico creerebbe una cosiddetta &quot;Blockchain&quot; e guadagnerebbe cos\u00ec il suo posto nella formazione di varie quantit\u00e0 di criptovalute.<\/p><p>Questo stesso metodo \u00e8 il principio di funzionamento chiave della rete BitCoin, progettata nel 2008 come risposta alla crisi globale. Un uomo o un gruppo di loro nascosto sotto il nome di Satoshi Nakamoto voleva creare una moneta elettronica peer-to-peer veramente indipendente e decentralizzata. Grazie alla fiducia generale nelle istituzioni governative e nella stabilit\u00e0 monetaria, BitCoin vide la luce come indipendente negli anni successivi.<\/p><h3>Ingresso nel mercato<\/h3><p>Ora che hai familiarit\u00e0 con l&#039;enorme potenziale che senza dubbio hanno le criptovalute, vuoi diventare parte di questa tendenza in crescita, sicuramente ti starai chiedendo come scambiare criptovalute!? Vale a dire, ci sono vari modi: puoi scavarli con i cosiddetti mining, speculando sul loro prezzo o semplicemente acquistandoli, sia per il day trading che per investimenti a lungo termine. L&#039;acquisto di criptovalute \u00e8 attualmente la cosa pi\u00f9 popolare, il che \u00e8 sicuramente supportato dalla loro enorme crescita, che garantisce quasi un profitto puro dall&#039;oggi al domani.<\/p><h3>La scelta di un broker<\/h3><p>Il primo passo nel trading di criptovalute sarebbe scegliere un broker, ovvero un intermediario che ti introdurr\u00e0 al mercato delle criptovalute. Anche se all&#039;inizio sembra un lavoro facile, \u00e8 molto facile perdersi e commettere un errore. Vale a dire, nel mare di opzioni e opportunit\u00e0 che i tempi moderni e Internet portano con s\u00e9, Internet \u00e8 pieno non solo di broker inadatti alle tue esigenze, ma anche di truffe. Fortunatamente per te, con la nostra selezione di esperti, non puoi sbagliare.<\/p><\/div>\n\t\t\t\t<\/div>\n\t\t\t\t\t\t\t<div class=\"elementor-accordion-item\">\n\t\t\t\t\t<h5 id=\"elementor-tab-title-1912\" class=\"elementor-tab-title\" data-tab=\"2\" role=\"button\" aria-controls=\"elementor-tab-content-1912\" aria-expanded=\"false\">\n\t\t\t\t\t\t\t\t\t\t\t\t\t<span class=\"elementor-accordion-icon elementor-accordion-icon-left\" aria-hidden=\"true\">\n\t\t\t\t\t\t\t\t\t\t\t\t\t\t\t<span class=\"elementor-accordion-icon-closed\"><i class=\"fas fa-plus\"><\/i><\/span>\n\t\t\t\t\t\t\t\t<span class=\"elementor-accordion-icon-opened\"><i class=\"fas fa-minus\"><\/i><\/span>\n\t\t\t\t\t\t\t\t\t\t\t\t\t\t<\/span>\n\t\t\t\t\t\t\t\t\t\t\t\t<a class=\"elementor-accordion-title\" tabindex=\"0\">Come funzionano le criptovalute?<\/a>\n\t\t\t\t\t<\/h5>\n\t\t\t\t\t<div id=\"elementor-tab-content-1912\" class=\"elementor-tab-content elementor-clearfix\" data-tab=\"2\" role=\"region\" aria-labelledby=\"elementor-tab-title-1912\"><h3>BASI SULLA CRIPTOVALUTA<\/h3><p>Gli esseri umani commerciano beni fisici fin dall\u2019inizio dei tempi. Queste valute oggi sono per lo pi\u00f9 banconote o monete stampate gestite da un governo centralizzato e monitorate da istituzioni finanziarie. Tuttavia, nel 2009, il fondatore di Bitcoin, Satoshi Nakamoto, lanci\u00f2 un\u2019idea che avrebbe cambiato il modo in cui le persone pensano al denaro. E se la valuta fosse governata dalla matematica e non dai governi?<\/p><p>Le criptovalute sono una forma digitale di denaro che funziona su un sistema monetario completamente nuovo, non regolato da alcun organismo centralizzato o monitorato da un\u2019istituzione formale. Esistono molti tipi di criptovalute con funzioni diverse. Indipendentemente da ciascuna funzione, ciascuna valuta digitale \u00e8 supportata da una rete peer-to-peer decentralizzata chiamata blockchain.<\/p><h3>BLOCKCHAIN<\/h3><p>La tecnologia Blockchain garantisce il tracciamento di tutte le criptovalute, indipendentemente dal fatto che siano conservate in un portafoglio digitale o utilizzate nel commercio. L\u2019efficienza della gestione di un sistema del genere, tuttavia, richiede un\u2019infrastruttura che garantisca che non sia possibile imbrogliare e ingannare il sistema. Bitcoin \u00e8 stato il primo a essere introdotto sul mercato, stabilendo un sistema in cui due persone \u2013 il mittente e il destinatario delle monete \u2013 devono firmare per creare una firma digitale. Ogni persona ha una chiave di crittografia pubblica e privata. Ogni transazione viene controllata per verificarne l&#039;accuratezza e il sistema \u00e8 anonimo e completamente trasparente. Al centro di questa infrastruttura c\u2019\u00e8 un libro. Quindi approfondiamo come funziona.<\/p><h3>COME FUNZIONANO LE CRIPTOVALUTE<\/h3><p>\u00c8 un registro di criptovaluta in cui tutte le transazioni vengono pubblicate per garantire la completa trasparenza. Tenere un registro costringe tutti a &quot;giocare onestamente&quot; ed elimina il rischio di doppia spesa. Un registro \u00e8 un elenco di voci del database che nessuno pu\u00f2 modificare senza soddisfare determinate condizioni. Nessuno possiede il registro o la blockchain delle criptovalute; si tratta invece di un significato decentralizzato di autogoverno e di autogoverno senza l&#039;interferenza di soggetti esterni.<\/p><h3>ESTRAZIONE<\/h3><p>Supponiamo che tu voglia investire in una criptovaluta, come Bitcoin, attraverso un importante scambio di criptovaluta. Dopo l&#039;acquisto, decidi di spenderlo. Cosa succeder\u00e0 adesso? La transazione inizialmente non \u00e8 confermata, il che significa che la transazione non \u00e8 ancora ufficiale e non diventa &quot;scolpita nella pietra&quot; finch\u00e9 non supera il processo di verifica. Una volta confermata, la transazione diventa parte del registro delle transazioni storiche inserite nella blockchain.<\/p><p>I gestori di criptovaluta verificano le transazioni e quindi le aggiungono al registro pubblico. Usano computer potenti per risolvere problemi matematici complessi che sono cruciali per il processo di verifica. Il mining di criptovaluta \u00e8 aperto, quindi chiunque pu\u00f2 confermare una transazione e il primo minatore che risolve il problema pu\u00f2 aggiungere un blocco al registro delle transazioni. Questo processo \u00e8 chiamato &quot;sistema di prova del lavoro&quot;.<\/p><p>Dopo che un blocco viene aggiunto al registro, al minatore viene assegnata una ricompensa per i suoi sforzi, che varia a seconda della criptovaluta. Ad esempio, Bitcoin originariamente assegnava 50 BTC, ma oggi tale ricompensa \u00e8 stata dimezzata a 12,5 BTC.<\/p><h3>IL FUTURO \u00c8 QUI<\/h3><p>Le principali criptovalute svolgeranno un ruolo importante in futuro e il loro utilizzo \u00e8 aumentato costantemente negli ultimi anni. Bitcoin \u00e8 attualmente utilizzato in 96 paesi ed \u00e8 in crescita, con 12.000 transazioni che avvengono ogni ora. Capire di pi\u00f9 sulle criptovalute \u00e8 il primo passo, il secondo \u00e8 provare.<\/p><p>Scegli il tuo preferito dalla nostra lista dei migliori broker e scambia criptovalute oggi stesso!<\/p><\/div>\n\t\t\t\t<\/div>\n\t\t\t\t\t\t\t\t<\/div>\n\t\t\t\t\t\t<\/div>\n\t\t\t\t<\/div>\n\t\t\t\t\t<\/div>\n\t\t<\/div>\n\t\t\t\t\t<\/div>\n\t\t<\/section>\n\t\t\t\t<\/div>","protected":false},"excerpt":{"rendered":"<p>CFD Kriptovalute \u201cBudu\u0107nost novca je digitalna valuta \u201d Bill Gates Tijekom 2020. godine, tr\u017ei\u0161ne vrijednosti\u00a0 najve\u0107ih kriptovaluta porasle su za 159 posto, \u0161to je Bitcoin (BTC) odr\u017eao u 2021. godini, dosegnuv\u0161i u travnju 64.863 dolara. Me\u0111utim tr\u017ei\u0161te kriptovalutama nije jedino zabilje\u017eilo impresivan rast.. Ugovori utemeljeni na Ethereumu i imovina kao \u0161to je NFTS preuzimaju internet [&hellip;]<\/p>\n","protected":false},"author":1,"featured_media":0,"parent":0,"menu_order":0,"comment_status":"closed","ping_status":"closed","template":"elementor_header_footer","meta":{"footnotes":""},"class_list":["post-2136","page","type-page","status-publish","hentry"],"_links":{"self":[{"href":"https:\/\/topbrokeri.com\/it\/wp-json\/wp\/v2\/pages\/2136","targetHints":{"allow":["GET"]}}],"collection":[{"href":"https:\/\/topbrokeri.com\/it\/wp-json\/wp\/v2\/pages"}],"about":[{"href":"https:\/\/topbrokeri.com\/it\/wp-json\/wp\/v2\/types\/page"}],"author":[{"embeddable":true,"href":"https:\/\/topbrokeri.com\/it\/wp-json\/wp\/v2\/users\/1"}],"replies":[{"embeddable":true,"href":"https:\/\/topbrokeri.com\/it\/wp-json\/wp\/v2\/comments?post=2136"}],"version-history":[{"count":6,"href":"https:\/\/topbrokeri.com\/it\/wp-json\/wp\/v2\/pages\/2136\/revisions"}],"predecessor-version":[{"id":7865,"href":"https:\/\/topbrokeri.com\/it\/wp-json\/wp\/v2\/pages\/2136\/revisions\/7865"}],"wp:attachment":[{"href":"https:\/\/topbrokeri.com\/it\/wp-json\/wp\/v2\/media?parent=2136"}],"curies":[{"name":"wp","href":"https:\/\/api.w.org\/{rel}","templated":true}]}}