{"id":2038,"date":"2017-11-15T10:50:49","date_gmt":"2017-11-15T10:50:49","guid":{"rendered":"https:\/\/topbrokeri.com\/?page_id=2038"},"modified":"2022-04-23T13:14:42","modified_gmt":"2022-04-23T13:14:42","slug":"odricanje","status":"publish","type":"page","link":"https:\/\/topbrokeri.com\/it\/odricanje\/","title":{"rendered":"Rinuncia"},"content":{"rendered":"<div data-elementor-type=\"wp-page\" data-elementor-id=\"2038\" class=\"elementor elementor-2038\" data-elementor-post-type=\"page\">\n\t\t\t\t\t\t<section class=\"elementor-section elementor-top-section elementor-element elementor-element-4fac1fa elementor-section-stretched elementor-section-boxed elementor-section-height-default elementor-section-height-default\" data-id=\"4fac1fa\" data-element_type=\"section\" data-e-type=\"section\" data-settings=\"{&quot;stretch_section&quot;:&quot;section-stretched&quot;,&quot;shape_divider_top&quot;:&quot;tilt&quot;}\">\n\t\t\t\t\t<div class=\"elementor-shape elementor-shape-top\" aria-hidden=\"true\" data-negative=\"false\">\n\t\t\t<svg xmlns=\"http:\/\/www.w3.org\/2000\/svg\" viewbox=\"0 0 1000 100\" preserveaspectratio=\"none\">\n\t<path class=\"elementor-shape-fill\" d=\"M0,6V0h1000v100L0,6z\"\/>\n<\/svg>\t\t<\/div>\n\t\t\t\t\t<div class=\"elementor-container elementor-column-gap-default\">\n\t\t\t\t\t<div class=\"elementor-column elementor-col-100 elementor-top-column elementor-element elementor-element-8436f84\" data-id=\"8436f84\" data-element_type=\"column\" data-e-type=\"column\">\n\t\t\t<div class=\"elementor-widget-wrap elementor-element-populated\">\n\t\t\t\t\t\t<div class=\"elementor-element elementor-element-5277b93 elementor-widget elementor-widget-heading\" data-id=\"5277b93\" data-element_type=\"widget\" data-e-type=\"widget\" data-widget_type=\"heading.default\">\n\t\t\t\t<div class=\"elementor-widget-container\">\n\t\t\t\t\t<h1 class=\"elementor-heading-title elementor-size-default\">Rinuncia<\/h1>\t\t\t\t<\/div>\n\t\t\t\t<\/div>\n\t\t\t\t<div class=\"elementor-element elementor-element-7035474 elementor-widget elementor-widget-text-editor\" data-id=\"7035474\" data-element_type=\"widget\" data-e-type=\"widget\" data-widget_type=\"text-editor.default\">\n\t\t\t\t<div class=\"elementor-widget-container\">\n\t\t\t\t\t\t\t\t\t<p>Al giorno d&#039;oggi in cui la vita sta diventando sempre pi\u00f9 costosa e il tempo si sta accorciando, isTopBrokeri.com non sar\u00e0 legalmente responsabile per eventuali perdite o danni derivanti dall&#039;affidamento sulle informazioni visualizzate su questo sito Web, comprese recensioni dei broker, notizie finanziarie, opinioni degli autori e \/ o analisi. Le informazioni incluse su TopBrokeri.com non sono sempre pubblicate in tempo reale e\/o necessariamente accurate, e non sempre riflettono le opinioni dei proprietari, dipendenti e\/o contributori del contenuto di TopBrokeri.com. \u00c8 bene sapere che il trading con i CFD o qualsiasi altro tipo di trading comporta rischi elevati e non \u00e8 adatto a tutti. Prima di negoziare CFD o qualsiasi altro strumento finanziario, \u00e8 necessario essere consapevoli dei rischi, conoscere accuratamente i propri obiettivi e limiti di investimento e acquisire il giusto livello di comprensione e gestione del rischio. Il trading di prodotti con leva finanziaria come i CFD comporta un rischio significativo di perdita e potrebbe non essere adatto a tutti gli investitori. Il trading di tali prodotti \u00e8 rischioso e puoi perdere tutto il capitale investito. Gli investitori esperti e i trader alle prime armi di tutto il mondo sono alla ricerca di nuove fonti di investimento e guadagno cercando di scoprire quali sono i migliori broker. Grazie ad Internet, divenuto una parte indispensabile della vita quotidiana, il mercato speculativo o Forex popolare si \u00e8 spostato dalle grandi borse ai piccoli schermi attraverso vari intermediari o Broker popolari permettendo a tutti di provare le proprie conoscenze nel trading online indipendentemente dall&#039;esperienza e posizione. Con i migliori broker di oggi che offrono ai propri utenti un&#039;abbondanza di materiale didattico e seminari, essere un investitore di successo non \u00e8 mai stato cos\u00ec facile. Scegliendo il miglior broker per le tue esigenze dalla nostra Top List, puoi essere sicuro che l&#039;esaustivo viaggio alla ricerca di quello giusto non ti porter\u00e0 fuori strada e che ricorderai la tua esperienza di trading solo in bene!<\/p>\t\t\t\t\t\t\t\t<\/div>\n\t\t\t\t<\/div>\n\t\t\t\t\t<\/div>\n\t\t<\/div>\n\t\t\t\t\t<\/div>\n\t\t<\/section>\n\t\t\t\t<\/div>","protected":false},"excerpt":{"rendered":"<p>Odricanje U dana\u0161nje vrijeme kada \u017eivot postaje sve skuplji, a vremena sve manje, isTopBrokeri.com ne\u0107e biti pravno odgovoran za bilo kakav gubitak ili \u0161tetu koja proizlazi iz oslanjanja na informacije prikazane na ovoj web stranici, uklju\u010duju\u0107i recenzije brokera, financijske vijesti, mi\u0161ljenja autora i \/ ili analize. Podaci uklju\u010deni na TopBrokeri.com nisu uvijek objavljeni u stvarnom [&hellip;]<\/p>\n","protected":false},"author":1,"featured_media":0,"parent":0,"menu_order":0,"comment_status":"closed","ping_status":"closed","template":"elementor_header_footer","meta":{"footnotes":""},"class_list":["post-2038","page","type-page","status-publish","hentry"],"_links":{"self":[{"href":"https:\/\/topbrokeri.com\/it\/wp-json\/wp\/v2\/pages\/2038","targetHints":{"allow":["GET"]}}],"collection":[{"href":"https:\/\/topbrokeri.com\/it\/wp-json\/wp\/v2\/pages"}],"about":[{"href":"https:\/\/topbrokeri.com\/it\/wp-json\/wp\/v2\/types\/page"}],"author":[{"embeddable":true,"href":"https:\/\/topbrokeri.com\/it\/wp-json\/wp\/v2\/users\/1"}],"replies":[{"embeddable":true,"href":"https:\/\/topbrokeri.com\/it\/wp-json\/wp\/v2\/comments?post=2038"}],"version-history":[{"count":4,"href":"https:\/\/topbrokeri.com\/it\/wp-json\/wp\/v2\/pages\/2038\/revisions"}],"predecessor-version":[{"id":7798,"href":"https:\/\/topbrokeri.com\/it\/wp-json\/wp\/v2\/pages\/2038\/revisions\/7798"}],"wp:attachment":[{"href":"https:\/\/topbrokeri.com\/it\/wp-json\/wp\/v2\/media?parent=2038"}],"curies":[{"name":"wp","href":"https:\/\/api.w.org\/{rel}","templated":true}]}}