{"id":2136,"date":"2017-11-16T09:51:08","date_gmt":"2017-11-16T09:51:08","guid":{"rendered":"https:\/\/topbrokeri.com\/?page_id=2136"},"modified":"2022-04-25T08:58:16","modified_gmt":"2022-04-25T08:58:16","slug":"cfd-kriptovalute","status":"publish","type":"page","link":"https:\/\/topbrokeri.com\/hu\/cfd-kriptovalute\/","title":{"rendered":"CFD kriptovalut\u00e1k"},"content":{"rendered":"<div data-elementor-type=\"wp-page\" data-elementor-id=\"2136\" class=\"elementor elementor-2136\" data-elementor-post-type=\"page\">\n\t\t\t\t\t\t<section class=\"elementor-section elementor-top-section elementor-element elementor-element-77a1b56 elementor-section-stretched elementor-section-boxed elementor-section-height-default elementor-section-height-default\" data-id=\"77a1b56\" data-element_type=\"section\" data-e-type=\"section\" data-settings=\"{&quot;stretch_section&quot;:&quot;section-stretched&quot;,&quot;shape_divider_top&quot;:&quot;tilt&quot;}\">\n\t\t\t\t\t<div class=\"elementor-shape elementor-shape-top\" aria-hidden=\"true\" data-negative=\"false\">\n\t\t\t<svg xmlns=\"http:\/\/www.w3.org\/2000\/svg\" viewbox=\"0 0 1000 100\" preserveaspectratio=\"none\">\n\t<path class=\"elementor-shape-fill\" d=\"M0,6V0h1000v100L0,6z\"\/>\n<\/svg>\t\t<\/div>\n\t\t\t\t\t<div class=\"elementor-container elementor-column-gap-default\">\n\t\t\t\t\t<div class=\"elementor-column elementor-col-100 elementor-top-column elementor-element elementor-element-b9b3a1d\" data-id=\"b9b3a1d\" data-element_type=\"column\" data-e-type=\"column\">\n\t\t\t<div class=\"elementor-widget-wrap elementor-element-populated\">\n\t\t\t\t\t\t<div class=\"elementor-element elementor-element-8f0a9a8 elementor-widget elementor-widget-heading\" data-id=\"8f0a9a8\" data-element_type=\"widget\" data-e-type=\"widget\" data-widget_type=\"heading.default\">\n\t\t\t\t<div class=\"elementor-widget-container\">\n\t\t\t\t\t<h1 class=\"elementor-heading-title elementor-size-default\">CFD kriptovalut\u00e1k<\/h1>\t\t\t\t<\/div>\n\t\t\t\t<\/div>\n\t\t\t\t<div class=\"elementor-element elementor-element-1ab3e72 elementor-widget elementor-widget-text-editor\" data-id=\"1ab3e72\" data-element_type=\"widget\" data-e-type=\"widget\" data-widget_type=\"text-editor.default\">\n\t\t\t\t<div class=\"elementor-widget-container\">\n\t\t\t\t\t\t\t\t\t<blockquote><h3 style=\"text-align: center;\">&quot;A p\u00e9nz j\u00f6v\u0151je a digit\u00e1lis valuta&quot;<\/h3><p style=\"text-align: center;\"><strong>Bill Gates<\/strong><\/p><\/blockquote>\t\t\t\t\t\t\t\t<\/div>\n\t\t\t\t<\/div>\n\t\t\t\t<div class=\"elementor-element elementor-element-317a39f elementor-widget elementor-widget-text-editor\" data-id=\"317a39f\" data-element_type=\"widget\" data-e-type=\"widget\" data-widget_type=\"text-editor.default\">\n\t\t\t\t<div class=\"elementor-widget-container\">\n\t\t\t\t\t\t\t\t\t<div class=\"wpb_text_column wpb_content_element\"><div class=\"wpb_wrapper\"><p>2020 sor\u00e1n a legnagyobb kriptovalut\u00e1k piaci \u00e9rt\u00e9ke 159 sz\u00e1zal\u00e9kkal n\u0151tt, ami <a href=\"https:\/\/topbrokeri.com\/hu\/predvidanje-cijene-bitcoin\/\">Bitcoin<\/a> (BTC) 2021-ben tartott\u00e1k, \u00e9s \u00e1prilisban el\u00e9rte a 64 863 doll\u00e1rt. Azonban nem a kriptovaluta piac az egyetlen, amely leny\u0171g\u00f6z\u0151 n\u00f6veked\u00e9st mutat: Az Ethereum-alap\u00fa szerz\u0151d\u00e9sek \u00e9s eszk\u00f6z\u00f6k, mint p\u00e9ld\u00e1ul az NFTS, sz\u00e1guld\u00f3 vonatk\u00e9nt veszik \u00e1t az online keresked\u00e9st. A legdr\u00e1g\u00e1bb <a href=\"https:\/\/topbrokeri.com\/hu\/matrix-nft-trader\/\">NFT<\/a>2021 febru\u00e1rj\u00e1ban 69 milli\u00f3 doll\u00e1r\u00e9rt kelt el egy Beeple digit\u00e1lis m\u0171alkot\u00e1s. Opci\u00f3s keresked\u00e9s <a href=\"https:\/\/topbrokeri.com\/hu\/trgovanje-cfd-ovima\/\">CFD-k<\/a> A kriptovalut\u00e1k egyre n\u00e9pszer\u0171bbek.<\/p><p>Fizikai birtokl\u00e1s n\u00e9lk\u00fcl a CFD-kn\u00e9l kisebb a t\u0151kelop\u00e1s kock\u00e1zata. Tov\u00e1bb\u00e1, ha cfd kriptovalut\u00e1kkal kereskedik, akkor is jelent\u0151s nyeres\u00e9get \u00e9rhet el, ha maga a kriptovaluta piac vesz\u00edt \u00e9rt\u00e9k\u00e9b\u0151l. Ezek az el\u0151ny\u00f6k, valamint a kriptopiac t\u0151ke\u00e1tt\u00e9tele, likvidit\u00e1sa, kamata \u00e9s volatilit\u00e1sa a CFD kriptovaluta keresked\u00e9st a modern keresked\u00e9s \u00e9s befektet\u00e9s vezet\u0151 eszk\u00f6z\u00e9v\u00e9 tett\u00e9k.<\/p><\/div><\/div>\t\t\t\t\t\t\t\t<\/div>\n\t\t\t\t<\/div>\n\t\t\t\t<section class=\"elementor-section elementor-inner-section elementor-element elementor-element-f28edd8 elementor-section-boxed elementor-section-height-default elementor-section-height-default\" data-id=\"f28edd8\" data-element_type=\"section\" data-e-type=\"section\">\n\t\t\t\t\t\t<div class=\"elementor-container elementor-column-gap-default\">\n\t\t\t\t\t<div class=\"elementor-column elementor-col-33 elementor-inner-column elementor-element elementor-element-9f078bc\" data-id=\"9f078bc\" data-element_type=\"column\" data-e-type=\"column\">\n\t\t\t<div class=\"elementor-widget-wrap elementor-element-populated\">\n\t\t\t\t\t\t<div class=\"elementor-element elementor-element-8ef335c elementor-widget elementor-widget-image\" data-id=\"8ef335c\" data-element_type=\"widget\" data-e-type=\"widget\" data-widget_type=\"image.default\">\n\t\t\t\t<div class=\"elementor-widget-container\">\n\t\t\t\t\t\t\t\t\t\t\t\t\t\t\t<img decoding=\"async\" width=\"300\" height=\"150\" src=\"https:\/\/topbrokeri.com\/wp-content\/uploads\/2017\/12\/TORO.png\" class=\"attachment-full size-full wp-image-3138\" alt=\"etoro horv\u00e1torsz\u00e1g\" \/>\t\t\t\t\t\t\t\t\t\t\t\t\t\t\t<\/div>\n\t\t\t\t<\/div>\n\t\t\t\t<div class=\"elementor-element elementor-element-ce9981b elementor-widget elementor-widget-text-editor\" data-id=\"ce9981b\" data-element_type=\"widget\" data-e-type=\"widget\" data-widget_type=\"text-editor.default\">\n\t\t\t\t<div class=\"elementor-widget-container\">\n\t\t\t\t\t\t\t\t\t<p>A modern k\u00f6z\u00f6ss\u00e9gi befektet\u00e9si h\u00e1l\u00f3zat, az id\u0151szer\u0171 \u00fcgyf\u00e9lszolg\u00e1lat, a biztons\u00e1g \u00e9s a rendelkez\u00e9sre \u00e1ll\u00f3 forr\u00e1sok nemcsak megb\u00edzhat\u00f3v\u00e1, hanem sz\u00f3rakoztat\u00f3v\u00e1 is teszik a keresked\u00e9st <a href=\"https:\/\/topbrokeri.com\/hu\/etoro-recenzija\/\">eToro<\/a> hat\u00e1rozottan meg\u00e9rdemli a hely\u00e9t a legjobbak k\u00f6z\u00f6tt!<\/p>\t\t\t\t\t\t\t\t<\/div>\n\t\t\t\t<\/div>\n\t\t\t\t\t<\/div>\n\t\t<\/div>\n\t\t\t\t<div class=\"elementor-column elementor-col-33 elementor-inner-column elementor-element elementor-element-7a89d98\" data-id=\"7a89d98\" data-element_type=\"column\" data-e-type=\"column\">\n\t\t\t<div class=\"elementor-widget-wrap elementor-element-populated\">\n\t\t\t\t\t\t<div class=\"elementor-element elementor-element-bbdacd6 elementor-widget elementor-widget-image\" data-id=\"bbdacd6\" data-element_type=\"widget\" data-e-type=\"widget\" data-widget_type=\"image.default\">\n\t\t\t\t<div class=\"elementor-widget-container\">\n\t\t\t\t\t\t\t\t\t\t\t\t\t\t\t<img decoding=\"async\" width=\"300\" height=\"150\" src=\"https:\/\/topbrokeri.com\/wp-content\/uploads\/2017\/11\/Plus500-300x150-1.jpg\" class=\"attachment-full size-full wp-image-3140\" alt=\"plus500 v\u00e9lem\u00e9ny\" \/>\t\t\t\t\t\t\t\t\t\t\t\t\t\t\t<\/div>\n\t\t\t\t<\/div>\n\t\t\t\t<div class=\"elementor-element elementor-element-9287bca elementor-widget elementor-widget-text-editor\" data-id=\"9287bca\" data-element_type=\"widget\" data-e-type=\"widget\" data-widget_type=\"text-editor.default\">\n\t\t\t\t<div class=\"elementor-widget-container\">\n\t\t\t\t\t\t\t\t\t<p>Mi az <a href=\"https:\/\/topbrokeri.com\/hu\/plus-500-recenzija\/\">Plus500<\/a> az k\u00fcl\u00f6nb\u00f6zteti meg \u0151ket a t\u00f6bbi br\u00f3kert\u0151l, hogy siker\u00fclt egy nagyon stabil platformot kifejleszteni\u00fck, amelyet a legt\u00f6bb keresked\u0151 keres. K\u00f6zel 10 \u00e9ves tapasztalattal nem meglep\u0151, hogy a Plus500 a piac egyik legjobb szolg\u00e1ltat\u00e1sa lett.<\/p>\t\t\t\t\t\t\t\t<\/div>\n\t\t\t\t<\/div>\n\t\t\t\t\t<\/div>\n\t\t<\/div>\n\t\t\t\t<div class=\"elementor-column elementor-col-33 elementor-inner-column elementor-element elementor-element-56743f1\" data-id=\"56743f1\" data-element_type=\"column\" data-e-type=\"column\">\n\t\t\t<div class=\"elementor-widget-wrap elementor-element-populated\">\n\t\t\t\t\t\t<div class=\"elementor-element elementor-element-c668d51 elementor-widget elementor-widget-image\" data-id=\"c668d51\" data-element_type=\"widget\" data-e-type=\"widget\" data-widget_type=\"image.default\">\n\t\t\t\t<div class=\"elementor-widget-container\">\n\t\t\t\t\t\t\t\t\t\t\t\t\t\t\t<img decoding=\"async\" width=\"300\" height=\"150\" src=\"https:\/\/topbrokeri.com\/wp-content\/uploads\/2018\/02\/admiral-markets-1.png\" class=\"attachment-full size-full wp-image-5072\" alt=\"admiral markets hr\" \/>\t\t\t\t\t\t\t\t\t\t\t\t\t\t\t<\/div>\n\t\t\t\t<\/div>\n\t\t\t\t<div class=\"elementor-element elementor-element-00649f2 elementor-widget elementor-widget-text-editor\" data-id=\"00649f2\" data-element_type=\"widget\" data-e-type=\"widget\" data-widget_type=\"text-editor.default\">\n\t\t\t\t<div class=\"elementor-widget-container\">\n\t\t\t\t\t\t\t\t\t<p>A piac leghasznosabb \u00e9s leghat\u00e9konyabb eszk\u00f6zeivel, az Admiral <a href=\"https:\/\/topbrokeri.com\/hu\/markets-com-recenzija\/\">Piacok<\/a> minden bizonnyal a legjobb v\u00e1laszt\u00e1s kezd\u0151knek. A gazdas\u00e1gi napt\u00e1rt\u00f3l kezdve a k\u00fcl\u00f6nb\u00f6z\u0151 piaci elemz\u00e9seken kereszt\u00fcl betekint\u00e9st nyerhet a jelenlegi \u00e9s j\u00f6v\u0151beli piaci trendekbe.<\/p>\t\t\t\t\t\t\t\t<\/div>\n\t\t\t\t<\/div>\n\t\t\t\t\t<\/div>\n\t\t<\/div>\n\t\t\t\t\t<\/div>\n\t\t<\/section>\n\t\t\t\t<div class=\"elementor-element elementor-element-a070070 elementor-widget-divider--view-line elementor-widget elementor-widget-divider\" data-id=\"a070070\" data-element_type=\"widget\" data-e-type=\"widget\" data-widget_type=\"divider.default\">\n\t\t\t\t<div class=\"elementor-widget-container\">\n\t\t\t\t\t\t\t<div class=\"elementor-divider\">\n\t\t\t<span class=\"elementor-divider-separator\">\n\t\t\t\t\t\t<\/span>\n\t\t<\/div>\n\t\t\t\t\t\t<\/div>\n\t\t\t\t<\/div>\n\t\t\t\t<div class=\"elementor-element elementor-element-b64a7bd elementor-widget elementor-widget-accordion\" data-id=\"b64a7bd\" data-element_type=\"widget\" data-e-type=\"widget\" data-widget_type=\"accordion.default\">\n\t\t\t\t<div class=\"elementor-widget-container\">\n\t\t\t\t\t\t\t<div class=\"elementor-accordion\">\n\t\t\t\t\t\t\t<div class=\"elementor-accordion-item\">\n\t\t\t\t\t<h5 id=\"elementor-tab-title-1911\" class=\"elementor-tab-title\" data-tab=\"1\" role=\"button\" aria-controls=\"elementor-tab-content-1911\" aria-expanded=\"false\">\n\t\t\t\t\t\t\t\t\t\t\t\t\t<span class=\"elementor-accordion-icon elementor-accordion-icon-left\" aria-hidden=\"true\">\n\t\t\t\t\t\t\t\t\t\t\t\t\t\t\t<span class=\"elementor-accordion-icon-closed\"><i class=\"fas fa-plus\"><\/i><\/span>\n\t\t\t\t\t\t\t\t<span class=\"elementor-accordion-icon-opened\"><i class=\"fas fa-minus\"><\/i><\/span>\n\t\t\t\t\t\t\t\t\t\t\t\t\t\t<\/span>\n\t\t\t\t\t\t\t\t\t\t\t\t<a class=\"elementor-accordion-title\" tabindex=\"0\">CFD kriptovalut\u00e1k<\/a>\n\t\t\t\t\t<\/h5>\n\t\t\t\t\t<div id=\"elementor-tab-content-1911\" class=\"elementor-tab-content elementor-clearfix\" data-tab=\"1\" role=\"region\" aria-labelledby=\"elementor-tab-title-1911\"><p>Ak\u00e1r m\u00e1r akt\u00edv r\u00e9sztvev\u0151je az online keresked\u00e9snek, ak\u00e1r semmi k\u00f6ze hozz\u00e1, biztosan hallott m\u00e1r k\u00fcl\u00f6nf\u00e9le inform\u00e1ci\u00f3kat a kriptovalut\u00e1kr\u00f3l \u00e9s azok glob\u00e1lis piacra gyakorolt hat\u00e1s\u00e1r\u00f3l. Egyszer\u0171en fogalmazva, az egekbe sz\u00f6k\u0151 n\u00f6veked\u00e9ssel a mindennapi \u00e9letnek szinte nincs olyan szeglete, amelyet a kriptovalut\u00e1k ne \u00e9rintettek volna. B\u00e1r a kriptovalut\u00e1k kezdetei k\u00f6zel 10 \u00e9vre ny\u00falnak vissza, igazi fellend\u00fcl\u00e9s\u00fcket csak az elm\u00falt \u00e9vekben tapasztalt\u00e1k. \u00c9s milyen! Amellett, hogy minden akt\u00edv keresked\u0151 \u00e9s br\u00f3ker elismeri, a kriptovalut\u00e1k a h\u00e9tk\u00f6znapi emberek mindennapi bev\u00e9teli forr\u00e1s\u00e1v\u00e1 is v\u00e1ltak. Olvassa el lent, hogy mi\u00e9rt van ez \u00edgy.<\/p><h3>\u00d6tlet<\/h3><p>Az els\u0151 k\u00eds\u00e9rlet a kriptovaluta l\u00e9trehoz\u00e1s\u00e1ra m\u00e9g 1998-ban t\u00f6rt\u00e9nt, amikor le\u00edrt\u00e1k az \u00fagynevezett &quot;B-p\u00e9nz&quot; rendszert. Ez egyfajta elektronikus p\u00e9nz volt, amelyet n\u00e9vtelen r\u00e9sztvev\u0151k v\u00e1ltanak be. Az \u00edg\u00e9retes \u00f6tlet ellen\u00e9re a projekt nem indult be. Ugyanebben az \u00e9vben azonban Nick Szab\u00f3 amerikai informatikus \u00e9s kriptogr\u00e1fus l\u00e9trehozta a Bit Goldot, amely k\u00e9s\u0151bb fenyeget\u00e9snek bizonyult a BitCoin sz\u00e1m\u00e1ra. B\u00e1r mag\u00e1t a term\u00e9ket soha nem alkalmazt\u00e1k teljesen, annak r\u00e9szei \u00e9s kulcselemei a mai BitCoin l\u00e9nyeges r\u00e9sz\u00e9t k\u00e9pezik; mint p\u00e9ld\u00e1ul a &quot;Proof of Work&quot; koncepci\u00f3, amely meghat\u00e1rozta az \u00f6sszetett kriptogr\u00e1fiai rejtv\u00e9nyek megold\u00e1s\u00e1hoz sz\u00fcks\u00e9ges sz\u00e1m\u00edt\u00f3g\u00e9p teljes\u00edtm\u00e9ny\u00e9t. Az a h\u00e1l\u00f3zati r\u00e9sztvev\u0151, akinek siker\u00fcl megoldania egy kriptogr\u00e1fiai probl\u00e9m\u00e1t, l\u00e9trehozna egy \u00fagynevezett &quot;Blockchaint&quot;, \u00e9s ezzel ki\u00e9rdemeln\u00e9 a hely\u00e9t a k\u00fcl\u00f6nb\u00f6z\u0151 mennyis\u00e9g\u0171 kriptovalut\u00e1k k\u00e9pz\u00e9s\u00e9ben.<\/p><p>Ugyanez a m\u00f3dszer a kulcsfontoss\u00e1g\u00fa m\u0171k\u00f6d\u00e9si elve a 2008-ban a glob\u00e1lis v\u00e1ls\u00e1gra adott v\u00e1laszk\u00e9nt kialak\u00edtott BitCoin h\u00e1l\u00f3zatnak. Egy ember vagy egy csoportjuk Satoshi Nakamoto n\u00e9v alatt rejt\u0151zk\u00f6dve egy val\u00f3ban f\u00fcggetlen \u00e9s decentraliz\u00e1lt peer-to-peer elektronikus p\u00e9nzt akart l\u00e9trehozni. A korm\u00e1nyzati int\u00e9zm\u00e9nyekbe vetett \u00e1ltal\u00e1nos bizalom \u00e9s a valutastabilit\u00e1s miatt a BitCoin f\u00fcggetlenk\u00e9nt l\u00e1tott napvil\u00e1got a k\u00f6vetkez\u0151 n\u00e9h\u00e1ny \u00e9vben.<\/p><h3>Piacra l\u00e9p\u00e9s<\/h3><p>Most, hogy ismeri a kriptovalut\u00e1kban rejl\u0151 hatalmas potenci\u00e1lt, szeretne r\u00e9szese lenni ennek a n\u00f6vekv\u0151 trendnek, biztosan k\u00edv\u00e1ncsi, hogyan kereskedjen kriptovalut\u00e1kkal!? Ugyanis k\u00fcl\u00f6nf\u00e9le m\u00f3dok l\u00e9teznek - ezeket \u00fan b\u00e1ny\u00e1szni, spekul\u00e1lni az \u00e1rukra, vagy egyszer\u0171en megv\u00e1s\u00e1rolni \u0151ket, ak\u00e1r napi keresked\u00e9s, ak\u00e1r hossz\u00fa t\u00e1v\u00fa befektet\u00e9s c\u00e9lj\u00e1b\u00f3l. Jelenleg a kriptovalut\u00e1k v\u00e1s\u00e1rl\u00e1sa a legn\u00e9pszer\u0171bb, amit mindenk\u00e9ppen al\u00e1t\u00e1maszt \u00f3ri\u00e1si n\u00f6veked\u00e9s\u00fck, ami szinte garant\u00e1lja a tiszta profitot egyik napr\u00f3l a m\u00e1sikra.<\/p><h3>Br\u00f3ker kiv\u00e1laszt\u00e1sa<\/h3><p>A kriptovalut\u00e1kkal val\u00f3 keresked\u00e9s els\u0151 l\u00e9p\u00e9se az lenne, hogy v\u00e1lasszunk egy br\u00f3kert, azaz egy k\u00f6zvet\u00edt\u0151t, aki bevezetne a kriptovaluta piacra. B\u00e1r els\u0151re k\u00f6nny\u0171 munk\u00e1nak t\u0171nik, nagyon k\u00f6nny\u0171 elt\u00e9vedni \u00e9s hib\u00e1zni. Ugyanis a lehet\u0151s\u00e9gek \u00e9s lehet\u0151s\u00e9gek tenger\u00e9ben, amelyeket a modern id\u0151k \u00e9s az internet hoz mag\u00e1val, az internet nemcsak az \u00d6n ig\u00e9nyeinek nem megfelel\u0151 br\u00f3kerekkel van tele, hanem csal\u00e1sokkal is. Szerencs\u00e9dre, szak\u00e9rt\u0151i k\u00edn\u00e1latunkkal nem t\u00e9vedhetsz.<\/p><\/div>\n\t\t\t\t<\/div>\n\t\t\t\t\t\t\t<div class=\"elementor-accordion-item\">\n\t\t\t\t\t<h5 id=\"elementor-tab-title-1912\" class=\"elementor-tab-title\" data-tab=\"2\" role=\"button\" aria-controls=\"elementor-tab-content-1912\" aria-expanded=\"false\">\n\t\t\t\t\t\t\t\t\t\t\t\t\t<span class=\"elementor-accordion-icon elementor-accordion-icon-left\" aria-hidden=\"true\">\n\t\t\t\t\t\t\t\t\t\t\t\t\t\t\t<span class=\"elementor-accordion-icon-closed\"><i class=\"fas fa-plus\"><\/i><\/span>\n\t\t\t\t\t\t\t\t<span class=\"elementor-accordion-icon-opened\"><i class=\"fas fa-minus\"><\/i><\/span>\n\t\t\t\t\t\t\t\t\t\t\t\t\t\t<\/span>\n\t\t\t\t\t\t\t\t\t\t\t\t<a class=\"elementor-accordion-title\" tabindex=\"0\">Hogyan m\u0171k\u00f6dnek a kriptovalut\u00e1k?<\/a>\n\t\t\t\t\t<\/h5>\n\t\t\t\t\t<div id=\"elementor-tab-content-1912\" class=\"elementor-tab-content elementor-clearfix\" data-tab=\"2\" role=\"region\" aria-labelledby=\"elementor-tab-title-1912\"><h3>A KRIPTOVALTA ALAPJAI<\/h3><p>Az emberek az id\u0151k kezdete \u00f3ta kereskednek fizikai javakkal. Ezek a p\u00e9nznemek ma t\u00f6bbnyire nyomtatott bankjegyek vagy \u00e9rm\u00e9k, amelyeket egy k\u00f6zpontos\u00edtott korm\u00e1ny kezel \u00e9s p\u00e9nzint\u00e9zetek fel\u00fcgyelnek. 2009-ben azonban a Bitcoin alap\u00edt\u00f3ja, Satoshi Nakamoto elind\u00edtott egy \u00f6tletet, amely megv\u00e1ltoztatja az emberek p\u00e9nzr\u0151l val\u00f3 gondolkod\u00e1s\u00e1t. Mi lenne, ha a valut\u00e1t a matematika ir\u00e1ny\u00edtan\u00e1, nem a korm\u00e1nyok?<\/p><p>A kriptovalut\u00e1k a p\u00e9nz digit\u00e1lis form\u00e1ja, amely egy teljesen \u00faj monet\u00e1ris rendszeren fut, \u00e9s nem szab\u00e1lyozza semmilyen k\u00f6zpontos\u00edtott test\u00fclet, \u00e9s nem ellen\u0151rzi hivatalos int\u00e9zm\u00e9ny. Sokf\u00e9le kriptovaluta l\u00e9tezik, amelyek k\u00fcl\u00f6nb\u00f6z\u0151 funkci\u00f3i vannak. F\u00fcggetlen\u00fcl az egyes funkci\u00f3kt\u00f3l, minden digit\u00e1lis valut\u00e1t egy decentraliz\u00e1lt peer-to-peer h\u00e1l\u00f3zat, az \u00fagynevezett blockchain t\u00e1mogat.<\/p><h3>BLOCKCHAIN<\/h3><p>A blokkl\u00e1nc technol\u00f3gia biztos\u00edtja az \u00f6sszes kriptovaluta nyomon k\u00f6vet\u00e9s\u00e9t, f\u00fcggetlen\u00fcl att\u00f3l, hogy digit\u00e1lis p\u00e9nzt\u00e1rc\u00e1ban t\u00e1rolj\u00e1k, vagy a kereskedelemben haszn\u00e1lj\u00e1k. Egy ilyen rendszer m\u0171k\u00f6dtet\u00e9s\u00e9nek hat\u00e9konys\u00e1ga azonban olyan infrastrukt\u00far\u00e1t ig\u00e9nyel, amely biztos\u00edtja, hogy a rendszer csal\u00e1sa \u00e9s megj\u00e1tsz\u00e1sa ne legyen lehets\u00e9ges. A Bitcoin volt az els\u0151, aki piacra dobta, \u00e9s olyan rendszert hozott l\u00e9tre, amelyben k\u00e9t embernek \u2013 az \u00e9rm\u00e9k felad\u00f3j\u00e1nak \u00e9s fogad\u00f3j\u00e1nak \u2013 kell bejelentkeznie a digit\u00e1lis al\u00e1\u00edr\u00e1s l\u00e9trehoz\u00e1s\u00e1hoz. Mindenkinek van nyilv\u00e1nos \u00e9s priv\u00e1t titkos\u00edt\u00e1si kulcsa. Minden tranzakci\u00f3 pontoss\u00e1g\u00e1t ellen\u0151rizz\u00fck, a rendszer pedig anonim \u00e9s teljesen \u00e1tl\u00e1that\u00f3. Ennek az infrastrukt\u00far\u00e1nak a k\u00f6z\u00e9ppontj\u00e1ban egy k\u00f6nyv \u00e1ll. N\u00e9zz\u00fck teh\u00e1t, hogyan m\u0171k\u00f6dik.<\/p><h3>HOGYAN M\u0170K\u00d6DIK A KRIPTOVALM\u00c1K<\/h3><p>Ez egy kriptovaluta f\u0151k\u00f6nyv, ahol minden tranzakci\u00f3t k\u00f6zz\u00e9tesznek a teljes \u00e1tl\u00e1that\u00f3s\u00e1g biztos\u00edt\u00e1sa \u00e9rdek\u00e9ben. A f\u0151k\u00f6nyv vezet\u00e9se mindenkit \u201etisztess\u00e9ges j\u00e1t\u00e9kra\u201d k\u00e9nyszer\u00edt, \u00e9s kik\u00fcsz\u00f6b\u00f6li a dupla k\u00f6lt\u00e9s kock\u00e1zat\u00e1t. A f\u0151k\u00f6nyv olyan adatb\u00e1zis-bejegyz\u00e9sek list\u00e1ja, amelyeket senki sem m\u00f3dos\u00edthat bizonyos felt\u00e9telek teljes\u00edt\u00e9se n\u00e9lk\u00fcl. Senki sem birtokolja a kriptovalut\u00e1k f\u0151k\u00f6nyv\u00e9t vagy blokkl\u00e1nc\u00e1t; ehelyett az \u00f6nkorm\u00e1nyzat \u00e9s az \u00f6nkorm\u00e1nyzat decentraliz\u00e1lt jelent\u00e9se, k\u00fcls\u0151 felek beavatkoz\u00e1sa n\u00e9lk\u00fcl.<\/p><h3>B\u00c1NY\u00c1SZATI<\/h3><p>Tegy\u00fck fel, hogy egy nagy kriptovaluta t\u0151zsd\u00e9n kereszt\u00fcl szeretne befektetni egy kriptovalut\u00e1ba, p\u00e9ld\u00e1ul Bitcoinba. V\u00e1s\u00e1rl\u00e1s ut\u00e1n d\u00f6ntse el, hogy elk\u00f6lti. Mi lesz most? A tranzakci\u00f3 kezdetben meg nem er\u0151s\u00edtett, ami azt jelenti, hogy a tranzakci\u00f3 m\u00e9g nem hivatalos, \u00e9s nem v\u00e1lik \u201ek\u0151be v\u00e9sve\u201d, am\u00edg \u00e1t nem megy az ellen\u0151rz\u00e9si folyamaton. A visszaigazol\u00e1st k\u00f6vet\u0151en a tranzakci\u00f3 a blokkl\u00e1ncban elhelyezett t\u00f6rt\u00e9nelmi tranzakci\u00f3k rekordj\u00e1nak r\u00e9sz\u00e9v\u00e9 v\u00e1lik.<\/p><p>A kriptovaluta-kezel\u0151k ellen\u0151rzik a tranzakci\u00f3kat, majd hozz\u00e1adj\u00e1k azokat a nyilv\u00e1nos f\u0151k\u00f6nyvh\u00f6z. Er\u0151teljes sz\u00e1m\u00edt\u00f3g\u00e9peket haszn\u00e1lnak az ellen\u0151rz\u00e9si folyamat szempontj\u00e1b\u00f3l kulcsfontoss\u00e1g\u00fa \u00f6sszetett matematikai probl\u00e9m\u00e1k megold\u00e1s\u00e1ra. A kriptovaluta b\u00e1ny\u00e1szata nyitott, \u00edgy b\u00e1rki meger\u0151s\u00edtheti a tranzakci\u00f3t, \u00e9s a probl\u00e9m\u00e1t els\u0151k\u00e9nt megold\u00f3 b\u00e1ny\u00e1sz blokkot adhat a tranzakci\u00f3s f\u0151k\u00f6nyv\u00e9hez. Ezt a folyamatot &quot;munkabizony\u00edt\u00e1si rendszernek&quot; nevezik.<\/p><p>Miut\u00e1n egy blokkot hozz\u00e1adtak a f\u0151k\u00f6nyvhez, a b\u00e1ny\u00e1sz jutalmat kap er\u0151fesz\u00edt\u00e9sei\u00e9rt, amely kriptovalut\u00e1nk\u00e9nt v\u00e1ltozik. P\u00e9ld\u00e1ul a Bitcoin eredetileg 50 BTC-t kapott, de ez a jutalom m\u00e1ra fel\u00e9re cs\u00f6kkent, 12,5 BTC-re.<\/p><h3>A J\u00d6V\u0150 ITT VAN<\/h3><p>A vezet\u0151 kriptovalut\u00e1k fontos szerepet fognak j\u00e1tszani a j\u00f6v\u0151ben, \u00e9s a haszn\u00e1lat az elm\u00falt n\u00e9h\u00e1ny \u00e9vben folyamatosan n\u0151tt. A Bitcoint jelenleg 96 orsz\u00e1gban haszn\u00e1lj\u00e1k, \u00e9s n\u00f6vekszik, \u00f3r\u00e1nk\u00e9nt 12 000 tranzakci\u00f3 t\u00f6rt\u00e9nik. Az els\u0151 l\u00e9p\u00e9s, hogy t\u00f6bbet megtudjon a kriptovalut\u00e1kr\u00f3l, a m\u00e1sodik pedig a kipr\u00f3b\u00e1l\u00e1s.<\/p><p>V\u00e1laszd ki kedvencedet a legjobb br\u00f3kereink list\u00e1j\u00e1r\u00f3l, \u00e9s kereskedj kriptovalut\u00e1kkal m\u00e9g ma!<\/p><\/div>\n\t\t\t\t<\/div>\n\t\t\t\t\t\t\t\t<\/div>\n\t\t\t\t\t\t<\/div>\n\t\t\t\t<\/div>\n\t\t\t\t\t<\/div>\n\t\t<\/div>\n\t\t\t\t\t<\/div>\n\t\t<\/section>\n\t\t\t\t<\/div>","protected":false},"excerpt":{"rendered":"<p>CFD Kriptovalute \u201cBudu\u0107nost novca je digitalna valuta \u201d Bill Gates Tijekom 2020. godine, tr\u017ei\u0161ne vrijednosti\u00a0 najve\u0107ih kriptovaluta porasle su za 159 posto, \u0161to je Bitcoin (BTC) odr\u017eao u 2021. godini, dosegnuv\u0161i u travnju 64.863 dolara. Me\u0111utim tr\u017ei\u0161te kriptovalutama nije jedino zabilje\u017eilo impresivan rast.. Ugovori utemeljeni na Ethereumu i imovina kao \u0161to je NFTS preuzimaju internet [&hellip;]<\/p>\n","protected":false},"author":1,"featured_media":0,"parent":0,"menu_order":0,"comment_status":"closed","ping_status":"closed","template":"elementor_header_footer","meta":{"footnotes":""},"class_list":["post-2136","page","type-page","status-publish","hentry"],"_links":{"self":[{"href":"https:\/\/topbrokeri.com\/hu\/wp-json\/wp\/v2\/pages\/2136","targetHints":{"allow":["GET"]}}],"collection":[{"href":"https:\/\/topbrokeri.com\/hu\/wp-json\/wp\/v2\/pages"}],"about":[{"href":"https:\/\/topbrokeri.com\/hu\/wp-json\/wp\/v2\/types\/page"}],"author":[{"embeddable":true,"href":"https:\/\/topbrokeri.com\/hu\/wp-json\/wp\/v2\/users\/1"}],"replies":[{"embeddable":true,"href":"https:\/\/topbrokeri.com\/hu\/wp-json\/wp\/v2\/comments?post=2136"}],"version-history":[{"count":6,"href":"https:\/\/topbrokeri.com\/hu\/wp-json\/wp\/v2\/pages\/2136\/revisions"}],"predecessor-version":[{"id":7865,"href":"https:\/\/topbrokeri.com\/hu\/wp-json\/wp\/v2\/pages\/2136\/revisions\/7865"}],"wp:attachment":[{"href":"https:\/\/topbrokeri.com\/hu\/wp-json\/wp\/v2\/media?parent=2136"}],"curies":[{"name":"munkaf\u00fczet","href":"https:\/\/api.w.org\/{rel}","templated":true}]}}