{"id":2038,"date":"2017-11-15T10:50:49","date_gmt":"2017-11-15T10:50:49","guid":{"rendered":"https:\/\/topbrokeri.com\/?page_id=2038"},"modified":"2022-04-23T13:14:42","modified_gmt":"2022-04-23T13:14:42","slug":"odricanje","status":"publish","type":"page","link":"https:\/\/topbrokeri.com\/hu\/odricanje\/","title":{"rendered":"Lemond\u00e1s"},"content":{"rendered":"<div data-elementor-type=\"wp-page\" data-elementor-id=\"2038\" class=\"elementor elementor-2038\" data-elementor-post-type=\"page\">\n\t\t\t\t\t\t<section class=\"elementor-section elementor-top-section elementor-element elementor-element-4fac1fa elementor-section-stretched elementor-section-boxed elementor-section-height-default elementor-section-height-default\" data-id=\"4fac1fa\" data-element_type=\"section\" data-e-type=\"section\" data-settings=\"{&quot;stretch_section&quot;:&quot;section-stretched&quot;,&quot;shape_divider_top&quot;:&quot;tilt&quot;}\">\n\t\t\t\t\t<div class=\"elementor-shape elementor-shape-top\" aria-hidden=\"true\" data-negative=\"false\">\n\t\t\t<svg xmlns=\"http:\/\/www.w3.org\/2000\/svg\" viewbox=\"0 0 1000 100\" preserveaspectratio=\"none\">\n\t<path class=\"elementor-shape-fill\" d=\"M0,6V0h1000v100L0,6z\"\/>\n<\/svg>\t\t<\/div>\n\t\t\t\t\t<div class=\"elementor-container elementor-column-gap-default\">\n\t\t\t\t\t<div class=\"elementor-column elementor-col-100 elementor-top-column elementor-element elementor-element-8436f84\" data-id=\"8436f84\" data-element_type=\"column\" data-e-type=\"column\">\n\t\t\t<div class=\"elementor-widget-wrap elementor-element-populated\">\n\t\t\t\t\t\t<div class=\"elementor-element elementor-element-5277b93 elementor-widget elementor-widget-heading\" data-id=\"5277b93\" data-element_type=\"widget\" data-e-type=\"widget\" data-widget_type=\"heading.default\">\n\t\t\t\t<div class=\"elementor-widget-container\">\n\t\t\t\t\t<h1 class=\"elementor-heading-title elementor-size-default\">Lemond\u00e1s<\/h1>\t\t\t\t<\/div>\n\t\t\t\t<\/div>\n\t\t\t\t<div class=\"elementor-element elementor-element-7035474 elementor-widget elementor-widget-text-editor\" data-id=\"7035474\" data-element_type=\"widget\" data-e-type=\"widget\" data-widget_type=\"text-editor.default\">\n\t\t\t\t<div class=\"elementor-widget-container\">\n\t\t\t\t\t\t\t\t\t<p>Napjainkban, amikor az \u00e9let egyre dr\u00e1g\u00e1bb, \u00e9s az id\u0151 egyre r\u00f6vid\u00fcl, az isTopBrokeri.com jogilag nem v\u00e1llal felel\u0151ss\u00e9get semmilyen vesztes\u00e9g\u00e9rt vagy k\u00e1r\u00e9rt, amely a webhelyen megjelen\u0151 inform\u00e1ci\u00f3kra val\u00f3 hagyatkoz\u00e1sb\u00f3l ered, bele\u00e9rtve a br\u00f3ker\u00e9rt\u00e9kel\u00e9seket, p\u00e9nz\u00fcgyi h\u00edreket, szerz\u0151i v\u00e9lem\u00e9nyeket \u00e9s \/ vagy elemz\u00e9s. A TopBrokeri.com oldalon tal\u00e1lhat\u00f3 inform\u00e1ci\u00f3k nem mindig val\u00f3s id\u0151ben \u00e9s\/vagy sz\u00fcks\u00e9gszer\u0171en pontosak, \u00e9s nem mindig t\u00fckr\u00f6zik a TopBrokeri.com tartalm\u00e1nak tulajdonosainak, alkalmazottainak \u00e9s\/vagy k\u00f6zrem\u0171k\u00f6d\u0151inek n\u00e9zeteit. Tudni kell, hogy a cfd keresked\u00e9s vagy b\u00e1rmely m\u00e1s t\u00edpus\u00fa keresked\u00e9s magas kock\u00e1zattal j\u00e1r, \u00e9s nem mindenki sz\u00e1m\u00e1ra megfelel\u0151. Cfd-vel vagy b\u00e1rmely m\u00e1s p\u00e9nz\u00fcgyi eszk\u00f6zzel keresked\u00e9s el\u0151tt tiszt\u00e1ban kell lennie a kock\u00e1zatokkal, pontosan ismernie kell befektet\u00e9si c\u00e9ljait \u00e9s korl\u00e1tait, \u00e9s el kell saj\u00e1t\u00edtania a megfelel\u0151 szint\u0171 meg\u00e9rt\u00e9st \u00e9s kock\u00e1zatkezel\u00e9st. A t\u0151ke\u00e1tt\u00e9teles term\u00e9kek CFD-k\u00e9nt val\u00f3 keresked\u00e9se jelent\u0151s vesztes\u00e9gkock\u00e1zattal j\u00e1r, \u00e9s nem biztos, hogy minden befektet\u0151 sz\u00e1m\u00e1ra megfelel\u0151. Az ilyen term\u00e9kekkel val\u00f3 keresked\u00e9s kock\u00e1zatos, \u00e9s elvesz\u00edtheti az \u00f6sszes befektetett t\u0151k\u00e9t.A hozz\u00e1\u00e9rt\u0151 befektet\u0151k \u00e9s a kezd\u0151 keresked\u0151k vil\u00e1gszerte \u00faj befektet\u00e9si \u00e9s profitforr\u00e1sokat keresnek, hogy kider\u00edts\u00e9k, melyik a legjobb br\u00f3ker. A mindennapi \u00e9let n\u00e9lk\u00fcl\u00f6zhetetlen r\u00e9sz\u00e9v\u00e9 v\u00e1lt internetnek k\u00f6sz\u00f6nhet\u0151en a spekul\u00e1ci\u00f3 vagy a n\u00e9pszer\u0171 Forex piaca a nagy t\u0151zsd\u00e9kr\u0151l a kis k\u00e9perny\u0151kre k\u00f6lt\u00f6z\u00f6tt k\u00fcl\u00f6nb\u00f6z\u0151 k\u00f6zvet\u00edt\u0151k\u00f6n vagy a n\u00e9pszer\u0171 Br\u00f3keren kereszt\u00fcl, amely lehet\u0151v\u00e9 teszi, hogy mindenki kipr\u00f3b\u00e1lhassa tud\u00e1s\u00e1t az online keresked\u00e9sben, tapasztalatt\u00f3l \u00e9s tapasztalatt\u00f3l f\u00fcggetlen\u00fcl. elhelyezked\u00e9s. Napjaink legjobb br\u00f3kerei rengeteg oktat\u00e1si anyagot \u00e9s szemin\u00e1riumot k\u00edn\u00e1lnak felhaszn\u00e1l\u00f3iknak, m\u00e9g soha nem volt ilyen egyszer\u0171 sikeres befektet\u0151nek lenni. Ha kiv\u00e1lasztja az ig\u00e9nyeinek legmegfelel\u0151bb br\u00f3kert Top list\u00e1nkb\u00f3l, biztos lehet benne, hogy az igazi keres\u00e9s\u00e9nek kimer\u00edt\u0151 \u00fatja nem vezet f\u00e9lre, \u00e9s keresked\u00e9si tapasztalataira csak a j\u00f3ra fog eml\u00e9kezni!<\/p>\t\t\t\t\t\t\t\t<\/div>\n\t\t\t\t<\/div>\n\t\t\t\t\t<\/div>\n\t\t<\/div>\n\t\t\t\t\t<\/div>\n\t\t<\/section>\n\t\t\t\t<\/div>","protected":false},"excerpt":{"rendered":"<p>Odricanje U dana\u0161nje vrijeme kada \u017eivot postaje sve skuplji, a vremena sve manje, isTopBrokeri.com ne\u0107e biti pravno odgovoran za bilo kakav gubitak ili \u0161tetu koja proizlazi iz oslanjanja na informacije prikazane na ovoj web stranici, uklju\u010duju\u0107i recenzije brokera, financijske vijesti, mi\u0161ljenja autora i \/ ili analize. Podaci uklju\u010deni na TopBrokeri.com nisu uvijek objavljeni u stvarnom [&hellip;]<\/p>\n","protected":false},"author":1,"featured_media":0,"parent":0,"menu_order":0,"comment_status":"closed","ping_status":"closed","template":"elementor_header_footer","meta":{"footnotes":""},"class_list":["post-2038","page","type-page","status-publish","hentry"],"_links":{"self":[{"href":"https:\/\/topbrokeri.com\/hu\/wp-json\/wp\/v2\/pages\/2038","targetHints":{"allow":["GET"]}}],"collection":[{"href":"https:\/\/topbrokeri.com\/hu\/wp-json\/wp\/v2\/pages"}],"about":[{"href":"https:\/\/topbrokeri.com\/hu\/wp-json\/wp\/v2\/types\/page"}],"author":[{"embeddable":true,"href":"https:\/\/topbrokeri.com\/hu\/wp-json\/wp\/v2\/users\/1"}],"replies":[{"embeddable":true,"href":"https:\/\/topbrokeri.com\/hu\/wp-json\/wp\/v2\/comments?post=2038"}],"version-history":[{"count":4,"href":"https:\/\/topbrokeri.com\/hu\/wp-json\/wp\/v2\/pages\/2038\/revisions"}],"predecessor-version":[{"id":7798,"href":"https:\/\/topbrokeri.com\/hu\/wp-json\/wp\/v2\/pages\/2038\/revisions\/7798"}],"wp:attachment":[{"href":"https:\/\/topbrokeri.com\/hu\/wp-json\/wp\/v2\/media?parent=2038"}],"curies":[{"name":"munkaf\u00fczet","href":"https:\/\/api.w.org\/{rel}","templated":true}]}}