{"id":10324,"date":"2025-03-27T09:07:17","date_gmt":"2025-03-27T09:07:17","guid":{"rendered":"https:\/\/topbrokeri.com\/?page_id=10324"},"modified":"2025-04-09T14:19:11","modified_gmt":"2025-04-09T14:19:11","slug":"thank-you","status":"publish","type":"page","link":"https:\/\/topbrokeri.com\/hu\/thank-you\/","title":{"rendered":"K\u00f6sz\u00f6n\u00f6m"},"content":{"rendered":"<div data-elementor-type=\"wp-page\" data-elementor-id=\"10324\" class=\"elementor elementor-10324\" data-elementor-post-type=\"page\">\n\t\t\t\t\t\t<section class=\"elementor-section elementor-top-section elementor-element elementor-element-539d79c4 elementor-section-content-middle elementor-section-boxed elementor-section-height-default elementor-section-height-default\" data-id=\"539d79c4\" data-element_type=\"section\" data-e-type=\"section\">\n\t\t\t\t\t\t<div class=\"elementor-container elementor-column-gap-default\">\n\t\t\t\t\t<div class=\"elementor-column elementor-col-50 elementor-top-column elementor-element elementor-element-7bb4cbaf\" data-id=\"7bb4cbaf\" data-element_type=\"column\" data-e-type=\"column\">\n\t\t\t<div class=\"elementor-widget-wrap elementor-element-populated\">\n\t\t\t\t\t\t<div class=\"elementor-element elementor-element-8ad885e elementor-widget elementor-widget-html\" data-id=\"8ad885e\" data-element_type=\"widget\" data-e-type=\"widget\" data-widget_type=\"html.default\">\n\t\t\t\t<div class=\"elementor-widget-container\">\n\t\t\t\t\t<h2>K\u00f6sz\u00f6n\u00f6m!<\/h2>\t\t\t\t<\/div>\n\t\t\t\t<\/div>\n\t\t\t\t\t<\/div>\n\t\t<\/div>\n\t\t\t\t<div class=\"elementor-column elementor-col-50 elementor-top-column elementor-element elementor-element-4f5e3130\" data-id=\"4f5e3130\" data-element_type=\"column\" data-e-type=\"column\">\n\t\t\t<div class=\"elementor-widget-wrap elementor-element-populated\">\n\t\t\t\t\t\t<div class=\"elementor-element elementor-element-22082330 elementor-position-left elementor-vertical-align-middle elementor-widget elementor-widget-image-box\" data-id=\"22082330\" data-element_type=\"widget\" data-e-type=\"widget\" data-widget_type=\"image-box.default\">\n\t\t\t\t<div class=\"elementor-widget-container\">\n\t\t\t\t\t<div class=\"elementor-image-box-wrapper\"><figure class=\"elementor-image-box-img\"><img decoding=\"async\" src=\"https:\/\/topbrokeri.com\/wp-content\/uploads\/elementor\/thumbs\/197507-r3h4k2dibicv0aatzxnl2bn3l6e7j039lxlj81yxpa.png\" title=\"197507.png\" alt=\"197507.png\" loading=\"lazy\" \/><\/figure><div class=\"elementor-image-box-content\"><h3 class=\"elementor-image-box-title\">A fi\u00f3k be\u00e1ll\u00edt\u00e1s\u00e1hoz mind\u00f6ssze n\u00e9h\u00e1ny l\u00e9p\u00e9s sz\u00fcks\u00e9ges.<\/h3><p class=\"elementor-image-box-description\">Amint l\u00e1thatja, ebben a programban nagyon komolyan vessz\u00fck a biztons\u00e1got. Szem\u00e9lyazonoss\u00e1g\u00e1nak ellen\u0151rz\u00e9se \u00e9s fi\u00f3kja \u00e9rv\u00e9nyes\u00edt\u00e9se \u00e9rdek\u00e9ben 30 percen bel\u00fcl szak\u00e9rt\u0151ink egyike felveszi \u00d6nnel a kapcsolatot. (H-P). A k\u00f6vetkez\u0151 oldalon gondosan kiv\u00e1lasztott partner\u00fcnkh\u00f6z ir\u00e1ny\u00edtjuk, ahol aktiv\u00e1lhatja fi\u00f3kj\u00e1t \u00e9s befizetheti kis kezd\u0151t\u0151k\u00e9j\u00e9t, hogy megismerkedhessen a rendszerrel. Ne feledje, hogy a t\u0151k\u00e9j\u00e9t b\u00e1rmikor kiveheti.<\/p><\/div><\/div>\t\t\t\t<\/div>\n\t\t\t\t<\/div>\n\t\t\t\t<div class=\"elementor-element elementor-element-7c46e67e elementor-widget-divider--separator-type-pattern elementor-widget-divider--view-line elementor-widget elementor-widget-divider\" data-id=\"7c46e67e\" data-element_type=\"widget\" data-e-type=\"widget\" data-widget_type=\"divider.default\">\n\t\t\t\t<div class=\"elementor-widget-container\">\n\t\t\t\t\t\t\t<div class=\"elementor-divider\" style=\"--divider-pattern-url: url(&quot;data:image\/svg+xml,%3Csvg xmlns=&#039;http:\/\/www.w3.org\/2000\/svg&#039; preserveAspectRatio=&#039;none&#039; overflow=&#039;visible&#039; height=&#039;100%&#039; viewBox=&#039;0 0 24 24&#039; fill=&#039;none&#039; stroke=&#039;black&#039; stroke-width=&#039;1&#039; stroke-linecap=&#039;square&#039; stroke-miterlimit=&#039;10&#039;%3E%3Cpolyline points=&#039;0,18 12,6 24,18 &#039;\/%3E%3C\/svg%3E&quot;);\">\n\t\t\t<span class=\"elementor-divider-separator\">\n\t\t\t\t\t\t<\/span>\n\t\t<\/div>\n\t\t\t\t\t\t<\/div>\n\t\t\t\t<\/div>\n\t\t\t\t<div class=\"elementor-element elementor-element-5f3e5660 elementor-position-left elementor-vertical-align-middle elementor-widget elementor-widget-image-box\" data-id=\"5f3e5660\" data-element_type=\"widget\" data-e-type=\"widget\" data-widget_type=\"image-box.default\">\n\t\t\t\t<div class=\"elementor-widget-container\">\n\t\t\t\t\t<div class=\"elementor-image-box-wrapper\"><figure class=\"elementor-image-box-img\"><img decoding=\"async\" src=\"https:\/\/topbrokeri.com\/wp-content\/uploads\/elementor\/thumbs\/197571-r3h4k2dibicv0aatzxnl2bn3l6e7j039lxlj81yxpa.png\" title=\"197571.png\" alt=\"197571.png\" loading=\"lazy\" \/><\/figure><div class=\"elementor-image-box-content\"><h3 class=\"elementor-image-box-title\">Es sind nur wenge Schritte erforderlich, um Ihr Konto einzurichten.<\/h3><p class=\"elementor-image-box-description\">Wie Sie sehen k\u00f6nnen, nehmen wir die Sicherheit in die Programm sehr ernst. Um Ihre Identit\u00e4t zu ver\u00e4nken und Ihr Konto innerhalb von 30 Minuten zu validieren, wird Sie einer unserer Spezialisten anrufen. (H-P). Auf der n\u00e4chtliche Seite werden Sie zu unserem zu unserem gesch\u00e4ftigungsgesch\u00e4ften Partner geschickt, um Ihr Konto zu aktivieren und Ihr kleines Startkapital einzuzahlen, damit Sie ein Gef\u00fchl f\u00fcr das System bekommen. Denken Sie daran, dass Sie Ihr Kapital jederzeit abheben k\u00f6nnen.<\/p><\/div><\/div>\t\t\t\t<\/div>\n\t\t\t\t<\/div>\n\t\t\t\t<div class=\"elementor-element elementor-element-45ccc553 elementor-widget-divider--separator-type-pattern elementor-widget-divider--view-line elementor-widget elementor-widget-divider\" data-id=\"45ccc553\" data-element_type=\"widget\" data-e-type=\"widget\" data-widget_type=\"divider.default\">\n\t\t\t\t<div class=\"elementor-widget-container\">\n\t\t\t\t\t\t\t<div class=\"elementor-divider\" style=\"--divider-pattern-url: url(&quot;data:image\/svg+xml,%3Csvg xmlns=&#039;http:\/\/www.w3.org\/2000\/svg&#039; preserveAspectRatio=&#039;none&#039; overflow=&#039;visible&#039; height=&#039;100%&#039; viewBox=&#039;0 0 24 24&#039; fill=&#039;none&#039; stroke=&#039;black&#039; stroke-width=&#039;1&#039; stroke-linecap=&#039;square&#039; stroke-miterlimit=&#039;10&#039;%3E%3Cpolyline points=&#039;0,18 12,6 24,18 &#039;\/%3E%3C\/svg%3E&quot;);\">\n\t\t\t<span class=\"elementor-divider-separator\">\n\t\t\t\t\t\t<\/span>\n\t\t<\/div>\n\t\t\t\t\t\t<\/div>\n\t\t\t\t<\/div>\n\t\t\t\t<div class=\"elementor-element elementor-element-1cb4d7a0 elementor-position-left elementor-vertical-align-middle elementor-widget elementor-widget-image-box\" data-id=\"1cb4d7a0\" data-element_type=\"widget\" data-e-type=\"widget\" data-widget_type=\"image-box.default\">\n\t\t\t\t<div class=\"elementor-widget-container\">\n\t\t\t\t\t<div class=\"elementor-image-box-wrapper\"><figure class=\"elementor-image-box-img\"><img decoding=\"async\" src=\"https:\/\/topbrokeri.com\/wp-content\/uploads\/elementor\/thumbs\/197441-r3h4k3bcice5bw9gug27mtek6k9kqp6zy290pbxjj2.png\" title=\"197441.png\" alt=\"197441.png\" loading=\"lazy\" \/><\/figure><div class=\"elementor-image-box-content\"><h3 class=\"elementor-image-box-title\">Er zijn slechts een paar stappen nodig om uw account op te zetten.<\/h3><p class=\"elementor-image-box-description\">Zoals u kunt zien, nemen wij veiligheid zeer serieus in dit program. Om uw identiteit te verifi\u00ebren en uw account binnen 30 minutes te valideren, zal een van onze specialisten u bellen. (ma-vr). Op de volgende pagina wordt u doorsgewert naar onze sz\u00e4rkely gegelen partner om uw account te activateren en uw kleine startkapitaal te storten om een gew\u00e4lf voor het systeem te krijgen. Vergeet niet dat u uw kapital altijd kunt opemen.<\/p><\/div><\/div>\t\t\t\t<\/div>\n\t\t\t\t<\/div>\n\t\t\t\t<div class=\"elementor-element elementor-element-210bdac0 elementor-widget-divider--separator-type-pattern elementor-widget-divider--view-line elementor-widget elementor-widget-divider\" data-id=\"210bdac0\" data-element_type=\"widget\" data-e-type=\"widget\" data-widget_type=\"divider.default\">\n\t\t\t\t<div class=\"elementor-widget-container\">\n\t\t\t\t\t\t\t<div class=\"elementor-divider\" style=\"--divider-pattern-url: url(&quot;data:image\/svg+xml,%3Csvg xmlns=&#039;http:\/\/www.w3.org\/2000\/svg&#039; preserveAspectRatio=&#039;none&#039; overflow=&#039;visible&#039; height=&#039;100%&#039; viewBox=&#039;0 0 24 24&#039; fill=&#039;none&#039; stroke=&#039;black&#039; stroke-width=&#039;1&#039; stroke-linecap=&#039;square&#039; stroke-miterlimit=&#039;10&#039;%3E%3Cpolyline points=&#039;0,18 12,6 24,18 &#039;\/%3E%3C\/svg%3E&quot;);\">\n\t\t\t<span class=\"elementor-divider-separator\">\n\t\t\t\t\t\t<\/span>\n\t\t<\/div>\n\t\t\t\t\t\t<\/div>\n\t\t\t\t<\/div>\n\t\t\t\t<div class=\"elementor-element elementor-element-88af760 elementor-position-left elementor-vertical-align-middle elementor-widget elementor-widget-image-box\" data-id=\"88af760\" data-element_type=\"widget\" data-e-type=\"widget\" data-widget_type=\"image-box.default\">\n\t\t\t\t<div class=\"elementor-widget-container\">\n\t\t\t\t\t<div class=\"elementor-image-box-wrapper\"><figure class=\"elementor-image-box-img\"><img decoding=\"async\" src=\"https:\/\/topbrokeri.com\/wp-content\/uploads\/elementor\/thumbs\/197593-r3h4k3bcice5bw9gug27mtek6k9kqp6zy290pbxjj2.png\" title=\"197593.png\" alt=\"197593.png\" loading=\"lazy\" \/><\/figure><div class=\"elementor-image-box-content\"><h3 class=\"elementor-image-box-title\">S\u00f3lo se requiemente unos pocos pasos para configurar su cuenta.<\/h3><p class=\"elementor-image-box-description\">Como puede ver, nos tomamos la seguridad muy en serio en este programa. Para verificar su identidad y validar su cuenta en 30 minutes, uno de nuestros specialists le llamar\u00e1. (De lunes a viernes). La siguiente p\u00e1gina le enviar\u00e1 a nuestro socio utilizamento elegido para que active su cuenta y deposite su peque\u00f1o capital inicial para que se familiarice con el sistema. Recuerde que Siempre puede nyugd\u00edjas f\u0151v\u00e1rosban.<\/p><\/div><\/div>\t\t\t\t<\/div>\n\t\t\t\t<\/div>\n\t\t\t\t<div class=\"elementor-element elementor-element-afa05a8 elementor-widget-divider--separator-type-pattern elementor-widget-divider--view-line elementor-widget elementor-widget-divider\" data-id=\"afa05a8\" data-element_type=\"widget\" data-e-type=\"widget\" data-widget_type=\"divider.default\">\n\t\t\t\t<div class=\"elementor-widget-container\">\n\t\t\t\t\t\t\t<div class=\"elementor-divider\" style=\"--divider-pattern-url: url(&quot;data:image\/svg+xml,%3Csvg xmlns=&#039;http:\/\/www.w3.org\/2000\/svg&#039; preserveAspectRatio=&#039;none&#039; overflow=&#039;visible&#039; height=&#039;100%&#039; viewBox=&#039;0 0 24 24&#039; fill=&#039;none&#039; stroke=&#039;black&#039; stroke-width=&#039;1&#039; stroke-linecap=&#039;square&#039; stroke-miterlimit=&#039;10&#039;%3E%3Cpolyline points=&#039;0,18 12,6 24,18 &#039;\/%3E%3C\/svg%3E&quot;);\">\n\t\t\t<span class=\"elementor-divider-separator\">\n\t\t\t\t\t\t<\/span>\n\t\t<\/div>\n\t\t\t\t\t\t<\/div>\n\t\t\t\t<\/div>\n\t\t\t\t<div class=\"elementor-element elementor-element-6f8df72b elementor-position-left elementor-vertical-align-middle elementor-widget elementor-widget-image-box\" data-id=\"6f8df72b\" data-element_type=\"widget\" data-e-type=\"widget\" data-widget_type=\"image-box.default\">\n\t\t\t\t<div class=\"elementor-widget-container\">\n\t\t\t\t\t<div class=\"elementor-image-box-wrapper\"><figure class=\"elementor-image-box-img\"><img decoding=\"async\" src=\"https:\/\/topbrokeri.com\/wp-content\/uploads\/elementor\/thumbs\/197626-r3h4k3bcice5bw9gug27mtek6k9kqp6zy290pbxjj2.png\" title=\"197626.png\" alt=\"197626.png\" loading=\"lazy\" \/><\/figure><div class=\"elementor-image-box-content\"><h3 class=\"elementor-image-box-title\">Sz\u00fcks\u00e9ges egyed\u00fcli bel\u00e9p\u0151jegyek a fi\u00f3k l\u00e9trehoz\u00e1s\u00e1hoz.<\/h3><p class=\"elementor-image-box-description\">Come puoi vedere, prendiamo molto sul serio la sicurezza in questo program. Per verificare la tua identit\u00e0 e convalidare il to account intro 30 perc, uno dei nostri specialisti ti chiamer\u00e0. (Lun-Ven). Invier\u00e0 al nostro partner scelto con cura per attivare il to conto e depositare il to Piccolo Capitale Iniziale per farti un&#039;idea del system. Ricorda che puoi semper ritirare in your capitale.<\/p><\/div><\/div>\t\t\t\t<\/div>\n\t\t\t\t<\/div>\n\t\t\t\t\t<\/div>\n\t\t<\/div>\n\t\t\t\t\t<\/div>\n\t\t<\/section>\n\t\t\t\t<\/div>","protected":false},"excerpt":{"rendered":"<p>Only a few steps are required to set up your account. As you can see, we take security very seriously in this program. In order to verify your identity and validate your account within 30 minutes, one of our specialists will call you.\u00a0(Mon-Fri). The next page will send you to our carefully chosen partner to [&hellip;]<\/p>\n","protected":false},"author":1,"featured_media":0,"parent":0,"menu_order":0,"comment_status":"closed","ping_status":"closed","template":"elementor_header_footer","meta":{"footnotes":""},"class_list":["post-10324","page","type-page","status-publish","hentry"],"_links":{"self":[{"href":"https:\/\/topbrokeri.com\/hu\/wp-json\/wp\/v2\/pages\/10324","targetHints":{"allow":["GET"]}}],"collection":[{"href":"https:\/\/topbrokeri.com\/hu\/wp-json\/wp\/v2\/pages"}],"about":[{"href":"https:\/\/topbrokeri.com\/hu\/wp-json\/wp\/v2\/types\/page"}],"author":[{"embeddable":true,"href":"https:\/\/topbrokeri.com\/hu\/wp-json\/wp\/v2\/users\/1"}],"replies":[{"embeddable":true,"href":"https:\/\/topbrokeri.com\/hu\/wp-json\/wp\/v2\/comments?post=10324"}],"version-history":[{"count":9,"href":"https:\/\/topbrokeri.com\/hu\/wp-json\/wp\/v2\/pages\/10324\/revisions"}],"predecessor-version":[{"id":10579,"href":"https:\/\/topbrokeri.com\/hu\/wp-json\/wp\/v2\/pages\/10324\/revisions\/10579"}],"wp:attachment":[{"href":"https:\/\/topbrokeri.com\/hu\/wp-json\/wp\/v2\/media?parent=10324"}],"curies":[{"name":"munkaf\u00fczet","href":"https:\/\/api.w.org\/{rel}","templated":true}]}}