{"id":2136,"date":"2017-11-16T09:51:08","date_gmt":"2017-11-16T09:51:08","guid":{"rendered":"https:\/\/topbrokeri.com\/?page_id=2136"},"modified":"2022-04-25T08:58:16","modified_gmt":"2022-04-25T08:58:16","slug":"cfd-kriptovalute","status":"publish","type":"page","link":"https:\/\/topbrokeri.com\/fr\/cfd-kriptovalute\/","title":{"rendered":"CFD Crypto-monnaies"},"content":{"rendered":"<div data-elementor-type=\"wp-page\" data-elementor-id=\"2136\" class=\"elementor elementor-2136\" data-elementor-post-type=\"page\">\n\t\t\t\t\t\t<section class=\"elementor-section elementor-top-section elementor-element elementor-element-77a1b56 elementor-section-stretched elementor-section-boxed elementor-section-height-default elementor-section-height-default\" data-id=\"77a1b56\" data-element_type=\"section\" data-e-type=\"section\" data-settings=\"{&quot;stretch_section&quot;:&quot;section-stretched&quot;,&quot;shape_divider_top&quot;:&quot;tilt&quot;}\">\n\t\t\t\t\t<div class=\"elementor-shape elementor-shape-top\" aria-hidden=\"true\" data-negative=\"false\">\n\t\t\t<svg xmlns=\"http:\/\/www.w3.org\/2000\/svg\" viewbox=\"0 0 1000 100\" preserveaspectratio=\"none\">\n\t<path class=\"elementor-shape-fill\" d=\"M0,6V0h1000v100L0,6z\"\/>\n<\/svg>\t\t<\/div>\n\t\t\t\t\t<div class=\"elementor-container elementor-column-gap-default\">\n\t\t\t\t\t<div class=\"elementor-column elementor-col-100 elementor-top-column elementor-element elementor-element-b9b3a1d\" data-id=\"b9b3a1d\" data-element_type=\"column\" data-e-type=\"column\">\n\t\t\t<div class=\"elementor-widget-wrap elementor-element-populated\">\n\t\t\t\t\t\t<div class=\"elementor-element elementor-element-8f0a9a8 elementor-widget elementor-widget-heading\" data-id=\"8f0a9a8\" data-element_type=\"widget\" data-e-type=\"widget\" data-widget_type=\"heading.default\">\n\t\t\t\t<div class=\"elementor-widget-container\">\n\t\t\t\t\t<h1 class=\"elementor-heading-title elementor-size-default\">CFD Crypto-monnaies<\/h1>\t\t\t\t<\/div>\n\t\t\t\t<\/div>\n\t\t\t\t<div class=\"elementor-element elementor-element-1ab3e72 elementor-widget elementor-widget-text-editor\" data-id=\"1ab3e72\" data-element_type=\"widget\" data-e-type=\"widget\" data-widget_type=\"text-editor.default\">\n\t\t\t\t<div class=\"elementor-widget-container\">\n\t\t\t\t\t\t\t\t\t<blockquote><h3 style=\"text-align: center;\">&quot;L&#039;avenir de l&#039;argent est la monnaie num\u00e9rique&quot;<\/h3><p style=\"text-align: center;\"><strong>Bill Gates<\/strong><\/p><\/blockquote>\t\t\t\t\t\t\t\t<\/div>\n\t\t\t\t<\/div>\n\t\t\t\t<div class=\"elementor-element elementor-element-317a39f elementor-widget elementor-widget-text-editor\" data-id=\"317a39f\" data-element_type=\"widget\" data-e-type=\"widget\" data-widget_type=\"text-editor.default\">\n\t\t\t\t<div class=\"elementor-widget-container\">\n\t\t\t\t\t\t\t\t\t<div class=\"wpb_text_column wpb_content_element\"><div class=\"wpb_wrapper\"><p>En 2020, les valeurs marchandes des plus grandes crypto-monnaies ont augment\u00e9 de 159 %, ce qui est <a href=\"https:\/\/topbrokeri.com\/fr\/predvidanje-cijene-bitcoin\/\">Bitcoin<\/a> (BTC) d\u00e9tenu en 2021, atteignant 64\u00a0863 $ en avril. Cependant, le march\u00e9 des crypto-monnaies n\u2019est pas le seul \u00e0 avoir connu une croissance impressionnante. Les contrats et actifs bas\u00e9s sur Ethereum tels que NFTS envahissent le trading en ligne comme un train \u00e0 grande vitesse. Le plus cher <a href=\"https:\/\/topbrokeri.com\/fr\/matrix-nft-trader\/\">NFT<\/a>, une \u0153uvre d&#039;art num\u00e9rique Beeple, vendue pour 69 millions de dollars en f\u00e9vrier 2021. N\u00e9gociation d&#039;options <a href=\"https:\/\/topbrokeri.com\/fr\/trgovanje-cfd-ovima\/\">CFD<\/a> les crypto-monnaies deviennent de plus en plus populaires.<\/p><p>Sans avoir besoin de possession physique, les CFD pr\u00e9sentent un risque r\u00e9duit de vol de capital. De plus, lorsque vous n\u00e9gociez des crypto-monnaies CFD, vous pouvez r\u00e9aliser des gains importants m\u00eame si le march\u00e9 des crypto-monnaies lui-m\u00eame perd de la valeur. Ces avantages, ainsi que l\u2019effet de levier, la liquidit\u00e9, l\u2019int\u00e9r\u00eat et la volatilit\u00e9 du march\u00e9 des cryptomonnaies, ont fait du trading de CFD sur cryptomonnaies le principal instrument de trading et d\u2019investissement moderne.<\/p><\/div><\/div>\t\t\t\t\t\t\t\t<\/div>\n\t\t\t\t<\/div>\n\t\t\t\t<section class=\"elementor-section elementor-inner-section elementor-element elementor-element-f28edd8 elementor-section-boxed elementor-section-height-default elementor-section-height-default\" data-id=\"f28edd8\" data-element_type=\"section\" data-e-type=\"section\">\n\t\t\t\t\t\t<div class=\"elementor-container elementor-column-gap-default\">\n\t\t\t\t\t<div class=\"elementor-column elementor-col-33 elementor-inner-column elementor-element elementor-element-9f078bc\" data-id=\"9f078bc\" data-element_type=\"column\" data-e-type=\"column\">\n\t\t\t<div class=\"elementor-widget-wrap elementor-element-populated\">\n\t\t\t\t\t\t<div class=\"elementor-element elementor-element-8ef335c elementor-widget elementor-widget-image\" data-id=\"8ef335c\" data-element_type=\"widget\" data-e-type=\"widget\" data-widget_type=\"image.default\">\n\t\t\t\t<div class=\"elementor-widget-container\">\n\t\t\t\t\t\t\t\t\t\t\t\t\t\t\t<img decoding=\"async\" width=\"300\" height=\"150\" src=\"https:\/\/topbrokeri.com\/wp-content\/uploads\/2017\/12\/TORO.png\" class=\"attachment-full size-full wp-image-3138\" alt=\"Etoro Croatie\" \/>\t\t\t\t\t\t\t\t\t\t\t\t\t\t\t<\/div>\n\t\t\t\t<\/div>\n\t\t\t\t<div class=\"elementor-element elementor-element-ce9981b elementor-widget elementor-widget-text-editor\" data-id=\"ce9981b\" data-element_type=\"widget\" data-e-type=\"widget\" data-widget_type=\"text-editor.default\">\n\t\t\t\t<div class=\"elementor-widget-container\">\n\t\t\t\t\t\t\t\t\t<p>Un r\u00e9seau d&#039;investissement social moderne, un support client rapide, la s\u00e9curit\u00e9 et les fonds disponibles rendent le trading non seulement fiable mais aussi amusant. <a href=\"https:\/\/topbrokeri.com\/fr\/etoro-recenzija\/\">eToro<\/a> m\u00e9rite d\u00e9finitivement sa place parmi les meilleurs !<\/p>\t\t\t\t\t\t\t\t<\/div>\n\t\t\t\t<\/div>\n\t\t\t\t\t<\/div>\n\t\t<\/div>\n\t\t\t\t<div class=\"elementor-column elementor-col-33 elementor-inner-column elementor-element elementor-element-7a89d98\" data-id=\"7a89d98\" data-element_type=\"column\" data-e-type=\"column\">\n\t\t\t<div class=\"elementor-widget-wrap elementor-element-populated\">\n\t\t\t\t\t\t<div class=\"elementor-element elementor-element-bbdacd6 elementor-widget elementor-widget-image\" data-id=\"bbdacd6\" data-element_type=\"widget\" data-e-type=\"widget\" data-widget_type=\"image.default\">\n\t\t\t\t<div class=\"elementor-widget-container\">\n\t\t\t\t\t\t\t\t\t\t\t\t\t\t\t<img decoding=\"async\" width=\"300\" height=\"150\" src=\"https:\/\/topbrokeri.com\/wp-content\/uploads\/2017\/11\/Plus500-300x150-1.jpg\" class=\"attachment-full size-full wp-image-3140\" alt=\"plus500 avis\" \/>\t\t\t\t\t\t\t\t\t\t\t\t\t\t\t<\/div>\n\t\t\t\t<\/div>\n\t\t\t\t<div class=\"elementor-element elementor-element-9287bca elementor-widget elementor-widget-text-editor\" data-id=\"9287bca\" data-element_type=\"widget\" data-e-type=\"widget\" data-widget_type=\"text-editor.default\">\n\t\t\t\t<div class=\"elementor-widget-container\">\n\t\t\t\t\t\t\t\t\t<p>Quoi \u00e7a <a href=\"https:\/\/topbrokeri.com\/fr\/plus-500-recenzija\/\">Plus500<\/a> ce qui les diff\u00e9rencie des autres courtiers, c&#039;est qu&#039;ils ont r\u00e9ussi \u00e0 d\u00e9velopper une plateforme tr\u00e8s stable que recherchent la plupart des traders. Avec pr\u00e8s de 10 ans d&#039;exp\u00e9rience, il n&#039;est pas surprenant que Plus500 soit devenu l&#039;un des meilleurs services du march\u00e9.<\/p>\t\t\t\t\t\t\t\t<\/div>\n\t\t\t\t<\/div>\n\t\t\t\t\t<\/div>\n\t\t<\/div>\n\t\t\t\t<div class=\"elementor-column elementor-col-33 elementor-inner-column elementor-element elementor-element-56743f1\" data-id=\"56743f1\" data-element_type=\"column\" data-e-type=\"column\">\n\t\t\t<div class=\"elementor-widget-wrap elementor-element-populated\">\n\t\t\t\t\t\t<div class=\"elementor-element elementor-element-c668d51 elementor-widget elementor-widget-image\" data-id=\"c668d51\" data-element_type=\"widget\" data-e-type=\"widget\" data-widget_type=\"image.default\">\n\t\t\t\t<div class=\"elementor-widget-container\">\n\t\t\t\t\t\t\t\t\t\t\t\t\t\t\t<img decoding=\"async\" width=\"300\" height=\"150\" src=\"https:\/\/topbrokeri.com\/wp-content\/uploads\/2018\/02\/admiral-markets-1.png\" class=\"attachment-full size-full wp-image-5072\" alt=\"Amiral Markets RH\" \/>\t\t\t\t\t\t\t\t\t\t\t\t\t\t\t<\/div>\n\t\t\t\t<\/div>\n\t\t\t\t<div class=\"elementor-element elementor-element-00649f2 elementor-widget elementor-widget-text-editor\" data-id=\"00649f2\" data-element_type=\"widget\" data-e-type=\"widget\" data-widget_type=\"text-editor.default\">\n\t\t\t\t<div class=\"elementor-widget-container\">\n\t\t\t\t\t\t\t\t\t<p>Dot\u00e9 des outils les plus utiles et efficaces du march\u00e9, Admiral <a href=\"https:\/\/topbrokeri.com\/fr\/markets-com-recenzija\/\">March\u00e9s<\/a> est certainement le meilleur choix pour les d\u00e9butants. Du calendrier \u00e9conomique aux diverses analyses de march\u00e9, vous avez un aper\u00e7u des tendances actuelles et futures du march\u00e9.<\/p>\t\t\t\t\t\t\t\t<\/div>\n\t\t\t\t<\/div>\n\t\t\t\t\t<\/div>\n\t\t<\/div>\n\t\t\t\t\t<\/div>\n\t\t<\/section>\n\t\t\t\t<div class=\"elementor-element elementor-element-a070070 elementor-widget-divider--view-line elementor-widget elementor-widget-divider\" data-id=\"a070070\" data-element_type=\"widget\" data-e-type=\"widget\" data-widget_type=\"divider.default\">\n\t\t\t\t<div class=\"elementor-widget-container\">\n\t\t\t\t\t\t\t<div class=\"elementor-divider\">\n\t\t\t<span class=\"elementor-divider-separator\">\n\t\t\t\t\t\t<\/span>\n\t\t<\/div>\n\t\t\t\t\t\t<\/div>\n\t\t\t\t<\/div>\n\t\t\t\t<div class=\"elementor-element elementor-element-b64a7bd elementor-widget elementor-widget-accordion\" data-id=\"b64a7bd\" data-element_type=\"widget\" data-e-type=\"widget\" data-widget_type=\"accordion.default\">\n\t\t\t\t<div class=\"elementor-widget-container\">\n\t\t\t\t\t\t\t<div class=\"elementor-accordion\">\n\t\t\t\t\t\t\t<div class=\"elementor-accordion-item\">\n\t\t\t\t\t<h5 id=\"elementor-tab-title-1911\" class=\"elementor-tab-title\" data-tab=\"1\" role=\"button\" aria-controls=\"elementor-tab-content-1911\" aria-expanded=\"false\">\n\t\t\t\t\t\t\t\t\t\t\t\t\t<span class=\"elementor-accordion-icon elementor-accordion-icon-left\" aria-hidden=\"true\">\n\t\t\t\t\t\t\t\t\t\t\t\t\t\t\t<span class=\"elementor-accordion-icon-closed\"><i class=\"fas fa-plus\"><\/i><\/span>\n\t\t\t\t\t\t\t\t<span class=\"elementor-accordion-icon-opened\"><i class=\"fas fa-minus\"><\/i><\/span>\n\t\t\t\t\t\t\t\t\t\t\t\t\t\t<\/span>\n\t\t\t\t\t\t\t\t\t\t\t\t<a class=\"elementor-accordion-title\" tabindex=\"0\">CFD Crypto-monnaies<\/a>\n\t\t\t\t\t<\/h5>\n\t\t\t\t\t<div id=\"elementor-tab-content-1911\" class=\"elementor-tab-content elementor-clearfix\" data-tab=\"1\" role=\"region\" aria-labelledby=\"elementor-tab-title-1911\"><p>Que vous soyez d\u00e9j\u00e0 un participant actif au trading en ligne ou que vous n&#039;y soyez absolument pour rien, vous devez avoir entendu diverses informations sur les crypto-monnaies et leur impact sur le march\u00e9 mondial. En termes simples, avec leur croissance fulgurante, il n\u2019y a presque aucun coin de la vie quotidienne que les crypto-monnaies n\u2019ont pas touch\u00e9. M\u00eame si les d\u00e9buts des cryptomonnaies remontent \u00e0 pr\u00e8s de 10 ans, elles n\u2019ont connu leur v\u00e9ritable essor que ces derni\u00e8res ann\u00e9es. Et quel genre ! En plus d\u2019\u00eatre reconnues par tous les traders et courtiers actifs, les crypto-monnaies sont \u00e9galement devenues une source de revenus quotidienne pour les gens ordinaires. Pourquoi il en est ainsi, lisez ci-dessous.<\/p><h3>Id\u00e9e<\/h3><p>La premi\u00e8re tentative de cr\u00e9ation d&#039;une crypto-monnaie a eu lieu en 1998, lorsque le syst\u00e8me dit \u00ab B-money \u00bb a \u00e9t\u00e9 d\u00e9crit. Il s\u2019agissait d\u2019un type de monnaie \u00e9lectronique \u00e9chang\u00e9e entre participants anonymes. Malgr\u00e9 l\u2019id\u00e9e prometteuse, le projet n\u2019a pas d\u00e9coll\u00e9. Cependant, la m\u00eame ann\u00e9e, l\u2019informaticien et cryptographe am\u00e9ricain Nick Szabo cr\u00e9e Bit Gold, qui s\u2019av\u00e9rera plus tard \u00eatre une menace pour BitCoin. Bien que le produit lui-m\u00eame n&#039;ait jamais \u00e9t\u00e9 enti\u00e8rement adopt\u00e9, ses pi\u00e8ces et \u00e9l\u00e9ments cl\u00e9s constituent un \u00e9l\u00e9ment essentiel du BitCoin d&#039;aujourd&#039;hui ; comme le concept \u00ab Proof of Work \u00bb, qui d\u00e9terminait la puissance informatique n\u00e9cessaire pour r\u00e9soudre des \u00e9nigmes cryptographiques complexes. Un participant au r\u00e9seau qui parviendrait \u00e0 r\u00e9soudre un probl\u00e8me cryptographique cr\u00e9erait ce qu&#039;on appelle une \u00ab\u00a0Blockchain\u00a0\u00bb et gagnerait ainsi sa place dans la formation de diverses quantit\u00e9s de crypto-monnaies.<\/p><p>Cette m\u00eame m\u00e9thode constitue le principe de fonctionnement cl\u00e9 du r\u00e9seau BitCoin, con\u00e7u en 2008 en r\u00e9ponse \u00e0 la crise mondiale. Un homme ou un groupe d&#039;entre eux, cach\u00e9 sous le nom de Satoshi Nakamoto, voulait cr\u00e9er une monnaie \u00e9lectronique peer-to-peer v\u00e9ritablement ind\u00e9pendante et d\u00e9centralis\u00e9e. En raison de la confiance g\u00e9n\u00e9rale dans les institutions gouvernementales et la stabilit\u00e9 mon\u00e9taire, BitCoin a vu le jour en tant qu&#039;ind\u00e9pendant au cours des ann\u00e9es suivantes.<\/p><h3>Entr\u00e9e sur le march\u00e9<\/h3><p>Maintenant que vous connaissez l&#039;\u00e9norme potentiel qu&#039;ont sans aucun doute les crypto-monnaies, vous souhaitez faire partie de cette tendance croissante, vous vous demandez s\u00fbrement comment \u00e9changer des crypto-monnaies !? \u00c0 savoir, il existe diff\u00e9rentes mani\u00e8res - vous pouvez les creuser mini\u00e8re, en sp\u00e9culant sur leur prix ou simplement en les achetant, que ce soit pour le day trading ou pour un investissement \u00e0 long terme. L\u2019achat de crypto-monnaies est actuellement le plus populaire, ce qui est certainement soutenu par leur \u00e9norme croissance, qui garantit presque un profit pur du jour au lendemain.<\/p><h3>Choisir un courtier<\/h3><p>La premi\u00e8re \u00e9tape pour trader les cryptomonnaies serait de choisir un courtier, c\u2019est \u00e0 dire un interm\u00e9diaire qui vous initierait au march\u00e9 des cryptomonnaies. M\u00eame si au premier abord cela semble \u00eatre une t\u00e2che facile, il est tr\u00e8s facile de se perdre et de se tromper. \u00c0 savoir, dans la mer d\u2019options et d\u2019opportunit\u00e9s qu\u2019apportent les temps modernes et Internet, Internet regorge non seulement de courtiers inadapt\u00e9s \u00e0 vos besoins, mais aussi de fraudes. Heureusement pour vous, gr\u00e2ce \u00e0 notre s\u00e9lection d&#039;experts, vous ne pouvez pas vous tromper.<\/p><\/div>\n\t\t\t\t<\/div>\n\t\t\t\t\t\t\t<div class=\"elementor-accordion-item\">\n\t\t\t\t\t<h5 id=\"elementor-tab-title-1912\" class=\"elementor-tab-title\" data-tab=\"2\" role=\"button\" aria-controls=\"elementor-tab-content-1912\" aria-expanded=\"false\">\n\t\t\t\t\t\t\t\t\t\t\t\t\t<span class=\"elementor-accordion-icon elementor-accordion-icon-left\" aria-hidden=\"true\">\n\t\t\t\t\t\t\t\t\t\t\t\t\t\t\t<span class=\"elementor-accordion-icon-closed\"><i class=\"fas fa-plus\"><\/i><\/span>\n\t\t\t\t\t\t\t\t<span class=\"elementor-accordion-icon-opened\"><i class=\"fas fa-minus\"><\/i><\/span>\n\t\t\t\t\t\t\t\t\t\t\t\t\t\t<\/span>\n\t\t\t\t\t\t\t\t\t\t\t\t<a class=\"elementor-accordion-title\" tabindex=\"0\">Comment fonctionnent les cryptomonnaies ?<\/a>\n\t\t\t\t\t<\/h5>\n\t\t\t\t\t<div id=\"elementor-tab-content-1912\" class=\"elementor-tab-content elementor-clearfix\" data-tab=\"2\" role=\"region\" aria-labelledby=\"elementor-tab-title-1912\"><h3>LES BASES DE LA CRYPTOMONNAIE<\/h3><p>Les humains \u00e9changent des biens physiques depuis la nuit des temps. Aujourd\u2019hui, ces monnaies sont pour la plupart des billets ou des pi\u00e8ces imprim\u00e9s, g\u00e9r\u00e9s par un gouvernement centralis\u00e9 et surveill\u00e9s par des institutions financi\u00e8res. Cependant, en 2009, le fondateur de Bitcoin, Satoshi Nakamoto, a lanc\u00e9 une id\u00e9e qui allait changer la fa\u00e7on dont les gens per\u00e7oivent l\u2019argent. Et si la monnaie \u00e9tait r\u00e9gie par les math\u00e9matiques et non par les gouvernements ?<\/p><p>Les crypto-monnaies sont une forme de monnaie num\u00e9rique qui fonctionne sur un syst\u00e8me mon\u00e9taire enti\u00e8rement nouveau, non r\u00e9glement\u00e9 par un organisme centralis\u00e9 ni surveill\u00e9 par une institution formelle. Il existe de nombreux types de crypto-monnaies avec des fonctions diff\u00e9rentes. Ind\u00e9pendamment de chaque fonction, chaque monnaie num\u00e9rique est support\u00e9e par un r\u00e9seau peer-to-peer d\u00e9centralis\u00e9 appel\u00e9 blockchain.<\/p><h3>CHA\u00ceNE DE BLOCS<\/h3><p>La technologie Blockchain assure le suivi de toutes les crypto-monnaies, qu&#039;elles soient d\u00e9tenues dans un portefeuille num\u00e9rique ou utilis\u00e9es dans le commerce. L\u2019efficacit\u00e9 du fonctionnement d\u2019un tel syst\u00e8me n\u00e9cessite cependant une infrastructure garantissant qu\u2019il n\u2019est pas possible de tricher et de jouer avec le syst\u00e8me. Bitcoin a \u00e9t\u00e9 le premier \u00e0 \u00eatre commercialis\u00e9, \u00e9tablissant un syst\u00e8me dans lequel deux personnes \u2013 l&#039;exp\u00e9diteur et le destinataire des pi\u00e8ces \u2013 doivent signer pour cr\u00e9er une signature num\u00e9rique. Chaque personne dispose d&#039;une cl\u00e9 de cryptage publique et priv\u00e9e. L&#039;exactitude de chaque transaction est v\u00e9rifi\u00e9e et le syst\u00e8me est anonyme et totalement transparent. Au centre de cette infrastructure se trouve un livre. Voyons donc comment cela fonctionne.<\/p><h3>COMMENT FONCTIONNENT LES CRYPTOMONNAIES<\/h3><p>Il s\u2019agit d\u2019un registre de cryptomonnaies dans lequel toutes les transactions sont publi\u00e9es pour garantir une transparence totale. Tenir un grand livre oblige tout le monde \u00e0 \u00ab jouer franc jeu \u00bb et \u00e9limine le risque de double d\u00e9pense. Un grand livre est une liste d&#039;entr\u00e9es de base de donn\u00e9es que personne ne peut modifier sans remplir certaines conditions. Personne ne poss\u00e8de le registre ou la blockchain des crypto-monnaies\u00a0; il s\u2019agit plut\u00f4t d\u2019un sens d\u00e9centralis\u00e9 de l\u2019autonomie gouvernementale et de l\u2019autonomie gouvernementale sans l\u2019ing\u00e9rence de parties ext\u00e9rieures.<\/p><h3>EXPLOITATION MINI\u00c8RE<\/h3><p>Disons que vous souhaitez investir dans une crypto-monnaie, telle que Bitcoin, via un \u00e9change majeur de crypto-monnaie. Apr\u00e8s l&#039;achat, d\u00e9cidez de le d\u00e9penser. Ce qui va se passer maintenant? La transaction n\u2019est initialement pas confirm\u00e9e, ce qui signifie qu\u2019elle n\u2019est pas encore officielle et ne devient \u00ab grav\u00e9e dans le marbre \u00bb que lorsqu\u2019elle passe le processus de v\u00e9rification. Une fois confirm\u00e9e, la transaction fait partie de l\u2019enregistrement des transactions historiques plac\u00e9es dans la blockchain.<\/p><p>Les gestionnaires de crypto-monnaie v\u00e9rifient les transactions, puis les ajoutent au grand livre public. Ils utilisent des ordinateurs puissants pour r\u00e9soudre des probl\u00e8mes math\u00e9matiques complexes essentiels au processus de v\u00e9rification. Le minage de cryptomonnaie est ouvert, donc n\u2019importe qui peut confirmer une transaction, et le premier mineur \u00e0 r\u00e9soudre le probl\u00e8me peut ajouter un bloc \u00e0 son registre de transactions. Ce processus est appel\u00e9 \u00ab syst\u00e8me de preuve de travail \u00bb.<\/p><p>Une fois qu\u2019un bloc est ajout\u00e9 au registre, le mineur re\u00e7oit une r\u00e9compense pour ses efforts, qui varie selon la crypto-monnaie. Par exemple, Bitcoin attribuait initialement 50 BTC, mais cette r\u00e9compense a \u00e9t\u00e9 r\u00e9duite de moiti\u00e9 \u00e0 12,5 BTC aujourd&#039;hui.<\/p><h3>LE FUTUR EST ICI<\/h3><p>Les principales crypto-monnaies joueront un r\u00f4le important \u00e0 l\u2019avenir et leur utilisation n\u2019a cess\u00e9 d\u2019augmenter au cours des derni\u00e8res ann\u00e9es. Bitcoin est actuellement utilis\u00e9 dans 96 pays et continue de cro\u00eetre, avec 12 000 transactions effectu\u00e9es chaque heure. Mieux comprendre les crypto-monnaies est la premi\u00e8re \u00e9tape, la seconde est d\u2019essayer.<\/p><p>Choisissez votre favori parmi notre liste des meilleurs courtiers et n\u00e9gociez des crypto-monnaies d\u00e8s aujourd&#039;hui !<\/p><\/div>\n\t\t\t\t<\/div>\n\t\t\t\t\t\t\t\t<\/div>\n\t\t\t\t\t\t<\/div>\n\t\t\t\t<\/div>\n\t\t\t\t\t<\/div>\n\t\t<\/div>\n\t\t\t\t\t<\/div>\n\t\t<\/section>\n\t\t\t\t<\/div>","protected":false},"excerpt":{"rendered":"<p>CFD Kriptovalute \u201cBudu\u0107nost novca je digitalna valuta \u201d Bill Gates Tijekom 2020. godine, tr\u017ei\u0161ne vrijednosti\u00a0 najve\u0107ih kriptovaluta porasle su za 159 posto, \u0161to je Bitcoin (BTC) odr\u017eao u 2021. godini, dosegnuv\u0161i u travnju 64.863 dolara. Me\u0111utim tr\u017ei\u0161te kriptovalutama nije jedino zabilje\u017eilo impresivan rast.. Ugovori utemeljeni na Ethereumu i imovina kao \u0161to je NFTS preuzimaju internet [&hellip;]<\/p>\n","protected":false},"author":1,"featured_media":0,"parent":0,"menu_order":0,"comment_status":"closed","ping_status":"closed","template":"elementor_header_footer","meta":{"footnotes":""},"class_list":["post-2136","page","type-page","status-publish","hentry"],"_links":{"self":[{"href":"https:\/\/topbrokeri.com\/fr\/wp-json\/wp\/v2\/pages\/2136","targetHints":{"allow":["GET"]}}],"collection":[{"href":"https:\/\/topbrokeri.com\/fr\/wp-json\/wp\/v2\/pages"}],"about":[{"href":"https:\/\/topbrokeri.com\/fr\/wp-json\/wp\/v2\/types\/page"}],"author":[{"embeddable":true,"href":"https:\/\/topbrokeri.com\/fr\/wp-json\/wp\/v2\/users\/1"}],"replies":[{"embeddable":true,"href":"https:\/\/topbrokeri.com\/fr\/wp-json\/wp\/v2\/comments?post=2136"}],"version-history":[{"count":6,"href":"https:\/\/topbrokeri.com\/fr\/wp-json\/wp\/v2\/pages\/2136\/revisions"}],"predecessor-version":[{"id":7865,"href":"https:\/\/topbrokeri.com\/fr\/wp-json\/wp\/v2\/pages\/2136\/revisions\/7865"}],"wp:attachment":[{"href":"https:\/\/topbrokeri.com\/fr\/wp-json\/wp\/v2\/media?parent=2136"}],"curies":[{"name":"wp","href":"https:\/\/api.w.org\/{rel}","templated":true}]}}