{"id":2038,"date":"2017-11-15T10:50:49","date_gmt":"2017-11-15T10:50:49","guid":{"rendered":"https:\/\/topbrokeri.com\/?page_id=2038"},"modified":"2022-04-23T13:14:42","modified_gmt":"2022-04-23T13:14:42","slug":"odricanje","status":"publish","type":"page","link":"https:\/\/topbrokeri.com\/fr\/odricanje\/","title":{"rendered":"Renoncer"},"content":{"rendered":"<div data-elementor-type=\"wp-page\" data-elementor-id=\"2038\" class=\"elementor elementor-2038\" data-elementor-post-type=\"page\">\n\t\t\t\t\t\t<section class=\"elementor-section elementor-top-section elementor-element elementor-element-4fac1fa elementor-section-stretched elementor-section-boxed elementor-section-height-default elementor-section-height-default\" data-id=\"4fac1fa\" data-element_type=\"section\" data-e-type=\"section\" data-settings=\"{&quot;stretch_section&quot;:&quot;section-stretched&quot;,&quot;shape_divider_top&quot;:&quot;tilt&quot;}\">\n\t\t\t\t\t<div class=\"elementor-shape elementor-shape-top\" aria-hidden=\"true\" data-negative=\"false\">\n\t\t\t<svg xmlns=\"http:\/\/www.w3.org\/2000\/svg\" viewbox=\"0 0 1000 100\" preserveaspectratio=\"none\">\n\t<path class=\"elementor-shape-fill\" d=\"M0,6V0h1000v100L0,6z\"\/>\n<\/svg>\t\t<\/div>\n\t\t\t\t\t<div class=\"elementor-container elementor-column-gap-default\">\n\t\t\t\t\t<div class=\"elementor-column elementor-col-100 elementor-top-column elementor-element elementor-element-8436f84\" data-id=\"8436f84\" data-element_type=\"column\" data-e-type=\"column\">\n\t\t\t<div class=\"elementor-widget-wrap elementor-element-populated\">\n\t\t\t\t\t\t<div class=\"elementor-element elementor-element-5277b93 elementor-widget elementor-widget-heading\" data-id=\"5277b93\" data-element_type=\"widget\" data-e-type=\"widget\" data-widget_type=\"heading.default\">\n\t\t\t\t<div class=\"elementor-widget-container\">\n\t\t\t\t\t<h1 class=\"elementor-heading-title elementor-size-default\">Renoncer<\/h1>\t\t\t\t<\/div>\n\t\t\t\t<\/div>\n\t\t\t\t<div class=\"elementor-element elementor-element-7035474 elementor-widget elementor-widget-text-editor\" data-id=\"7035474\" data-element_type=\"widget\" data-e-type=\"widget\" data-widget_type=\"text-editor.default\">\n\t\t\t\t<div class=\"elementor-widget-container\">\n\t\t\t\t\t\t\t\t\t<p>\u00c0 notre \u00e9poque o\u00f9 la vie devient de plus en plus ch\u00e8re et le temps de plus en plus court, isTopBrokeri.com ne sera pas l\u00e9galement responsable de toute perte ou dommage r\u00e9sultant de la confiance accord\u00e9e aux informations affich\u00e9es sur ce site Web, y compris les avis des courtiers, les actualit\u00e9s financi\u00e8res, les opinions des auteurs et \/ ou analyse. Les informations incluses sur TopBrokeri.com ne sont pas toujours publi\u00e9es en temps r\u00e9el et\/ou n\u00e9cessairement exactes, et ne refl\u00e8tent pas toujours les opinions des propri\u00e9taires, employ\u00e9s et\/ou contributeurs du contenu de TopBrokeri.com. Il faut savoir que le trading de CFD ou tout autre type de trading comporte des risques \u00e9lev\u00e9s et ne convient pas \u00e0 tout le monde. Avant de n\u00e9gocier des CFD ou tout autre instrument financier, il convient d&#039;\u00eatre conscient des risques, de bien conna\u00eetre ses objectifs et ses limites d&#039;investissement, et d&#039;acqu\u00e9rir le bon niveau de compr\u00e9hension et de gestion des risques. Le trading de produits \u00e0 effet de levier sous forme de CFD implique un risque de perte important et peut ne pas convenir \u00e0 tous les investisseurs. Le trading de tels produits est risqu\u00e9 et vous pouvez perdre tout votre capital investi. Les investisseurs avis\u00e9s et les traders d\u00e9butants du monde entier recherchent de nouvelles sources d&#039;investissement et de profit en essayant de d\u00e9couvrir quels sont les meilleurs courtiers. Gr\u00e2ce \u00e0 Internet, devenu un \u00e9l\u00e9ment indispensable de la vie quotidienne, le march\u00e9 de la sp\u00e9culation ou Forex populaire est pass\u00e9 des grandes bourses aux petits \u00e9crans en passant par divers interm\u00e9diaires ou Broker populaire permettant \u00e0 chacun de tester ses connaissances en mati\u00e8re de trading en ligne quelle que soit son exp\u00e9rience et son exp\u00e9rience. emplacement. Avec les meilleurs courtiers d&#039;aujourd&#039;hui offrant une abondance de mat\u00e9riel p\u00e9dagogique et de s\u00e9minaires \u00e0 leurs utilisateurs, devenir un investisseur prosp\u00e8re n&#039;a jamais \u00e9t\u00e9 aussi simple. En choisissant le courtier le mieux adapt\u00e9 \u00e0 vos besoins dans notre Top List, vous pouvez \u00eatre s\u00fbr que le parcours exhaustif de recherche du bon courtier ne vous \u00e9garera pas et que vous ne vous souviendrez de votre exp\u00e9rience de trading que pour le bien !<\/p>\t\t\t\t\t\t\t\t<\/div>\n\t\t\t\t<\/div>\n\t\t\t\t\t<\/div>\n\t\t<\/div>\n\t\t\t\t\t<\/div>\n\t\t<\/section>\n\t\t\t\t<\/div>","protected":false},"excerpt":{"rendered":"<p>Odricanje U dana\u0161nje vrijeme kada \u017eivot postaje sve skuplji, a vremena sve manje, isTopBrokeri.com ne\u0107e biti pravno odgovoran za bilo kakav gubitak ili \u0161tetu koja proizlazi iz oslanjanja na informacije prikazane na ovoj web stranici, uklju\u010duju\u0107i recenzije brokera, financijske vijesti, mi\u0161ljenja autora i \/ ili analize. Podaci uklju\u010deni na TopBrokeri.com nisu uvijek objavljeni u stvarnom [&hellip;]<\/p>\n","protected":false},"author":1,"featured_media":0,"parent":0,"menu_order":0,"comment_status":"closed","ping_status":"closed","template":"elementor_header_footer","meta":{"footnotes":""},"class_list":["post-2038","page","type-page","status-publish","hentry"],"_links":{"self":[{"href":"https:\/\/topbrokeri.com\/fr\/wp-json\/wp\/v2\/pages\/2038","targetHints":{"allow":["GET"]}}],"collection":[{"href":"https:\/\/topbrokeri.com\/fr\/wp-json\/wp\/v2\/pages"}],"about":[{"href":"https:\/\/topbrokeri.com\/fr\/wp-json\/wp\/v2\/types\/page"}],"author":[{"embeddable":true,"href":"https:\/\/topbrokeri.com\/fr\/wp-json\/wp\/v2\/users\/1"}],"replies":[{"embeddable":true,"href":"https:\/\/topbrokeri.com\/fr\/wp-json\/wp\/v2\/comments?post=2038"}],"version-history":[{"count":4,"href":"https:\/\/topbrokeri.com\/fr\/wp-json\/wp\/v2\/pages\/2038\/revisions"}],"predecessor-version":[{"id":7798,"href":"https:\/\/topbrokeri.com\/fr\/wp-json\/wp\/v2\/pages\/2038\/revisions\/7798"}],"wp:attachment":[{"href":"https:\/\/topbrokeri.com\/fr\/wp-json\/wp\/v2\/media?parent=2038"}],"curies":[{"name":"wp","href":"https:\/\/api.w.org\/{rel}","templated":true}]}}