{"id":10324,"date":"2025-03-27T09:07:17","date_gmt":"2025-03-27T09:07:17","guid":{"rendered":"https:\/\/topbrokeri.com\/?page_id=10324"},"modified":"2025-04-09T14:19:11","modified_gmt":"2025-04-09T14:19:11","slug":"thank-you","status":"publish","type":"page","link":"https:\/\/topbrokeri.com\/fr\/thank-you\/","title":{"rendered":"Merci"},"content":{"rendered":"<div data-elementor-type=\"wp-page\" data-elementor-id=\"10324\" class=\"elementor elementor-10324\" data-elementor-post-type=\"page\">\n\t\t\t\t\t\t<section class=\"elementor-section elementor-top-section elementor-element elementor-element-539d79c4 elementor-section-content-middle elementor-section-boxed elementor-section-height-default elementor-section-height-default\" data-id=\"539d79c4\" data-element_type=\"section\" data-e-type=\"section\">\n\t\t\t\t\t\t<div class=\"elementor-container elementor-column-gap-default\">\n\t\t\t\t\t<div class=\"elementor-column elementor-col-50 elementor-top-column elementor-element elementor-element-7bb4cbaf\" data-id=\"7bb4cbaf\" data-element_type=\"column\" data-e-type=\"column\">\n\t\t\t<div class=\"elementor-widget-wrap elementor-element-populated\">\n\t\t\t\t\t\t<div class=\"elementor-element elementor-element-8ad885e elementor-widget elementor-widget-html\" data-id=\"8ad885e\" data-element_type=\"widget\" data-e-type=\"widget\" data-widget_type=\"html.default\">\n\t\t\t\t<div class=\"elementor-widget-container\">\n\t\t\t\t\t<h2>Merci!<\/h2>\t\t\t\t<\/div>\n\t\t\t\t<\/div>\n\t\t\t\t\t<\/div>\n\t\t<\/div>\n\t\t\t\t<div class=\"elementor-column elementor-col-50 elementor-top-column elementor-element elementor-element-4f5e3130\" data-id=\"4f5e3130\" data-element_type=\"column\" data-e-type=\"column\">\n\t\t\t<div class=\"elementor-widget-wrap elementor-element-populated\">\n\t\t\t\t\t\t<div class=\"elementor-element elementor-element-22082330 elementor-position-left elementor-vertical-align-middle elementor-widget elementor-widget-image-box\" data-id=\"22082330\" data-element_type=\"widget\" data-e-type=\"widget\" data-widget_type=\"image-box.default\">\n\t\t\t\t<div class=\"elementor-widget-container\">\n\t\t\t\t\t<div class=\"elementor-image-box-wrapper\"><figure class=\"elementor-image-box-img\"><img decoding=\"async\" src=\"https:\/\/topbrokeri.com\/wp-content\/uploads\/elementor\/thumbs\/197507-r3h4k2dibicv0aatzxnl2bn3l6e7j039lxlj81yxpa.png\" title=\"197507.png\" alt=\"197507.png\" loading=\"lazy\" \/><\/figure><div class=\"elementor-image-box-content\"><h3 class=\"elementor-image-box-title\">Seules quelques \u00e9tapes sont n\u00e9cessaires pour configurer votre compte.<\/h3><p class=\"elementor-image-box-description\">Comme vous pouvez le constater, nous prenons la s\u00e9curit\u00e9 tr\u00e8s au s\u00e9rieux dans ce programme. Afin de v\u00e9rifier votre identit\u00e9 et de valider votre compte dans un d\u00e9lai de 30 minutes, un de nos sp\u00e9cialistes vous appellera. (Lun-Ven). La page suivante vous enverra vers notre partenaire soigneusement s\u00e9lectionn\u00e9 pour activer votre compte et d\u00e9poser votre petit capital de d\u00e9part afin de vous familiariser avec le syst\u00e8me. N&#039;oubliez pas que vous pouvez toujours retirer votre capital.<\/p><\/div><\/div>\t\t\t\t<\/div>\n\t\t\t\t<\/div>\n\t\t\t\t<div class=\"elementor-element elementor-element-7c46e67e elementor-widget-divider--separator-type-pattern elementor-widget-divider--view-line elementor-widget elementor-widget-divider\" data-id=\"7c46e67e\" data-element_type=\"widget\" data-e-type=\"widget\" data-widget_type=\"divider.default\">\n\t\t\t\t<div class=\"elementor-widget-container\">\n\t\t\t\t\t\t\t<div class=\"elementor-divider\" style=\"--divider-pattern-url: url(&quot;data:image\/svg+xml,%3Csvg xmlns=&#039;http:\/\/www.w3.org\/2000\/svg&#039; preserveAspectRatio=&#039;none&#039; overflow=&#039;visible&#039; height=&#039;100%&#039; viewBox=&#039;0 0 24 24&#039; fill=&#039;none&#039; stroke=&#039;black&#039; stroke-width=&#039;1&#039; stroke-linecap=&#039;square&#039; stroke-miterlimit=&#039;10&#039;%3E%3Cpolyline points=&#039;0,18 12,6 24,18 &#039;\/%3E%3C\/svg%3E&quot;);\">\n\t\t\t<span class=\"elementor-divider-separator\">\n\t\t\t\t\t\t<\/span>\n\t\t<\/div>\n\t\t\t\t\t\t<\/div>\n\t\t\t\t<\/div>\n\t\t\t\t<div class=\"elementor-element elementor-element-5f3e5660 elementor-position-left elementor-vertical-align-middle elementor-widget elementor-widget-image-box\" data-id=\"5f3e5660\" data-element_type=\"widget\" data-e-type=\"widget\" data-widget_type=\"image-box.default\">\n\t\t\t\t<div class=\"elementor-widget-container\">\n\t\t\t\t\t<div class=\"elementor-image-box-wrapper\"><figure class=\"elementor-image-box-img\"><img decoding=\"async\" src=\"https:\/\/topbrokeri.com\/wp-content\/uploads\/elementor\/thumbs\/197571-r3h4k2dibicv0aatzxnl2bn3l6e7j039lxlj81yxpa.png\" title=\"197571.png\" alt=\"197571.png\" loading=\"lazy\" \/><\/figure><div class=\"elementor-image-box-content\"><h3 class=\"elementor-image-box-title\">Il s&#039;agit d&#039;un simple sch\u00e9ma qui vous permet de configurer votre compte.<\/h3><p class=\"elementor-image-box-description\">Si vous le voyez, nehmen wir die Sicherheit in die Programm sehr ernst. Votre identit\u00e9 \u00e0 utiliser et votre compte interne pendant 30 minutes pour \u00eatre valid\u00e9, avec un de nos sp\u00e9cialistes. (Lun-Ven). Auf der n\u00e4chtliche Seite werden Sie zu unserem zu unserem gesch\u00e4ftigungsgesch\u00e4ften Partner geschickt, um Ihr Konto zu aktivieren et Ihr kleines Startkapital einzuzahlen, damit Sie ein Gef\u00fchl f\u00fcr das System bekommen. Denken Sie daran, dass Sie Ihr Kapital jederzeit abheben k\u00f6nnen.<\/p><\/div><\/div>\t\t\t\t<\/div>\n\t\t\t\t<\/div>\n\t\t\t\t<div class=\"elementor-element elementor-element-45ccc553 elementor-widget-divider--separator-type-pattern elementor-widget-divider--view-line elementor-widget elementor-widget-divider\" data-id=\"45ccc553\" data-element_type=\"widget\" data-e-type=\"widget\" data-widget_type=\"divider.default\">\n\t\t\t\t<div class=\"elementor-widget-container\">\n\t\t\t\t\t\t\t<div class=\"elementor-divider\" style=\"--divider-pattern-url: url(&quot;data:image\/svg+xml,%3Csvg xmlns=&#039;http:\/\/www.w3.org\/2000\/svg&#039; preserveAspectRatio=&#039;none&#039; overflow=&#039;visible&#039; height=&#039;100%&#039; viewBox=&#039;0 0 24 24&#039; fill=&#039;none&#039; stroke=&#039;black&#039; stroke-width=&#039;1&#039; stroke-linecap=&#039;square&#039; stroke-miterlimit=&#039;10&#039;%3E%3Cpolyline points=&#039;0,18 12,6 24,18 &#039;\/%3E%3C\/svg%3E&quot;);\">\n\t\t\t<span class=\"elementor-divider-separator\">\n\t\t\t\t\t\t<\/span>\n\t\t<\/div>\n\t\t\t\t\t\t<\/div>\n\t\t\t\t<\/div>\n\t\t\t\t<div class=\"elementor-element elementor-element-1cb4d7a0 elementor-position-left elementor-vertical-align-middle elementor-widget elementor-widget-image-box\" data-id=\"1cb4d7a0\" data-element_type=\"widget\" data-e-type=\"widget\" data-widget_type=\"image-box.default\">\n\t\t\t\t<div class=\"elementor-widget-container\">\n\t\t\t\t\t<div class=\"elementor-image-box-wrapper\"><figure class=\"elementor-image-box-img\"><img decoding=\"async\" src=\"https:\/\/topbrokeri.com\/wp-content\/uploads\/elementor\/thumbs\/197441-r3h4k3bcice5bw9gug27mtek6k9kqp6zy290pbxjj2.png\" title=\"197441.png\" alt=\"197441.png\" loading=\"lazy\" \/><\/figure><div class=\"elementor-image-box-content\"><h3 class=\"elementor-image-box-title\">Vous avez un peu de mal \u00e0 trouver votre compte sur votre site.<\/h3><p class=\"elementor-image-box-description\">Si vous voulez que ce soit tr\u00e8s s\u00e9rieux dans ce programme. Pour que votre identit\u00e9 soit v\u00e9rifi\u00e9e sur votre compte pendant 30 minutes, vous serez valid\u00e9 par un sp\u00e9cialiste de votre beaut\u00e9. (ma-vr). Sur la page suivante, vous trouverez des informations sur les portes ouvertes par un partenaire sz\u00e4rkely gegelen pour activer votre compte dans votre petit chapitre de d\u00e9marrage et stocker un service pour votre syst\u00e8me. Mais vous n&#039;\u00eates pas s\u00fbr que votre capital puisse \u00eatre ouvert.<\/p><\/div><\/div>\t\t\t\t<\/div>\n\t\t\t\t<\/div>\n\t\t\t\t<div class=\"elementor-element elementor-element-210bdac0 elementor-widget-divider--separator-type-pattern elementor-widget-divider--view-line elementor-widget elementor-widget-divider\" data-id=\"210bdac0\" data-element_type=\"widget\" data-e-type=\"widget\" data-widget_type=\"divider.default\">\n\t\t\t\t<div class=\"elementor-widget-container\">\n\t\t\t\t\t\t\t<div class=\"elementor-divider\" style=\"--divider-pattern-url: url(&quot;data:image\/svg+xml,%3Csvg xmlns=&#039;http:\/\/www.w3.org\/2000\/svg&#039; preserveAspectRatio=&#039;none&#039; overflow=&#039;visible&#039; height=&#039;100%&#039; viewBox=&#039;0 0 24 24&#039; fill=&#039;none&#039; stroke=&#039;black&#039; stroke-width=&#039;1&#039; stroke-linecap=&#039;square&#039; stroke-miterlimit=&#039;10&#039;%3E%3Cpolyline points=&#039;0,18 12,6 24,18 &#039;\/%3E%3C\/svg%3E&quot;);\">\n\t\t\t<span class=\"elementor-divider-separator\">\n\t\t\t\t\t\t<\/span>\n\t\t<\/div>\n\t\t\t\t\t\t<\/div>\n\t\t\t\t<\/div>\n\t\t\t\t<div class=\"elementor-element elementor-element-88af760 elementor-position-left elementor-vertical-align-middle elementor-widget elementor-widget-image-box\" data-id=\"88af760\" data-element_type=\"widget\" data-e-type=\"widget\" data-widget_type=\"image-box.default\">\n\t\t\t\t<div class=\"elementor-widget-container\">\n\t\t\t\t\t<div class=\"elementor-image-box-wrapper\"><figure class=\"elementor-image-box-img\"><img decoding=\"async\" src=\"https:\/\/topbrokeri.com\/wp-content\/uploads\/elementor\/thumbs\/197593-r3h4k3bcice5bw9gug27mtek6k9kqp6zy290pbxjj2.png\" title=\"197593.png\" alt=\"197593.png\" loading=\"lazy\" \/><\/figure><div class=\"elementor-image-box-content\"><h3 class=\"elementor-image-box-title\">Il suffit de quelques \u00e9tapes pour configurer votre compte.<\/h3><p class=\"elementor-image-box-description\">Comme nous pouvons le voir, nous pouvons assurer la s\u00e9curit\u00e9 en s\u00e9rie dans ce programme. Pour v\u00e9rifier votre identit\u00e9 et valider votre compte en 30 minutes, un de nos sp\u00e9cialistes vous appellera. (Du lundi au vendredi). La page suivante vous permettra d&#039;envoyer votre utilisation sociale \u00e9l\u00e9gante pour activer votre compte et d\u00e9poser votre petit capital initial pour vous familiariser avec le syst\u00e8me. Rappelez-vous que vous pouvez toujours retirer votre capital.<\/p><\/div><\/div>\t\t\t\t<\/div>\n\t\t\t\t<\/div>\n\t\t\t\t<div class=\"elementor-element elementor-element-afa05a8 elementor-widget-divider--separator-type-pattern elementor-widget-divider--view-line elementor-widget elementor-widget-divider\" data-id=\"afa05a8\" data-element_type=\"widget\" data-e-type=\"widget\" data-widget_type=\"divider.default\">\n\t\t\t\t<div class=\"elementor-widget-container\">\n\t\t\t\t\t\t\t<div class=\"elementor-divider\" style=\"--divider-pattern-url: url(&quot;data:image\/svg+xml,%3Csvg xmlns=&#039;http:\/\/www.w3.org\/2000\/svg&#039; preserveAspectRatio=&#039;none&#039; overflow=&#039;visible&#039; height=&#039;100%&#039; viewBox=&#039;0 0 24 24&#039; fill=&#039;none&#039; stroke=&#039;black&#039; stroke-width=&#039;1&#039; stroke-linecap=&#039;square&#039; stroke-miterlimit=&#039;10&#039;%3E%3Cpolyline points=&#039;0,18 12,6 24,18 &#039;\/%3E%3C\/svg%3E&quot;);\">\n\t\t\t<span class=\"elementor-divider-separator\">\n\t\t\t\t\t\t<\/span>\n\t\t<\/div>\n\t\t\t\t\t\t<\/div>\n\t\t\t\t<\/div>\n\t\t\t\t<div class=\"elementor-element elementor-element-6f8df72b elementor-position-left elementor-vertical-align-middle elementor-widget elementor-widget-image-box\" data-id=\"6f8df72b\" data-element_type=\"widget\" data-e-type=\"widget\" data-widget_type=\"image-box.default\">\n\t\t\t\t<div class=\"elementor-widget-container\">\n\t\t\t\t\t<div class=\"elementor-image-box-wrapper\"><figure class=\"elementor-image-box-img\"><img decoding=\"async\" src=\"https:\/\/topbrokeri.com\/wp-content\/uploads\/elementor\/thumbs\/197626-r3h4k3bcice5bw9gug27mtek6k9kqp6zy290pbxjj2.png\" title=\"197626.png\" alt=\"197626.png\" loading=\"lazy\" \/><\/figure><div class=\"elementor-image-box-content\"><h3 class=\"elementor-image-box-title\">Vous n&#039;avez besoin que de quelques pas pour imputer votre compte.<\/h3><p class=\"elementor-image-box-description\">Comme vous pouvez le voir, nous prenons tr\u00e8s au s\u00e9rieux la s\u00e9curit\u00e9 dans ce programme. Pour v\u00e9rifier votre identit\u00e9 et valider votre compte dans 30 minutes, un de nos sp\u00e9cialistes vous attend. (Lun-Ven). La page suivante vous invitera chez notre partenaire \u00e0 choisir avec soin pour activer votre compte et d\u00e9poser votre petite capitale initiale pour faire une id\u00e9e du syst\u00e8me. Je vous rappelle que vous pouvez toujours ritirare votre capitale.<\/p><\/div><\/div>\t\t\t\t<\/div>\n\t\t\t\t<\/div>\n\t\t\t\t\t<\/div>\n\t\t<\/div>\n\t\t\t\t\t<\/div>\n\t\t<\/section>\n\t\t\t\t<\/div>","protected":false},"excerpt":{"rendered":"<p>Only a few steps are required to set up your account. As you can see, we take security very seriously in this program. In order to verify your identity and validate your account within 30 minutes, one of our specialists will call you.\u00a0(Mon-Fri). The next page will send you to our carefully chosen partner to [&hellip;]<\/p>\n","protected":false},"author":1,"featured_media":0,"parent":0,"menu_order":0,"comment_status":"closed","ping_status":"closed","template":"elementor_header_footer","meta":{"footnotes":""},"class_list":["post-10324","page","type-page","status-publish","hentry"],"_links":{"self":[{"href":"https:\/\/topbrokeri.com\/fr\/wp-json\/wp\/v2\/pages\/10324","targetHints":{"allow":["GET"]}}],"collection":[{"href":"https:\/\/topbrokeri.com\/fr\/wp-json\/wp\/v2\/pages"}],"about":[{"href":"https:\/\/topbrokeri.com\/fr\/wp-json\/wp\/v2\/types\/page"}],"author":[{"embeddable":true,"href":"https:\/\/topbrokeri.com\/fr\/wp-json\/wp\/v2\/users\/1"}],"replies":[{"embeddable":true,"href":"https:\/\/topbrokeri.com\/fr\/wp-json\/wp\/v2\/comments?post=10324"}],"version-history":[{"count":9,"href":"https:\/\/topbrokeri.com\/fr\/wp-json\/wp\/v2\/pages\/10324\/revisions"}],"predecessor-version":[{"id":10579,"href":"https:\/\/topbrokeri.com\/fr\/wp-json\/wp\/v2\/pages\/10324\/revisions\/10579"}],"wp:attachment":[{"href":"https:\/\/topbrokeri.com\/fr\/wp-json\/wp\/v2\/media?parent=10324"}],"curies":[{"name":"wp","href":"https:\/\/api.w.org\/{rel}","templated":true}]}}