{"id":2136,"date":"2017-11-16T09:51:08","date_gmt":"2017-11-16T09:51:08","guid":{"rendered":"https:\/\/topbrokeri.com\/?page_id=2136"},"modified":"2022-04-25T08:58:16","modified_gmt":"2022-04-25T08:58:16","slug":"cfd-kriptovalute","status":"publish","type":"page","link":"https:\/\/topbrokeri.com\/es\/cfd-kriptovalute\/","title":{"rendered":"Criptomonedas CFD"},"content":{"rendered":"<div data-elementor-type=\"wp-page\" data-elementor-id=\"2136\" class=\"elementor elementor-2136\" data-elementor-post-type=\"page\">\n\t\t\t\t\t\t<section class=\"elementor-section elementor-top-section elementor-element elementor-element-77a1b56 elementor-section-stretched elementor-section-boxed elementor-section-height-default elementor-section-height-default\" data-id=\"77a1b56\" data-element_type=\"section\" data-e-type=\"section\" data-settings=\"{&quot;stretch_section&quot;:&quot;section-stretched&quot;,&quot;shape_divider_top&quot;:&quot;tilt&quot;}\">\n\t\t\t\t\t<div class=\"elementor-shape elementor-shape-top\" aria-hidden=\"true\" data-negative=\"false\">\n\t\t\t<svg xmlns=\"http:\/\/www.w3.org\/2000\/svg\" viewbox=\"0 0 1000 100\" preserveaspectratio=\"none\">\n\t<path class=\"elementor-shape-fill\" d=\"M0,6V0h1000v100L0,6z\"\/>\n<\/svg>\t\t<\/div>\n\t\t\t\t\t<div class=\"elementor-container elementor-column-gap-default\">\n\t\t\t\t\t<div class=\"elementor-column elementor-col-100 elementor-top-column elementor-element elementor-element-b9b3a1d\" data-id=\"b9b3a1d\" data-element_type=\"column\" data-e-type=\"column\">\n\t\t\t<div class=\"elementor-widget-wrap elementor-element-populated\">\n\t\t\t\t\t\t<div class=\"elementor-element elementor-element-8f0a9a8 elementor-widget elementor-widget-heading\" data-id=\"8f0a9a8\" data-element_type=\"widget\" data-e-type=\"widget\" data-widget_type=\"heading.default\">\n\t\t\t\t<div class=\"elementor-widget-container\">\n\t\t\t\t\t<h1 class=\"elementor-heading-title elementor-size-default\">Criptomonedas CFD<\/h1>\t\t\t\t<\/div>\n\t\t\t\t<\/div>\n\t\t\t\t<div class=\"elementor-element elementor-element-1ab3e72 elementor-widget elementor-widget-text-editor\" data-id=\"1ab3e72\" data-element_type=\"widget\" data-e-type=\"widget\" data-widget_type=\"text-editor.default\">\n\t\t\t\t<div class=\"elementor-widget-container\">\n\t\t\t\t\t\t\t\t\t<blockquote><h3 style=\"text-align: center;\">&quot;El futuro del dinero es la moneda digital&quot;<\/h3><p style=\"text-align: center;\"><strong>Bill Gates<\/strong><\/p><\/blockquote>\t\t\t\t\t\t\t\t<\/div>\n\t\t\t\t<\/div>\n\t\t\t\t<div class=\"elementor-element elementor-element-317a39f elementor-widget elementor-widget-text-editor\" data-id=\"317a39f\" data-element_type=\"widget\" data-e-type=\"widget\" data-widget_type=\"text-editor.default\">\n\t\t\t\t<div class=\"elementor-widget-container\">\n\t\t\t\t\t\t\t\t\t<div class=\"wpb_text_column wpb_content_element\"><div class=\"wpb_wrapper\"><p>Durante 2020, los valores de mercado de las criptomonedas m\u00e1s grandes aumentaron un 159 por ciento, lo que es <a href=\"https:\/\/topbrokeri.com\/es\/predvidanje-cijene-bitcoin\/\">bitc\u00f3in<\/a> (BTC) celebrada en 2021, alcanzando los $64,863 en abril. Sin embargo, el mercado de las criptomonedas no es el \u00fanico que ha experimentado un crecimiento impresionante. Los contratos basados en Ethereum y los activos como NFTS se est\u00e1n apoderando del comercio en l\u00ednea como un tren a toda velocidad. El m\u00e1s caro <a href=\"https:\/\/topbrokeri.com\/es\/matrix-nft-trader\/\">NFT<\/a>, una obra de arte digital de Beeple, vendida por 69 millones de d\u00f3lares en febrero de 2021. Comercio de opciones <a href=\"https:\/\/topbrokeri.com\/es\/trgovanje-cfd-ovima\/\">CFD<\/a> Las criptomonedas son cada vez m\u00e1s populares.<\/p><p>Sin necesidad de posesi\u00f3n f\u00edsica, los CFD tienen un riesgo reducido de robo de capital. Adem\u00e1s, cuando opera con criptomonedas CFD, puede obtener ganancias significativas incluso si el mercado de criptomonedas pierde valor. Estas ventajas, junto con el apalancamiento, la liquidez, el inter\u00e9s y la volatilidad del mercado de criptomonedas, han hecho del comercio de criptomonedas con CFD el principal instrumento del comercio y la inversi\u00f3n modernos.<\/p><\/div><\/div>\t\t\t\t\t\t\t\t<\/div>\n\t\t\t\t<\/div>\n\t\t\t\t<section class=\"elementor-section elementor-inner-section elementor-element elementor-element-f28edd8 elementor-section-boxed elementor-section-height-default elementor-section-height-default\" data-id=\"f28edd8\" data-element_type=\"section\" data-e-type=\"section\">\n\t\t\t\t\t\t<div class=\"elementor-container elementor-column-gap-default\">\n\t\t\t\t\t<div class=\"elementor-column elementor-col-33 elementor-inner-column elementor-element elementor-element-9f078bc\" data-id=\"9f078bc\" data-element_type=\"column\" data-e-type=\"column\">\n\t\t\t<div class=\"elementor-widget-wrap elementor-element-populated\">\n\t\t\t\t\t\t<div class=\"elementor-element elementor-element-8ef335c elementor-widget elementor-widget-image\" data-id=\"8ef335c\" data-element_type=\"widget\" data-e-type=\"widget\" data-widget_type=\"image.default\">\n\t\t\t\t<div class=\"elementor-widget-container\">\n\t\t\t\t\t\t\t\t\t\t\t\t\t\t\t<img decoding=\"async\" width=\"300\" height=\"150\" src=\"https:\/\/topbrokeri.com\/wp-content\/uploads\/2017\/12\/TORO.png\" class=\"attachment-full size-full wp-image-3138\" alt=\"etoro croacia\" \/>\t\t\t\t\t\t\t\t\t\t\t\t\t\t\t<\/div>\n\t\t\t\t<\/div>\n\t\t\t\t<div class=\"elementor-element elementor-element-ce9981b elementor-widget elementor-widget-text-editor\" data-id=\"ce9981b\" data-element_type=\"widget\" data-e-type=\"widget\" data-widget_type=\"text-editor.default\">\n\t\t\t\t<div class=\"elementor-widget-container\">\n\t\t\t\t\t\t\t\t\t<p>Una red de inversi\u00f3n social moderna, atenci\u00f3n al cliente oportuna, seguridad y fondos disponibles hacen que el comercio no s\u00f3lo sea confiable sino tambi\u00e9n divertido. <a href=\"https:\/\/topbrokeri.com\/es\/etoro-recenzija\/\">eToro<\/a> \u00a1Definitivamente merece su lugar entre los mejores!<\/p>\t\t\t\t\t\t\t\t<\/div>\n\t\t\t\t<\/div>\n\t\t\t\t\t<\/div>\n\t\t<\/div>\n\t\t\t\t<div class=\"elementor-column elementor-col-33 elementor-inner-column elementor-element elementor-element-7a89d98\" data-id=\"7a89d98\" data-element_type=\"column\" data-e-type=\"column\">\n\t\t\t<div class=\"elementor-widget-wrap elementor-element-populated\">\n\t\t\t\t\t\t<div class=\"elementor-element elementor-element-bbdacd6 elementor-widget elementor-widget-image\" data-id=\"bbdacd6\" data-element_type=\"widget\" data-e-type=\"widget\" data-widget_type=\"image.default\">\n\t\t\t\t<div class=\"elementor-widget-container\">\n\t\t\t\t\t\t\t\t\t\t\t\t\t\t\t<img decoding=\"async\" width=\"300\" height=\"150\" src=\"https:\/\/topbrokeri.com\/wp-content\/uploads\/2017\/11\/Plus500-300x150-1.jpg\" class=\"attachment-full size-full wp-image-3140\" alt=\"plus500 opiniones\" \/>\t\t\t\t\t\t\t\t\t\t\t\t\t\t\t<\/div>\n\t\t\t\t<\/div>\n\t\t\t\t<div class=\"elementor-element elementor-element-9287bca elementor-widget elementor-widget-text-editor\" data-id=\"9287bca\" data-element_type=\"widget\" data-e-type=\"widget\" data-widget_type=\"text-editor.default\">\n\t\t\t\t<div class=\"elementor-widget-container\">\n\t\t\t\t\t\t\t\t\t<p>que eso <a href=\"https:\/\/topbrokeri.com\/es\/plus-500-recenzija\/\">M\u00e1s500<\/a> Lo que los diferencia de otros corredores es que han logrado desarrollar una plataforma muy estable que la mayor\u00eda de los comerciantes buscan. Con casi 10 a\u00f1os de experiencia, no sorprende que Plus500 se haya convertido en uno de los mejores servicios del mercado.<\/p>\t\t\t\t\t\t\t\t<\/div>\n\t\t\t\t<\/div>\n\t\t\t\t\t<\/div>\n\t\t<\/div>\n\t\t\t\t<div class=\"elementor-column elementor-col-33 elementor-inner-column elementor-element elementor-element-56743f1\" data-id=\"56743f1\" data-element_type=\"column\" data-e-type=\"column\">\n\t\t\t<div class=\"elementor-widget-wrap elementor-element-populated\">\n\t\t\t\t\t\t<div class=\"elementor-element elementor-element-c668d51 elementor-widget elementor-widget-image\" data-id=\"c668d51\" data-element_type=\"widget\" data-e-type=\"widget\" data-widget_type=\"image.default\">\n\t\t\t\t<div class=\"elementor-widget-container\">\n\t\t\t\t\t\t\t\t\t\t\t\t\t\t\t<img decoding=\"async\" width=\"300\" height=\"150\" src=\"https:\/\/topbrokeri.com\/wp-content\/uploads\/2018\/02\/admiral-markets-1.png\" class=\"attachment-full size-full wp-image-5072\" alt=\"almirante mercados hr\" \/>\t\t\t\t\t\t\t\t\t\t\t\t\t\t\t<\/div>\n\t\t\t\t<\/div>\n\t\t\t\t<div class=\"elementor-element elementor-element-00649f2 elementor-widget elementor-widget-text-editor\" data-id=\"00649f2\" data-element_type=\"widget\" data-e-type=\"widget\" data-widget_type=\"text-editor.default\">\n\t\t\t\t<div class=\"elementor-widget-container\">\n\t\t\t\t\t\t\t\t\t<p>Con las herramientas m\u00e1s \u00fatiles y eficientes del mercado, Admiral <a href=\"https:\/\/topbrokeri.com\/es\/markets-com-recenzija\/\">Mercados<\/a> Es definitivamente la mejor opci\u00f3n para principiantes. Desde el calendario econ\u00f3mico a trav\u00e9s de varios an\u00e1lisis de mercado, tendr\u00e1 informaci\u00f3n sobre las tendencias actuales y futuras del mercado.<\/p>\t\t\t\t\t\t\t\t<\/div>\n\t\t\t\t<\/div>\n\t\t\t\t\t<\/div>\n\t\t<\/div>\n\t\t\t\t\t<\/div>\n\t\t<\/section>\n\t\t\t\t<div class=\"elementor-element elementor-element-a070070 elementor-widget-divider--view-line elementor-widget elementor-widget-divider\" data-id=\"a070070\" data-element_type=\"widget\" data-e-type=\"widget\" data-widget_type=\"divider.default\">\n\t\t\t\t<div class=\"elementor-widget-container\">\n\t\t\t\t\t\t\t<div class=\"elementor-divider\">\n\t\t\t<span class=\"elementor-divider-separator\">\n\t\t\t\t\t\t<\/span>\n\t\t<\/div>\n\t\t\t\t\t\t<\/div>\n\t\t\t\t<\/div>\n\t\t\t\t<div class=\"elementor-element elementor-element-b64a7bd elementor-widget elementor-widget-accordion\" data-id=\"b64a7bd\" data-element_type=\"widget\" data-e-type=\"widget\" data-widget_type=\"accordion.default\">\n\t\t\t\t<div class=\"elementor-widget-container\">\n\t\t\t\t\t\t\t<div class=\"elementor-accordion\">\n\t\t\t\t\t\t\t<div class=\"elementor-accordion-item\">\n\t\t\t\t\t<h5 id=\"elementor-tab-title-1911\" class=\"elementor-tab-title\" data-tab=\"1\" role=\"button\" aria-controls=\"elementor-tab-content-1911\" aria-expanded=\"false\">\n\t\t\t\t\t\t\t\t\t\t\t\t\t<span class=\"elementor-accordion-icon elementor-accordion-icon-left\" aria-hidden=\"true\">\n\t\t\t\t\t\t\t\t\t\t\t\t\t\t\t<span class=\"elementor-accordion-icon-closed\"><i class=\"fas fa-plus\"><\/i><\/span>\n\t\t\t\t\t\t\t\t<span class=\"elementor-accordion-icon-opened\"><i class=\"fas fa-minus\"><\/i><\/span>\n\t\t\t\t\t\t\t\t\t\t\t\t\t\t<\/span>\n\t\t\t\t\t\t\t\t\t\t\t\t<a class=\"elementor-accordion-title\" tabindex=\"0\">Criptomonedas CFD<\/a>\n\t\t\t\t\t<\/h5>\n\t\t\t\t\t<div id=\"elementor-tab-content-1911\" class=\"elementor-tab-content elementor-clearfix\" data-tab=\"1\" role=\"region\" aria-labelledby=\"elementor-tab-title-1911\"><p>Si ya es un participante activo en el comercio en l\u00ednea o no tiene absolutamente nada que ver con \u00e9l, debe haber escuchado diversa informaci\u00f3n sobre las criptomonedas y su impacto en el mercado global. En pocas palabras, con su crecimiento vertiginoso, casi no hay rinc\u00f3n de la vida cotidiana que las criptomonedas no hayan tocado. Aunque los inicios de las criptomonedas se remontan a hace casi 10 a\u00f1os, s\u00f3lo han experimentado su verdadero auge en los \u00faltimos a\u00f1os. \u00a1Y qu\u00e9 tipo! Adem\u00e1s de ser reconocidas por todos los comerciantes y corredores activos, las criptomonedas tambi\u00e9n se han convertido en una fuente diaria de ingresos para la gente corriente. Por qu\u00e9 es as\u00ed, lea a continuaci\u00f3n.<\/p><h3>Idea<\/h3><p>El primer intento de crear una criptomoneda tuvo lugar en 1998, cuando se describi\u00f3 el llamado sistema &quot;B-money&quot;. Se supon\u00eda que ser\u00eda un tipo de dinero electr\u00f3nico que se intercambiar\u00eda entre participantes an\u00f3nimos. A pesar de la prometedora idea, el proyecto no despeg\u00f3. Sin embargo, ese mismo a\u00f1o, el inform\u00e1tico y cript\u00f3grafo estadounidense Nick Szabo cre\u00f3 Bit Gold, que luego resultar\u00eda ser una amenaza para BitCoin. Aunque el producto en s\u00ed nunca fue adoptado por completo, sus partes y elementos clave son una parte esencial del BitCoin actual; como el concepto de &quot;Prueba de trabajo&quot;, que determin\u00f3 la potencia de la computadora necesaria para resolver complejos acertijos criptogr\u00e1ficos. Un participante de la red que lograra resolver el problema criptogr\u00e1fico crear\u00eda la llamada &quot;Blockchain&quot; y as\u00ed ganar\u00eda su lugar en la formaci\u00f3n de diversas cantidades de criptomonedas.<\/p><p>Este mismo m\u00e9todo es el principio operativo clave de la red BitCoin, dise\u00f1ada en 2008 como respuesta a la crisis global. Un hombre o un grupo de ellos escondido bajo el nombre de Satoshi Nakamoto quer\u00eda crear un dinero electr\u00f3nico peer-to-peer verdaderamente independiente y descentralizado. Debido a la confianza general en las instituciones gubernamentales y la estabilidad monetaria, BitCoin vio la luz como independiente en los pr\u00f3ximos a\u00f1os.<\/p><h3>Entrada al mercado<\/h3><p>Ahora que est\u00e1s familiarizado con el enorme potencial que sin duda tienen las criptomonedas, quieres ser parte de esta creciente tendencia, seguramente te estar\u00e1s preguntando \u00bf\u00a1c\u00f3mo operar con criptomonedas!? Es decir, hay varias formas: puede cavar las llamadas minar, especular sobre su precio o simplemente comprarlos, ya sea para operaciones intrad\u00eda o para inversiones a largo plazo. La compra de criptomonedas es actualmente la m\u00e1s popular, lo que definitivamente se ve respaldado por su enorme crecimiento, que casi garantiza ganancias puras de la noche a la ma\u00f1ana.<\/p><h3>Elegir un corredor<\/h3><p>El primer paso para operar con criptomonedas ser\u00eda elegir un corredor, es decir, un intermediario que le introducir\u00eda en el mercado de las criptomonedas. Aunque al principio parezca un trabajo f\u00e1cil, es muy f\u00e1cil perderse y equivocarse. Es decir, en el mar de opciones y oportunidades que traen consigo los tiempos modernos e Internet, Internet est\u00e1 lleno no s\u00f3lo de corredores inadecuados para sus necesidades, sino tambi\u00e9n de estafas. Por suerte para ti, con nuestra selecci\u00f3n de expertos, no te puedes equivocar.<\/p><\/div>\n\t\t\t\t<\/div>\n\t\t\t\t\t\t\t<div class=\"elementor-accordion-item\">\n\t\t\t\t\t<h5 id=\"elementor-tab-title-1912\" class=\"elementor-tab-title\" data-tab=\"2\" role=\"button\" aria-controls=\"elementor-tab-content-1912\" aria-expanded=\"false\">\n\t\t\t\t\t\t\t\t\t\t\t\t\t<span class=\"elementor-accordion-icon elementor-accordion-icon-left\" aria-hidden=\"true\">\n\t\t\t\t\t\t\t\t\t\t\t\t\t\t\t<span class=\"elementor-accordion-icon-closed\"><i class=\"fas fa-plus\"><\/i><\/span>\n\t\t\t\t\t\t\t\t<span class=\"elementor-accordion-icon-opened\"><i class=\"fas fa-minus\"><\/i><\/span>\n\t\t\t\t\t\t\t\t\t\t\t\t\t\t<\/span>\n\t\t\t\t\t\t\t\t\t\t\t\t<a class=\"elementor-accordion-title\" tabindex=\"0\">\u00bfC\u00f3mo funcionan las criptomonedas?<\/a>\n\t\t\t\t\t<\/h5>\n\t\t\t\t\t<div id=\"elementor-tab-content-1912\" class=\"elementor-tab-content elementor-clearfix\" data-tab=\"2\" role=\"region\" aria-labelledby=\"elementor-tab-title-1912\"><h3>FUNDAMENTOS DE LA CRIPTOMONEDA<\/h3><p>Los seres humanos han estado comercializando bienes f\u00edsicos desde el principio de los tiempos. Hoy en d\u00eda, estas monedas son en su mayor\u00eda billetes o monedas impresos administrados por un gobierno centralizado y monitoreados por instituciones financieras. Sin embargo, en 2009, el fundador de Bitcoin, Satoshi Nakamoto, lanz\u00f3 una idea que cambiar\u00eda la forma en que la gente piensa sobre el dinero. \u00bfQu\u00e9 pasar\u00eda si la moneda estuviera gobernada por las matem\u00e1ticas, no por los gobiernos?<\/p><p>Las criptomonedas son una forma digital de dinero que funciona con un sistema monetario completamente nuevo, no regulado por ning\u00fan organismo centralizado ni monitoreado por una instituci\u00f3n formal. Existen muchos tipos de criptomonedas con diferentes funciones. Independientemente de cada funci\u00f3n, cada moneda digital est\u00e1 respaldada por una red descentralizada de igual a igual llamada blockchain.<\/p><h3>CADENA DE BLOQUE<\/h3><p>La tecnolog\u00eda Blockchain garantiza el seguimiento de todas las criptomonedas, independientemente de si se guardan en una billetera digital o se utilizan en el comercio. Sin embargo, la eficiencia de ejecutar un sistema de este tipo requiere una infraestructura que garantice que no sea posible hacer trampa y enga\u00f1ar al sistema. Bitcoin fue el primero en comercializarse, estableciendo un sistema en el que dos personas (el remitente y el receptor de las monedas) deben firmar para crear una firma digital. Cada persona tiene una clave de cifrado p\u00fablica y privada. Se verifica la exactitud de cada transacci\u00f3n y el sistema es an\u00f3nimo y completamente transparente. En el centro de esta infraestructura hay un libro. As\u00ed que profundicemos en c\u00f3mo funciona.<\/p><h3>C\u00d3MO FUNCIONAN LAS CRIPTOMONEDAS<\/h3><p>Es un libro de contabilidad de criptomonedas donde se publican todas las transacciones para garantizar una transparencia total. Llevar un libro de contabilidad obliga a todos a &quot;jugar limpio&quot; y elimina el riesgo de doble gasto. Un libro mayor es una lista de entradas de una base de datos que nadie puede cambiar sin cumplir ciertas condiciones. Nadie posee el libro mayor o la cadena de bloques de las criptomonedas; m\u00e1s bien, es un significado descentralizado de autogobierno y autogobierno sin la interferencia de partes externas.<\/p><h3>MINER\u00cdA<\/h3><p>Supongamos que desea invertir en una criptomoneda, como Bitcoin, a trav\u00e9s de un importante intercambio de criptomonedas. Despu\u00e9s de la compra, decide gastarlo. \u00bfQue pasar\u00e1 ahora? La transacci\u00f3n inicialmente no est\u00e1 confirmada, lo que significa que a\u00fan no es oficial y no queda &quot;grabada en piedra&quot; hasta que pasa el proceso de verificaci\u00f3n. Una vez confirmada, la transacci\u00f3n pasa a formar parte del registro de transacciones hist\u00f3ricas colocadas en la cadena de bloques.<\/p><p>Los manejadores de criptomonedas verifican las transacciones y luego las agregan al libro de contabilidad p\u00fablico. Utilizan potentes computadoras para resolver problemas matem\u00e1ticos complejos que son cruciales para el proceso de verificaci\u00f3n. La miner\u00eda de criptomonedas est\u00e1 abierta, por lo que cualquiera puede confirmar una transacci\u00f3n, y el primer minero que resuelva el problema puede agregar un bloque a su libro de transacciones. Este proceso se denomina &quot;sistema de prueba de trabajo&quot;.<\/p><p>Despu\u00e9s de agregar un bloque al libro mayor, el minero recibe una recompensa por sus esfuerzos, que var\u00eda seg\u00fan la criptomoneda. Por ejemplo, Bitcoin originalmente otorgaba 50 BTC, pero esa recompensa se ha reducido a la mitad a 12,5 BTC en la actualidad.<\/p><h3>EL FUTURO EST\u00c1 AQU\u00cd<\/h3><p>Las principales criptomonedas desempe\u00f1ar\u00e1n un papel importante en el futuro y su uso ha aumentado constantemente en los \u00faltimos a\u00f1os. Bitcoin se utiliza actualmente en 96 pa\u00edses y sigue creciendo, con 12.000 transacciones cada hora. Comprender m\u00e1s sobre las criptomonedas es el primer paso, el segundo es intentarlo.<\/p><p>\u00a1Elija su favorito de nuestra lista de los principales corredores y opere con criptomonedas hoy!<\/p><\/div>\n\t\t\t\t<\/div>\n\t\t\t\t\t\t\t\t<\/div>\n\t\t\t\t\t\t<\/div>\n\t\t\t\t<\/div>\n\t\t\t\t\t<\/div>\n\t\t<\/div>\n\t\t\t\t\t<\/div>\n\t\t<\/section>\n\t\t\t\t<\/div>","protected":false},"excerpt":{"rendered":"<p>CFD Kriptovalute \u201cBudu\u0107nost novca je digitalna valuta \u201d Bill Gates Tijekom 2020. godine, tr\u017ei\u0161ne vrijednosti\u00a0 najve\u0107ih kriptovaluta porasle su za 159 posto, \u0161to je Bitcoin (BTC) odr\u017eao u 2021. godini, dosegnuv\u0161i u travnju 64.863 dolara. Me\u0111utim tr\u017ei\u0161te kriptovalutama nije jedino zabilje\u017eilo impresivan rast.. Ugovori utemeljeni na Ethereumu i imovina kao \u0161to je NFTS preuzimaju internet [&hellip;]<\/p>\n","protected":false},"author":1,"featured_media":0,"parent":0,"menu_order":0,"comment_status":"closed","ping_status":"closed","template":"elementor_header_footer","meta":{"footnotes":""},"class_list":["post-2136","page","type-page","status-publish","hentry"],"_links":{"self":[{"href":"https:\/\/topbrokeri.com\/es\/wp-json\/wp\/v2\/pages\/2136","targetHints":{"allow":["GET"]}}],"collection":[{"href":"https:\/\/topbrokeri.com\/es\/wp-json\/wp\/v2\/pages"}],"about":[{"href":"https:\/\/topbrokeri.com\/es\/wp-json\/wp\/v2\/types\/page"}],"author":[{"embeddable":true,"href":"https:\/\/topbrokeri.com\/es\/wp-json\/wp\/v2\/users\/1"}],"replies":[{"embeddable":true,"href":"https:\/\/topbrokeri.com\/es\/wp-json\/wp\/v2\/comments?post=2136"}],"version-history":[{"count":6,"href":"https:\/\/topbrokeri.com\/es\/wp-json\/wp\/v2\/pages\/2136\/revisions"}],"predecessor-version":[{"id":7865,"href":"https:\/\/topbrokeri.com\/es\/wp-json\/wp\/v2\/pages\/2136\/revisions\/7865"}],"wp:attachment":[{"href":"https:\/\/topbrokeri.com\/es\/wp-json\/wp\/v2\/media?parent=2136"}],"curies":[{"name":"gracias","href":"https:\/\/api.w.org\/{rel}","templated":true}]}}