{"id":2038,"date":"2017-11-15T10:50:49","date_gmt":"2017-11-15T10:50:49","guid":{"rendered":"https:\/\/topbrokeri.com\/?page_id=2038"},"modified":"2022-04-23T13:14:42","modified_gmt":"2022-04-23T13:14:42","slug":"odricanje","status":"publish","type":"page","link":"https:\/\/topbrokeri.com\/es\/odricanje\/","title":{"rendered":"Exenci\u00f3n"},"content":{"rendered":"<div data-elementor-type=\"wp-page\" data-elementor-id=\"2038\" class=\"elementor elementor-2038\" data-elementor-post-type=\"page\">\n\t\t\t\t\t\t<section class=\"elementor-section elementor-top-section elementor-element elementor-element-4fac1fa elementor-section-stretched elementor-section-boxed elementor-section-height-default elementor-section-height-default\" data-id=\"4fac1fa\" data-element_type=\"section\" data-e-type=\"section\" data-settings=\"{&quot;stretch_section&quot;:&quot;section-stretched&quot;,&quot;shape_divider_top&quot;:&quot;tilt&quot;}\">\n\t\t\t\t\t<div class=\"elementor-shape elementor-shape-top\" aria-hidden=\"true\" data-negative=\"false\">\n\t\t\t<svg xmlns=\"http:\/\/www.w3.org\/2000\/svg\" viewbox=\"0 0 1000 100\" preserveaspectratio=\"none\">\n\t<path class=\"elementor-shape-fill\" d=\"M0,6V0h1000v100L0,6z\"\/>\n<\/svg>\t\t<\/div>\n\t\t\t\t\t<div class=\"elementor-container elementor-column-gap-default\">\n\t\t\t\t\t<div class=\"elementor-column elementor-col-100 elementor-top-column elementor-element elementor-element-8436f84\" data-id=\"8436f84\" data-element_type=\"column\" data-e-type=\"column\">\n\t\t\t<div class=\"elementor-widget-wrap elementor-element-populated\">\n\t\t\t\t\t\t<div class=\"elementor-element elementor-element-5277b93 elementor-widget elementor-widget-heading\" data-id=\"5277b93\" data-element_type=\"widget\" data-e-type=\"widget\" data-widget_type=\"heading.default\">\n\t\t\t\t<div class=\"elementor-widget-container\">\n\t\t\t\t\t<h1 class=\"elementor-heading-title elementor-size-default\">Exenci\u00f3n<\/h1>\t\t\t\t<\/div>\n\t\t\t\t<\/div>\n\t\t\t\t<div class=\"elementor-element elementor-element-7035474 elementor-widget elementor-widget-text-editor\" data-id=\"7035474\" data-element_type=\"widget\" data-e-type=\"widget\" data-widget_type=\"text-editor.default\">\n\t\t\t\t<div class=\"elementor-widget-container\">\n\t\t\t\t\t\t\t\t\t<p>En esta \u00e9poca en la que la vida se vuelve m\u00e1s cara y el tiempo se acorta, isTopBrokeri.com no ser\u00e1 legalmente responsable de ninguna p\u00e9rdida o da\u00f1o que surja de la confianza en la informaci\u00f3n mostrada en este sitio web, incluidas rese\u00f1as de corredores, noticias financieras, opiniones de autores y \/ o an\u00e1lisis. La informaci\u00f3n incluida en TopBrokeri.com no siempre se publica en tiempo real y\/o necesariamente es precisa, y no siempre refleja las opiniones de los propietarios, empleados y\/o contribuyentes del contenido de TopBrokeri.com. Debe saberse que el comercio de CFD o cualquier otro tipo de comercio implica altos riesgos y no es adecuado para todos. Antes de operar con CFD o cualquier otro instrumento financiero, uno debe ser consciente de los riesgos, estar exactamente familiarizado con sus objetivos y limitaciones de inversi\u00f3n y obtener el nivel adecuado de comprensi\u00f3n y gesti\u00f3n de riesgos. Operar con productos apalancados como CFD implica un riesgo significativo de p\u00e9rdida y puede no ser adecuado para todos los inversores. Operar con este tipo de productos es arriesgado y puede perder todo el capital invertido. Los inversores inteligentes y los comerciantes novatos de todo el mundo buscan nuevas fuentes de inversi\u00f3n y ganancias tratando de descubrir cu\u00e1les son los mejores corredores. Gracias a Internet, que se ha convertido en una parte indispensable de la vida cotidiana, el mercado de especulaci\u00f3n o Forex popular ha pasado de las grandes bolsas de valores a las pantallas peque\u00f1as a trav\u00e9s de diversos intermediarios o Broker populares que permiten a todos probar sus conocimientos en el comercio en l\u00ednea independientemente de su experiencia y ubicaci\u00f3n. Dado que los mejores corredores de hoy ofrecen una gran cantidad de materiales educativos y seminarios a sus usuarios, ser un inversor exitoso nunca ha sido tan f\u00e1cil. Al elegir el mejor corredor para sus necesidades de nuestra Lista Principal, puede estar seguro de que el exhaustivo viaje de b\u00fasqueda del correcto no lo llevar\u00e1 por mal camino y que recordar\u00e1 su experiencia comercial solo para bien.<\/p>\t\t\t\t\t\t\t\t<\/div>\n\t\t\t\t<\/div>\n\t\t\t\t\t<\/div>\n\t\t<\/div>\n\t\t\t\t\t<\/div>\n\t\t<\/section>\n\t\t\t\t<\/div>","protected":false},"excerpt":{"rendered":"<p>Odricanje U dana\u0161nje vrijeme kada \u017eivot postaje sve skuplji, a vremena sve manje, isTopBrokeri.com ne\u0107e biti pravno odgovoran za bilo kakav gubitak ili \u0161tetu koja proizlazi iz oslanjanja na informacije prikazane na ovoj web stranici, uklju\u010duju\u0107i recenzije brokera, financijske vijesti, mi\u0161ljenja autora i \/ ili analize. Podaci uklju\u010deni na TopBrokeri.com nisu uvijek objavljeni u stvarnom [&hellip;]<\/p>\n","protected":false},"author":1,"featured_media":0,"parent":0,"menu_order":0,"comment_status":"closed","ping_status":"closed","template":"elementor_header_footer","meta":{"footnotes":""},"class_list":["post-2038","page","type-page","status-publish","hentry"],"_links":{"self":[{"href":"https:\/\/topbrokeri.com\/es\/wp-json\/wp\/v2\/pages\/2038","targetHints":{"allow":["GET"]}}],"collection":[{"href":"https:\/\/topbrokeri.com\/es\/wp-json\/wp\/v2\/pages"}],"about":[{"href":"https:\/\/topbrokeri.com\/es\/wp-json\/wp\/v2\/types\/page"}],"author":[{"embeddable":true,"href":"https:\/\/topbrokeri.com\/es\/wp-json\/wp\/v2\/users\/1"}],"replies":[{"embeddable":true,"href":"https:\/\/topbrokeri.com\/es\/wp-json\/wp\/v2\/comments?post=2038"}],"version-history":[{"count":4,"href":"https:\/\/topbrokeri.com\/es\/wp-json\/wp\/v2\/pages\/2038\/revisions"}],"predecessor-version":[{"id":7798,"href":"https:\/\/topbrokeri.com\/es\/wp-json\/wp\/v2\/pages\/2038\/revisions\/7798"}],"wp:attachment":[{"href":"https:\/\/topbrokeri.com\/es\/wp-json\/wp\/v2\/media?parent=2038"}],"curies":[{"name":"gracias","href":"https:\/\/api.w.org\/{rel}","templated":true}]}}