{"id":2136,"date":"2017-11-16T09:51:08","date_gmt":"2017-11-16T09:51:08","guid":{"rendered":"https:\/\/topbrokeri.com\/?page_id=2136"},"modified":"2022-04-25T08:58:16","modified_gmt":"2022-04-25T08:58:16","slug":"cfd-kriptovalute","status":"publish","type":"page","link":"https:\/\/topbrokeri.com\/de\/cfd-kriptovalute\/","title":{"rendered":"CFD-Kryptow\u00e4hrungen"},"content":{"rendered":"<div data-elementor-type=\"wp-page\" data-elementor-id=\"2136\" class=\"elementor elementor-2136\" data-elementor-post-type=\"page\">\n\t\t\t\t\t\t<section class=\"elementor-section elementor-top-section elementor-element elementor-element-77a1b56 elementor-section-stretched elementor-section-boxed elementor-section-height-default elementor-section-height-default\" data-id=\"77a1b56\" data-element_type=\"section\" data-e-type=\"section\" data-settings=\"{&quot;stretch_section&quot;:&quot;section-stretched&quot;,&quot;shape_divider_top&quot;:&quot;tilt&quot;}\">\n\t\t\t\t\t<div class=\"elementor-shape elementor-shape-top\" aria-hidden=\"true\" data-negative=\"false\">\n\t\t\t<svg xmlns=\"http:\/\/www.w3.org\/2000\/svg\" viewbox=\"0 0 1000 100\" preserveaspectratio=\"none\">\n\t<path class=\"elementor-shape-fill\" d=\"M0,6V0h1000v100L0,6z\"\/>\n<\/svg>\t\t<\/div>\n\t\t\t\t\t<div class=\"elementor-container elementor-column-gap-default\">\n\t\t\t\t\t<div class=\"elementor-column elementor-col-100 elementor-top-column elementor-element elementor-element-b9b3a1d\" data-id=\"b9b3a1d\" data-element_type=\"column\" data-e-type=\"column\">\n\t\t\t<div class=\"elementor-widget-wrap elementor-element-populated\">\n\t\t\t\t\t\t<div class=\"elementor-element elementor-element-8f0a9a8 elementor-widget elementor-widget-heading\" data-id=\"8f0a9a8\" data-element_type=\"widget\" data-e-type=\"widget\" data-widget_type=\"heading.default\">\n\t\t\t\t<div class=\"elementor-widget-container\">\n\t\t\t\t\t<h1 class=\"elementor-heading-title elementor-size-default\">CFD-Kryptow\u00e4hrungen<\/h1>\t\t\t\t<\/div>\n\t\t\t\t<\/div>\n\t\t\t\t<div class=\"elementor-element elementor-element-1ab3e72 elementor-widget elementor-widget-text-editor\" data-id=\"1ab3e72\" data-element_type=\"widget\" data-e-type=\"widget\" data-widget_type=\"text-editor.default\">\n\t\t\t\t<div class=\"elementor-widget-container\">\n\t\t\t\t\t\t\t\t\t<blockquote><h3 style=\"text-align: center;\">\u201eDie Zukunft des Geldes ist die digitale W\u00e4hrung\u201c<\/h3><p style=\"text-align: center;\"><strong>Bill Gates<\/strong><\/p><\/blockquote>\t\t\t\t\t\t\t\t<\/div>\n\t\t\t\t<\/div>\n\t\t\t\t<div class=\"elementor-element elementor-element-317a39f elementor-widget elementor-widget-text-editor\" data-id=\"317a39f\" data-element_type=\"widget\" data-e-type=\"widget\" data-widget_type=\"text-editor.default\">\n\t\t\t\t<div class=\"elementor-widget-container\">\n\t\t\t\t\t\t\t\t\t<div class=\"wpb_text_column wpb_content_element\"><div class=\"wpb_wrapper\"><p>Im Jahr 2020 stiegen die Marktwerte der gr\u00f6\u00dften Kryptow\u00e4hrungen um 159 Prozent <a href=\"https:\/\/topbrokeri.com\/de\/predvidanje-cijene-bitcoin\/\">Bitcoin<\/a> (BTC) hielt im Jahr 2021 und erreichte im April 64.863 $. Allerdings ist der Kryptow\u00e4hrungsmarkt nicht der einzige, der ein beeindruckendes Wachstum verzeichnet: Auf Ethereum basierende Vertr\u00e4ge und Verm\u00f6genswerte wie NFTS erobern den Online-Handel wie ein rasender Zug. Das teuerste <a href=\"https:\/\/topbrokeri.com\/de\/matrix-nft-trader\/\">NFT<\/a>, ein digitales Kunstwerk von Beeple, das im Februar 2021 f\u00fcr 69 Millionen US-Dollar verkauft wurde. Optionshandel <a href=\"https:\/\/topbrokeri.com\/de\/trgovanje-cfd-ovima\/\">CFDs<\/a> Kryptow\u00e4hrungen werden immer beliebter.<\/p><p>Ohne die Notwendigkeit eines physischen Besitzes besteht bei CFDs ein geringeres Risiko eines Kapitaldiebstahls. Au\u00dferdem k\u00f6nnen Sie beim Handel mit CFD-Kryptow\u00e4hrungen erhebliche Gewinne erzielen, selbst wenn der Kryptow\u00e4hrungsmarkt selbst an Wert verliert. Diese Vorteile haben zusammen mit der Hebelwirkung, Liquidit\u00e4t, Zinsen und Volatilit\u00e4t des Kryptomarktes den Handel mit CFD-Kryptow\u00e4hrungen zum f\u00fchrenden Instrument des modernen Handels und Investierens gemacht.<\/p><\/div><\/div>\t\t\t\t\t\t\t\t<\/div>\n\t\t\t\t<\/div>\n\t\t\t\t<section class=\"elementor-section elementor-inner-section elementor-element elementor-element-f28edd8 elementor-section-boxed elementor-section-height-default elementor-section-height-default\" data-id=\"f28edd8\" data-element_type=\"section\" data-e-type=\"section\">\n\t\t\t\t\t\t<div class=\"elementor-container elementor-column-gap-default\">\n\t\t\t\t\t<div class=\"elementor-column elementor-col-33 elementor-inner-column elementor-element elementor-element-9f078bc\" data-id=\"9f078bc\" data-element_type=\"column\" data-e-type=\"column\">\n\t\t\t<div class=\"elementor-widget-wrap elementor-element-populated\">\n\t\t\t\t\t\t<div class=\"elementor-element elementor-element-8ef335c elementor-widget elementor-widget-image\" data-id=\"8ef335c\" data-element_type=\"widget\" data-e-type=\"widget\" data-widget_type=\"image.default\">\n\t\t\t\t<div class=\"elementor-widget-container\">\n\t\t\t\t\t\t\t\t\t\t\t\t\t\t\t<img decoding=\"async\" width=\"300\" height=\"150\" src=\"https:\/\/topbrokeri.com\/wp-content\/uploads\/2017\/12\/TORO.png\" class=\"attachment-full size-full wp-image-3138\" alt=\"Etoro Kroatien\" \/>\t\t\t\t\t\t\t\t\t\t\t\t\t\t\t<\/div>\n\t\t\t\t<\/div>\n\t\t\t\t<div class=\"elementor-element elementor-element-ce9981b elementor-widget elementor-widget-text-editor\" data-id=\"ce9981b\" data-element_type=\"widget\" data-e-type=\"widget\" data-widget_type=\"text-editor.default\">\n\t\t\t\t<div class=\"elementor-widget-container\">\n\t\t\t\t\t\t\t\t\t<p>Ein modernes soziales Investmentnetzwerk, zeitnaher Kundensupport, Sicherheit und verf\u00fcgbare Mittel machen den Handel nicht nur zuverl\u00e4ssig, sondern machen auch Spa\u00df <a href=\"https:\/\/topbrokeri.com\/de\/etoro-recenzija\/\">eToro<\/a> verdient auf jeden Fall seinen Platz unter den Besten!<\/p>\t\t\t\t\t\t\t\t<\/div>\n\t\t\t\t<\/div>\n\t\t\t\t\t<\/div>\n\t\t<\/div>\n\t\t\t\t<div class=\"elementor-column elementor-col-33 elementor-inner-column elementor-element elementor-element-7a89d98\" data-id=\"7a89d98\" data-element_type=\"column\" data-e-type=\"column\">\n\t\t\t<div class=\"elementor-widget-wrap elementor-element-populated\">\n\t\t\t\t\t\t<div class=\"elementor-element elementor-element-bbdacd6 elementor-widget elementor-widget-image\" data-id=\"bbdacd6\" data-element_type=\"widget\" data-e-type=\"widget\" data-widget_type=\"image.default\">\n\t\t\t\t<div class=\"elementor-widget-container\">\n\t\t\t\t\t\t\t\t\t\t\t\t\t\t\t<img decoding=\"async\" width=\"300\" height=\"150\" src=\"https:\/\/topbrokeri.com\/wp-content\/uploads\/2017\/11\/Plus500-300x150-1.jpg\" class=\"attachment-full size-full wp-image-3140\" alt=\"plus500 Bewertungen\" \/>\t\t\t\t\t\t\t\t\t\t\t\t\t\t\t<\/div>\n\t\t\t\t<\/div>\n\t\t\t\t<div class=\"elementor-element elementor-element-9287bca elementor-widget elementor-widget-text-editor\" data-id=\"9287bca\" data-element_type=\"widget\" data-e-type=\"widget\" data-widget_type=\"text-editor.default\">\n\t\t\t\t<div class=\"elementor-widget-container\">\n\t\t\t\t\t\t\t\t\t<p>Was das <a href=\"https:\/\/topbrokeri.com\/de\/plus-500-recenzija\/\">Plus500<\/a> Was sie von anderen Brokern unterscheidet, ist, dass es ihnen gelungen ist, eine sehr stabile Plattform zu entwickeln, nach der die meisten H\u00e4ndler suchen. Mit fast 10 Jahren Erfahrung ist es keine \u00dcberraschung, dass Plus500 zu einem der besten Dienste auf dem Markt geworden ist.<\/p>\t\t\t\t\t\t\t\t<\/div>\n\t\t\t\t<\/div>\n\t\t\t\t\t<\/div>\n\t\t<\/div>\n\t\t\t\t<div class=\"elementor-column elementor-col-33 elementor-inner-column elementor-element elementor-element-56743f1\" data-id=\"56743f1\" data-element_type=\"column\" data-e-type=\"column\">\n\t\t\t<div class=\"elementor-widget-wrap elementor-element-populated\">\n\t\t\t\t\t\t<div class=\"elementor-element elementor-element-c668d51 elementor-widget elementor-widget-image\" data-id=\"c668d51\" data-element_type=\"widget\" data-e-type=\"widget\" data-widget_type=\"image.default\">\n\t\t\t\t<div class=\"elementor-widget-container\">\n\t\t\t\t\t\t\t\t\t\t\t\t\t\t\t<img decoding=\"async\" width=\"300\" height=\"150\" src=\"https:\/\/topbrokeri.com\/wp-content\/uploads\/2018\/02\/admiral-markets-1.png\" class=\"attachment-full size-full wp-image-5072\" alt=\"Admiral Markets hr\" \/>\t\t\t\t\t\t\t\t\t\t\t\t\t\t\t<\/div>\n\t\t\t\t<\/div>\n\t\t\t\t<div class=\"elementor-element elementor-element-00649f2 elementor-widget elementor-widget-text-editor\" data-id=\"00649f2\" data-element_type=\"widget\" data-e-type=\"widget\" data-widget_type=\"text-editor.default\">\n\t\t\t\t<div class=\"elementor-widget-container\">\n\t\t\t\t\t\t\t\t\t<p>Mit den n\u00fctzlichsten und effizientesten Tools auf dem Markt, Admiral <a href=\"https:\/\/topbrokeri.com\/de\/markets-com-recenzija\/\">M\u00e4rkte<\/a> ist definitiv die beste Wahl f\u00fcr Anf\u00e4nger. Vom Wirtschaftskalender bis hin zu verschiedenen Marktanalysen haben Sie Einblick in aktuelle und zuk\u00fcnftige Markttrends.<\/p>\t\t\t\t\t\t\t\t<\/div>\n\t\t\t\t<\/div>\n\t\t\t\t\t<\/div>\n\t\t<\/div>\n\t\t\t\t\t<\/div>\n\t\t<\/section>\n\t\t\t\t<div class=\"elementor-element elementor-element-a070070 elementor-widget-divider--view-line elementor-widget elementor-widget-divider\" data-id=\"a070070\" data-element_type=\"widget\" data-e-type=\"widget\" data-widget_type=\"divider.default\">\n\t\t\t\t<div class=\"elementor-widget-container\">\n\t\t\t\t\t\t\t<div class=\"elementor-divider\">\n\t\t\t<span class=\"elementor-divider-separator\">\n\t\t\t\t\t\t<\/span>\n\t\t<\/div>\n\t\t\t\t\t\t<\/div>\n\t\t\t\t<\/div>\n\t\t\t\t<div class=\"elementor-element elementor-element-b64a7bd elementor-widget elementor-widget-accordion\" data-id=\"b64a7bd\" data-element_type=\"widget\" data-e-type=\"widget\" data-widget_type=\"accordion.default\">\n\t\t\t\t<div class=\"elementor-widget-container\">\n\t\t\t\t\t\t\t<div class=\"elementor-accordion\">\n\t\t\t\t\t\t\t<div class=\"elementor-accordion-item\">\n\t\t\t\t\t<h5 id=\"elementor-tab-title-1911\" class=\"elementor-tab-title\" data-tab=\"1\" role=\"button\" aria-controls=\"elementor-tab-content-1911\" aria-expanded=\"false\">\n\t\t\t\t\t\t\t\t\t\t\t\t\t<span class=\"elementor-accordion-icon elementor-accordion-icon-left\" aria-hidden=\"true\">\n\t\t\t\t\t\t\t\t\t\t\t\t\t\t\t<span class=\"elementor-accordion-icon-closed\"><i class=\"fas fa-plus\"><\/i><\/span>\n\t\t\t\t\t\t\t\t<span class=\"elementor-accordion-icon-opened\"><i class=\"fas fa-minus\"><\/i><\/span>\n\t\t\t\t\t\t\t\t\t\t\t\t\t\t<\/span>\n\t\t\t\t\t\t\t\t\t\t\t\t<a class=\"elementor-accordion-title\" tabindex=\"0\">CFD-Kryptow\u00e4hrungen<\/a>\n\t\t\t\t\t<\/h5>\n\t\t\t\t\t<div id=\"elementor-tab-content-1911\" class=\"elementor-tab-content elementor-clearfix\" data-tab=\"1\" role=\"region\" aria-labelledby=\"elementor-tab-title-1911\"><p>Unabh\u00e4ngig davon, ob Sie bereits aktiv am Online-Handel teilnehmen oder \u00fcberhaupt nichts damit zu tun haben, m\u00fcssen Sie verschiedene Informationen \u00fcber Kryptow\u00e4hrungen und deren Auswirkungen auf den globalen Markt geh\u00f6rt haben. Einfach ausgedr\u00fcckt gibt es angesichts ihres rasanten Wachstums fast keinen Bereich des Alltagslebens, den Kryptow\u00e4hrungen nicht ber\u00fchrt haben. Obwohl die Anf\u00e4nge der Kryptow\u00e4hrungen fast 10 Jahre zur\u00fcckreichen, erlebten sie ihren eigentlichen Boom erst in den letzten Jahren. Und was f\u00fcr eine! Kryptow\u00e4hrungen werden nicht nur von allen aktiven H\u00e4ndlern und Brokern anerkannt, sondern sind auch f\u00fcr den Normalb\u00fcrger zu einer allt\u00e4glichen Einnahmequelle geworden. Lesen Sie weiter unten, warum das so ist.<\/p><h3>Idee<\/h3><p>Der erste Versuch, eine Kryptow\u00e4hrung zu schaffen, fand bereits 1998 statt, als das sogenannte \u201eB-Geld\u201c-System beschrieben wurde. Dabei sollte es sich um eine Art elektronisches Geld handeln, das zwischen anonymen Teilnehmern ausgetauscht werden sollte. Trotz der vielversprechenden Idee kam das Projekt nicht zum Erfolg. Doch im selben Jahr entwickelte der amerikanische Informatiker und Kryptograph Nick Szabo Bit Gold, das sich sp\u00e4ter als Bedrohung f\u00fcr BitCoin erweisen sollte. Obwohl das Produkt selbst nie vollst\u00e4ndig \u00fcbernommen wurde, sind seine Teile und Schl\u00fcsselelemente ein wesentlicher Bestandteil des heutigen BitCoin; wie das \u201eProof of Work\u201c-Konzept, das die zur L\u00f6sung komplexer kryptografischer R\u00e4tsel erforderliche Computerleistung ermittelte. Ein Netzwerkteilnehmer, dem es gelingen w\u00fcrde, ein kryptografisches Problem zu l\u00f6sen, w\u00fcrde eine sogenannte \u201eBlockchain\u201c erstellen und sich damit seinen Platz bei der Bildung unterschiedlicher Mengen an Kryptow\u00e4hrungen verdienen.<\/p><p>Dieselbe Methode ist das zentrale Funktionsprinzip des BitCoin-Netzwerks, das 2008 als Reaktion auf die globale Krise entwickelt wurde. Ein Mann oder eine Gruppe von ihnen, versteckt unter dem Namen Satoshi Nakamoto, wollte ein wirklich unabh\u00e4ngiges und dezentralisiertes elektronisches Peer-to-Peer-Geld schaffen. Aufgrund des allgemeinen Vertrauens in staatliche Institutionen und W\u00e4hrungsstabilit\u00e4t erblickte BitCoin in den n\u00e4chsten Jahren als eigenst\u00e4ndiges Unternehmen das Licht der Welt.<\/p><h3>Markteintritt<\/h3><p>Da Sie nun mit dem enormen Potenzial vertraut sind, das Kryptow\u00e4hrungen zweifellos haben, m\u00f6chten Sie Teil dieses wachsenden Trends werden. Sie fragen sich sicherlich, wie man mit Kryptow\u00e4hrungen handelt!? Es gibt n\u00e4mlich verschiedene M\u00f6glichkeiten \u2013 man kann sie sog. graben Bergbau betreiben, auf ihren Preis spekulieren oder sie einfach kaufen, sei es f\u00fcr den Tageshandel oder als langfristige Investition. Der Kauf von Kryptow\u00e4hrungen erfreut sich derzeit gr\u00f6\u00dfter Beliebtheit, was auf jeden Fall durch ihr enormes Wachstum unterst\u00fctzt wird, das fast schon einen reinen Gewinn \u00fcber Nacht garantiert.<\/p><h3>Auswahl eines Brokers<\/h3><p>Der erste Schritt beim Handel mit Kryptow\u00e4hrungen w\u00e4re die Auswahl eines Brokers, also eines Vermittlers, der Sie in den Kryptow\u00e4hrungsmarkt einf\u00fchrt. Auch wenn es auf den ersten Blick wie eine leichte Aufgabe erscheint, ist es sehr leicht, sich zu verirren und einen Fehler zu machen. Denn im Meer an Optionen und M\u00f6glichkeiten, die die moderne Zeit und das Internet mit sich bringen, ist das Internet nicht nur voll von f\u00fcr Ihre Bed\u00fcrfnisse ungeeigneten Brokern, sondern auch von Betr\u00fcgereien. Zum Gl\u00fcck k\u00f6nnen Sie mit unserer Expertenauswahl nichts falsch machen.<\/p><\/div>\n\t\t\t\t<\/div>\n\t\t\t\t\t\t\t<div class=\"elementor-accordion-item\">\n\t\t\t\t\t<h5 id=\"elementor-tab-title-1912\" class=\"elementor-tab-title\" data-tab=\"2\" role=\"button\" aria-controls=\"elementor-tab-content-1912\" aria-expanded=\"false\">\n\t\t\t\t\t\t\t\t\t\t\t\t\t<span class=\"elementor-accordion-icon elementor-accordion-icon-left\" aria-hidden=\"true\">\n\t\t\t\t\t\t\t\t\t\t\t\t\t\t\t<span class=\"elementor-accordion-icon-closed\"><i class=\"fas fa-plus\"><\/i><\/span>\n\t\t\t\t\t\t\t\t<span class=\"elementor-accordion-icon-opened\"><i class=\"fas fa-minus\"><\/i><\/span>\n\t\t\t\t\t\t\t\t\t\t\t\t\t\t<\/span>\n\t\t\t\t\t\t\t\t\t\t\t\t<a class=\"elementor-accordion-title\" tabindex=\"0\">Wie funktionieren Kryptow\u00e4hrungen?<\/a>\n\t\t\t\t\t<\/h5>\n\t\t\t\t\t<div id=\"elementor-tab-content-1912\" class=\"elementor-tab-content elementor-clearfix\" data-tab=\"2\" role=\"region\" aria-labelledby=\"elementor-tab-title-1912\"><h3>GRUNDLAGEN DER KRYPTOW\u00c4HRUNG<\/h3><p>Seit jeher handeln Menschen mit physischen G\u00fctern. Bei diesen W\u00e4hrungen handelt es sich heute meist um gedruckte Scheine oder M\u00fcnzen, die von einer Zentralregierung verwaltet und von Finanzinstituten \u00fcberwacht werden. Doch im Jahr 2009 brachte der Gr\u00fcnder von Bitcoin, Satoshi Nakamoto, eine Idee auf den Markt, die die Art und Weise, wie Menschen \u00fcber Geld denken, ver\u00e4ndern sollte. Was w\u00e4re, wenn die W\u00e4hrung von der Mathematik und nicht von Regierungen regiert w\u00fcrde?<\/p><p>Kryptow\u00e4hrungen sind eine digitale Form von Geld, die auf einem v\u00f6llig neuen W\u00e4hrungssystem basiert und nicht von einer zentralen Stelle reguliert oder von einer formellen Institution \u00fcberwacht wird. Es gibt viele Arten von Kryptow\u00e4hrungen mit unterschiedlichen Funktionen. Unabh\u00e4ngig von jeder Funktion wird jede digitale W\u00e4hrung von einem dezentralen Peer-to-Peer-Netzwerk namens Blockchain unterst\u00fctzt.<\/p><h3>BLOCKCHAIN<\/h3><p>Die Blockchain-Technologie gew\u00e4hrleistet die Nachverfolgung aller Kryptow\u00e4hrungen, unabh\u00e4ngig davon, ob diese in einer digitalen Geldb\u00f6rse aufbewahrt oder im Handel genutzt werden. Die Effizienz des Betriebs eines solchen Systems erfordert jedoch eine Infrastruktur, die sicherstellt, dass Betrug und Manipulation des Systems nicht m\u00f6glich sind. Bitcoin war das erste Unternehmen auf dem Markt und etablierte ein System, bei dem zwei Personen \u2013 der Absender und der Empf\u00e4nger der M\u00fcnzen \u2013 sich abmelden m\u00fcssen, um eine digitale Signatur zu erstellen. Jede Person verf\u00fcgt \u00fcber einen \u00f6ffentlichen und einen privaten Verschl\u00fcsselungsschl\u00fcssel. Jede Transaktion wird auf ihre Richtigkeit \u00fcberpr\u00fcft, das System ist anonym und v\u00f6llig transparent. Im Zentrum dieser Infrastruktur steht ein Buch. Schauen wir uns also genauer an, wie es funktioniert.<\/p><h3>WIE KRYPTOW\u00c4HRUNGEN FUNKTIONIEREN<\/h3><p>Es handelt sich um ein Kryptow\u00e4hrungsbuch, in dem alle Transaktionen ver\u00f6ffentlicht werden, um vollst\u00e4ndige Transparenz zu gew\u00e4hrleisten. Das F\u00fchren eines Hauptbuchs zwingt alle dazu, \u201efair zu spielen\u201c und eliminiert das Risiko doppelter Ausgaben. Ein Hauptbuch ist eine Liste von Datenbankeintr\u00e4gen, die niemand \u00e4ndern kann, ohne bestimmte Bedingungen zu erf\u00fcllen. Niemand besitzt das Hauptbuch oder die Blockchain der Kryptow\u00e4hrungen; Stattdessen handelt es sich um eine dezentrale Bedeutung von Selbstverwaltung und Selbstverwaltung ohne Einmischung externer Parteien.<\/p><h3>BERGBAU<\/h3><p>Nehmen wir an, Sie m\u00f6chten \u00fcber eine gro\u00dfe Kryptow\u00e4hrungsb\u00f6rse in eine Kryptow\u00e4hrung wie Bitcoin investieren. Entscheiden Sie sich nach dem Kauf, es auszugeben. Was wird jetzt passieren? Die Transaktion ist zun\u00e4chst unbest\u00e4tigt, was bedeutet, dass die Transaktion noch nicht offiziell ist und erst dann \u201ein Stein gemei\u00dfelt\u201c wird, wenn sie den Verifizierungsprozess besteht. Sobald die Transaktion best\u00e4tigt ist, wird sie Teil der Aufzeichnung historischer Transaktionen, die in der Blockchain platziert werden.<\/p><p>Kryptow\u00e4hrungsverwalter \u00fcberpr\u00fcfen Transaktionen und f\u00fcgen sie dann dem \u00f6ffentlichen Hauptbuch hinzu. Sie verwenden leistungsstarke Computer, um komplexe mathematische Probleme zu l\u00f6sen, die f\u00fcr den Verifizierungsprozess von entscheidender Bedeutung sind. Das Mining von Kryptow\u00e4hrungen ist offen, sodass jeder eine Transaktion best\u00e4tigen kann und der erste Miner, der das Problem l\u00f6st, einen Block zu seinem Transaktionsbuch hinzuf\u00fcgen kann. Dieser Prozess wird als \u201eProof-of-Work-System\u201c bezeichnet.<\/p><p>Nachdem ein Block zum Hauptbuch hinzugef\u00fcgt wurde, erh\u00e4lt der Miner eine Belohnung f\u00fcr seine Bem\u00fchungen, die je nach Kryptow\u00e4hrung unterschiedlich ausf\u00e4llt. Beispielsweise hat Bitcoin urspr\u00fcnglich 50 BTC gew\u00e4hrt, aber diese Belohnung hat sich heute auf 12,5 BTC halbiert.<\/p><h3>DIE ZUKUNFT IST DA<\/h3><p>F\u00fchrende Kryptow\u00e4hrungen werden in Zukunft eine wichtige Rolle spielen und ihre Nutzung hat in den letzten Jahren stetig zugenommen. Bitcoin wird derzeit in 96 L\u00e4ndern verwendet, Tendenz steigend, wobei jede Stunde 12.000 Transaktionen stattfinden. Der erste Schritt besteht darin, mehr \u00fcber Kryptow\u00e4hrungen zu verstehen, der zweite besteht darin, es auszuprobieren.<\/p><p>W\u00e4hlen Sie noch heute Ihren Favoriten aus unserer Liste der Top-Broker und handeln Sie mit Kryptow\u00e4hrungen!<\/p><\/div>\n\t\t\t\t<\/div>\n\t\t\t\t\t\t\t\t<\/div>\n\t\t\t\t\t\t<\/div>\n\t\t\t\t<\/div>\n\t\t\t\t\t<\/div>\n\t\t<\/div>\n\t\t\t\t\t<\/div>\n\t\t<\/section>\n\t\t\t\t<\/div>","protected":false},"excerpt":{"rendered":"<p>CFD Kriptovalute \u201cBudu\u0107nost novca je digitalna valuta \u201d Bill Gates Tijekom 2020. godine, tr\u017ei\u0161ne vrijednosti\u00a0 najve\u0107ih kriptovaluta porasle su za 159 posto, \u0161to je Bitcoin (BTC) odr\u017eao u 2021. godini, dosegnuv\u0161i u travnju 64.863 dolara. Me\u0111utim tr\u017ei\u0161te kriptovalutama nije jedino zabilje\u017eilo impresivan rast.. Ugovori utemeljeni na Ethereumu i imovina kao \u0161to je NFTS preuzimaju internet [&hellip;]<\/p>\n","protected":false},"author":1,"featured_media":0,"parent":0,"menu_order":0,"comment_status":"closed","ping_status":"closed","template":"elementor_header_footer","meta":{"footnotes":""},"class_list":["post-2136","page","type-page","status-publish","hentry"],"_links":{"self":[{"href":"https:\/\/topbrokeri.com\/de\/wp-json\/wp\/v2\/pages\/2136","targetHints":{"allow":["GET"]}}],"collection":[{"href":"https:\/\/topbrokeri.com\/de\/wp-json\/wp\/v2\/pages"}],"about":[{"href":"https:\/\/topbrokeri.com\/de\/wp-json\/wp\/v2\/types\/page"}],"author":[{"embeddable":true,"href":"https:\/\/topbrokeri.com\/de\/wp-json\/wp\/v2\/users\/1"}],"replies":[{"embeddable":true,"href":"https:\/\/topbrokeri.com\/de\/wp-json\/wp\/v2\/comments?post=2136"}],"version-history":[{"count":6,"href":"https:\/\/topbrokeri.com\/de\/wp-json\/wp\/v2\/pages\/2136\/revisions"}],"predecessor-version":[{"id":7865,"href":"https:\/\/topbrokeri.com\/de\/wp-json\/wp\/v2\/pages\/2136\/revisions\/7865"}],"wp:attachment":[{"href":"https:\/\/topbrokeri.com\/de\/wp-json\/wp\/v2\/media?parent=2136"}],"curies":[{"name":"wp","href":"https:\/\/api.w.org\/{rel}","templated":true}]}}