{"id":2038,"date":"2017-11-15T10:50:49","date_gmt":"2017-11-15T10:50:49","guid":{"rendered":"https:\/\/topbrokeri.com\/?page_id=2038"},"modified":"2022-04-23T13:14:42","modified_gmt":"2022-04-23T13:14:42","slug":"odricanje","status":"publish","type":"page","link":"https:\/\/topbrokeri.com\/de\/odricanje\/","title":{"rendered":"Verzicht"},"content":{"rendered":"<div data-elementor-type=\"wp-page\" data-elementor-id=\"2038\" class=\"elementor elementor-2038\" data-elementor-post-type=\"page\">\n\t\t\t\t\t\t<section class=\"elementor-section elementor-top-section elementor-element elementor-element-4fac1fa elementor-section-stretched elementor-section-boxed elementor-section-height-default elementor-section-height-default\" data-id=\"4fac1fa\" data-element_type=\"section\" data-e-type=\"section\" data-settings=\"{&quot;stretch_section&quot;:&quot;section-stretched&quot;,&quot;shape_divider_top&quot;:&quot;tilt&quot;}\">\n\t\t\t\t\t<div class=\"elementor-shape elementor-shape-top\" aria-hidden=\"true\" data-negative=\"false\">\n\t\t\t<svg xmlns=\"http:\/\/www.w3.org\/2000\/svg\" viewbox=\"0 0 1000 100\" preserveaspectratio=\"none\">\n\t<path class=\"elementor-shape-fill\" d=\"M0,6V0h1000v100L0,6z\"\/>\n<\/svg>\t\t<\/div>\n\t\t\t\t\t<div class=\"elementor-container elementor-column-gap-default\">\n\t\t\t\t\t<div class=\"elementor-column elementor-col-100 elementor-top-column elementor-element elementor-element-8436f84\" data-id=\"8436f84\" data-element_type=\"column\" data-e-type=\"column\">\n\t\t\t<div class=\"elementor-widget-wrap elementor-element-populated\">\n\t\t\t\t\t\t<div class=\"elementor-element elementor-element-5277b93 elementor-widget elementor-widget-heading\" data-id=\"5277b93\" data-element_type=\"widget\" data-e-type=\"widget\" data-widget_type=\"heading.default\">\n\t\t\t\t<div class=\"elementor-widget-container\">\n\t\t\t\t\t<h1 class=\"elementor-heading-title elementor-size-default\">Verzicht<\/h1>\t\t\t\t<\/div>\n\t\t\t\t<\/div>\n\t\t\t\t<div class=\"elementor-element elementor-element-7035474 elementor-widget elementor-widget-text-editor\" data-id=\"7035474\" data-element_type=\"widget\" data-e-type=\"widget\" data-widget_type=\"text-editor.default\">\n\t\t\t\t<div class=\"elementor-widget-container\">\n\t\t\t\t\t\t\t\t\t<p>In der heutigen Zeit, in der das Leben immer teurer und die Zeit immer k\u00fcrzer wird, \u00fcbernimmt isTopBrokeri.com keine rechtliche Verantwortung f\u00fcr Verluste oder Sch\u00e4den, die sich aus dem Vertrauen auf die auf dieser Website angezeigten Informationen, einschlie\u00dflich Maklerbewertungen, Finanznachrichten, Autorenmeinungen usw., ergeben \/ oder Analyse. Die auf TopBrokeri.com enthaltenen Informationen werden nicht immer in Echtzeit ver\u00f6ffentlicht und\/oder sind nicht unbedingt korrekt und spiegeln nicht immer die Ansichten der Eigent\u00fcmer, Mitarbeiter und\/oder Mitwirkenden der Inhalte von TopBrokeri.com wider. Man sollte sich dar\u00fcber im Klaren sein, dass der CFD-Handel oder jede andere Art des Handels mit hohen Risiken verbunden ist und nicht f\u00fcr jeden geeignet ist. Vor dem Handel mit CFDs oder anderen Finanzinstrumenten sollte man sich der Risiken bewusst sein, seine Anlageziele und -grenzen genau kennen und sich das richtige Ma\u00df an Verst\u00e4ndnis und Risikomanagement aneignen. Der Handel mit Hebelprodukten als CFDs birgt ein erhebliches Verlustrisiko und ist m\u00f6glicherweise nicht f\u00fcr alle Anleger geeignet. Der Handel mit solchen Produkten ist riskant und Sie k\u00f6nnen Ihr gesamtes investiertes Kapital verlieren. Erfahrene Anleger und unerfahrene H\u00e4ndler auf der ganzen Welt suchen nach neuen Investitions- und Gewinnquellen, um herauszufinden, welche Broker die besten sind. Dank des Internets, das zu einem unverzichtbaren Bestandteil des Alltags geworden ist, hat sich der Spekulationsmarkt oder der beliebte Forex-Markt von gro\u00dfen B\u00f6rsen auf kleine Bildschirme verlagert, und zwar \u00fcber verschiedene Vermittler oder beliebte Broker, die es jedem erm\u00f6glichen, sein Wissen im Online-Handel unabh\u00e4ngig von Erfahrung und Erfahrung auszuprobieren Standort. Da die besten Broker von heute ihren Benutzern eine F\u00fclle von Lehrmaterialien und Seminaren anbieten, war es noch nie einfacher, ein erfolgreicher Investor zu sein. Indem Sie aus unserer Topliste den besten Broker f\u00fcr Ihre Bed\u00fcrfnisse ausw\u00e4hlen, k\u00f6nnen Sie sicher sein, dass die langwierige Suche nach dem richtigen Broker Sie nicht in die Irre f\u00fchrt und dass Sie sich nur zum Guten an Ihr Handelserlebnis erinnern!<\/p>\t\t\t\t\t\t\t\t<\/div>\n\t\t\t\t<\/div>\n\t\t\t\t\t<\/div>\n\t\t<\/div>\n\t\t\t\t\t<\/div>\n\t\t<\/section>\n\t\t\t\t<\/div>","protected":false},"excerpt":{"rendered":"<p>Odricanje U dana\u0161nje vrijeme kada \u017eivot postaje sve skuplji, a vremena sve manje, isTopBrokeri.com ne\u0107e biti pravno odgovoran za bilo kakav gubitak ili \u0161tetu koja proizlazi iz oslanjanja na informacije prikazane na ovoj web stranici, uklju\u010duju\u0107i recenzije brokera, financijske vijesti, mi\u0161ljenja autora i \/ ili analize. Podaci uklju\u010deni na TopBrokeri.com nisu uvijek objavljeni u stvarnom [&hellip;]<\/p>\n","protected":false},"author":1,"featured_media":0,"parent":0,"menu_order":0,"comment_status":"closed","ping_status":"closed","template":"elementor_header_footer","meta":{"footnotes":""},"class_list":["post-2038","page","type-page","status-publish","hentry"],"_links":{"self":[{"href":"https:\/\/topbrokeri.com\/de\/wp-json\/wp\/v2\/pages\/2038","targetHints":{"allow":["GET"]}}],"collection":[{"href":"https:\/\/topbrokeri.com\/de\/wp-json\/wp\/v2\/pages"}],"about":[{"href":"https:\/\/topbrokeri.com\/de\/wp-json\/wp\/v2\/types\/page"}],"author":[{"embeddable":true,"href":"https:\/\/topbrokeri.com\/de\/wp-json\/wp\/v2\/users\/1"}],"replies":[{"embeddable":true,"href":"https:\/\/topbrokeri.com\/de\/wp-json\/wp\/v2\/comments?post=2038"}],"version-history":[{"count":4,"href":"https:\/\/topbrokeri.com\/de\/wp-json\/wp\/v2\/pages\/2038\/revisions"}],"predecessor-version":[{"id":7798,"href":"https:\/\/topbrokeri.com\/de\/wp-json\/wp\/v2\/pages\/2038\/revisions\/7798"}],"wp:attachment":[{"href":"https:\/\/topbrokeri.com\/de\/wp-json\/wp\/v2\/media?parent=2038"}],"curies":[{"name":"wp","href":"https:\/\/api.w.org\/{rel}","templated":true}]}}