{"id":10324,"date":"2025-03-27T09:07:17","date_gmt":"2025-03-27T09:07:17","guid":{"rendered":"https:\/\/topbrokeri.com\/?page_id=10324"},"modified":"2025-04-09T14:19:11","modified_gmt":"2025-04-09T14:19:11","slug":"thank-you","status":"publish","type":"page","link":"https:\/\/topbrokeri.com\/de\/thank-you\/","title":{"rendered":"Danke"},"content":{"rendered":"<div data-elementor-type=\"wp-page\" data-elementor-id=\"10324\" class=\"elementor elementor-10324\" data-elementor-post-type=\"page\">\n\t\t\t\t\t\t<section class=\"elementor-section elementor-top-section elementor-element elementor-element-539d79c4 elementor-section-content-middle elementor-section-boxed elementor-section-height-default elementor-section-height-default\" data-id=\"539d79c4\" data-element_type=\"section\" data-e-type=\"section\">\n\t\t\t\t\t\t<div class=\"elementor-container elementor-column-gap-default\">\n\t\t\t\t\t<div class=\"elementor-column elementor-col-50 elementor-top-column elementor-element elementor-element-7bb4cbaf\" data-id=\"7bb4cbaf\" data-element_type=\"column\" data-e-type=\"column\">\n\t\t\t<div class=\"elementor-widget-wrap elementor-element-populated\">\n\t\t\t\t\t\t<div class=\"elementor-element elementor-element-8ad885e elementor-widget elementor-widget-html\" data-id=\"8ad885e\" data-element_type=\"widget\" data-e-type=\"widget\" data-widget_type=\"html.default\">\n\t\t\t\t<div class=\"elementor-widget-container\">\n\t\t\t\t\t<h2>Danke sch\u00f6n!<\/h2>\t\t\t\t<\/div>\n\t\t\t\t<\/div>\n\t\t\t\t\t<\/div>\n\t\t<\/div>\n\t\t\t\t<div class=\"elementor-column elementor-col-50 elementor-top-column elementor-element elementor-element-4f5e3130\" data-id=\"4f5e3130\" data-element_type=\"column\" data-e-type=\"column\">\n\t\t\t<div class=\"elementor-widget-wrap elementor-element-populated\">\n\t\t\t\t\t\t<div class=\"elementor-element elementor-element-22082330 elementor-position-left elementor-vertical-align-middle elementor-widget elementor-widget-image-box\" data-id=\"22082330\" data-element_type=\"widget\" data-e-type=\"widget\" data-widget_type=\"image-box.default\">\n\t\t\t\t<div class=\"elementor-widget-container\">\n\t\t\t\t\t<div class=\"elementor-image-box-wrapper\"><figure class=\"elementor-image-box-img\"><img decoding=\"async\" src=\"https:\/\/topbrokeri.com\/wp-content\/uploads\/elementor\/thumbs\/197507-r3h4k2dibicv0aatzxnl2bn3l6e7j039lxlj81yxpa.png\" title=\"197507.png\" alt=\"197507.png\" loading=\"lazy\" \/><\/figure><div class=\"elementor-image-box-content\"><h3 class=\"elementor-image-box-title\">Zur Einrichtung Ihres Kontos sind nur wenige Schritte erforderlich.<\/h3><p class=\"elementor-image-box-description\">Wie Sie sehen, legen wir bei diesem Programm gro\u00dfen Wert auf Sicherheit. Um Ihre Identit\u00e4t zu \u00fcberpr\u00fcfen und Ihr Konto innerhalb von 30 Minuten zu validieren, wird Sie einer unserer Spezialisten anrufen (Mo-Fr). Auf der n\u00e4chsten Seite werden Sie zu unserem sorgf\u00e4ltig ausgew\u00e4hlten Partner weitergeleitet, um Ihr Konto zu aktivieren und Ihr kleines Startkapital einzuzahlen, um ein Gef\u00fchl f\u00fcr das System zu bekommen. Denken Sie daran, dass Sie Ihr Kapital jederzeit abheben k\u00f6nnen.<\/p><\/div><\/div>\t\t\t\t<\/div>\n\t\t\t\t<\/div>\n\t\t\t\t<div class=\"elementor-element elementor-element-7c46e67e elementor-widget-divider--separator-type-pattern elementor-widget-divider--view-line elementor-widget elementor-widget-divider\" data-id=\"7c46e67e\" data-element_type=\"widget\" data-e-type=\"widget\" data-widget_type=\"divider.default\">\n\t\t\t\t<div class=\"elementor-widget-container\">\n\t\t\t\t\t\t\t<div class=\"elementor-divider\" style=\"--divider-pattern-url: url(&quot;data:image\/svg+xml,%3Csvg xmlns=&#039;http:\/\/www.w3.org\/2000\/svg&#039; preserveAspectRatio=&#039;none&#039; overflow=&#039;visible&#039; height=&#039;100%&#039; viewBox=&#039;0 0 24 24&#039; fill=&#039;none&#039; stroke=&#039;black&#039; stroke-width=&#039;1&#039; stroke-linecap=&#039;square&#039; stroke-miterlimit=&#039;10&#039;%3E%3Cpolyline points=&#039;0,18 12,6 24,18 &#039;\/%3E%3C\/svg%3E&quot;);\">\n\t\t\t<span class=\"elementor-divider-separator\">\n\t\t\t\t\t\t<\/span>\n\t\t<\/div>\n\t\t\t\t\t\t<\/div>\n\t\t\t\t<\/div>\n\t\t\t\t<div class=\"elementor-element elementor-element-5f3e5660 elementor-position-left elementor-vertical-align-middle elementor-widget elementor-widget-image-box\" data-id=\"5f3e5660\" data-element_type=\"widget\" data-e-type=\"widget\" data-widget_type=\"image-box.default\">\n\t\t\t\t<div class=\"elementor-widget-container\">\n\t\t\t\t\t<div class=\"elementor-image-box-wrapper\"><figure class=\"elementor-image-box-img\"><img decoding=\"async\" src=\"https:\/\/topbrokeri.com\/wp-content\/uploads\/elementor\/thumbs\/197571-r3h4k2dibicv0aatzxnl2bn3l6e7j039lxlj81yxpa.png\" title=\"197571.png\" alt=\"197571.png\" loading=\"lazy\" \/><\/figure><div class=\"elementor-image-box-content\"><h3 class=\"elementor-image-box-title\">Es sind nur Wenge-Schritte erforderlich, um Ihr Konto einzurichten.<\/h3><p class=\"elementor-image-box-description\">Wie Sie sehen k\u00f6nnen, nehmen wir die Sicherheit in diesem Programm sehr ernst. Um Ihre Identit\u00e4t zu verifizieren und Ihr Konto innerhalb von 30 Minuten zu validieren, werden Sie einer unserer Spezialisten anrufen. (Mo-Fr). Auf der n\u00e4chsten Seite werden Sie zu unserem Gesch\u00e4ftspartner geschickt, um Ihr Konto zu aktivieren und Ihr kleines Startkapital einzuzahlen, damit Sie ein Gef\u00fchl f\u00fcr das System bekommen. Denken Sie daran, dass Sie Ihr Kapital jederzeit abheben k\u00f6nnen.<\/p><\/div><\/div>\t\t\t\t<\/div>\n\t\t\t\t<\/div>\n\t\t\t\t<div class=\"elementor-element elementor-element-45ccc553 elementor-widget-divider--separator-type-pattern elementor-widget-divider--view-line elementor-widget elementor-widget-divider\" data-id=\"45ccc553\" data-element_type=\"widget\" data-e-type=\"widget\" data-widget_type=\"divider.default\">\n\t\t\t\t<div class=\"elementor-widget-container\">\n\t\t\t\t\t\t\t<div class=\"elementor-divider\" style=\"--divider-pattern-url: url(&quot;data:image\/svg+xml,%3Csvg xmlns=&#039;http:\/\/www.w3.org\/2000\/svg&#039; preserveAspectRatio=&#039;none&#039; overflow=&#039;visible&#039; height=&#039;100%&#039; viewBox=&#039;0 0 24 24&#039; fill=&#039;none&#039; stroke=&#039;black&#039; stroke-width=&#039;1&#039; stroke-linecap=&#039;square&#039; stroke-miterlimit=&#039;10&#039;%3E%3Cpolyline points=&#039;0,18 12,6 24,18 &#039;\/%3E%3C\/svg%3E&quot;);\">\n\t\t\t<span class=\"elementor-divider-separator\">\n\t\t\t\t\t\t<\/span>\n\t\t<\/div>\n\t\t\t\t\t\t<\/div>\n\t\t\t\t<\/div>\n\t\t\t\t<div class=\"elementor-element elementor-element-1cb4d7a0 elementor-position-left elementor-vertical-align-middle elementor-widget elementor-widget-image-box\" data-id=\"1cb4d7a0\" data-element_type=\"widget\" data-e-type=\"widget\" data-widget_type=\"image-box.default\">\n\t\t\t\t<div class=\"elementor-widget-container\">\n\t\t\t\t\t<div class=\"elementor-image-box-wrapper\"><figure class=\"elementor-image-box-img\"><img decoding=\"async\" src=\"https:\/\/topbrokeri.com\/wp-content\/uploads\/elementor\/thumbs\/197441-r3h4k3bcice5bw9gug27mtek6k9kqp6zy290pbxjj2.png\" title=\"197441.png\" alt=\"197441.png\" loading=\"lazy\" \/><\/figure><div class=\"elementor-image-box-content\"><h3 class=\"elementor-image-box-title\">Es dauert nur ein paar Schritte, um Ihr Konto zu sichern.<\/h3><p class=\"elementor-image-box-description\">Sie k\u00f6nnen es kaum erwarten, in diesem Programm eine Reihe von Sicherheitsl\u00fccken zu schlie\u00dfen. Um Ihre Identit\u00e4t zu \u00fcberpr\u00fcfen und Ihr Konto innerhalb von 30 Minuten zu validieren, m\u00fcssen Sie einen unserer Spezialisten anrufen. (ma-vr). Auf der folgenden Seite m\u00fcssen Sie nur noch einen Partner ausw\u00e4hlen, um Ihr Konto zu aktivieren und Ihr kleines Startkapital zu l\u00f6schen, um ein Konto f\u00fcr das System zu erstellen. Stellen Sie sicher, dass Sie kein gro\u00dfes Kapital \u00f6ffnen k\u00f6nnen.<\/p><\/div><\/div>\t\t\t\t<\/div>\n\t\t\t\t<\/div>\n\t\t\t\t<div class=\"elementor-element elementor-element-210bdac0 elementor-widget-divider--separator-type-pattern elementor-widget-divider--view-line elementor-widget elementor-widget-divider\" data-id=\"210bdac0\" data-element_type=\"widget\" data-e-type=\"widget\" data-widget_type=\"divider.default\">\n\t\t\t\t<div class=\"elementor-widget-container\">\n\t\t\t\t\t\t\t<div class=\"elementor-divider\" style=\"--divider-pattern-url: url(&quot;data:image\/svg+xml,%3Csvg xmlns=&#039;http:\/\/www.w3.org\/2000\/svg&#039; preserveAspectRatio=&#039;none&#039; overflow=&#039;visible&#039; height=&#039;100%&#039; viewBox=&#039;0 0 24 24&#039; fill=&#039;none&#039; stroke=&#039;black&#039; stroke-width=&#039;1&#039; stroke-linecap=&#039;square&#039; stroke-miterlimit=&#039;10&#039;%3E%3Cpolyline points=&#039;0,18 12,6 24,18 &#039;\/%3E%3C\/svg%3E&quot;);\">\n\t\t\t<span class=\"elementor-divider-separator\">\n\t\t\t\t\t\t<\/span>\n\t\t<\/div>\n\t\t\t\t\t\t<\/div>\n\t\t\t\t<\/div>\n\t\t\t\t<div class=\"elementor-element elementor-element-88af760 elementor-position-left elementor-vertical-align-middle elementor-widget elementor-widget-image-box\" data-id=\"88af760\" data-element_type=\"widget\" data-e-type=\"widget\" data-widget_type=\"image-box.default\">\n\t\t\t\t<div class=\"elementor-widget-container\">\n\t\t\t\t\t<div class=\"elementor-image-box-wrapper\"><figure class=\"elementor-image-box-img\"><img decoding=\"async\" src=\"https:\/\/topbrokeri.com\/wp-content\/uploads\/elementor\/thumbs\/197593-r3h4k3bcice5bw9gug27mtek6k9kqp6zy290pbxjj2.png\" title=\"197593.png\" alt=\"197593.png\" loading=\"lazy\" \/><\/figure><div class=\"elementor-image-box-content\"><h3 class=\"elementor-image-box-title\">Es sind nur einige Schritte erforderlich, um Ihr Konto zu konfigurieren.<\/h3><p class=\"elementor-image-box-description\">Wie wir sehen, ist die Sicherheit in diesem Programm sehr hoch. Um Ihre Identit\u00e4t innerhalb von 30 Minuten zu \u00fcberpr\u00fcfen und zu validieren, rufen Sie einen unserer Spezialisten an. (De lunes a viernes). Auf der folgenden Seite senden wir Ihnen eine neue Social-Media-App zu, die Ihnen hilft, Ihr Konto zu aktivieren und Ihr kleines Kapital zu hinterlegen, damit Sie sich mit dem System vertraut machen k\u00f6nnen. Recuerde que Siempre k\u00f6nnte sich aus Ihrer Hauptstadt zur\u00fcckziehen.<\/p><\/div><\/div>\t\t\t\t<\/div>\n\t\t\t\t<\/div>\n\t\t\t\t<div class=\"elementor-element elementor-element-afa05a8 elementor-widget-divider--separator-type-pattern elementor-widget-divider--view-line elementor-widget elementor-widget-divider\" data-id=\"afa05a8\" data-element_type=\"widget\" data-e-type=\"widget\" data-widget_type=\"divider.default\">\n\t\t\t\t<div class=\"elementor-widget-container\">\n\t\t\t\t\t\t\t<div class=\"elementor-divider\" style=\"--divider-pattern-url: url(&quot;data:image\/svg+xml,%3Csvg xmlns=&#039;http:\/\/www.w3.org\/2000\/svg&#039; preserveAspectRatio=&#039;none&#039; overflow=&#039;visible&#039; height=&#039;100%&#039; viewBox=&#039;0 0 24 24&#039; fill=&#039;none&#039; stroke=&#039;black&#039; stroke-width=&#039;1&#039; stroke-linecap=&#039;square&#039; stroke-miterlimit=&#039;10&#039;%3E%3Cpolyline points=&#039;0,18 12,6 24,18 &#039;\/%3E%3C\/svg%3E&quot;);\">\n\t\t\t<span class=\"elementor-divider-separator\">\n\t\t\t\t\t\t<\/span>\n\t\t<\/div>\n\t\t\t\t\t\t<\/div>\n\t\t\t\t<\/div>\n\t\t\t\t<div class=\"elementor-element elementor-element-6f8df72b elementor-position-left elementor-vertical-align-middle elementor-widget elementor-widget-image-box\" data-id=\"6f8df72b\" data-element_type=\"widget\" data-e-type=\"widget\" data-widget_type=\"image-box.default\">\n\t\t\t\t<div class=\"elementor-widget-container\">\n\t\t\t\t\t<div class=\"elementor-image-box-wrapper\"><figure class=\"elementor-image-box-img\"><img decoding=\"async\" src=\"https:\/\/topbrokeri.com\/wp-content\/uploads\/elementor\/thumbs\/197626-r3h4k3bcice5bw9gug27mtek6k9kqp6zy290pbxjj2.png\" title=\"197626.png\" alt=\"197626.png\" loading=\"lazy\" \/><\/figure><div class=\"elementor-image-box-content\"><h3 class=\"elementor-image-box-title\">Es ist nicht n\u00f6tig, dass Sie Ihr Konto betr\u00fcgen.<\/h3><p class=\"elementor-image-box-description\">Kommen Sie zu uns und legen Sie gro\u00dfen Wert auf Sicherheit in diesem Programm. Um Ihre Identit\u00e4t zu \u00fcberpr\u00fcfen und Ihr Konto innerhalb von 30 Minuten zu best\u00e4tigen, werden Sie von einem unserer Spezialisten kontaktiert. (Lun-Ven). Die Seite, die wir nacheinander aufgeben, wird von unserem Partner ausgew\u00e4hlt, um Ihren Inhalt zu aktivieren und Ihr kleines Anfangskapital zu hinterlegen, um eine Systemidee zu entwickeln. Ricorda che puoi semper ritirare il your Capital.<\/p><\/div><\/div>\t\t\t\t<\/div>\n\t\t\t\t<\/div>\n\t\t\t\t\t<\/div>\n\t\t<\/div>\n\t\t\t\t\t<\/div>\n\t\t<\/section>\n\t\t\t\t<\/div>","protected":false},"excerpt":{"rendered":"<p>Only a few steps are required to set up your account. As you can see, we take security very seriously in this program. In order to verify your identity and validate your account within 30 minutes, one of our specialists will call you.\u00a0(Mon-Fri). The next page will send you to our carefully chosen partner to [&hellip;]<\/p>\n","protected":false},"author":1,"featured_media":0,"parent":0,"menu_order":0,"comment_status":"closed","ping_status":"closed","template":"elementor_header_footer","meta":{"footnotes":""},"class_list":["post-10324","page","type-page","status-publish","hentry"],"_links":{"self":[{"href":"https:\/\/topbrokeri.com\/de\/wp-json\/wp\/v2\/pages\/10324","targetHints":{"allow":["GET"]}}],"collection":[{"href":"https:\/\/topbrokeri.com\/de\/wp-json\/wp\/v2\/pages"}],"about":[{"href":"https:\/\/topbrokeri.com\/de\/wp-json\/wp\/v2\/types\/page"}],"author":[{"embeddable":true,"href":"https:\/\/topbrokeri.com\/de\/wp-json\/wp\/v2\/users\/1"}],"replies":[{"embeddable":true,"href":"https:\/\/topbrokeri.com\/de\/wp-json\/wp\/v2\/comments?post=10324"}],"version-history":[{"count":9,"href":"https:\/\/topbrokeri.com\/de\/wp-json\/wp\/v2\/pages\/10324\/revisions"}],"predecessor-version":[{"id":10579,"href":"https:\/\/topbrokeri.com\/de\/wp-json\/wp\/v2\/pages\/10324\/revisions\/10579"}],"wp:attachment":[{"href":"https:\/\/topbrokeri.com\/de\/wp-json\/wp\/v2\/media?parent=10324"}],"curies":[{"name":"wp","href":"https:\/\/api.w.org\/{rel}","templated":true}]}}