{"id":2136,"date":"2017-11-16T09:51:08","date_gmt":"2017-11-16T09:51:08","guid":{"rendered":"https:\/\/topbrokeri.com\/?page_id=2136"},"modified":"2022-04-25T08:58:16","modified_gmt":"2022-04-25T08:58:16","slug":"cfd-kriptovalute","status":"publish","type":"page","link":"https:\/\/topbrokeri.com\/cs\/cfd-kriptovalute\/","title":{"rendered":"CFD kryptom\u011bny"},"content":{"rendered":"<div data-elementor-type=\"wp-page\" data-elementor-id=\"2136\" class=\"elementor elementor-2136\" data-elementor-post-type=\"page\">\n\t\t\t\t\t\t<section class=\"elementor-section elementor-top-section elementor-element elementor-element-77a1b56 elementor-section-stretched elementor-section-boxed elementor-section-height-default elementor-section-height-default\" data-id=\"77a1b56\" data-element_type=\"section\" data-e-type=\"section\" data-settings=\"{&quot;stretch_section&quot;:&quot;section-stretched&quot;,&quot;shape_divider_top&quot;:&quot;tilt&quot;}\">\n\t\t\t\t\t<div class=\"elementor-shape elementor-shape-top\" aria-hidden=\"true\" data-negative=\"false\">\n\t\t\t<svg xmlns=\"http:\/\/www.w3.org\/2000\/svg\" viewbox=\"0 0 1000 100\" preserveaspectratio=\"none\">\n\t<path class=\"elementor-shape-fill\" d=\"M0,6V0h1000v100L0,6z\"\/>\n<\/svg>\t\t<\/div>\n\t\t\t\t\t<div class=\"elementor-container elementor-column-gap-default\">\n\t\t\t\t\t<div class=\"elementor-column elementor-col-100 elementor-top-column elementor-element elementor-element-b9b3a1d\" data-id=\"b9b3a1d\" data-element_type=\"column\" data-e-type=\"column\">\n\t\t\t<div class=\"elementor-widget-wrap elementor-element-populated\">\n\t\t\t\t\t\t<div class=\"elementor-element elementor-element-8f0a9a8 elementor-widget elementor-widget-heading\" data-id=\"8f0a9a8\" data-element_type=\"widget\" data-e-type=\"widget\" data-widget_type=\"heading.default\">\n\t\t\t\t<div class=\"elementor-widget-container\">\n\t\t\t\t\t<h1 class=\"elementor-heading-title elementor-size-default\">CFD kryptom\u011bny<\/h1>\t\t\t\t<\/div>\n\t\t\t\t<\/div>\n\t\t\t\t<div class=\"elementor-element elementor-element-1ab3e72 elementor-widget elementor-widget-text-editor\" data-id=\"1ab3e72\" data-element_type=\"widget\" data-e-type=\"widget\" data-widget_type=\"text-editor.default\">\n\t\t\t\t<div class=\"elementor-widget-container\">\n\t\t\t\t\t\t\t\t\t<blockquote><h3 style=\"text-align: center;\">\u201eBudoucnost pen\u011bz je digit\u00e1ln\u00ed m\u011bna\u201c<\/h3><p style=\"text-align: center;\"><strong>Bill Gates<\/strong><\/p><\/blockquote>\t\t\t\t\t\t\t\t<\/div>\n\t\t\t\t<\/div>\n\t\t\t\t<div class=\"elementor-element elementor-element-317a39f elementor-widget elementor-widget-text-editor\" data-id=\"317a39f\" data-element_type=\"widget\" data-e-type=\"widget\" data-widget_type=\"text-editor.default\">\n\t\t\t\t<div class=\"elementor-widget-container\">\n\t\t\t\t\t\t\t\t\t<div class=\"wpb_text_column wpb_content_element\"><div class=\"wpb_wrapper\"><p>B\u011bhem roku 2020 vzrostly tr\u017en\u00ed hodnoty nejv\u011bt\u0161\u00edch kryptom\u011bn o 159 procent, co\u017e je <a href=\"https:\/\/topbrokeri.com\/cs\/predvidanje-cijene-bitcoin\/\">bitcoin<\/a> (BTC) v roce 2021 a v dubnu dos\u00e1hl 64 863 USD. Trh s kryptom\u011bnami v\u0161ak nen\u00ed jedin\u00fd, kter\u00fd zaznamenal p\u016fsobiv\u00fd r\u016fst. Smlouvy a aktiva zalo\u017een\u00e1 na ethereu, jako je NFTS, p\u0159eb\u00edraj\u00ed online obchodov\u00e1n\u00ed jako urychlen\u00fd vlak. Nejdra\u017e\u0161\u00ed <a href=\"https:\/\/topbrokeri.com\/cs\/matrix-nft-trader\/\">NFT<\/a>, kus digit\u00e1ln\u00edho um\u011bleck\u00e9ho d\u00edla Beeple, prodan\u00fd za 69 milion\u016f $ v \u00fanoru 2021. Obchodov\u00e1n\u00ed s opcemi <a href=\"https:\/\/topbrokeri.com\/cs\/trgovanje-cfd-ovima\/\">CFD<\/a> kryptom\u011bny jsou st\u00e1le popul\u00e1rn\u011bj\u0161\u00ed.<\/p><p>Bez nutnosti fyzick\u00e9ho dr\u017een\u00ed maj\u00ed CFD sn\u00ed\u017een\u00e9 riziko kr\u00e1de\u017ee kapit\u00e1lu. Tak\u00e9, kdy\u017e obchodujete s kryptom\u011bnami CFD, m\u016f\u017eete dos\u00e1hnout v\u00fdznamn\u00fdch zisk\u016f, i kdy\u017e samotn\u00fd trh s kryptom\u011bnami ztrat\u00ed hodnotu. Tyto v\u00fdhody spolu s p\u00e1kov\u00fdm efektem, likviditou, \u00farokem a volatilitou kryptotrhu u\u010dinily obchodov\u00e1n\u00ed s kryptom\u011bnami CFD p\u0159edn\u00edm n\u00e1strojem modern\u00edho obchodov\u00e1n\u00ed a investov\u00e1n\u00ed.<\/p><\/div><\/div>\t\t\t\t\t\t\t\t<\/div>\n\t\t\t\t<\/div>\n\t\t\t\t<section class=\"elementor-section elementor-inner-section elementor-element elementor-element-f28edd8 elementor-section-boxed elementor-section-height-default elementor-section-height-default\" data-id=\"f28edd8\" data-element_type=\"section\" data-e-type=\"section\">\n\t\t\t\t\t\t<div class=\"elementor-container elementor-column-gap-default\">\n\t\t\t\t\t<div class=\"elementor-column elementor-col-33 elementor-inner-column elementor-element elementor-element-9f078bc\" data-id=\"9f078bc\" data-element_type=\"column\" data-e-type=\"column\">\n\t\t\t<div class=\"elementor-widget-wrap elementor-element-populated\">\n\t\t\t\t\t\t<div class=\"elementor-element elementor-element-8ef335c elementor-widget elementor-widget-image\" data-id=\"8ef335c\" data-element_type=\"widget\" data-e-type=\"widget\" data-widget_type=\"image.default\">\n\t\t\t\t<div class=\"elementor-widget-container\">\n\t\t\t\t\t\t\t\t\t\t\t\t\t\t\t<img decoding=\"async\" width=\"300\" height=\"150\" src=\"https:\/\/topbrokeri.com\/wp-content\/uploads\/2017\/12\/TORO.png\" class=\"attachment-full size-full wp-image-3138\" alt=\"etoro chorvatsko\" \/>\t\t\t\t\t\t\t\t\t\t\t\t\t\t\t<\/div>\n\t\t\t\t<\/div>\n\t\t\t\t<div class=\"elementor-element elementor-element-ce9981b elementor-widget elementor-widget-text-editor\" data-id=\"ce9981b\" data-element_type=\"widget\" data-e-type=\"widget\" data-widget_type=\"text-editor.default\">\n\t\t\t\t<div class=\"elementor-widget-container\">\n\t\t\t\t\t\t\t\t\t<p>Modern\u00ed soci\u00e1ln\u00ed investi\u010dn\u00ed s\u00ed\u0165, v\u010dasn\u00e1 z\u00e1kaznick\u00e1 podpora, bezpe\u010dnost a dostupn\u00e9 finan\u010dn\u00ed prost\u0159edky \u010din\u00ed obchodov\u00e1n\u00ed nejen spolehliv\u00fdm, ale i z\u00e1bavn\u00fdm <a href=\"https:\/\/topbrokeri.com\/cs\/etoro-recenzija\/\">eToro<\/a> rozhodn\u011b si zaslou\u017e\u00ed sv\u00e9 m\u00edsto mezi nejlep\u0161\u00edmi!<\/p>\t\t\t\t\t\t\t\t<\/div>\n\t\t\t\t<\/div>\n\t\t\t\t\t<\/div>\n\t\t<\/div>\n\t\t\t\t<div class=\"elementor-column elementor-col-33 elementor-inner-column elementor-element elementor-element-7a89d98\" data-id=\"7a89d98\" data-element_type=\"column\" data-e-type=\"column\">\n\t\t\t<div class=\"elementor-widget-wrap elementor-element-populated\">\n\t\t\t\t\t\t<div class=\"elementor-element elementor-element-bbdacd6 elementor-widget elementor-widget-image\" data-id=\"bbdacd6\" data-element_type=\"widget\" data-e-type=\"widget\" data-widget_type=\"image.default\">\n\t\t\t\t<div class=\"elementor-widget-container\">\n\t\t\t\t\t\t\t\t\t\t\t\t\t\t\t<img decoding=\"async\" width=\"300\" height=\"150\" src=\"https:\/\/topbrokeri.com\/wp-content\/uploads\/2017\/11\/Plus500-300x150-1.jpg\" class=\"attachment-full size-full wp-image-3140\" alt=\"plus 500 recenz\u00ed\" \/>\t\t\t\t\t\t\t\t\t\t\t\t\t\t\t<\/div>\n\t\t\t\t<\/div>\n\t\t\t\t<div class=\"elementor-element elementor-element-9287bca elementor-widget elementor-widget-text-editor\" data-id=\"9287bca\" data-element_type=\"widget\" data-e-type=\"widget\" data-widget_type=\"text-editor.default\">\n\t\t\t\t<div class=\"elementor-widget-container\">\n\t\t\t\t\t\t\t\t\t<p>co to <a href=\"https:\/\/topbrokeri.com\/cs\/plus-500-recenzija\/\">Plus 500<\/a> co je odli\u0161uje od ostatn\u00edch broker\u016f je to, \u017ee se jim poda\u0159ilo vyvinout velmi stabiln\u00ed platformu, kterou v\u011bt\u0161ina obchodn\u00edk\u016f vyhled\u00e1v\u00e1. S t\u00e9m\u011b\u0159 10 lety zku\u0161enost\u00ed nen\u00ed \u017e\u00e1dn\u00fdm p\u0159ekvapen\u00edm, \u017ee se Plus500 stala jednou z nejlep\u0161\u00edch slu\u017eeb na trhu.<\/p>\t\t\t\t\t\t\t\t<\/div>\n\t\t\t\t<\/div>\n\t\t\t\t\t<\/div>\n\t\t<\/div>\n\t\t\t\t<div class=\"elementor-column elementor-col-33 elementor-inner-column elementor-element elementor-element-56743f1\" data-id=\"56743f1\" data-element_type=\"column\" data-e-type=\"column\">\n\t\t\t<div class=\"elementor-widget-wrap elementor-element-populated\">\n\t\t\t\t\t\t<div class=\"elementor-element elementor-element-c668d51 elementor-widget elementor-widget-image\" data-id=\"c668d51\" data-element_type=\"widget\" data-e-type=\"widget\" data-widget_type=\"image.default\">\n\t\t\t\t<div class=\"elementor-widget-container\">\n\t\t\t\t\t\t\t\t\t\t\t\t\t\t\t<img decoding=\"async\" width=\"300\" height=\"150\" src=\"https:\/\/topbrokeri.com\/wp-content\/uploads\/2018\/02\/admiral-markets-1.png\" class=\"attachment-full size-full wp-image-5072\" alt=\"admir\u00e1l trhy hr\" \/>\t\t\t\t\t\t\t\t\t\t\t\t\t\t\t<\/div>\n\t\t\t\t<\/div>\n\t\t\t\t<div class=\"elementor-element elementor-element-00649f2 elementor-widget elementor-widget-text-editor\" data-id=\"00649f2\" data-element_type=\"widget\" data-e-type=\"widget\" data-widget_type=\"text-editor.default\">\n\t\t\t\t<div class=\"elementor-widget-container\">\n\t\t\t\t\t\t\t\t\t<p>S neju\u017eite\u010dn\u011bj\u0161\u00edmi a nejefektivn\u011bj\u0161\u00edmi n\u00e1stroji na trhu, Admiral <a href=\"https:\/\/topbrokeri.com\/cs\/markets-com-recenzija\/\">trhy<\/a> je rozhodn\u011b nejlep\u0161\u00ed volbou pro za\u010d\u00e1te\u010dn\u00edky. Od ekonomick\u00e9ho kalend\u00e1\u0159e p\u0159es r\u016fzn\u00e9 anal\u00fdzy trhu m\u00e1te p\u0159ehled o sou\u010dasn\u00fdch a budouc\u00edch trendech na trhu.<\/p>\t\t\t\t\t\t\t\t<\/div>\n\t\t\t\t<\/div>\n\t\t\t\t\t<\/div>\n\t\t<\/div>\n\t\t\t\t\t<\/div>\n\t\t<\/section>\n\t\t\t\t<div class=\"elementor-element elementor-element-a070070 elementor-widget-divider--view-line elementor-widget elementor-widget-divider\" data-id=\"a070070\" data-element_type=\"widget\" data-e-type=\"widget\" data-widget_type=\"divider.default\">\n\t\t\t\t<div class=\"elementor-widget-container\">\n\t\t\t\t\t\t\t<div class=\"elementor-divider\">\n\t\t\t<span class=\"elementor-divider-separator\">\n\t\t\t\t\t\t<\/span>\n\t\t<\/div>\n\t\t\t\t\t\t<\/div>\n\t\t\t\t<\/div>\n\t\t\t\t<div class=\"elementor-element elementor-element-b64a7bd elementor-widget elementor-widget-accordion\" data-id=\"b64a7bd\" data-element_type=\"widget\" data-e-type=\"widget\" data-widget_type=\"accordion.default\">\n\t\t\t\t<div class=\"elementor-widget-container\">\n\t\t\t\t\t\t\t<div class=\"elementor-accordion\">\n\t\t\t\t\t\t\t<div class=\"elementor-accordion-item\">\n\t\t\t\t\t<h5 id=\"elementor-tab-title-1911\" class=\"elementor-tab-title\" data-tab=\"1\" role=\"button\" aria-controls=\"elementor-tab-content-1911\" aria-expanded=\"false\">\n\t\t\t\t\t\t\t\t\t\t\t\t\t<span class=\"elementor-accordion-icon elementor-accordion-icon-left\" aria-hidden=\"true\">\n\t\t\t\t\t\t\t\t\t\t\t\t\t\t\t<span class=\"elementor-accordion-icon-closed\"><i class=\"fas fa-plus\"><\/i><\/span>\n\t\t\t\t\t\t\t\t<span class=\"elementor-accordion-icon-opened\"><i class=\"fas fa-minus\"><\/i><\/span>\n\t\t\t\t\t\t\t\t\t\t\t\t\t\t<\/span>\n\t\t\t\t\t\t\t\t\t\t\t\t<a class=\"elementor-accordion-title\" tabindex=\"0\">CFD kryptom\u011bny<\/a>\n\t\t\t\t\t<\/h5>\n\t\t\t\t\t<div id=\"elementor-tab-content-1911\" class=\"elementor-tab-content elementor-clearfix\" data-tab=\"1\" role=\"region\" aria-labelledby=\"elementor-tab-title-1911\"><p>A\u0165 u\u017e jste aktivn\u00edm \u00fa\u010dastn\u00edkem online obchodov\u00e1n\u00ed nebo s n\u00edm nem\u00e1te absolutn\u011b nic spole\u010dn\u00e9ho, ur\u010dit\u011b jste sly\u0161eli r\u016fzn\u00e9 informace o kryptom\u011bn\u00e1ch a jejich vlivu na glob\u00e1ln\u00ed trh. Jednodu\u0161e \u0159e\u010deno, s jejich raketov\u00fdm r\u016fstem neexistuje t\u00e9m\u011b\u0159 \u017e\u00e1dn\u00fd kout ka\u017edodenn\u00edho \u017eivota, kter\u00e9ho by se kryptom\u011bny nedotkly. P\u0159esto\u017ee po\u010d\u00e1tky kryptom\u011bn sahaj\u00ed t\u00e9m\u011b\u0159 10 let zp\u011bt, sv\u016fj skute\u010dn\u00fd boom za\u017e\u00edvaj\u00ed a\u017e v posledn\u00edch letech. A jak\u00e9! Krom\u011b toho, \u017ee jsou kryptom\u011bny uzn\u00e1v\u00e1ny v\u0161emi aktivn\u00edmi obchodn\u00edky a brokery, staly se tak\u00e9 ka\u017edodenn\u00edm zdrojem p\u0159\u00edjm\u016f pro b\u011b\u017en\u00e9 lidi. Pro\u010d tomu tak je, si p\u0159e\u010dt\u011bte n\u00ed\u017ee.<\/p><h3>Idea<\/h3><p>Prvn\u00ed pokus o vytvo\u0159en\u00ed kryptom\u011bny prob\u011bhl ji\u017e v roce 1998, kdy byl pops\u00e1n syst\u00e9m tzv. \u201eB-money\u201c. M\u011blo j\u00edt o typ elektronick\u00fdch pen\u011bz, kter\u00e9 by si vym\u011b\u0148ovali anonymn\u00ed \u00fa\u010dastn\u00edci. P\u0159es nad\u011bjn\u00fd n\u00e1pad se projekt neujal. Ve stejn\u00e9m roce v\u0161ak americk\u00fd po\u010d\u00edta\u010dov\u00fd v\u011bdec a kryptograf Nick Szabo vytvo\u0159il Bit Gold, kter\u00fd se pozd\u011bji uk\u00e1zal b\u00fdt hrozbou pro BitCoin. P\u0159esto\u017ee samotn\u00fd produkt nebyl nikdy pln\u011b p\u0159ijat, jeho \u010d\u00e1sti a kl\u00ed\u010dov\u00e9 prvky jsou nezbytnou sou\u010d\u00e1st\u00ed dne\u0161n\u00edho BitCoinu; jako je koncept \u201eProof of Work\u201c, kter\u00fd ur\u010doval v\u00fdkon po\u010d\u00edta\u010de pot\u0159ebn\u00fd k \u0159e\u0161en\u00ed slo\u017eit\u00fdch kryptografick\u00fdch h\u00e1danek. \u00da\u010dastn\u00edk s\u00edt\u011b, kter\u00e9mu by se poda\u0159ilo vy\u0159e\u0161it kryptografick\u00fd probl\u00e9m, by si vytvo\u0159il tzv. \u201eBlockchain\u201c a z\u00edskal by si tak sv\u00e9 m\u00edsto p\u0159i tvorb\u011b r\u016fzn\u00e9ho mno\u017estv\u00ed kryptom\u011bn.<\/p><p>Stejn\u00e1 metoda je kl\u00ed\u010dov\u00fdm principem fungov\u00e1n\u00ed s\u00edt\u011b BitCoin, kter\u00e1 byla navr\u017eena v roce 2008 jako reakce na glob\u00e1ln\u00ed krizi. Jeden mu\u017e nebo jejich skupina skryt\u00e1 pod jm\u00e9nem Satoshi Nakamoto cht\u011bli vytvo\u0159it skute\u010dn\u011b nez\u00e1visl\u00e9 a decentralizovan\u00e9 peer-to-peer elektronick\u00e9 pen\u00edze. D\u00edky v\u0161eobecn\u00e9 d\u016fv\u011b\u0159e ve vl\u00e1dn\u00ed instituce a m\u011bnov\u00e9 stabilit\u011b spat\u0159il BitCoin v p\u0159\u00ed\u0161t\u00edch letech sv\u011btlo sv\u011bta jako nez\u00e1visl\u00fd.<\/p><h3>Vstup na trh<\/h3><p>Nyn\u00ed, kdy\u017e jste obezn\u00e1meni s obrovsk\u00fdm potenci\u00e1lem, kter\u00fd kryptom\u011bny nepochybn\u011b maj\u00ed, chcete se st\u00e1t sou\u010d\u00e1st\u00ed tohoto rostouc\u00edho trendu, jist\u011b v\u00e1s zaj\u00edm\u00e1, jak s kryptom\u011bnami obchodovat!? Toti\u017e, existuj\u00ed r\u016fzn\u00e9 zp\u016fsoby \u2013 m\u016f\u017eete je tzv. kopat t\u011b\u017eba, spekulace na jejich cenu nebo jejich prost\u00fd n\u00e1kup, a\u0165 u\u017e pro denn\u00ed obchodov\u00e1n\u00ed nebo dlouhodob\u00e9 investice. Nakupov\u00e1n\u00ed kryptom\u011bn je aktu\u00e1ln\u011b nejobl\u00edben\u011bj\u0161\u00ed, \u010demu\u017e rozhodn\u011b nahr\u00e1v\u00e1 jejich enormn\u00ed r\u016fst, kter\u00fd t\u00e9m\u011b\u0159 zaru\u010duje \u010dist\u00fd zisk p\u0159es noc.<\/p><h3>V\u00fdb\u011br makl\u00e9\u0159e<\/h3><p>Prvn\u00edm krokem p\u0159i obchodov\u00e1n\u00ed s kryptom\u011bnami by bylo vybrat si brokera, tedy zprost\u0159edkovatele, kter\u00fd by v\u00e1m p\u0159edstavil trh s kryptom\u011bnami. I kdy\u017e to zpo\u010d\u00e1tku vypad\u00e1 jako snadn\u00e1 pr\u00e1ce, je velmi snadn\u00e9 se ztratit a ud\u011blat chybu. Toti\u017e v mo\u0159i mo\u017enost\u00ed a mo\u017enost\u00ed, kter\u00e9 s sebou modern\u00ed doba a internet p\u0159in\u00e1\u0161\u00ed, je internet pln\u00fd nejen nevhodn\u00fdch broker\u016f pro va\u0161e pot\u0159eby, ale i podvod\u016f. Na\u0161t\u011bst\u00ed pro v\u00e1s s na\u0161\u00edm odborn\u00fdm v\u00fdb\u011brem nem\u016f\u017eete ud\u011blat chybu.<\/p><\/div>\n\t\t\t\t<\/div>\n\t\t\t\t\t\t\t<div class=\"elementor-accordion-item\">\n\t\t\t\t\t<h5 id=\"elementor-tab-title-1912\" class=\"elementor-tab-title\" data-tab=\"2\" role=\"button\" aria-controls=\"elementor-tab-content-1912\" aria-expanded=\"false\">\n\t\t\t\t\t\t\t\t\t\t\t\t\t<span class=\"elementor-accordion-icon elementor-accordion-icon-left\" aria-hidden=\"true\">\n\t\t\t\t\t\t\t\t\t\t\t\t\t\t\t<span class=\"elementor-accordion-icon-closed\"><i class=\"fas fa-plus\"><\/i><\/span>\n\t\t\t\t\t\t\t\t<span class=\"elementor-accordion-icon-opened\"><i class=\"fas fa-minus\"><\/i><\/span>\n\t\t\t\t\t\t\t\t\t\t\t\t\t\t<\/span>\n\t\t\t\t\t\t\t\t\t\t\t\t<a class=\"elementor-accordion-title\" tabindex=\"0\">Jak kryptom\u011bny funguj\u00ed?<\/a>\n\t\t\t\t\t<\/h5>\n\t\t\t\t\t<div id=\"elementor-tab-content-1912\" class=\"elementor-tab-content elementor-clearfix\" data-tab=\"2\" role=\"region\" aria-labelledby=\"elementor-tab-title-1912\"><h3>Z\u00c1KLADY KRYPTOM\u011aNY<\/h3><p>Lid\u00e9 obchoduj\u00ed s fyzick\u00fdm zbo\u017e\u00edm od po\u010d\u00e1tku v\u011bk\u016f. Tyto m\u011bny jsou dnes v\u011bt\u0161inou ti\u0161t\u011bn\u00e9 bankovky nebo mince spravovan\u00e9 centralizovanou vl\u00e1dou a monitorovan\u00e9 finan\u010dn\u00edmi institucemi. V roce 2009 v\u0161ak zakladatel Bitcoinu Satoshi Nakamoto spustil n\u00e1pad, kter\u00fd by zm\u011bnil zp\u016fsob, jak\u00fdm lid\u00e9 p\u0159em\u00fd\u0161lej\u00ed o pen\u011bz\u00edch. Co kdyby m\u011bna \u0159\u00eddila matematika, ne vl\u00e1dy?<\/p><p>Kryptom\u011bny jsou digit\u00e1ln\u00ed formou pen\u011bz, kter\u00e9 b\u011b\u017e\u00ed na zcela nov\u00e9m pen\u011b\u017en\u00edm syst\u00e9mu, kter\u00fd nen\u00ed regulov\u00e1n \u017e\u00e1dn\u00fdm centralizovan\u00fdm org\u00e1nem ani monitorov\u00e1n form\u00e1ln\u00ed instituc\u00ed. Existuje mnoho typ\u016f kryptom\u011bn s r\u016fzn\u00fdmi funkcemi. Nez\u00e1visle na ka\u017ed\u00e9 funkci je ka\u017ed\u00e1 digit\u00e1ln\u00ed m\u011bna podporov\u00e1na decentralizovanou s\u00edt\u00ed peer-to-peer zvanou blockchain.<\/p><h3>BLOCKCHAIN<\/h3><p>Technologie Blockchain zaji\u0161\u0165uje sledov\u00e1n\u00ed v\u0161ech kryptom\u011bn bez ohledu na to, zda jsou dr\u017eeny v digit\u00e1ln\u00ed pen\u011b\u017eence nebo jsou pou\u017e\u00edv\u00e1ny v obchod\u011b. Efektivita provozu takov\u00e9ho syst\u00e9mu v\u0161ak vy\u017eaduje infrastrukturu, kter\u00e1 zajist\u00ed, \u017ee podv\u00e1d\u011bn\u00ed a hran\u00ed syst\u00e9mu nen\u00ed mo\u017en\u00e9. Bitcoin byl prvn\u00ed na trhu a vytvo\u0159il syst\u00e9m, kde se dva lid\u00e9 \u2013 odes\u00edlatel a p\u0159\u00edjemce minc\u00ed \u2013 mus\u00ed podepsat, aby vytvo\u0159ili digit\u00e1ln\u00ed podpis. Ka\u017ed\u00e1 osoba m\u00e1 ve\u0159ejn\u00fd a soukrom\u00fd \u0161ifrovac\u00ed kl\u00ed\u010d. Ka\u017ed\u00e1 transakce je kontrolov\u00e1na na p\u0159esnost a syst\u00e9m je anonymn\u00ed a zcela transparentn\u00ed. V centru t\u00e9to infrastruktury je kniha. Poj\u010fme se tedy vrhnout na to, jak to funguje.<\/p><h3>JAK FUNGUJ\u00cd KRYPTOM\u011aNY<\/h3><p>Je to kniha kryptom\u011bn, kde jsou zve\u0159ej\u0148ov\u00e1ny v\u0161echny transakce, aby byla zaji\u0161t\u011bna \u00fapln\u00e1 transparentnost. Veden\u00ed \u00fa\u010detn\u00ed knihy nut\u00ed ka\u017ed\u00e9ho \u201ehr\u00e1t f\u00e9r\u201c a odstra\u0148uje riziko dvoj\u00edho utr\u00e1cen\u00ed. Kniha je seznam z\u00e1znam\u016f datab\u00e1ze, kter\u00e9 nikdo nem\u016f\u017ee zm\u011bnit bez spln\u011bn\u00ed ur\u010dit\u00fdch podm\u00ednek. Nikdo nevlastn\u00ed \u00fa\u010detn\u00ed knihu nebo blockchain kryptom\u011bn; m\u00edsto toho jde o decentralizovan\u00fd v\u00fdznam samospr\u00e1vy a samospr\u00e1vy bez z\u00e1sah\u016f vn\u011bj\u0161\u00edch stran.<\/p><h3>HORNICTV\u00cd<\/h3><p>\u0158ekn\u011bme, \u017ee chcete investovat do kryptom\u011bny, jako je bitcoin, prost\u0159ednictv\u00edm velk\u00e9 burzy kryptom\u011bn. Po n\u00e1kupu se rozhodn\u011bte, \u017ee je utrat\u00edte. co se te\u010f stane? Transakce je zpo\u010d\u00e1tku nepotvrzen\u00e1, co\u017e znamen\u00e1, \u017ee transakce je\u0161t\u011b nen\u00ed ofici\u00e1ln\u00ed a \u201enezapadne do kamene\u201c, dokud neprojde ov\u011b\u0159ovac\u00edm procesem. Po potvrzen\u00ed se transakce stane sou\u010d\u00e1st\u00ed z\u00e1znamu historick\u00fdch transakc\u00ed um\u00edst\u011bn\u00fdch v blockchainu.<\/p><p>Zpracovatel\u00e9 kryptom\u011bn ov\u011b\u0159uj\u00ed transakce a pot\u00e9 je p\u0159id\u00e1vaj\u00ed do ve\u0159ejn\u00e9 knihy. Pou\u017e\u00edvaj\u00ed v\u00fdkonn\u00e9 po\u010d\u00edta\u010de k \u0159e\u0161en\u00ed slo\u017eit\u00fdch matematick\u00fdch probl\u00e9m\u016f, kter\u00e9 jsou kl\u00ed\u010dov\u00e9 pro proces ov\u011b\u0159ov\u00e1n\u00ed. T\u011b\u017eba kryptom\u011bn je otev\u0159en\u00e1, tak\u017ee kdokoli m\u016f\u017ee potvrdit transakci a prvn\u00ed t\u011b\u017ea\u0159, kter\u00fd probl\u00e9m vy\u0159e\u0161\u00ed, m\u016f\u017ee p\u0159idat blok do sv\u00e9 knihy transakc\u00ed. Tento proces se naz\u00fdv\u00e1 \u201esyst\u00e9m d\u016fkazu pr\u00e1ce\u201c.<\/p><p>Po p\u0159id\u00e1n\u00ed bloku do \u00fa\u010detn\u00ed knihy je t\u011b\u017ea\u0159 za sv\u00e9 \u00fasil\u00ed odm\u011bn\u011bn odm\u011bnou, kter\u00e1 se li\u0161\u00ed podle kryptom\u011bny. Nap\u0159\u00edklad bitcoin p\u016fvodn\u011b ud\u011blil 50 BTC, ale tato odm\u011bna se dnes sn\u00ed\u017eila na polovinu na 12,5 BTC.<\/p><h3>BUDOUCNOST JE TADY<\/h3><p>P\u0159edn\u00ed kryptom\u011bny budou hr\u00e1t v budoucnu d\u016fle\u017eitou roli a jejich vyu\u017eit\u00ed se v posledn\u00edch n\u011bkolika letech neust\u00e1le zvy\u0161uje. Bitcoin se v sou\u010dasnosti pou\u017e\u00edv\u00e1 v 96 zem\u00edch a roste, ka\u017edou hodinu se uskute\u010dn\u00ed 12 000 transakc\u00ed. Pochopit v\u00edce o kryptom\u011bn\u00e1ch je prvn\u00edm krokem, druh\u00fdm je vyzkou\u0161et.<\/p><p>Vyberte si sv\u00e9ho favorita z na\u0161eho seznamu nejlep\u0161\u00edch broker\u016f a obchodujte s kryptom\u011bnami je\u0161t\u011b dnes!<\/p><\/div>\n\t\t\t\t<\/div>\n\t\t\t\t\t\t\t\t<\/div>\n\t\t\t\t\t\t<\/div>\n\t\t\t\t<\/div>\n\t\t\t\t\t<\/div>\n\t\t<\/div>\n\t\t\t\t\t<\/div>\n\t\t<\/section>\n\t\t\t\t<\/div>","protected":false},"excerpt":{"rendered":"<p>CFD Kriptovalute \u201cBudu\u0107nost novca je digitalna valuta \u201d Bill Gates Tijekom 2020. godine, tr\u017ei\u0161ne vrijednosti\u00a0 najve\u0107ih kriptovaluta porasle su za 159 posto, \u0161to je Bitcoin (BTC) odr\u017eao u 2021. godini, dosegnuv\u0161i u travnju 64.863 dolara. Me\u0111utim tr\u017ei\u0161te kriptovalutama nije jedino zabilje\u017eilo impresivan rast.. Ugovori utemeljeni na Ethereumu i imovina kao \u0161to je NFTS preuzimaju internet [&hellip;]<\/p>\n","protected":false},"author":1,"featured_media":0,"parent":0,"menu_order":0,"comment_status":"closed","ping_status":"closed","template":"elementor_header_footer","meta":{"footnotes":""},"class_list":["post-2136","page","type-page","status-publish","hentry"],"_links":{"self":[{"href":"https:\/\/topbrokeri.com\/cs\/wp-json\/wp\/v2\/pages\/2136","targetHints":{"allow":["GET"]}}],"collection":[{"href":"https:\/\/topbrokeri.com\/cs\/wp-json\/wp\/v2\/pages"}],"about":[{"href":"https:\/\/topbrokeri.com\/cs\/wp-json\/wp\/v2\/types\/page"}],"author":[{"embeddable":true,"href":"https:\/\/topbrokeri.com\/cs\/wp-json\/wp\/v2\/users\/1"}],"replies":[{"embeddable":true,"href":"https:\/\/topbrokeri.com\/cs\/wp-json\/wp\/v2\/comments?post=2136"}],"version-history":[{"count":6,"href":"https:\/\/topbrokeri.com\/cs\/wp-json\/wp\/v2\/pages\/2136\/revisions"}],"predecessor-version":[{"id":7865,"href":"https:\/\/topbrokeri.com\/cs\/wp-json\/wp\/v2\/pages\/2136\/revisions\/7865"}],"wp:attachment":[{"href":"https:\/\/topbrokeri.com\/cs\/wp-json\/wp\/v2\/media?parent=2136"}],"curies":[{"name":"wp","href":"https:\/\/api.w.org\/{rel}","templated":true}]}}