{"id":2038,"date":"2017-11-15T10:50:49","date_gmt":"2017-11-15T10:50:49","guid":{"rendered":"https:\/\/topbrokeri.com\/?page_id=2038"},"modified":"2022-04-23T13:14:42","modified_gmt":"2022-04-23T13:14:42","slug":"odricanje","status":"publish","type":"page","link":"https:\/\/topbrokeri.com\/cs\/odricanje\/","title":{"rendered":"Vzd\u00e1n\u00ed se pr\u00e1va"},"content":{"rendered":"<div data-elementor-type=\"wp-page\" data-elementor-id=\"2038\" class=\"elementor elementor-2038\" data-elementor-post-type=\"page\">\n\t\t\t\t\t\t<section class=\"elementor-section elementor-top-section elementor-element elementor-element-4fac1fa elementor-section-stretched elementor-section-boxed elementor-section-height-default elementor-section-height-default\" data-id=\"4fac1fa\" data-element_type=\"section\" data-e-type=\"section\" data-settings=\"{&quot;stretch_section&quot;:&quot;section-stretched&quot;,&quot;shape_divider_top&quot;:&quot;tilt&quot;}\">\n\t\t\t\t\t<div class=\"elementor-shape elementor-shape-top\" aria-hidden=\"true\" data-negative=\"false\">\n\t\t\t<svg xmlns=\"http:\/\/www.w3.org\/2000\/svg\" viewbox=\"0 0 1000 100\" preserveaspectratio=\"none\">\n\t<path class=\"elementor-shape-fill\" d=\"M0,6V0h1000v100L0,6z\"\/>\n<\/svg>\t\t<\/div>\n\t\t\t\t\t<div class=\"elementor-container elementor-column-gap-default\">\n\t\t\t\t\t<div class=\"elementor-column elementor-col-100 elementor-top-column elementor-element elementor-element-8436f84\" data-id=\"8436f84\" data-element_type=\"column\" data-e-type=\"column\">\n\t\t\t<div class=\"elementor-widget-wrap elementor-element-populated\">\n\t\t\t\t\t\t<div class=\"elementor-element elementor-element-5277b93 elementor-widget elementor-widget-heading\" data-id=\"5277b93\" data-element_type=\"widget\" data-e-type=\"widget\" data-widget_type=\"heading.default\">\n\t\t\t\t<div class=\"elementor-widget-container\">\n\t\t\t\t\t<h1 class=\"elementor-heading-title elementor-size-default\">Vzd\u00e1n\u00ed se pr\u00e1va<\/h1>\t\t\t\t<\/div>\n\t\t\t\t<\/div>\n\t\t\t\t<div class=\"elementor-element elementor-element-7035474 elementor-widget elementor-widget-text-editor\" data-id=\"7035474\" data-element_type=\"widget\" data-e-type=\"widget\" data-widget_type=\"text-editor.default\">\n\t\t\t\t<div class=\"elementor-widget-container\">\n\t\t\t\t\t\t\t\t\t<p>V dne\u0161n\u00ed dob\u011b, kdy se \u017eivot zdra\u017euje a \u010das se zkracuje, nebude isTopBrokeri.com pr\u00e1vn\u011b odpov\u011bdn\u00e1 za jak\u00e9koli ztr\u00e1ty nebo \u0161kody vznikl\u00e9 spol\u00e9h\u00e1n\u00edm se na informace zobrazen\u00e9 na t\u00e9to webov\u00e9 str\u00e1nce, v\u010detn\u011b recenz\u00ed makl\u00e9\u0159\u016f, finan\u010dn\u00edch zpr\u00e1v, n\u00e1zor\u016f autor\u016f a \/ nebo anal\u00fdza. Informace obsa\u017een\u00e9 na TopBrokeri.com nejsou v\u017edy zve\u0159ejn\u011bny v re\u00e1ln\u00e9m \u010dase a\/nebo nutn\u011b p\u0159esn\u00e9 a ne v\u017edy odr\u00e1\u017eej\u00ed n\u00e1zory vlastn\u00edk\u016f, zam\u011bstnanc\u016f a\/nebo p\u0159isp\u011bvatel\u016f obsahu TopBrokeri.com. M\u011blo by b\u00fdt zn\u00e1mo, \u017ee obchodov\u00e1n\u00ed CFD nebo jak\u00fdkoli jin\u00fd typ obchodov\u00e1n\u00ed zahrnuje vysok\u00e1 rizika a nen\u00ed vhodn\u00fd pro ka\u017ed\u00e9ho. P\u0159ed obchodov\u00e1n\u00edm CFD nebo jak\u00e9hokoli jin\u00e9ho finan\u010dn\u00edho n\u00e1stroje byste si m\u011bli b\u00fdt v\u011bdomi rizik, p\u0159esn\u011b zn\u00e1t sv\u00e9 investi\u010dn\u00ed c\u00edle a omezen\u00ed a z\u00edskat spr\u00e1vnou \u00farove\u0148 porozum\u011bn\u00ed a \u0159\u00edzen\u00ed rizik. Obchodov\u00e1n\u00ed s produkty vyu\u017e\u00edvaj\u00edc\u00edmi p\u00e1kov\u00fd efekt jako CFD zahrnuje zna\u010dn\u00e9 riziko ztr\u00e1ty a nemus\u00ed b\u00fdt vhodn\u00e9 pro v\u0161echny investory. Obchodov\u00e1n\u00ed s takov\u00fdmi produkty je riskantn\u00ed a m\u016f\u017eete p\u0159ij\u00edt o ve\u0161ker\u00fd sv\u016fj investovan\u00fd kapit\u00e1l. D\u016fvtipn\u00ed investo\u0159i a za\u010d\u00ednaj\u00edc\u00ed obchodn\u00edci po cel\u00e9m sv\u011bt\u011b hledaj\u00ed nov\u00e9 zdroje investic a zisku a sna\u017e\u00ed se zjistit, kte\u0159\u00ed jsou nejlep\u0161\u00ed broke\u0159i. D\u00edky internetu, kter\u00fd se stal nepostradatelnou sou\u010d\u00e1st\u00ed ka\u017edodenn\u00edho \u017eivota, se trh spekulac\u00ed \u010di obl\u00edben\u00e9ho Forexu p\u0159esunul z velk\u00fdch burz na mal\u00e9 obrazovky prost\u0159ednictv\u00edm r\u016fzn\u00fdch zprost\u0159edkovatel\u016f nebo obl\u00edben\u00e9ho Brokera umo\u017e\u0148uj\u00edc\u00edho ka\u017ed\u00e9mu vyzkou\u0161et sv\u00e9 znalosti v online obchodov\u00e1n\u00ed bez ohledu na zku\u0161enosti a um\u00edst\u011bn\u00ed. S dne\u0161n\u00edmi nejlep\u0161\u00edmi brokery, kte\u0159\u00ed sv\u00fdm u\u017eivatel\u016fm nab\u00edzej\u00ed mno\u017estv\u00ed vzd\u011bl\u00e1vac\u00edch materi\u00e1l\u016f a semin\u00e1\u0159\u016f, nebylo nikdy snaz\u0161\u00ed b\u00fdt \u00fasp\u011b\u0161n\u00fdm investorem. V\u00fdb\u011brem toho nejlep\u0161\u00edho brokera pro va\u0161e pot\u0159eby z na\u0161eho Top Listu si m\u016f\u017eete b\u00fdt jisti, \u017ee vy\u010derp\u00e1vaj\u00edc\u00ed cesta hled\u00e1n\u00ed toho prav\u00e9ho v\u00e1s nesvede z omylu a \u017ee na sv\u016fj obchodn\u00ed z\u00e1\u017eitek budete vzpom\u00ednat jen v dobr\u00e9m!<\/p>\t\t\t\t\t\t\t\t<\/div>\n\t\t\t\t<\/div>\n\t\t\t\t\t<\/div>\n\t\t<\/div>\n\t\t\t\t\t<\/div>\n\t\t<\/section>\n\t\t\t\t<\/div>","protected":false},"excerpt":{"rendered":"<p>Odricanje U dana\u0161nje vrijeme kada \u017eivot postaje sve skuplji, a vremena sve manje, isTopBrokeri.com ne\u0107e biti pravno odgovoran za bilo kakav gubitak ili \u0161tetu koja proizlazi iz oslanjanja na informacije prikazane na ovoj web stranici, uklju\u010duju\u0107i recenzije brokera, financijske vijesti, mi\u0161ljenja autora i \/ ili analize. Podaci uklju\u010deni na TopBrokeri.com nisu uvijek objavljeni u stvarnom [&hellip;]<\/p>\n","protected":false},"author":1,"featured_media":0,"parent":0,"menu_order":0,"comment_status":"closed","ping_status":"closed","template":"elementor_header_footer","meta":{"footnotes":""},"class_list":["post-2038","page","type-page","status-publish","hentry"],"_links":{"self":[{"href":"https:\/\/topbrokeri.com\/cs\/wp-json\/wp\/v2\/pages\/2038","targetHints":{"allow":["GET"]}}],"collection":[{"href":"https:\/\/topbrokeri.com\/cs\/wp-json\/wp\/v2\/pages"}],"about":[{"href":"https:\/\/topbrokeri.com\/cs\/wp-json\/wp\/v2\/types\/page"}],"author":[{"embeddable":true,"href":"https:\/\/topbrokeri.com\/cs\/wp-json\/wp\/v2\/users\/1"}],"replies":[{"embeddable":true,"href":"https:\/\/topbrokeri.com\/cs\/wp-json\/wp\/v2\/comments?post=2038"}],"version-history":[{"count":4,"href":"https:\/\/topbrokeri.com\/cs\/wp-json\/wp\/v2\/pages\/2038\/revisions"}],"predecessor-version":[{"id":7798,"href":"https:\/\/topbrokeri.com\/cs\/wp-json\/wp\/v2\/pages\/2038\/revisions\/7798"}],"wp:attachment":[{"href":"https:\/\/topbrokeri.com\/cs\/wp-json\/wp\/v2\/media?parent=2038"}],"curies":[{"name":"wp","href":"https:\/\/api.w.org\/{rel}","templated":true}]}}