{"id":2136,"date":"2017-11-16T09:51:08","date_gmt":"2017-11-16T09:51:08","guid":{"rendered":"https:\/\/topbrokeri.com\/?page_id=2136"},"modified":"2022-04-25T08:58:16","modified_gmt":"2022-04-25T08:58:16","slug":"cfd-kriptovalute","status":"publish","type":"page","link":"https:\/\/topbrokeri.com\/bs\/cfd-kriptovalute\/","title":{"rendered":"CFD kriptovalute"},"content":{"rendered":"<div data-elementor-type=\"wp-page\" data-elementor-id=\"2136\" class=\"elementor elementor-2136\" data-elementor-post-type=\"page\">\n\t\t\t\t\t\t<section class=\"elementor-section elementor-top-section elementor-element elementor-element-77a1b56 elementor-section-stretched elementor-section-boxed elementor-section-height-default elementor-section-height-default\" data-id=\"77a1b56\" data-element_type=\"section\" data-e-type=\"section\" data-settings=\"{&quot;stretch_section&quot;:&quot;section-stretched&quot;,&quot;shape_divider_top&quot;:&quot;tilt&quot;}\">\n\t\t\t\t\t<div class=\"elementor-shape elementor-shape-top\" aria-hidden=\"true\" data-negative=\"false\">\n\t\t\t<svg xmlns=\"http:\/\/www.w3.org\/2000\/svg\" viewbox=\"0 0 1000 100\" preserveaspectratio=\"none\">\n\t<path class=\"elementor-shape-fill\" d=\"M0,6V0h1000v100L0,6z\"\/>\n<\/svg>\t\t<\/div>\n\t\t\t\t\t<div class=\"elementor-container elementor-column-gap-default\">\n\t\t\t\t\t<div class=\"elementor-column elementor-col-100 elementor-top-column elementor-element elementor-element-b9b3a1d\" data-id=\"b9b3a1d\" data-element_type=\"column\" data-e-type=\"column\">\n\t\t\t<div class=\"elementor-widget-wrap elementor-element-populated\">\n\t\t\t\t\t\t<div class=\"elementor-element elementor-element-8f0a9a8 elementor-widget elementor-widget-heading\" data-id=\"8f0a9a8\" data-element_type=\"widget\" data-e-type=\"widget\" data-widget_type=\"heading.default\">\n\t\t\t\t<div class=\"elementor-widget-container\">\n\t\t\t\t\t<h1 class=\"elementor-heading-title elementor-size-default\">CFD kriptovalute<\/h1>\t\t\t\t<\/div>\n\t\t\t\t<\/div>\n\t\t\t\t<div class=\"elementor-element elementor-element-1ab3e72 elementor-widget elementor-widget-text-editor\" data-id=\"1ab3e72\" data-element_type=\"widget\" data-e-type=\"widget\" data-widget_type=\"text-editor.default\">\n\t\t\t\t<div class=\"elementor-widget-container\">\n\t\t\t\t\t\t\t\t\t<blockquote><h3 style=\"text-align: center;\">&quot;Budu\u0107nost novca je digitalna valuta&quot;<\/h3><p style=\"text-align: center;\"><strong>Bill Gates<\/strong><\/p><\/blockquote>\t\t\t\t\t\t\t\t<\/div>\n\t\t\t\t<\/div>\n\t\t\t\t<div class=\"elementor-element elementor-element-317a39f elementor-widget elementor-widget-text-editor\" data-id=\"317a39f\" data-element_type=\"widget\" data-e-type=\"widget\" data-widget_type=\"text-editor.default\">\n\t\t\t\t<div class=\"elementor-widget-container\">\n\t\t\t\t\t\t\t\t\t<div class=\"wpb_text_column wpb_content_element\"><div class=\"wpb_wrapper\"><p>Tokom 2020. godine tr\u017ei\u0161ne vrijednosti najve\u0107ih kriptovaluta porasle su za 159 posto, \u0161to je <a href=\"https:\/\/topbrokeri.com\/bs\/predvidanje-cijene-bitcoin\/\">Bitcoin<\/a> (BTC) odr\u017ean 2021. godine, dostigav\u0161i 64.863 dolara u aprilu. Me\u0111utim, tr\u017ei\u0161te kriptovaluta nije jedino koje je do\u017eivjelo impresivan rast. Ugovori i sredstva bazirani na Ethereumu kao \u0161to je NFTS preuzimaju online trgovinu poput voza koji juri. Najskuplji <a href=\"https:\/\/topbrokeri.com\/bs\/matrix-nft-trader\/\">NFT<\/a>, dio digitalnog umjetni\u010dkog djela Beeplea, prodat za 69 miliona dolara u februaru 2021. Trgovanje opcijama <a href=\"https:\/\/topbrokeri.com\/bs\/trgovanje-cfd-ovima\/\">CFD-ovi<\/a> kriptovalute postaju sve popularnije.<\/p><p>Bez potrebe za fizi\u010dkim posjedovanjem, CFD-ovi imaju smanjen rizik od kra\u0111e kapitala. Tako\u0111er, kada trgujete cfd kriptovalutama, mo\u017eete ostvariti zna\u010dajne dobitke \u010dak i ako samo tr\u017ei\u0161te kriptovaluta izgubi vrijednost. Ove prednosti, zajedno sa polugom, likvidno\u0161\u0107u, kamatom i volatilno\u0161\u0107u kripto tr\u017ei\u0161ta, u\u010dinile su trgovanje CFD kriptovalutama vode\u0107im instrumentom modernog trgovanja i ulaganja.<\/p><\/div><\/div>\t\t\t\t\t\t\t\t<\/div>\n\t\t\t\t<\/div>\n\t\t\t\t<section class=\"elementor-section elementor-inner-section elementor-element elementor-element-f28edd8 elementor-section-boxed elementor-section-height-default elementor-section-height-default\" data-id=\"f28edd8\" data-element_type=\"section\" data-e-type=\"section\">\n\t\t\t\t\t\t<div class=\"elementor-container elementor-column-gap-default\">\n\t\t\t\t\t<div class=\"elementor-column elementor-col-33 elementor-inner-column elementor-element elementor-element-9f078bc\" data-id=\"9f078bc\" data-element_type=\"column\" data-e-type=\"column\">\n\t\t\t<div class=\"elementor-widget-wrap elementor-element-populated\">\n\t\t\t\t\t\t<div class=\"elementor-element elementor-element-8ef335c elementor-widget elementor-widget-image\" data-id=\"8ef335c\" data-element_type=\"widget\" data-e-type=\"widget\" data-widget_type=\"image.default\">\n\t\t\t\t<div class=\"elementor-widget-container\">\n\t\t\t\t\t\t\t\t\t\t\t\t\t\t\t<img decoding=\"async\" width=\"300\" height=\"150\" src=\"https:\/\/topbrokeri.com\/wp-content\/uploads\/2017\/12\/TORO.png\" class=\"attachment-full size-full wp-image-3138\" alt=\"etoro hrvatska\" \/>\t\t\t\t\t\t\t\t\t\t\t\t\t\t\t<\/div>\n\t\t\t\t<\/div>\n\t\t\t\t<div class=\"elementor-element elementor-element-ce9981b elementor-widget elementor-widget-text-editor\" data-id=\"ce9981b\" data-element_type=\"widget\" data-e-type=\"widget\" data-widget_type=\"text-editor.default\">\n\t\t\t\t<div class=\"elementor-widget-container\">\n\t\t\t\t\t\t\t\t\t<p>Moderna mre\u017ea dru\u0161tvenih ulaganja, pravovremena korisni\u010dka podr\u0161ka, sigurnost i raspolo\u017eiva sredstva \u010dine trgovanje ne samo pouzdanim ve\u0107 i zabavnim <a href=\"https:\/\/topbrokeri.com\/bs\/etoro-recenzija\/\">eToro<\/a> definitivno zaslu\u017euje svoje mjesto me\u0111u najboljima!<\/p>\t\t\t\t\t\t\t\t<\/div>\n\t\t\t\t<\/div>\n\t\t\t\t\t<\/div>\n\t\t<\/div>\n\t\t\t\t<div class=\"elementor-column elementor-col-33 elementor-inner-column elementor-element elementor-element-7a89d98\" data-id=\"7a89d98\" data-element_type=\"column\" data-e-type=\"column\">\n\t\t\t<div class=\"elementor-widget-wrap elementor-element-populated\">\n\t\t\t\t\t\t<div class=\"elementor-element elementor-element-bbdacd6 elementor-widget elementor-widget-image\" data-id=\"bbdacd6\" data-element_type=\"widget\" data-e-type=\"widget\" data-widget_type=\"image.default\">\n\t\t\t\t<div class=\"elementor-widget-container\">\n\t\t\t\t\t\t\t\t\t\t\t\t\t\t\t<img decoding=\"async\" width=\"300\" height=\"150\" src=\"https:\/\/topbrokeri.com\/wp-content\/uploads\/2017\/11\/Plus500-300x150-1.jpg\" class=\"attachment-full size-full wp-image-3140\" alt=\"plus500 recenzija\" \/>\t\t\t\t\t\t\t\t\t\t\t\t\t\t\t<\/div>\n\t\t\t\t<\/div>\n\t\t\t\t<div class=\"elementor-element elementor-element-9287bca elementor-widget elementor-widget-text-editor\" data-id=\"9287bca\" data-element_type=\"widget\" data-e-type=\"widget\" data-widget_type=\"text-editor.default\">\n\t\t\t\t<div class=\"elementor-widget-container\">\n\t\t\t\t\t\t\t\t\t<p>\u0160ta to <a href=\"https:\/\/topbrokeri.com\/bs\/plus-500-recenzija\/\">Plus500<\/a> ono \u0161to ih razlikuje od ostalih brokera je to \u0161to su uspjeli razviti vrlo stabilnu platformu koju ve\u0107ina trgovaca tra\u017ei. Sa skoro 10 godina iskustva, ne \u010dudi \u0161to je Plus500 postao jedna od najboljih usluga na tr\u017ei\u0161tu.<\/p>\t\t\t\t\t\t\t\t<\/div>\n\t\t\t\t<\/div>\n\t\t\t\t\t<\/div>\n\t\t<\/div>\n\t\t\t\t<div class=\"elementor-column elementor-col-33 elementor-inner-column elementor-element elementor-element-56743f1\" data-id=\"56743f1\" data-element_type=\"column\" data-e-type=\"column\">\n\t\t\t<div class=\"elementor-widget-wrap elementor-element-populated\">\n\t\t\t\t\t\t<div class=\"elementor-element elementor-element-c668d51 elementor-widget elementor-widget-image\" data-id=\"c668d51\" data-element_type=\"widget\" data-e-type=\"widget\" data-widget_type=\"image.default\">\n\t\t\t\t<div class=\"elementor-widget-container\">\n\t\t\t\t\t\t\t\t\t\t\t\t\t\t\t<img decoding=\"async\" width=\"300\" height=\"150\" src=\"https:\/\/topbrokeri.com\/wp-content\/uploads\/2018\/02\/admiral-markets-1.png\" class=\"attachment-full size-full wp-image-5072\" alt=\"admiral markets hr\" \/>\t\t\t\t\t\t\t\t\t\t\t\t\t\t\t<\/div>\n\t\t\t\t<\/div>\n\t\t\t\t<div class=\"elementor-element elementor-element-00649f2 elementor-widget elementor-widget-text-editor\" data-id=\"00649f2\" data-element_type=\"widget\" data-e-type=\"widget\" data-widget_type=\"text-editor.default\">\n\t\t\t\t<div class=\"elementor-widget-container\">\n\t\t\t\t\t\t\t\t\t<p>Sa najkorisnijim i najefikasnijim alatima na tr\u017ei\u0161tu, Admiral <a href=\"https:\/\/topbrokeri.com\/bs\/markets-com-recenzija\/\">Tr\u017ei\u0161ta<\/a> je definitivno najbolji izbor za po\u010detnike. Od ekonomskog kalendara preko razli\u010ditih analiza tr\u017ei\u0161ta, imate uvid u trenutne i budu\u0107e tr\u017ei\u0161ne trendove.<\/p>\t\t\t\t\t\t\t\t<\/div>\n\t\t\t\t<\/div>\n\t\t\t\t\t<\/div>\n\t\t<\/div>\n\t\t\t\t\t<\/div>\n\t\t<\/section>\n\t\t\t\t<div class=\"elementor-element elementor-element-a070070 elementor-widget-divider--view-line elementor-widget elementor-widget-divider\" data-id=\"a070070\" data-element_type=\"widget\" data-e-type=\"widget\" data-widget_type=\"divider.default\">\n\t\t\t\t<div class=\"elementor-widget-container\">\n\t\t\t\t\t\t\t<div class=\"elementor-divider\">\n\t\t\t<span class=\"elementor-divider-separator\">\n\t\t\t\t\t\t<\/span>\n\t\t<\/div>\n\t\t\t\t\t\t<\/div>\n\t\t\t\t<\/div>\n\t\t\t\t<div class=\"elementor-element elementor-element-b64a7bd elementor-widget elementor-widget-accordion\" data-id=\"b64a7bd\" data-element_type=\"widget\" data-e-type=\"widget\" data-widget_type=\"accordion.default\">\n\t\t\t\t<div class=\"elementor-widget-container\">\n\t\t\t\t\t\t\t<div class=\"elementor-accordion\">\n\t\t\t\t\t\t\t<div class=\"elementor-accordion-item\">\n\t\t\t\t\t<h5 id=\"elementor-tab-title-1911\" class=\"elementor-tab-title\" data-tab=\"1\" role=\"button\" aria-controls=\"elementor-tab-content-1911\" aria-expanded=\"false\">\n\t\t\t\t\t\t\t\t\t\t\t\t\t<span class=\"elementor-accordion-icon elementor-accordion-icon-left\" aria-hidden=\"true\">\n\t\t\t\t\t\t\t\t\t\t\t\t\t\t\t<span class=\"elementor-accordion-icon-closed\"><i class=\"fas fa-plus\"><\/i><\/span>\n\t\t\t\t\t\t\t\t<span class=\"elementor-accordion-icon-opened\"><i class=\"fas fa-minus\"><\/i><\/span>\n\t\t\t\t\t\t\t\t\t\t\t\t\t\t<\/span>\n\t\t\t\t\t\t\t\t\t\t\t\t<a class=\"elementor-accordion-title\" tabindex=\"0\">CFD kriptovalute<\/a>\n\t\t\t\t\t<\/h5>\n\t\t\t\t\t<div id=\"elementor-tab-content-1911\" class=\"elementor-tab-content elementor-clearfix\" data-tab=\"1\" role=\"region\" aria-labelledby=\"elementor-tab-title-1911\"><p>Bilo da ste ve\u0107 aktivni u\u010desnik u online trgovanju ili nemate apsolutno nikakve veze s tim, sigurno ste \u010duli razne informacije o kriptovalutama i njihovom utjecaju na globalno tr\u017ei\u0161te. Jednostavno re\u010deno, s njihovim vrtoglavim rastom, gotovo da ne postoji kutak svakodnevnog \u017eivota koji kriptovalute nisu dotakle. Iako po\u010deci kriptovaluta se\u017eu skoro 10 godina unazad, svoj pravi procvat do\u017eivjele su tek u posljednjih nekoliko godina. I to kakve! Osim \u0161to su ih prepoznali svi aktivni trgovci i brokeri, kriptovalute su postale i svakodnevni izvor prihoda obi\u010dnih ljudi. U nastavku pro\u010ditajte za\u0161to je to tako.<\/p><h3>Ideja<\/h3><p>Prvi poku\u0161aj stvaranja kriptovalute dogodio se davne 1998. godine, kada je opisan takozvani sistem &quot;B-novca&quot;. To je trebalo da bude vrsta elektronskog novca koji \u0107e se razmenjivati izme\u0111u anonimnih u\u010desnika. Uprkos obe\u0107avaju\u0107oj ideji, projekat nije krenuo. Me\u0111utim, iste godine, ameri\u010dki informati\u010dar i kriptograf Nick Szabo stvorio je Bit Gold, koji \u0107e se kasnije pokazati kao prijetnja za BitCoin. Iako sam proizvod nikada nije u potpunosti usvojen, njegovi dijelovi i klju\u010dni elementi su su\u0161tinski dio dana\u0161njeg BitCoina; kao \u0161to je koncept &quot;Proof of Work&quot;, koji je odredio snagu ra\u010dunara potrebnu za rje\u0161avanje slo\u017eenih kriptografskih zagonetki. U\u010desnik mre\u017ee koji bi uspio rije\u0161iti kriptografski problem kreirao bi takozvani &quot;Blockchain&quot; i time zaslu\u017eio svoje mjesto u formiranju razli\u010ditih koli\u010dina kriptovaluta.<\/p><p>Ova ista metoda je klju\u010dni princip rada BitCoin mre\u017ee, osmi\u0161ljene 2008. godine kao odgovor na globalnu krizu. Jedan \u010dovjek ili grupa njih skrivenih pod imenom Satoshi Nakamoto \u017eeljeli su stvoriti istinski neovisni i decentralizirani peer-to-peer elektronski novac. Zbog op\u0107eg povjerenja u vladine institucije i stabilnosti valute, BitCoin je u narednih nekoliko godina ugledao svjetlo dana kao nezavisan.<\/p><h3>Ulazak na tr\u017ei\u0161te<\/h3><p>Sada kada ste upoznati s ogromnim potencijalom koji kriptovalute nesumnjivo imaju, \u017eelite postati dio ovog rastu\u0107eg trenda, sigurno se pitate kako trgovati kriptovalutama!? Naime, postoje razni na\u010dini - mo\u017eete ih iskopati tzv rudare, \u0161pekuli\u0161u njihovom cijenom ili ih jednostavno kupuju, bilo za dnevno trgovanje ili za dugoro\u010dnu investiciju. Kupovina kriptovaluta je trenutno najpopularnija, \u010demu svakako ide u prilog i njihov enormni rast, koji gotovo garantuje \u010distu zaradu preko no\u0107i.<\/p><h3>Odabir brokera<\/h3><p>Prvi korak u trgovanju kriptovalutama bio bi odabir brokera, odnosno posrednika koji bi vas uveo u tr\u017ei\u0161te kriptovaluta. Iako se u po\u010detku \u010dini kao lak posao, vrlo je lako izgubiti se i pogrije\u0161iti. Naime, u moru opcija i mogu\u0107nosti koje moderno vrijeme i internet sa sobom nose, internet je pun ne samo brokera koji nisu pogodni za va\u0161e potrebe, ve\u0107 i prevara. Sre\u0107om po vas, sa na\u0161om stru\u010dnom selekcijom, ne\u0107ete pogrije\u0161iti.<\/p><\/div>\n\t\t\t\t<\/div>\n\t\t\t\t\t\t\t<div class=\"elementor-accordion-item\">\n\t\t\t\t\t<h5 id=\"elementor-tab-title-1912\" class=\"elementor-tab-title\" data-tab=\"2\" role=\"button\" aria-controls=\"elementor-tab-content-1912\" aria-expanded=\"false\">\n\t\t\t\t\t\t\t\t\t\t\t\t\t<span class=\"elementor-accordion-icon elementor-accordion-icon-left\" aria-hidden=\"true\">\n\t\t\t\t\t\t\t\t\t\t\t\t\t\t\t<span class=\"elementor-accordion-icon-closed\"><i class=\"fas fa-plus\"><\/i><\/span>\n\t\t\t\t\t\t\t\t<span class=\"elementor-accordion-icon-opened\"><i class=\"fas fa-minus\"><\/i><\/span>\n\t\t\t\t\t\t\t\t\t\t\t\t\t\t<\/span>\n\t\t\t\t\t\t\t\t\t\t\t\t<a class=\"elementor-accordion-title\" tabindex=\"0\">Kako funkcioniraju kriptovalute?<\/a>\n\t\t\t\t\t<\/h5>\n\t\t\t\t\t<div id=\"elementor-tab-content-1912\" class=\"elementor-tab-content elementor-clearfix\" data-tab=\"2\" role=\"region\" aria-labelledby=\"elementor-tab-title-1912\"><h3>OSNOVE KRIPTOVALUTE<\/h3><p>Ljudi trguju fizi\u010dkim dobrima od po\u010detka vremena. Ove valute danas su uglavnom \u0161tampane nov\u010danice ili kovanice kojima upravlja centralizovana vlada i koje nadgledaju finansijske institucije. Me\u0111utim, 2009. godine, osniva\u010d Bitcoina, Satoshi Nakamoto, lansirao je ideju koja \u0107e promijeniti na\u010din na koji ljudi razmi\u0161ljaju o novcu. \u0160ta ako valutom upravlja matematika, a ne vlade?<\/p><p>Kriptovalute su digitalni oblik novca koji radi na potpuno novom monetarnom sistemu, koji nije reguliran od strane nijednog centraliziranog tijela niti je nadgledan od strane formalne institucije. Postoji mnogo vrsta kriptovaluta s razli\u010ditim funkcijama. Neovisno o svakoj funkciji, svaku digitalnu valutu podr\u017eava decentralizirana peer-to-peer mre\u017ea koja se zove blockchain.<\/p><h3>BLOCKCHAIN<\/h3><p>Blockchain tehnologija osigurava pra\u0107enje svih kriptovaluta, bez obzira da li se dr\u017ee u digitalnom nov\u010daniku ili se koriste u trgovini. Efikasnost pokretanja takvog sistema, me\u0111utim, zahtijeva infrastrukturu koja osigurava da varanje i igranje sistema nisu mogu\u0107i. Bitkoin je bio prvi koji je iza\u0161ao na tr\u017ei\u0161te, uspostaviv\u0161i sistem u kojem dvoje ljudi \u2013 po\u0161iljalac i primalac nov\u010di\u0107a \u2013 moraju da se odjave da bi kreirali digitalni potpis. Svaka osoba ima javni i privatni klju\u010d za \u0161ifriranje. Svaka transakcija se provjerava na ta\u010dnost, a sistem je anoniman i potpuno transparentan. U sredi\u0161tu ove infrastrukture je knjiga. Pa hajde da zaronimo u to kako to funkcioni\u0161e.<\/p><h3>KAKO KRIPTOVALUTE RADE<\/h3><p>To je knjiga kriptovaluta u kojoj se objavljuju sve transakcije kako bi se osigurala potpuna transparentnost. Odr\u017eavanje glavne knjige prisiljava svakoga da &quot;igra po\u0161teno&quot; i uklanja rizik od dvostruke potro\u0161nje. Knjiga je lista unosa u bazu podataka koju niko ne mo\u017ee promijeniti bez ispunjavanja odre\u0111enih uslova. Nitko ne posjeduje knjigu ili blockchain kriptovaluta; umjesto toga, to je decentralizirano zna\u010denje samouprave i samouprave bez uplitanja vanjskih strana.<\/p><h3>RUDARSTVO<\/h3><p>Recimo da \u017eelite da investirate u kriptovalutu, kao \u0161to je Bitcoin, putem velike berze kriptovaluta. Nakon kupovine odlu\u010dite ga potro\u0161iti. \u0160ta \u0107e se sada dogoditi? Transakcija je inicijalno nepotvr\u0111ena, \u0161to zna\u010di da transakcija jo\u0161 nije zvani\u010dna i ne postaje &quot;uklesana&quot; dok ne pro\u0111e proces verifikacije. Jednom potvr\u0111ena, transakcija postaje dio evidencije povijesnih transakcija smje\u0161tenih u blockchain.<\/p><p>Rukovaoci kriptovalutama verificiraju transakcije i zatim ih dodaju u javnu knjigu. Oni koriste mo\u0107ne ra\u010dunare za rje\u0161avanje slo\u017eenih matemati\u010dkih problema koji su klju\u010dni za proces verifikacije. Rudarstvo kriptovaluta je otvoreno, tako da svako mo\u017ee potvrditi transakciju, a prvi rudar koji rije\u0161i problem mo\u017ee dodati blok u svoju knjigu transakcija. Ovaj proces se naziva &quot;dokaz sistema rada&quot;.<\/p><p>Nakon \u0161to se blok doda u knjigu, rudaru se dodjeljuje nagrada za svoj trud, koja se razlikuje u zavisnosti od kriptovalute. Na primjer, Bitcoin je prvobitno dodijelio 50 BTC, ali se ta nagrada danas prepolovila na 12,5 BTC.<\/p><h3>BUDU\u0106NOST JE OVDJE<\/h3><p>Vode\u0107e kriptovalute \u0107e igrati va\u017enu ulogu u budu\u0107nosti, a upotreba je u stalnom porastu u posljednjih nekoliko godina. Bitcoin se trenutno koristi u 96 zemalja i raste, sa 12.000 transakcija koje se odvijaju svakog sata. Razumijevanje vi\u0161e o kriptovalutama je prvi korak, drugi je poku\u0161aj.<\/p><p>Odaberite svoj favorit s na\u0161e liste najboljih brokera i trgujte kriptovalutama ve\u0107 danas!<\/p><\/div>\n\t\t\t\t<\/div>\n\t\t\t\t\t\t\t\t<\/div>\n\t\t\t\t\t\t<\/div>\n\t\t\t\t<\/div>\n\t\t\t\t\t<\/div>\n\t\t<\/div>\n\t\t\t\t\t<\/div>\n\t\t<\/section>\n\t\t\t\t<\/div>","protected":false},"excerpt":{"rendered":"<p>CFD Kriptovalute \u201cBudu\u0107nost novca je digitalna valuta \u201d Bill Gates Tijekom 2020. godine, tr\u017ei\u0161ne vrijednosti\u00a0 najve\u0107ih kriptovaluta porasle su za 159 posto, \u0161to je Bitcoin (BTC) odr\u017eao u 2021. godini, dosegnuv\u0161i u travnju 64.863 dolara. Me\u0111utim tr\u017ei\u0161te kriptovalutama nije jedino zabilje\u017eilo impresivan rast.. Ugovori utemeljeni na Ethereumu i imovina kao \u0161to je NFTS preuzimaju internet [&hellip;]<\/p>\n","protected":false},"author":1,"featured_media":0,"parent":0,"menu_order":0,"comment_status":"closed","ping_status":"closed","template":"elementor_header_footer","meta":{"footnotes":""},"class_list":["post-2136","page","type-page","status-publish","hentry"],"_links":{"self":[{"href":"https:\/\/topbrokeri.com\/bs\/wp-json\/wp\/v2\/pages\/2136","targetHints":{"allow":["GET"]}}],"collection":[{"href":"https:\/\/topbrokeri.com\/bs\/wp-json\/wp\/v2\/pages"}],"about":[{"href":"https:\/\/topbrokeri.com\/bs\/wp-json\/wp\/v2\/types\/page"}],"author":[{"embeddable":true,"href":"https:\/\/topbrokeri.com\/bs\/wp-json\/wp\/v2\/users\/1"}],"replies":[{"embeddable":true,"href":"https:\/\/topbrokeri.com\/bs\/wp-json\/wp\/v2\/comments?post=2136"}],"version-history":[{"count":6,"href":"https:\/\/topbrokeri.com\/bs\/wp-json\/wp\/v2\/pages\/2136\/revisions"}],"predecessor-version":[{"id":7865,"href":"https:\/\/topbrokeri.com\/bs\/wp-json\/wp\/v2\/pages\/2136\/revisions\/7865"}],"wp:attachment":[{"href":"https:\/\/topbrokeri.com\/bs\/wp-json\/wp\/v2\/media?parent=2136"}],"curies":[{"name":"radni list","href":"https:\/\/api.w.org\/{rel}","templated":true}]}}