{"id":2038,"date":"2017-11-15T10:50:49","date_gmt":"2017-11-15T10:50:49","guid":{"rendered":"https:\/\/topbrokeri.com\/?page_id=2038"},"modified":"2022-04-23T13:14:42","modified_gmt":"2022-04-23T13:14:42","slug":"odricanje","status":"publish","type":"page","link":"https:\/\/topbrokeri.com\/bs\/odricanje\/","title":{"rendered":"Odricanje"},"content":{"rendered":"<div data-elementor-type=\"wp-page\" data-elementor-id=\"2038\" class=\"elementor elementor-2038\" data-elementor-post-type=\"page\">\n\t\t\t\t\t\t<section class=\"elementor-section elementor-top-section elementor-element elementor-element-4fac1fa elementor-section-stretched elementor-section-boxed elementor-section-height-default elementor-section-height-default\" data-id=\"4fac1fa\" data-element_type=\"section\" data-e-type=\"section\" data-settings=\"{&quot;stretch_section&quot;:&quot;section-stretched&quot;,&quot;shape_divider_top&quot;:&quot;tilt&quot;}\">\n\t\t\t\t\t<div class=\"elementor-shape elementor-shape-top\" aria-hidden=\"true\" data-negative=\"false\">\n\t\t\t<svg xmlns=\"http:\/\/www.w3.org\/2000\/svg\" viewbox=\"0 0 1000 100\" preserveaspectratio=\"none\">\n\t<path class=\"elementor-shape-fill\" d=\"M0,6V0h1000v100L0,6z\"\/>\n<\/svg>\t\t<\/div>\n\t\t\t\t\t<div class=\"elementor-container elementor-column-gap-default\">\n\t\t\t\t\t<div class=\"elementor-column elementor-col-100 elementor-top-column elementor-element elementor-element-8436f84\" data-id=\"8436f84\" data-element_type=\"column\" data-e-type=\"column\">\n\t\t\t<div class=\"elementor-widget-wrap elementor-element-populated\">\n\t\t\t\t\t\t<div class=\"elementor-element elementor-element-5277b93 elementor-widget elementor-widget-heading\" data-id=\"5277b93\" data-element_type=\"widget\" data-e-type=\"widget\" data-widget_type=\"heading.default\">\n\t\t\t\t<div class=\"elementor-widget-container\">\n\t\t\t\t\t<h1 class=\"elementor-heading-title elementor-size-default\">Odricanje<\/h1>\t\t\t\t<\/div>\n\t\t\t\t<\/div>\n\t\t\t\t<div class=\"elementor-element elementor-element-7035474 elementor-widget elementor-widget-text-editor\" data-id=\"7035474\" data-element_type=\"widget\" data-e-type=\"widget\" data-widget_type=\"text-editor.default\">\n\t\t\t\t<div class=\"elementor-widget-container\">\n\t\t\t\t\t\t\t\t\t<p>U dana\u0161nje vrijeme kada \u017eivot postaje sve skuplji, a vrijeme sve kra\u0107e, isTopBrokeri.com ne\u0107e biti pravno odgovoran za bilo kakav gubitak ili \u0161tetu nastalu zbog oslanjanja na informacije prikazane na ovoj web stranici, uklju\u010duju\u0107i recenzije brokera, finansijske vijesti, mi\u0161ljenja autora i \/ ili analiza. Informacije uklju\u010dene na TopBrokeri.com nisu uvijek objavljene u realnom vremenu i\/ili nu\u017eno ta\u010dne, i ne odra\u017eavaju uvijek stavove vlasnika, zaposlenih i\/ili saradnika sadr\u017eaja TopBrokeri.com. Treba znati da cfd trgovanje ili bilo koja druga vrsta trgovine uklju\u010duje visoke rizike i nije pogodna za svakoga. Prije trgovanja cfd-ovima ili bilo kojim drugim finansijskim instrumentom, treba biti svjestan rizika, ta\u010dno upoznat sa svojim investicionim ciljevima i ograni\u010denjima, te ste\u0107i pravi nivo razumijevanja i upravljanja rizikom. Trgovanje proizvodima sa leverid\u017eom kao CFD-ovima uklju\u010duje zna\u010dajan rizik od gubitka i mo\u017eda nije prikladno za sve investitore. Trgovanje takvim proizvodima je rizi\u010dno i mo\u017eete izgubiti sav svoj ulo\u017eeni kapital. Pametni investitori i po\u010detnici \u0161irom svijeta tra\u017ee nove izvore ulaganja i profita poku\u0161avaju\u0107i otkriti koji su najbolji brokeri. Zahvaljuju\u0107i internetu, koji je postao neizostavan dio svakodnevnog \u017eivota, tr\u017ei\u0161te \u0161pekulacija ili popularnog Forexa se preselilo sa velikih berzi na male ekrane preko raznih posrednika ili popularnog Brokera koji omogu\u0107ava svima da isprobaju svoje znanje u online trgovanju bez obzira na iskustvo i lokacija. Sa dana\u0161njim najboljim brokerima koji svojim korisnicima nude obilje edukativnih materijala i seminara, nikada nije bilo lak\u0161e biti uspje\u0161an investitor. Odabirom najboljeg brokera za svoje potrebe sa na\u0161e Top liste, mo\u017eete biti sigurni da vas iscrpno putovanje tra\u017eenja pravog ne\u0107e odvesti na krivi put i da \u0107ete svoje iskustvo trgovanja pamtiti samo po dobrom!<\/p>\t\t\t\t\t\t\t\t<\/div>\n\t\t\t\t<\/div>\n\t\t\t\t\t<\/div>\n\t\t<\/div>\n\t\t\t\t\t<\/div>\n\t\t<\/section>\n\t\t\t\t<\/div>","protected":false},"excerpt":{"rendered":"<p>Odricanje U dana\u0161nje vrijeme kada \u017eivot postaje sve skuplji, a vremena sve manje, isTopBrokeri.com ne\u0107e biti pravno odgovoran za bilo kakav gubitak ili \u0161tetu koja proizlazi iz oslanjanja na informacije prikazane na ovoj web stranici, uklju\u010duju\u0107i recenzije brokera, financijske vijesti, mi\u0161ljenja autora i \/ ili analize. Podaci uklju\u010deni na TopBrokeri.com nisu uvijek objavljeni u stvarnom [&hellip;]<\/p>\n","protected":false},"author":1,"featured_media":0,"parent":0,"menu_order":0,"comment_status":"closed","ping_status":"closed","template":"elementor_header_footer","meta":{"footnotes":""},"class_list":["post-2038","page","type-page","status-publish","hentry"],"_links":{"self":[{"href":"https:\/\/topbrokeri.com\/bs\/wp-json\/wp\/v2\/pages\/2038","targetHints":{"allow":["GET"]}}],"collection":[{"href":"https:\/\/topbrokeri.com\/bs\/wp-json\/wp\/v2\/pages"}],"about":[{"href":"https:\/\/topbrokeri.com\/bs\/wp-json\/wp\/v2\/types\/page"}],"author":[{"embeddable":true,"href":"https:\/\/topbrokeri.com\/bs\/wp-json\/wp\/v2\/users\/1"}],"replies":[{"embeddable":true,"href":"https:\/\/topbrokeri.com\/bs\/wp-json\/wp\/v2\/comments?post=2038"}],"version-history":[{"count":4,"href":"https:\/\/topbrokeri.com\/bs\/wp-json\/wp\/v2\/pages\/2038\/revisions"}],"predecessor-version":[{"id":7798,"href":"https:\/\/topbrokeri.com\/bs\/wp-json\/wp\/v2\/pages\/2038\/revisions\/7798"}],"wp:attachment":[{"href":"https:\/\/topbrokeri.com\/bs\/wp-json\/wp\/v2\/media?parent=2038"}],"curies":[{"name":"radni list","href":"https:\/\/api.w.org\/{rel}","templated":true}]}}