{"id":2038,"date":"2017-11-15T10:50:49","date_gmt":"2017-11-15T10:50:49","guid":{"rendered":"https:\/\/topbrokeri.com\/?page_id=2038"},"modified":"2022-04-23T13:14:42","modified_gmt":"2022-04-23T13:14:42","slug":"odricanje","status":"publish","type":"page","link":"https:\/\/topbrokeri.com\/bg\/odricanje\/","title":{"rendered":"\u041e\u0442\u043a\u0430\u0437"},"content":{"rendered":"<div data-elementor-type=\"wp-page\" data-elementor-id=\"2038\" class=\"elementor elementor-2038\" data-elementor-post-type=\"page\">\n\t\t\t\t\t\t<section class=\"elementor-section elementor-top-section elementor-element elementor-element-4fac1fa elementor-section-stretched elementor-section-boxed elementor-section-height-default elementor-section-height-default\" data-id=\"4fac1fa\" data-element_type=\"section\" data-e-type=\"section\" data-settings=\"{&quot;stretch_section&quot;:&quot;section-stretched&quot;,&quot;shape_divider_top&quot;:&quot;tilt&quot;}\">\n\t\t\t\t\t<div class=\"elementor-shape elementor-shape-top\" aria-hidden=\"true\" data-negative=\"false\">\n\t\t\t<svg xmlns=\"http:\/\/www.w3.org\/2000\/svg\" viewbox=\"0 0 1000 100\" preserveaspectratio=\"none\">\n\t<path class=\"elementor-shape-fill\" d=\"M0,6V0h1000v100L0,6z\"\/>\n<\/svg>\t\t<\/div>\n\t\t\t\t\t<div class=\"elementor-container elementor-column-gap-default\">\n\t\t\t\t\t<div class=\"elementor-column elementor-col-100 elementor-top-column elementor-element elementor-element-8436f84\" data-id=\"8436f84\" data-element_type=\"column\" data-e-type=\"column\">\n\t\t\t<div class=\"elementor-widget-wrap elementor-element-populated\">\n\t\t\t\t\t\t<div class=\"elementor-element elementor-element-5277b93 elementor-widget elementor-widget-heading\" data-id=\"5277b93\" data-element_type=\"widget\" data-e-type=\"widget\" data-widget_type=\"heading.default\">\n\t\t\t\t<div class=\"elementor-widget-container\">\n\t\t\t\t\t<h1 class=\"elementor-heading-title elementor-size-default\">\u041e\u0442\u043a\u0430\u0437<\/h1>\t\t\t\t<\/div>\n\t\t\t\t<\/div>\n\t\t\t\t<div class=\"elementor-element elementor-element-7035474 elementor-widget elementor-widget-text-editor\" data-id=\"7035474\" data-element_type=\"widget\" data-e-type=\"widget\" data-widget_type=\"text-editor.default\">\n\t\t\t\t<div class=\"elementor-widget-container\">\n\t\t\t\t\t\t\t\t\t<p>\u0412 \u0434\u043d\u0435\u0448\u043d\u043e \u0432\u0440\u0435\u043c\u0435, \u043a\u043e\u0433\u0430\u0442\u043e \u0436\u0438\u0432\u043e\u0442\u044a\u0442 \u0441\u0442\u0430\u0432\u0430 \u0432\u0441\u0435 \u043f\u043e-\u0441\u043a\u044a\u043f, \u0430 \u0432\u0440\u0435\u043c\u0435\u0442\u043e \u0432\u0441\u0435 \u043f\u043e-\u043a\u0440\u0430\u0442\u043a\u043e, isTopBrokeri.com \u043d\u044f\u043c\u0430 \u0434\u0430 \u043d\u043e\u0441\u0438 \u043f\u0440\u0430\u0432\u043d\u0430 \u043e\u0442\u0433\u043e\u0432\u043e\u0440\u043d\u043e\u0441\u0442 \u0437\u0430 \u0437\u0430\u0433\u0443\u0431\u0438 \u0438\u043b\u0438 \u0449\u0435\u0442\u0438, \u043f\u0440\u043e\u0438\u0437\u0442\u0438\u0447\u0430\u0449\u0438 \u043e\u0442 \u0440\u0430\u0437\u0447\u0438\u0442\u0430\u043d\u0435 \u043d\u0430 \u0438\u043d\u0444\u043e\u0440\u043c\u0430\u0446\u0438\u044f, \u043f\u043e\u043a\u0430\u0437\u0430\u043d\u0430 \u043d\u0430 \u0442\u043e\u0437\u0438 \u0443\u0435\u0431\u0441\u0430\u0439\u0442, \u0432\u043a\u043b\u044e\u0447\u0438\u0442\u0435\u043b\u043d\u043e \u043f\u0440\u0435\u0433\u043b\u0435\u0434\u0438 \u043d\u0430 \u0431\u0440\u043e\u043a\u0435\u0440\u0438, \u0444\u0438\u043d\u0430\u043d\u0441\u043e\u0432\u0438 \u043d\u043e\u0432\u0438\u043d\u0438, \u0430\u0432\u0442\u043e\u0440\u0441\u043a\u0438 \u043c\u043d\u0435\u043d\u0438\u044f \u0438 \/ \u0438\u043b\u0438 \u0430\u043d\u0430\u043b\u0438\u0437. \u0418\u043d\u0444\u043e\u0440\u043c\u0430\u0446\u0438\u044f\u0442\u0430, \u0432\u043a\u043b\u044e\u0447\u0435\u043d\u0430 \u0432 TopBrokeri.com, \u043d\u0435 \u0432\u0438\u043d\u0430\u0433\u0438 \u0441\u0435 \u043f\u0443\u0431\u043b\u0438\u043a\u0443\u0432\u0430 \u0432 \u0440\u0435\u0430\u043b\u043d\u043e \u0432\u0440\u0435\u043c\u0435 \u0438\/\u0438\u043b\u0438 \u043d\u0435\u043f\u0440\u0435\u043c\u0435\u043d\u043d\u043e \u0442\u043e\u0447\u043d\u0430 \u0438 \u043d\u0435 \u0432\u0438\u043d\u0430\u0433\u0438 \u043e\u0442\u0440\u0430\u0437\u044f\u0432\u0430 \u0433\u043b\u0435\u0434\u043d\u0438\u0442\u0435 \u0442\u043e\u0447\u043a\u0438 \u043d\u0430 \u0441\u043e\u0431\u0441\u0442\u0432\u0435\u043d\u0438\u0446\u0438\u0442\u0435, \u0441\u043b\u0443\u0436\u0438\u0442\u0435\u043b\u0438\u0442\u0435 \u0438\/\u0438\u043b\u0438 \u0441\u044a\u0442\u0440\u0443\u0434\u043d\u0438\u0446\u0438\u0442\u0435 \u043d\u0430 \u0441\u044a\u0434\u044a\u0440\u0436\u0430\u043d\u0438\u0435\u0442\u043e \u043d\u0430 TopBrokeri.com. \u0422\u0440\u044f\u0431\u0432\u0430 \u0434\u0430 \u0441\u0435 \u0437\u043d\u0430\u0435, \u0447\u0435 \u0442\u044a\u0440\u0433\u043e\u0432\u0438\u044f\u0442\u0430 \u0441 CFD \u0438\u043b\u0438 \u0434\u0440\u0443\u0433 \u0432\u0438\u0434 \u0442\u044a\u0440\u0433\u043e\u0432\u0438\u044f \u0435 \u0441\u0432\u044a\u0440\u0437\u0430\u043d\u0430 \u0441 \u0432\u0438\u0441\u043e\u043a\u0438 \u0440\u0438\u0441\u043a\u043e\u0432\u0435 \u0438 \u043d\u0435 \u0435 \u043f\u043e\u0434\u0445\u043e\u0434\u044f\u0449\u0430 \u0437\u0430 \u0432\u0441\u0435\u043a\u0438. \u041f\u0440\u0435\u0434\u0438 \u0434\u0430 \u0442\u044a\u0440\u0433\u0443\u0432\u0430\u0442\u0435 cfds \u0438\u043b\u0438 \u0434\u0440\u0443\u0433 \u0444\u0438\u043d\u0430\u043d\u0441\u043e\u0432 \u0438\u043d\u0441\u0442\u0440\u0443\u043c\u0435\u043d\u0442, \u0447\u043e\u0432\u0435\u043a \u0442\u0440\u044f\u0431\u0432\u0430 \u0434\u0430 \u0435 \u043d\u0430\u044f\u0441\u043d\u043e \u0441 \u0440\u0438\u0441\u043a\u043e\u0432\u0435\u0442\u0435, \u0434\u0430 \u0435 \u0434\u043e\u0431\u0440\u0435 \u0437\u0430\u043f\u043e\u0437\u043d\u0430\u0442 \u0441 \u0438\u043d\u0432\u0435\u0441\u0442\u0438\u0446\u0438\u043e\u043d\u043d\u0438\u0442\u0435 \u0441\u0438 \u0446\u0435\u043b\u0438 \u0438 \u043e\u0433\u0440\u0430\u043d\u0438\u0447\u0435\u043d\u0438\u044f \u0438 \u0434\u0430 \u043f\u0440\u0438\u0434\u043e\u0431\u0438\u0435 \u043f\u0440\u0430\u0432\u0438\u043b\u043d\u043e\u0442\u043e \u043d\u0438\u0432\u043e \u043d\u0430 \u0440\u0430\u0437\u0431\u0438\u0440\u0430\u043d\u0435 \u0438 \u0443\u043f\u0440\u0430\u0432\u043b\u0435\u043d\u0438\u0435 \u043d\u0430 \u0440\u0438\u0441\u043a\u0430. \u0422\u044a\u0440\u0433\u043e\u0432\u0438\u044f\u0442\u0430 \u0441 \u043f\u0440\u043e\u0434\u0443\u043a\u0442\u0438 \u0441 \u043b\u0438\u0432\u044a\u0440\u0438\u0434\u0436 \u043a\u0430\u0442\u043e CFD \u0432\u043a\u043b\u044e\u0447\u0432\u0430 \u0437\u043d\u0430\u0447\u0438\u0442\u0435\u043b\u0435\u043d \u0440\u0438\u0441\u043a \u043e\u0442 \u0437\u0430\u0433\u0443\u0431\u0430 \u0438 \u043c\u043e\u0436\u0435 \u0434\u0430 \u043d\u0435 \u0435 \u043f\u043e\u0434\u0445\u043e\u0434\u044f\u0449\u043e \u0437\u0430 \u0432\u0441\u0438\u0447\u043a\u0438 \u0438\u043d\u0432\u0435\u0441\u0442\u0438\u0442\u043e\u0440\u0438. \u0422\u044a\u0440\u0433\u0443\u0432\u0430\u043d\u0435\u0442\u043e \u0441 \u0442\u0430\u043a\u0438\u0432\u0430 \u043f\u0440\u043e\u0434\u0443\u043a\u0442\u0438 \u0435 \u0440\u0438\u0441\u043a\u043e\u0432\u0430\u043d\u043e \u0438 \u043c\u043e\u0436\u0435\u0442\u0435 \u0434\u0430 \u0437\u0430\u0433\u0443\u0431\u0438\u0442\u0435 \u0446\u0435\u043b\u0438\u044f \u0441\u0438 \u0438\u043d\u0432\u0435\u0441\u0442\u0438\u0440\u0430\u043d \u043a\u0430\u043f\u0438\u0442\u0430\u043b.\u041e\u043f\u0438\u0442\u043d\u0438 \u0438\u043d\u0432\u0435\u0441\u0442\u0438\u0442\u043e\u0440\u0438 \u0438 \u043d\u0430\u0447\u0438\u043d\u0430\u0435\u0449\u0438 \u0442\u044a\u0440\u0433\u043e\u0432\u0446\u0438 \u043f\u043e \u0446\u0435\u043b\u0438\u044f \u0441\u0432\u044f\u0442 \u0442\u044a\u0440\u0441\u044f\u0442 \u043d\u043e\u0432\u0438 \u0438\u0437\u0442\u043e\u0447\u043d\u0438\u0446\u0438 \u043d\u0430 \u0438\u043d\u0432\u0435\u0441\u0442\u0438\u0446\u0438\u0438 \u0438 \u043f\u0435\u0447\u0430\u043b\u0431\u0430, \u043e\u043f\u0438\u0442\u0432\u0430\u0439\u043a\u0438 \u0441\u0435 \u0434\u0430 \u043e\u0442\u043a\u0440\u0438\u044f\u0442 \u043a\u043e\u0438 \u0441\u0430 \u043d\u0430\u0439-\u0434\u043e\u0431\u0440\u0438\u0442\u0435 \u0431\u0440\u043e\u043a\u0435\u0440\u0438. \u0411\u043b\u0430\u0433\u043e\u0434\u0430\u0440\u0435\u043d\u0438\u0435 \u043d\u0430 \u0438\u043d\u0442\u0435\u0440\u043d\u0435\u0442, \u043a\u043e\u0439\u0442\u043e \u0441\u0435 \u043f\u0440\u0435\u0432\u044a\u0440\u043d\u0430 \u0432 \u043d\u0435\u0438\u0437\u043c\u0435\u043d\u043d\u0430 \u0447\u0430\u0441\u0442 \u043e\u0442 \u0435\u0436\u0435\u0434\u043d\u0435\u0432\u0438\u0435\u0442\u043e, \u043f\u0430\u0437\u0430\u0440\u044a\u0442 \u043d\u0430 \u0441\u043f\u0435\u043a\u0443\u043b\u0430\u0446\u0438\u0438 \u0438\u043b\u0438 \u043f\u043e\u043f\u0443\u043b\u044f\u0440\u043d\u0438\u044f\u0442 Forex \u0441\u0435 \u043f\u0440\u0435\u043c\u0435\u0441\u0442\u0438 \u043e\u0442 \u0433\u043e\u043b\u0435\u043c\u0438\u0442\u0435 \u0444\u043e\u043d\u0434\u043e\u0432\u0438 \u0431\u043e\u0440\u0441\u0438 \u043a\u044a\u043c \u043c\u0430\u043b\u043a\u0438\u0442\u0435 \u0435\u043a\u0440\u0430\u043d\u0438 \u0447\u0440\u0435\u0437 \u0440\u0430\u0437\u043b\u0438\u0447\u043d\u0438 \u043f\u043e\u0441\u0440\u0435\u0434\u043d\u0438\u0446\u0438 \u0438\u043b\u0438 \u043f\u043e\u043f\u0443\u043b\u044f\u0440\u043d\u0438 \u0431\u0440\u043e\u043a\u0435\u0440\u0438, \u043f\u043e\u0437\u0432\u043e\u043b\u044f\u0432\u0430\u0439\u043a\u0438 \u043d\u0430 \u0432\u0441\u0435\u043a\u0438 \u0434\u0430 \u0438\u0437\u043f\u0440\u043e\u0431\u0432\u0430 \u0437\u043d\u0430\u043d\u0438\u044f\u0442\u0430 \u0441\u0438 \u0432 \u043e\u043d\u043b\u0430\u0439\u043d \u0442\u044a\u0440\u0433\u043e\u0432\u0438\u044f\u0442\u0430, \u043d\u0435\u0437\u0430\u0432\u0438\u0441\u0438\u043c\u043e \u043e\u0442 \u043e\u043f\u0438\u0442\u0430 \u0438 \u043c\u0435\u0441\u0442\u043e\u043f\u043e\u043b\u043e\u0436\u0435\u043d\u0438\u0435. \u0421 \u0434\u043d\u0435\u0448\u043d\u0438\u0442\u0435 \u043d\u0430\u0439-\u0434\u043e\u0431\u0440\u0438 \u0431\u0440\u043e\u043a\u0435\u0440\u0438, \u043f\u0440\u0435\u0434\u043b\u0430\u0433\u0430\u0449\u0438 \u0438\u0437\u043e\u0431\u0438\u043b\u0438\u0435 \u043e\u0442 \u043e\u0431\u0440\u0430\u0437\u043e\u0432\u0430\u0442\u0435\u043b\u043d\u0438 \u043c\u0430\u0442\u0435\u0440\u0438\u0430\u043b\u0438 \u0438 \u0441\u0435\u043c\u0438\u043d\u0430\u0440\u0438 \u043d\u0430 \u0441\u0432\u043e\u0438\u0442\u0435 \u043f\u043e\u0442\u0440\u0435\u0431\u0438\u0442\u0435\u043b\u0438, \u0434\u0430 \u0431\u044a\u0434\u0435\u0448 \u0443\u0441\u043f\u0435\u0448\u0435\u043d \u0438\u043d\u0432\u0435\u0441\u0442\u0438\u0442\u043e\u0440 \u043d\u0438\u043a\u043e\u0433\u0430 \u043d\u0435 \u0435 \u0431\u0438\u043b\u043e \u043f\u043e-\u043b\u0435\u0441\u043d\u043e. \u0418\u0437\u0431\u0438\u0440\u0430\u0439\u043a\u0438 \u043d\u0430\u0439-\u0434\u043e\u0431\u0440\u0438\u044f \u0431\u0440\u043e\u043a\u0435\u0440 \u0437\u0430 \u0432\u0430\u0448\u0438\u0442\u0435 \u043d\u0443\u0436\u0434\u0438 \u043e\u0442 \u043d\u0430\u0448\u0438\u044f \u0422\u043e\u043f \u0441\u043f\u0438\u0441\u044a\u043a, \u043c\u043e\u0436\u0435\u0442\u0435 \u0434\u0430 \u0441\u0442\u0435 \u0441\u0438\u0433\u0443\u0440\u043d\u0438, \u0447\u0435 \u0438\u0437\u0447\u0435\u0440\u043f\u0430\u0442\u0435\u043b\u043d\u043e\u0442\u043e \u043f\u044a\u0442\u0443\u0432\u0430\u043d\u0435 \u0432 \u0442\u044a\u0440\u0441\u0435\u043d\u0435 \u043d\u0430 \u043f\u0440\u0430\u0432\u0438\u043b\u043d\u0438\u044f \u043d\u044f\u043c\u0430 \u0434\u0430 \u0432\u0438 \u043f\u043e\u0434\u0432\u0435\u0434\u0435 \u0438 \u0447\u0435 \u0449\u0435 \u0437\u0430\u043f\u043e\u043c\u043d\u0438\u0442\u0435 \u0441\u0432\u043e\u044f \u0442\u044a\u0440\u0433\u043e\u0432\u0441\u043a\u0438 \u043e\u043f\u0438\u0442 \u0441\u0430\u043c\u043e \u0441 \u0434\u043e\u0431\u0440\u043e\u0442\u043e!<\/p>\t\t\t\t\t\t\t\t<\/div>\n\t\t\t\t<\/div>\n\t\t\t\t\t<\/div>\n\t\t<\/div>\n\t\t\t\t\t<\/div>\n\t\t<\/section>\n\t\t\t\t<\/div>","protected":false},"excerpt":{"rendered":"<p>Odricanje U dana\u0161nje vrijeme kada \u017eivot postaje sve skuplji, a vremena sve manje, isTopBrokeri.com ne\u0107e biti pravno odgovoran za bilo kakav gubitak ili \u0161tetu koja proizlazi iz oslanjanja na informacije prikazane na ovoj web stranici, uklju\u010duju\u0107i recenzije brokera, financijske vijesti, mi\u0161ljenja autora i \/ ili analize. Podaci uklju\u010deni na TopBrokeri.com nisu uvijek objavljeni u stvarnom [&hellip;]<\/p>\n","protected":false},"author":1,"featured_media":0,"parent":0,"menu_order":0,"comment_status":"closed","ping_status":"closed","template":"elementor_header_footer","meta":{"footnotes":""},"class_list":["post-2038","page","type-page","status-publish","hentry"],"_links":{"self":[{"href":"https:\/\/topbrokeri.com\/bg\/wp-json\/wp\/v2\/pages\/2038","targetHints":{"allow":["GET"]}}],"collection":[{"href":"https:\/\/topbrokeri.com\/bg\/wp-json\/wp\/v2\/pages"}],"about":[{"href":"https:\/\/topbrokeri.com\/bg\/wp-json\/wp\/v2\/types\/page"}],"author":[{"embeddable":true,"href":"https:\/\/topbrokeri.com\/bg\/wp-json\/wp\/v2\/users\/1"}],"replies":[{"embeddable":true,"href":"https:\/\/topbrokeri.com\/bg\/wp-json\/wp\/v2\/comments?post=2038"}],"version-history":[{"count":4,"href":"https:\/\/topbrokeri.com\/bg\/wp-json\/wp\/v2\/pages\/2038\/revisions"}],"predecessor-version":[{"id":7798,"href":"https:\/\/topbrokeri.com\/bg\/wp-json\/wp\/v2\/pages\/2038\/revisions\/7798"}],"wp:attachment":[{"href":"https:\/\/topbrokeri.com\/bg\/wp-json\/wp\/v2\/media?parent=2038"}],"curies":[{"name":"\u0440\u0430\u0431\u043e\u0442\u043d\u0430 \u0441\u0440\u0435\u0449\u0430","href":"https:\/\/api.w.org\/{rel}","templated":true}]}}